{"id":9770,"date":"2026-04-10T08:49:47","date_gmt":"2026-04-10T11:49:47","guid":{"rendered":"https:\/\/addtherm.com.br\/loja\/?post_type=product&#038;p=9770"},"modified":"2026-04-29T13:55:53","modified_gmt":"2026-04-29T16:55:53","slug":"pressostato-2-1-%c2%b1-0-2-bar-na-rosca-m12x1-5-macho-terminais-faston-macho-6-3x0-8mm","status":"publish","type":"product","link":"https:\/\/addtherm.com.br\/loja\/produto\/pressostato-2-1-%c2%b1-0-2-bar-na-rosca-m12x1-5-macho-terminais-faston-macho-6-3x0-8mm\/","title":{"rendered":"PRESSOSTATO 2.1 \u00b1 0.2 BAR \u2013 NA \u2013 ROSCA M12X1.5 MACHO \u2013 TERMINAIS FASTON MACHO 6.3X0.8MM"},"content":{"rendered":"<p>PRESSOSTATO 2.1 \u00b1 0.2 BAR<br \/>\nNA \u2013 ROSCA M12X1.5 MACHO<br \/>\nTERMINAIS FASTON MACHO 6.3X0.8MM<\/p>\n<p><strong>C\u00f3digo ADD: SP092<\/strong><\/p>\n<p>Aplica\u00e7\u00e3o : Autoclave Gnatus<\/p>\n","protected":false},"excerpt":{"rendered":"<div class=\"woocommerce-product-details__short-description\">\n<p>PRESSOSTATO 2.1 \u00b1 0.2 BAR<br \/>\nNA \u2013 ROSCA M12X1.5 MACHO<br \/>\nTERMINAIS FASTON MACHO 6.3X0,8MM<\/p>\n<p><strong>C\u00f3digo ADD: SP092<\/strong><\/p>\n<p>Aplica\u00e7\u00e3o : Autoclave Gnatus<\/p>\n<\/div>\n","protected":false},"featured_media":9769,"comment_status":"open","ping_status":"closed","template":"","meta":[],"product_brand":[],"product_cat":[91,92],"product_tag":[279,802,278],"class_list":{"0":"post-9770","1":"product","2":"type-product","3":"status-publish","4":"has-post-thumbnail","6":"product_cat-pressao","7":"product_cat-pressostatos-ajustaveis","8":"product_tag-pressao-addtherm","9":"product_tag-pressostato-2-1--0-2-bar-na-rosca-m12x1-5-macho-terminais-faston-macho-6-3x0-8mm","10":"product_tag-pressostato-ajustavel","12":"first","13":"instock","14":"taxable","15":"shipping-taxable","16":"purchasable","17":"product-type-simple"},"yoast_head":"<!-- This site is optimized with the Yoast SEO plugin v27.5 - https:\/\/yoast.com\/product\/yoast-seo-wordpress\/ -->\n<title>PRESSOSTATO 2.1 \u00b1 0.2 BAR \u2013 NA \u2013 ROSCA M12X1.5 MACHO \u2013 TERMINAIS FASTON MACHO 6.3X0.8MM - Loja ADD-THERM<\/title>\n<meta name=\"description\" content=\"PRESSOSTATO 2.1 \u00b1 0.2 BAR \u2013 NA \u2013 ROSCA M12X1.5 MACHO \u2013 TERMINAIS FASTON MACHO 6.3X0.8MM s\u00e3o\u00a0sensores de medi\u00e7\u00e3o de press\u00e3o utilizados como componentes do sistema de prote\u00e7\u00e3o de\u00a0equipamentos ou processos industriais.\" \/>\n<meta name=\"robots\" content=\"index, follow, max-snippet:-1, max-image-preview:large, max-video-preview:-1\" \/>\n<link rel=\"canonical\" href=\"https:\/\/addtherm.com.br\/loja\/produto\/pressostato-2-1-\u00b1-0-2-bar-na-rosca-m12x1-5-macho-terminais-faston-macho-6-3x0-8mm\/\" \/>\n<meta property=\"og:locale\" content=\"pt_BR\" \/>\n<meta property=\"og:type\" content=\"article\" \/>\n<meta property=\"og:title\" content=\"PRESSOSTATO 2.1 \u00b1 0.2 BAR \u2013 NA \u2013 ROSCA M12X1.5 MACHO \u2013 TERMINAIS FASTON MACHO 6.3X0.8MM - Loja ADD-THERM\" \/>\n<meta property=\"og:description\" content=\"PRESSOSTATO 2.1 \u00b1 0.2 BAR \u2013 NA \u2013 ROSCA M12X1.5 MACHO \u2013 TERMINAIS FASTON MACHO 6.3X0.8MM s\u00e3o\u00a0sensores de medi\u00e7\u00e3o de press\u00e3o utilizados como componentes do sistema de prote\u00e7\u00e3o de\u00a0equipamentos ou processos industriais.\" \/>\n<meta property=\"og:url\" content=\"https:\/\/addtherm.com.br\/loja\/produto\/pressostato-2-1-\u00b1-0-2-bar-na-rosca-m12x1-5-macho-terminais-faston-macho-6-3x0-8mm\/\" \/>\n<meta property=\"og:site_name\" content=\"Loja ADD-THERM\" \/>\n<meta property=\"article:modified_time\" content=\"2026-04-29T16:55:53+00:00\" \/>\n<meta property=\"og:image\" content=\"https:\/\/addtherm.com.br\/loja\/wp-content\/uploads\/2021\/11\/PRESSOSTATO-2.0-0.2-0.1-BAR.jpg\" \/>\n\t<meta property=\"og:image:width\" content=\"1080\" \/>\n\t<meta property=\"og:image:height\" content=\"1350\" \/>\n\t<meta property=\"og:image:type\" content=\"image\/jpeg\" \/>\n<meta name=\"twitter:card\" content=\"summary_large_image\" \/>\n<meta name=\"twitter:label1\" content=\"Est. tempo de leitura\" \/>\n\t<meta name=\"twitter:data1\" content=\"1 minuto\" \/>\n<script type=\"application\/ld+json\" class=\"yoast-schema-graph\">{\"@context\":\"https:\\\/\\\/schema.org\",\"@graph\":[{\"@type\":\"WebPage\",\"@id\":\"https:\\\/\\\/addtherm.com.br\\\/loja\\\/produto\\\/pressostato-2-1-%c2%b1-0-2-bar-na-rosca-m12x1-5-macho-terminais-faston-macho-6-3x0-8mm\\\/\",\"url\":\"https:\\\/\\\/addtherm.com.br\\\/loja\\\/produto\\\/pressostato-2-1-%c2%b1-0-2-bar-na-rosca-m12x1-5-macho-terminais-faston-macho-6-3x0-8mm\\\/\",\"name\":\"PRESSOSTATO 2.1 \u00b1 0.2 BAR \u2013 NA \u2013 ROSCA M12X1.5 MACHO \u2013 TERMINAIS FASTON MACHO 6.3X0.8MM - Loja ADD-THERM\",\"isPartOf\":{\"@id\":\"https:\\\/\\\/addtherm.com.br\\\/loja\\\/#website\"},\"primaryImageOfPage\":{\"@id\":\"https:\\\/\\\/addtherm.com.br\\\/loja\\\/produto\\\/pressostato-2-1-%c2%b1-0-2-bar-na-rosca-m12x1-5-macho-terminais-faston-macho-6-3x0-8mm\\\/#primaryimage\"},\"image\":{\"@id\":\"https:\\\/\\\/addtherm.com.br\\\/loja\\\/produto\\\/pressostato-2-1-%c2%b1-0-2-bar-na-rosca-m12x1-5-macho-terminais-faston-macho-6-3x0-8mm\\\/#primaryimage\"},\"thumbnailUrl\":\"https:\\\/\\\/addtherm.com.br\\\/loja\\\/wp-content\\\/uploads\\\/2021\\\/11\\\/PRESSOSTATO-2.0-0.2-0.1-BAR.jpg\",\"datePublished\":\"2026-04-10T11:49:47+00:00\",\"dateModified\":\"2026-04-29T16:55:53+00:00\",\"description\":\"PRESSOSTATO 2.1 \u00b1 0.2 BAR \u2013 NA \u2013 ROSCA M12X1.5 MACHO \u2013 TERMINAIS FASTON MACHO 6.3X0.8MM s\u00e3o\u00a0sensores de medi\u00e7\u00e3o de press\u00e3o utilizados como componentes do sistema de prote\u00e7\u00e3o de\u00a0equipamentos ou processos industriais.\",\"breadcrumb\":{\"@id\":\"https:\\\/\\\/addtherm.com.br\\\/loja\\\/produto\\\/pressostato-2-1-%c2%b1-0-2-bar-na-rosca-m12x1-5-macho-terminais-faston-macho-6-3x0-8mm\\\/#breadcrumb\"},\"inLanguage\":\"pt-BR\",\"potentialAction\":[{\"@type\":\"ReadAction\",\"target\":[\"https:\\\/\\\/addtherm.com.br\\\/loja\\\/produto\\\/pressostato-2-1-%c2%b1-0-2-bar-na-rosca-m12x1-5-macho-terminais-faston-macho-6-3x0-8mm\\\/\"]}]},{\"@type\":\"ImageObject\",\"inLanguage\":\"pt-BR\",\"@id\":\"https:\\\/\\\/addtherm.com.br\\\/loja\\\/produto\\\/pressostato-2-1-%c2%b1-0-2-bar-na-rosca-m12x1-5-macho-terminais-faston-macho-6-3x0-8mm\\\/#primaryimage\",\"url\":\"https:\\\/\\\/addtherm.com.br\\\/loja\\\/wp-content\\\/uploads\\\/2021\\\/11\\\/PRESSOSTATO-2.0-0.2-0.1-BAR.jpg\",\"contentUrl\":\"https:\\\/\\\/addtherm.com.br\\\/loja\\\/wp-content\\\/uploads\\\/2021\\\/11\\\/PRESSOSTATO-2.0-0.2-0.1-BAR.jpg\",\"width\":1080,\"height\":1350},{\"@type\":\"BreadcrumbList\",\"@id\":\"https:\\\/\\\/addtherm.com.br\\\/loja\\\/produto\\\/pressostato-2-1-%c2%b1-0-2-bar-na-rosca-m12x1-5-macho-terminais-faston-macho-6-3x0-8mm\\\/#breadcrumb\",\"itemListElement\":[{\"@type\":\"ListItem\",\"position\":1,\"name\":\"In\u00edcio\",\"item\":\"https:\\\/\\\/addtherm.com.br\\\/loja\\\/\"},{\"@type\":\"ListItem\",\"position\":2,\"name\":\"Shop\",\"item\":\"https:\\\/\\\/addtherm.com.br\\\/loja\\\/shop\\\/\"},{\"@type\":\"ListItem\",\"position\":3,\"name\":\"PRESSOSTATO 2.1 \u00b1 0.2 BAR \u2013 NA \u2013 ROSCA M12X1.5 MACHO \u2013 TERMINAIS FASTON MACHO 6.3X0.8MM\"}]},{\"@type\":\"WebSite\",\"@id\":\"https:\\\/\\\/addtherm.com.br\\\/loja\\\/#website\",\"url\":\"https:\\\/\\\/addtherm.com.br\\\/loja\\\/\",\"name\":\"Loja ADD-THERM\",\"description\":\"Loja ADD-THERM\",\"potentialAction\":[{\"@type\":\"SearchAction\",\"target\":{\"@type\":\"EntryPoint\",\"urlTemplate\":\"https:\\\/\\\/addtherm.com.br\\\/loja\\\/?s={search_term_string}\"},\"query-input\":{\"@type\":\"PropertyValueSpecification\",\"valueRequired\":true,\"valueName\":\"search_term_string\"}}],\"inLanguage\":\"pt-BR\"}]}<\/script>\n<!-- \/ Yoast SEO plugin. -->","yoast_head_json":{"title":"PRESSOSTATO 2.1 \u00b1 0.2 BAR \u2013 NA \u2013 ROSCA M12X1.5 MACHO \u2013 TERMINAIS FASTON MACHO 6.3X0.8MM - Loja ADD-THERM","description":"PRESSOSTATO 2.1 \u00b1 0.2 BAR \u2013 NA \u2013 ROSCA M12X1.5 MACHO \u2013 TERMINAIS FASTON MACHO 6.3X0.8MM s\u00e3o\u00a0sensores de medi\u00e7\u00e3o de press\u00e3o utilizados como componentes do sistema de prote\u00e7\u00e3o de\u00a0equipamentos ou processos industriais.","robots":{"index":"index","follow":"follow","max-snippet":"max-snippet:-1","max-image-preview":"max-image-preview:large","max-video-preview":"max-video-preview:-1"},"canonical":"https:\/\/addtherm.com.br\/loja\/produto\/pressostato-2-1-\u00b1-0-2-bar-na-rosca-m12x1-5-macho-terminais-faston-macho-6-3x0-8mm\/","og_locale":"pt_BR","og_type":"article","og_title":"PRESSOSTATO 2.1 \u00b1 0.2 BAR \u2013 NA \u2013 ROSCA M12X1.5 MACHO \u2013 TERMINAIS FASTON MACHO 6.3X0.8MM - Loja ADD-THERM","og_description":"PRESSOSTATO 2.1 \u00b1 0.2 BAR \u2013 NA \u2013 ROSCA M12X1.5 MACHO \u2013 TERMINAIS FASTON MACHO 6.3X0.8MM s\u00e3o\u00a0sensores de medi\u00e7\u00e3o de press\u00e3o utilizados como componentes do sistema de prote\u00e7\u00e3o de\u00a0equipamentos ou processos industriais.","og_url":"https:\/\/addtherm.com.br\/loja\/produto\/pressostato-2-1-\u00b1-0-2-bar-na-rosca-m12x1-5-macho-terminais-faston-macho-6-3x0-8mm\/","og_site_name":"Loja ADD-THERM","article_modified_time":"2026-04-29T16:55:53+00:00","og_image":[{"width":1080,"height":1350,"url":"https:\/\/addtherm.com.br\/loja\/wp-content\/uploads\/2021\/11\/PRESSOSTATO-2.0-0.2-0.1-BAR.jpg","type":"image\/jpeg"}],"twitter_card":"summary_large_image","twitter_misc":{"Est. tempo de leitura":"1 minuto"},"schema":{"@context":"https:\/\/schema.org","@graph":[{"@type":"WebPage","@id":"https:\/\/addtherm.com.br\/loja\/produto\/pressostato-2-1-%c2%b1-0-2-bar-na-rosca-m12x1-5-macho-terminais-faston-macho-6-3x0-8mm\/","url":"https:\/\/addtherm.com.br\/loja\/produto\/pressostato-2-1-%c2%b1-0-2-bar-na-rosca-m12x1-5-macho-terminais-faston-macho-6-3x0-8mm\/","name":"PRESSOSTATO 2.1 \u00b1 0.2 BAR \u2013 NA \u2013 ROSCA M12X1.5 MACHO \u2013 TERMINAIS FASTON MACHO 6.3X0.8MM - Loja ADD-THERM","isPartOf":{"@id":"https:\/\/addtherm.com.br\/loja\/#website"},"primaryImageOfPage":{"@id":"https:\/\/addtherm.com.br\/loja\/produto\/pressostato-2-1-%c2%b1-0-2-bar-na-rosca-m12x1-5-macho-terminais-faston-macho-6-3x0-8mm\/#primaryimage"},"image":{"@id":"https:\/\/addtherm.com.br\/loja\/produto\/pressostato-2-1-%c2%b1-0-2-bar-na-rosca-m12x1-5-macho-terminais-faston-macho-6-3x0-8mm\/#primaryimage"},"thumbnailUrl":"https:\/\/addtherm.com.br\/loja\/wp-content\/uploads\/2021\/11\/PRESSOSTATO-2.0-0.2-0.1-BAR.jpg","datePublished":"2026-04-10T11:49:47+00:00","dateModified":"2026-04-29T16:55:53+00:00","description":"PRESSOSTATO 2.1 \u00b1 0.2 BAR \u2013 NA \u2013 ROSCA M12X1.5 MACHO \u2013 TERMINAIS FASTON MACHO 6.3X0.8MM s\u00e3o\u00a0sensores de medi\u00e7\u00e3o de press\u00e3o utilizados como componentes do sistema de prote\u00e7\u00e3o de\u00a0equipamentos ou processos industriais.","breadcrumb":{"@id":"https:\/\/addtherm.com.br\/loja\/produto\/pressostato-2-1-%c2%b1-0-2-bar-na-rosca-m12x1-5-macho-terminais-faston-macho-6-3x0-8mm\/#breadcrumb"},"inLanguage":"pt-BR","potentialAction":[{"@type":"ReadAction","target":["https:\/\/addtherm.com.br\/loja\/produto\/pressostato-2-1-%c2%b1-0-2-bar-na-rosca-m12x1-5-macho-terminais-faston-macho-6-3x0-8mm\/"]}]},{"@type":"ImageObject","inLanguage":"pt-BR","@id":"https:\/\/addtherm.com.br\/loja\/produto\/pressostato-2-1-%c2%b1-0-2-bar-na-rosca-m12x1-5-macho-terminais-faston-macho-6-3x0-8mm\/#primaryimage","url":"https:\/\/addtherm.com.br\/loja\/wp-content\/uploads\/2021\/11\/PRESSOSTATO-2.0-0.2-0.1-BAR.jpg","contentUrl":"https:\/\/addtherm.com.br\/loja\/wp-content\/uploads\/2021\/11\/PRESSOSTATO-2.0-0.2-0.1-BAR.jpg","width":1080,"height":1350},{"@type":"BreadcrumbList","@id":"https:\/\/addtherm.com.br\/loja\/produto\/pressostato-2-1-%c2%b1-0-2-bar-na-rosca-m12x1-5-macho-terminais-faston-macho-6-3x0-8mm\/#breadcrumb","itemListElement":[{"@type":"ListItem","position":1,"name":"In\u00edcio","item":"https:\/\/addtherm.com.br\/loja\/"},{"@type":"ListItem","position":2,"name":"Shop","item":"https:\/\/addtherm.com.br\/loja\/shop\/"},{"@type":"ListItem","position":3,"name":"PRESSOSTATO 2.1 \u00b1 0.2 BAR \u2013 NA \u2013 ROSCA M12X1.5 MACHO \u2013 TERMINAIS FASTON MACHO 6.3X0.8MM"}]},{"@type":"WebSite","@id":"https:\/\/addtherm.com.br\/loja\/#website","url":"https:\/\/addtherm.com.br\/loja\/","name":"Loja ADD-THERM","description":"Loja ADD-THERM","potentialAction":[{"@type":"SearchAction","target":{"@type":"EntryPoint","urlTemplate":"https:\/\/addtherm.com.br\/loja\/?s={search_term_string}"},"query-input":{"@type":"PropertyValueSpecification","valueRequired":true,"valueName":"search_term_string"}}],"inLanguage":"pt-BR"}]}},"_links":{"self":[{"href":"https:\/\/addtherm.com.br\/loja\/wp-json\/wp\/v2\/product\/9770","targetHints":{"allow":["GET"]}}],"collection":[{"href":"https:\/\/addtherm.com.br\/loja\/wp-json\/wp\/v2\/product"}],"about":[{"href":"https:\/\/addtherm.com.br\/loja\/wp-json\/wp\/v2\/types\/product"}],"replies":[{"embeddable":true,"href":"https:\/\/addtherm.com.br\/loja\/wp-json\/wp\/v2\/comments?post=9770"}],"wp:featuredmedia":[{"embeddable":true,"href":"https:\/\/addtherm.com.br\/loja\/wp-json\/wp\/v2\/media\/9769"}],"wp:attachment":[{"href":"https:\/\/addtherm.com.br\/loja\/wp-json\/wp\/v2\/media?parent=9770"}],"wp:term":[{"taxonomy":"product_brand","embeddable":true,"href":"https:\/\/addtherm.com.br\/loja\/wp-json\/wp\/v2\/product_brand?post=9770"},{"taxonomy":"product_cat","embeddable":true,"href":"https:\/\/addtherm.com.br\/loja\/wp-json\/wp\/v2\/product_cat?post=9770"},{"taxonomy":"product_tag","embeddable":true,"href":"https:\/\/addtherm.com.br\/loja\/wp-json\/wp\/v2\/product_tag?post=9770"}],"curies":[{"name":"wp","href":"https:\/\/api.w.org\/{rel}","templated":true}]}}