{"id":9733,"date":"2025-12-12T17:17:07","date_gmt":"2025-12-12T20:17:07","guid":{"rendered":"https:\/\/addtherm.com.br\/loja\/?post_type=product&#038;p=9733"},"modified":"2025-12-12T17:53:50","modified_gmt":"2025-12-12T20:53:50","slug":"sensor-de-agua-do-filtro-de-combustivel-cod-originais-bg1t9j308aa-bf8t9j308aa-0145425517-094904430001-0145425517-73114-905695090018","status":"publish","type":"product","link":"https:\/\/addtherm.com.br\/loja\/produto\/sensor-de-agua-do-filtro-de-combustivel-cod-originais-bg1t9j308aa-bf8t9j308aa-0145425517-094904430001-0145425517-73114-905695090018\/","title":{"rendered":"SENSOR DE \u00c1GUA DO FILTRO DE COMBUST\u00cdVEL C\u00f3d. Originais: BG1T9J308AA BF8T9J308AA 0145425517 094904430001 0145425517 73114 905695090018"},"content":{"rendered":"<p class=\"v1MsoNormal\"><strong>SENSOR DE AGUA DO FILTRO DE COMBUSTIVEL \u00a0<\/strong><\/p>\n<p><strong>C\u00f3digos Originais<\/strong><\/p>\n<p>BG1T9J308AA BF8T9J308AA 0145425517 094904430001 0145425517 73114 905695090018<br \/>\nFORD: BG1T9J308AA<br \/>\nFORD: BF8T9J308AA<br \/>\nMERCEDES BENZ: 0145425517<\/p>\n<p><strong>C\u00f3digo ADDTHERM:<\/strong> A30 141<\/p>\n<p class=\"v1MsoNormal\"><b>C\u00f3digos de refer\u00eancia:<\/b><br \/>\nFORD: BF8T9J308AA<br \/>\nFORD: BG1T9J308AA<br \/>\nJAPANPARTS: SENSOR77<br \/>\nMERCADOCAR: 0949.0443.0001<br \/>\nMERCEDES BENZ: 0145425517<br \/>\nMWM\/MASTER PARTS: 73114<br \/>\nMWM\/MASTER PARTS: 73169E<br \/>\nMWM\/MASTER PARTS: 905695090018<\/p>\n<p class=\"v1MsoNormal\"><b>Aplica\u00e7\u00f5es principais:<\/b><br \/>\nEste sensor \u00e9 compat\u00edvel com ve\u00edculos Ford e outros que utilizam o mesmo motor\/sistema de combust\u00edvel, como:<\/p>\n<ul type=\"disc\">\n<li class=\"v1MsoNormal\"><b>Ford Ranger<\/b>\u00a0(1998 a 2004\/2005) com motores 2.5 e 2.8 Diesel.<\/li>\n<li class=\"v1MsoNormal\"><b>Chevrolet S10\/Blazer<\/b>\u00a0(2005 a 2012) com motor 2.8 L.<\/li>\n<li class=\"v1MsoNormal\"><b>Nissan Frontier<\/b>\u00a0(2002 a 2005) com motor 2.8 L.<\/li>\n<\/ul>\n<p>&nbsp;<\/p>\n","protected":false},"excerpt":{"rendered":"<p>SENSOR DE \u00c1GUA DO FILTRO DE COMBUST\u00cdVEL<br \/>\nC\u00f3d. Originais: BG1T9J308AA BF8T9J308AA 0145425517 094904430001 0145425517 73114 905695090018<\/p>\n","protected":false},"featured_media":9734,"comment_status":"open","ping_status":"closed","template":"","meta":[],"product_brand":[],"product_cat":[659,106,104,107],"product_tag":[801],"class_list":{"0":"post-9733","1":"product","2":"type-product","3":"status-publish","4":"has-post-thumbnail","6":"product_cat-chevrolet","7":"product_cat-ford","8":"product_cat-linha-automotiva","9":"product_cat-mercedes-benz","10":"product_tag-sensor-de-agua-do-filtro-de-combustivel-cod-originais-bg1t9j308aa-bf8t9j308aa-0145425517-094904430001-0145425517-73114-905695090018","12":"first","13":"instock","14":"taxable","15":"shipping-taxable","16":"purchasable","17":"product-type-simple"},"yoast_head":"<!-- This site is optimized with the Yoast SEO plugin v27.4 - https:\/\/yoast.com\/product\/yoast-seo-wordpress\/ -->\n<title>SENSOR DE \u00c1GUA DO FILTRO DE COMBUST\u00cdVEL C\u00f3d. Originais: BG1T9J308AA BF8T9J308AA 0145425517 094904430001 0145425517 73114 905695090018 - Loja ADD-THERM<\/title>\n<meta name=\"description\" content=\"SENSOR DE TEMPERATURA\/ PLUG AZUL OU VERDE - DELPHI: TS 10279\/ VW: 078919501B\/ MTE4013\/ IGUA\u00c7U: 20SENSOR DE \u00c1GUA DO FILTRO DE COMBUST\u00cdVEL C\u00f3d. Originais: BG1T9J308AA BF8T9J308AA 0145425517 094904430001 0145425517 73114 90569509001810846 - Compre online na Loja ADDTHERM\" \/>\n<meta name=\"robots\" content=\"index, follow, max-snippet:-1, max-image-preview:large, max-video-preview:-1\" \/>\n<link rel=\"canonical\" href=\"https:\/\/addtherm.com.br\/loja\/produto\/sensor-de-agua-do-filtro-de-combustivel-cod-originais-bg1t9j308aa-bf8t9j308aa-0145425517-094904430001-0145425517-73114-905695090018\/\" \/>\n<meta property=\"og:locale\" content=\"pt_BR\" \/>\n<meta property=\"og:type\" content=\"article\" \/>\n<meta property=\"og:title\" content=\"SENSOR DE \u00c1GUA DO FILTRO DE COMBUST\u00cdVEL C\u00f3d. Originais: BG1T9J308AA BF8T9J308AA 0145425517 094904430001 0145425517 73114 905695090018 - Loja ADD-THERM\" \/>\n<meta property=\"og:description\" content=\"SENSOR DE TEMPERATURA\/ PLUG AZUL OU VERDE - DELPHI: TS 10279\/ VW: 078919501B\/ MTE4013\/ IGUA\u00c7U: 20SENSOR DE \u00c1GUA DO FILTRO DE COMBUST\u00cdVEL C\u00f3d. Originais: BG1T9J308AA BF8T9J308AA 0145425517 094904430001 0145425517 73114 90569509001810846 - Compre online na Loja ADDTHERM\" \/>\n<meta property=\"og:url\" content=\"https:\/\/addtherm.com.br\/loja\/produto\/sensor-de-agua-do-filtro-de-combustivel-cod-originais-bg1t9j308aa-bf8t9j308aa-0145425517-094904430001-0145425517-73114-905695090018\/\" \/>\n<meta property=\"og:site_name\" content=\"Loja ADD-THERM\" \/>\n<meta property=\"article:modified_time\" content=\"2025-12-12T20:53:50+00:00\" \/>\n<meta property=\"og:image\" content=\"https:\/\/addtherm.com.br\/loja\/wp-content\/uploads\/2025\/12\/SENSOR-DE-AGUA-DO-FILTRO-DE-COMBUSTIVEL-Cod.-Originais-BG1T9J308AA-BF8T9J308AA-0145425517-094904430001-0145425517-73114-905695090018.png\" \/>\n\t<meta property=\"og:image:width\" content=\"424\" \/>\n\t<meta property=\"og:image:height\" content=\"368\" \/>\n\t<meta property=\"og:image:type\" content=\"image\/png\" \/>\n<meta name=\"twitter:card\" content=\"summary_large_image\" \/>\n<meta name=\"twitter:label1\" content=\"Est. tempo de leitura\" \/>\n\t<meta name=\"twitter:data1\" content=\"1 minuto\" \/>\n<script type=\"application\/ld+json\" class=\"yoast-schema-graph\">{\"@context\":\"https:\\\/\\\/schema.org\",\"@graph\":[{\"@type\":\"WebPage\",\"@id\":\"https:\\\/\\\/addtherm.com.br\\\/loja\\\/produto\\\/sensor-de-agua-do-filtro-de-combustivel-cod-originais-bg1t9j308aa-bf8t9j308aa-0145425517-094904430001-0145425517-73114-905695090018\\\/\",\"url\":\"https:\\\/\\\/addtherm.com.br\\\/loja\\\/produto\\\/sensor-de-agua-do-filtro-de-combustivel-cod-originais-bg1t9j308aa-bf8t9j308aa-0145425517-094904430001-0145425517-73114-905695090018\\\/\",\"name\":\"SENSOR DE \u00c1GUA DO FILTRO DE COMBUST\u00cdVEL C\u00f3d. Originais: BG1T9J308AA BF8T9J308AA 0145425517 094904430001 0145425517 73114 905695090018 - Loja ADD-THERM\",\"isPartOf\":{\"@id\":\"https:\\\/\\\/addtherm.com.br\\\/loja\\\/#website\"},\"primaryImageOfPage\":{\"@id\":\"https:\\\/\\\/addtherm.com.br\\\/loja\\\/produto\\\/sensor-de-agua-do-filtro-de-combustivel-cod-originais-bg1t9j308aa-bf8t9j308aa-0145425517-094904430001-0145425517-73114-905695090018\\\/#primaryimage\"},\"image\":{\"@id\":\"https:\\\/\\\/addtherm.com.br\\\/loja\\\/produto\\\/sensor-de-agua-do-filtro-de-combustivel-cod-originais-bg1t9j308aa-bf8t9j308aa-0145425517-094904430001-0145425517-73114-905695090018\\\/#primaryimage\"},\"thumbnailUrl\":\"https:\\\/\\\/addtherm.com.br\\\/loja\\\/wp-content\\\/uploads\\\/2025\\\/12\\\/SENSOR-DE-AGUA-DO-FILTRO-DE-COMBUSTIVEL-Cod.-Originais-BG1T9J308AA-BF8T9J308AA-0145425517-094904430001-0145425517-73114-905695090018.png\",\"datePublished\":\"2025-12-12T20:17:07+00:00\",\"dateModified\":\"2025-12-12T20:53:50+00:00\",\"description\":\"SENSOR DE TEMPERATURA\\\/ PLUG AZUL OU VERDE - DELPHI: TS 10279\\\/ VW: 078919501B\\\/ MTE4013\\\/ IGUA\u00c7U: 20SENSOR DE \u00c1GUA DO FILTRO DE COMBUST\u00cdVEL C\u00f3d. Originais: BG1T9J308AA BF8T9J308AA 0145425517 094904430001 0145425517 73114 90569509001810846 - Compre online na Loja ADDTHERM\",\"breadcrumb\":{\"@id\":\"https:\\\/\\\/addtherm.com.br\\\/loja\\\/produto\\\/sensor-de-agua-do-filtro-de-combustivel-cod-originais-bg1t9j308aa-bf8t9j308aa-0145425517-094904430001-0145425517-73114-905695090018\\\/#breadcrumb\"},\"inLanguage\":\"pt-BR\",\"potentialAction\":[{\"@type\":\"ReadAction\",\"target\":[\"https:\\\/\\\/addtherm.com.br\\\/loja\\\/produto\\\/sensor-de-agua-do-filtro-de-combustivel-cod-originais-bg1t9j308aa-bf8t9j308aa-0145425517-094904430001-0145425517-73114-905695090018\\\/\"]}]},{\"@type\":\"ImageObject\",\"inLanguage\":\"pt-BR\",\"@id\":\"https:\\\/\\\/addtherm.com.br\\\/loja\\\/produto\\\/sensor-de-agua-do-filtro-de-combustivel-cod-originais-bg1t9j308aa-bf8t9j308aa-0145425517-094904430001-0145425517-73114-905695090018\\\/#primaryimage\",\"url\":\"https:\\\/\\\/addtherm.com.br\\\/loja\\\/wp-content\\\/uploads\\\/2025\\\/12\\\/SENSOR-DE-AGUA-DO-FILTRO-DE-COMBUSTIVEL-Cod.-Originais-BG1T9J308AA-BF8T9J308AA-0145425517-094904430001-0145425517-73114-905695090018.png\",\"contentUrl\":\"https:\\\/\\\/addtherm.com.br\\\/loja\\\/wp-content\\\/uploads\\\/2025\\\/12\\\/SENSOR-DE-AGUA-DO-FILTRO-DE-COMBUSTIVEL-Cod.-Originais-BG1T9J308AA-BF8T9J308AA-0145425517-094904430001-0145425517-73114-905695090018.png\",\"width\":424,\"height\":368},{\"@type\":\"BreadcrumbList\",\"@id\":\"https:\\\/\\\/addtherm.com.br\\\/loja\\\/produto\\\/sensor-de-agua-do-filtro-de-combustivel-cod-originais-bg1t9j308aa-bf8t9j308aa-0145425517-094904430001-0145425517-73114-905695090018\\\/#breadcrumb\",\"itemListElement\":[{\"@type\":\"ListItem\",\"position\":1,\"name\":\"In\u00edcio\",\"item\":\"https:\\\/\\\/addtherm.com.br\\\/loja\\\/\"},{\"@type\":\"ListItem\",\"position\":2,\"name\":\"Shop\",\"item\":\"https:\\\/\\\/addtherm.com.br\\\/loja\\\/shop\\\/\"},{\"@type\":\"ListItem\",\"position\":3,\"name\":\"SENSOR DE \u00c1GUA DO FILTRO DE COMBUST\u00cdVEL C\u00f3d. Originais: BG1T9J308AA BF8T9J308AA 0145425517 094904430001 0145425517 73114 905695090018\"}]},{\"@type\":\"WebSite\",\"@id\":\"https:\\\/\\\/addtherm.com.br\\\/loja\\\/#website\",\"url\":\"https:\\\/\\\/addtherm.com.br\\\/loja\\\/\",\"name\":\"Loja ADD-THERM\",\"description\":\"Loja ADD-THERM\",\"potentialAction\":[{\"@type\":\"SearchAction\",\"target\":{\"@type\":\"EntryPoint\",\"urlTemplate\":\"https:\\\/\\\/addtherm.com.br\\\/loja\\\/?s={search_term_string}\"},\"query-input\":{\"@type\":\"PropertyValueSpecification\",\"valueRequired\":true,\"valueName\":\"search_term_string\"}}],\"inLanguage\":\"pt-BR\"}]}<\/script>\n<!-- \/ Yoast SEO plugin. -->","yoast_head_json":{"title":"SENSOR DE \u00c1GUA DO FILTRO DE COMBUST\u00cdVEL C\u00f3d. Originais: BG1T9J308AA BF8T9J308AA 0145425517 094904430001 0145425517 73114 905695090018 - Loja ADD-THERM","description":"SENSOR DE TEMPERATURA\/ PLUG AZUL OU VERDE - DELPHI: TS 10279\/ VW: 078919501B\/ MTE4013\/ IGUA\u00c7U: 20SENSOR DE \u00c1GUA DO FILTRO DE COMBUST\u00cdVEL C\u00f3d. Originais: BG1T9J308AA BF8T9J308AA 0145425517 094904430001 0145425517 73114 90569509001810846 - Compre online na Loja ADDTHERM","robots":{"index":"index","follow":"follow","max-snippet":"max-snippet:-1","max-image-preview":"max-image-preview:large","max-video-preview":"max-video-preview:-1"},"canonical":"https:\/\/addtherm.com.br\/loja\/produto\/sensor-de-agua-do-filtro-de-combustivel-cod-originais-bg1t9j308aa-bf8t9j308aa-0145425517-094904430001-0145425517-73114-905695090018\/","og_locale":"pt_BR","og_type":"article","og_title":"SENSOR DE \u00c1GUA DO FILTRO DE COMBUST\u00cdVEL C\u00f3d. Originais: BG1T9J308AA BF8T9J308AA 0145425517 094904430001 0145425517 73114 905695090018 - Loja ADD-THERM","og_description":"SENSOR DE TEMPERATURA\/ PLUG AZUL OU VERDE - DELPHI: TS 10279\/ VW: 078919501B\/ MTE4013\/ IGUA\u00c7U: 20SENSOR DE \u00c1GUA DO FILTRO DE COMBUST\u00cdVEL C\u00f3d. Originais: BG1T9J308AA BF8T9J308AA 0145425517 094904430001 0145425517 73114 90569509001810846 - Compre online na Loja ADDTHERM","og_url":"https:\/\/addtherm.com.br\/loja\/produto\/sensor-de-agua-do-filtro-de-combustivel-cod-originais-bg1t9j308aa-bf8t9j308aa-0145425517-094904430001-0145425517-73114-905695090018\/","og_site_name":"Loja ADD-THERM","article_modified_time":"2025-12-12T20:53:50+00:00","og_image":[{"width":424,"height":368,"url":"https:\/\/addtherm.com.br\/loja\/wp-content\/uploads\/2025\/12\/SENSOR-DE-AGUA-DO-FILTRO-DE-COMBUSTIVEL-Cod.-Originais-BG1T9J308AA-BF8T9J308AA-0145425517-094904430001-0145425517-73114-905695090018.png","type":"image\/png"}],"twitter_card":"summary_large_image","twitter_misc":{"Est. tempo de leitura":"1 minuto"},"schema":{"@context":"https:\/\/schema.org","@graph":[{"@type":"WebPage","@id":"https:\/\/addtherm.com.br\/loja\/produto\/sensor-de-agua-do-filtro-de-combustivel-cod-originais-bg1t9j308aa-bf8t9j308aa-0145425517-094904430001-0145425517-73114-905695090018\/","url":"https:\/\/addtherm.com.br\/loja\/produto\/sensor-de-agua-do-filtro-de-combustivel-cod-originais-bg1t9j308aa-bf8t9j308aa-0145425517-094904430001-0145425517-73114-905695090018\/","name":"SENSOR DE \u00c1GUA DO FILTRO DE COMBUST\u00cdVEL C\u00f3d. Originais: BG1T9J308AA BF8T9J308AA 0145425517 094904430001 0145425517 73114 905695090018 - Loja ADD-THERM","isPartOf":{"@id":"https:\/\/addtherm.com.br\/loja\/#website"},"primaryImageOfPage":{"@id":"https:\/\/addtherm.com.br\/loja\/produto\/sensor-de-agua-do-filtro-de-combustivel-cod-originais-bg1t9j308aa-bf8t9j308aa-0145425517-094904430001-0145425517-73114-905695090018\/#primaryimage"},"image":{"@id":"https:\/\/addtherm.com.br\/loja\/produto\/sensor-de-agua-do-filtro-de-combustivel-cod-originais-bg1t9j308aa-bf8t9j308aa-0145425517-094904430001-0145425517-73114-905695090018\/#primaryimage"},"thumbnailUrl":"https:\/\/addtherm.com.br\/loja\/wp-content\/uploads\/2025\/12\/SENSOR-DE-AGUA-DO-FILTRO-DE-COMBUSTIVEL-Cod.-Originais-BG1T9J308AA-BF8T9J308AA-0145425517-094904430001-0145425517-73114-905695090018.png","datePublished":"2025-12-12T20:17:07+00:00","dateModified":"2025-12-12T20:53:50+00:00","description":"SENSOR DE TEMPERATURA\/ PLUG AZUL OU VERDE - DELPHI: TS 10279\/ VW: 078919501B\/ MTE4013\/ IGUA\u00c7U: 20SENSOR DE \u00c1GUA DO FILTRO DE COMBUST\u00cdVEL C\u00f3d. Originais: BG1T9J308AA BF8T9J308AA 0145425517 094904430001 0145425517 73114 90569509001810846 - Compre online na Loja ADDTHERM","breadcrumb":{"@id":"https:\/\/addtherm.com.br\/loja\/produto\/sensor-de-agua-do-filtro-de-combustivel-cod-originais-bg1t9j308aa-bf8t9j308aa-0145425517-094904430001-0145425517-73114-905695090018\/#breadcrumb"},"inLanguage":"pt-BR","potentialAction":[{"@type":"ReadAction","target":["https:\/\/addtherm.com.br\/loja\/produto\/sensor-de-agua-do-filtro-de-combustivel-cod-originais-bg1t9j308aa-bf8t9j308aa-0145425517-094904430001-0145425517-73114-905695090018\/"]}]},{"@type":"ImageObject","inLanguage":"pt-BR","@id":"https:\/\/addtherm.com.br\/loja\/produto\/sensor-de-agua-do-filtro-de-combustivel-cod-originais-bg1t9j308aa-bf8t9j308aa-0145425517-094904430001-0145425517-73114-905695090018\/#primaryimage","url":"https:\/\/addtherm.com.br\/loja\/wp-content\/uploads\/2025\/12\/SENSOR-DE-AGUA-DO-FILTRO-DE-COMBUSTIVEL-Cod.-Originais-BG1T9J308AA-BF8T9J308AA-0145425517-094904430001-0145425517-73114-905695090018.png","contentUrl":"https:\/\/addtherm.com.br\/loja\/wp-content\/uploads\/2025\/12\/SENSOR-DE-AGUA-DO-FILTRO-DE-COMBUSTIVEL-Cod.-Originais-BG1T9J308AA-BF8T9J308AA-0145425517-094904430001-0145425517-73114-905695090018.png","width":424,"height":368},{"@type":"BreadcrumbList","@id":"https:\/\/addtherm.com.br\/loja\/produto\/sensor-de-agua-do-filtro-de-combustivel-cod-originais-bg1t9j308aa-bf8t9j308aa-0145425517-094904430001-0145425517-73114-905695090018\/#breadcrumb","itemListElement":[{"@type":"ListItem","position":1,"name":"In\u00edcio","item":"https:\/\/addtherm.com.br\/loja\/"},{"@type":"ListItem","position":2,"name":"Shop","item":"https:\/\/addtherm.com.br\/loja\/shop\/"},{"@type":"ListItem","position":3,"name":"SENSOR DE \u00c1GUA DO FILTRO DE COMBUST\u00cdVEL C\u00f3d. Originais: BG1T9J308AA BF8T9J308AA 0145425517 094904430001 0145425517 73114 905695090018"}]},{"@type":"WebSite","@id":"https:\/\/addtherm.com.br\/loja\/#website","url":"https:\/\/addtherm.com.br\/loja\/","name":"Loja ADD-THERM","description":"Loja ADD-THERM","potentialAction":[{"@type":"SearchAction","target":{"@type":"EntryPoint","urlTemplate":"https:\/\/addtherm.com.br\/loja\/?s={search_term_string}"},"query-input":{"@type":"PropertyValueSpecification","valueRequired":true,"valueName":"search_term_string"}}],"inLanguage":"pt-BR"}]}},"_links":{"self":[{"href":"https:\/\/addtherm.com.br\/loja\/wp-json\/wp\/v2\/product\/9733","targetHints":{"allow":["GET"]}}],"collection":[{"href":"https:\/\/addtherm.com.br\/loja\/wp-json\/wp\/v2\/product"}],"about":[{"href":"https:\/\/addtherm.com.br\/loja\/wp-json\/wp\/v2\/types\/product"}],"replies":[{"embeddable":true,"href":"https:\/\/addtherm.com.br\/loja\/wp-json\/wp\/v2\/comments?post=9733"}],"wp:featuredmedia":[{"embeddable":true,"href":"https:\/\/addtherm.com.br\/loja\/wp-json\/wp\/v2\/media\/9734"}],"wp:attachment":[{"href":"https:\/\/addtherm.com.br\/loja\/wp-json\/wp\/v2\/media?parent=9733"}],"wp:term":[{"taxonomy":"product_brand","embeddable":true,"href":"https:\/\/addtherm.com.br\/loja\/wp-json\/wp\/v2\/product_brand?post=9733"},{"taxonomy":"product_cat","embeddable":true,"href":"https:\/\/addtherm.com.br\/loja\/wp-json\/wp\/v2\/product_cat?post=9733"},{"taxonomy":"product_tag","embeddable":true,"href":"https:\/\/addtherm.com.br\/loja\/wp-json\/wp\/v2\/product_tag?post=9733"}],"curies":[{"name":"wp","href":"https:\/\/api.w.org\/{rel}","templated":true}]}}