{"id":9729,"date":"2025-12-12T16:51:37","date_gmt":"2025-12-12T19:51:37","guid":{"rendered":"https:\/\/addtherm.com.br\/loja\/?post_type=product&#038;p=9729"},"modified":"2026-01-16T14:33:51","modified_gmt":"2026-01-16T17:33:51","slug":"sensor-pressao-oleo-cod-originais-21302639-21634021-21540602-22899626-20796744-sd514729","status":"publish","type":"product","link":"https:\/\/addtherm.com.br\/loja\/produto\/sensor-pressao-oleo-cod-originais-21302639-21634021-21540602-22899626-20796744-sd514729\/","title":{"rendered":"SENSOR PRESSAO \u00d3LEO C\u00f3d. Originais: 21302639 21634021 21540602 22899626 20796744 SD514729"},"content":{"rendered":"<p>SENSOR PRESSAO \u00d3LEO<\/p>\n<p><strong>C\u00f3digos Originais<\/strong><\/p>\n<p>21302639 21634021 21540602 22899626 20796744 SD514729<\/p>\n<p><strong>C\u00f3digo ADDTHERM:<\/strong> AD002-0065<\/p>\n<p>&nbsp;<\/p>\n<p>&nbsp;<\/p>\n","protected":false},"excerpt":{"rendered":"<p>SENSOR PRESSAO \u00d3LEO C\u00f3d. Originais: 21302639 21634021 21540602 22899626 20796744 SD514729<\/p>\n<p data-path-to-node=\"5,3,0\"><b>Aplica\u00e7\u00e3o:<\/b><\/p>\n<ul data-path-to-node=\"5,3,1\">\n<li>\n<p data-path-to-node=\"5,3,1,0,0\"><b>VOLVO:<\/b> FM 12 FM 500 FM 480 FH 12 FH 12\/420 FH 12\/380 FH III 460 FH II 540 FH II 500 FH II 460<\/p>\n<\/li>\n<li>\n<p data-path-to-node=\"5,3,1,1,0\"><b>RENAULT Trucks:<\/b> Kerax 380 Kerax 440 Midlum 220 Premium 2 330<\/p>\n<\/li>\n<\/ul>\n","protected":false},"featured_media":9730,"comment_status":"open","ping_status":"closed","template":"","meta":[],"product_brand":[],"product_cat":[104,797,109],"product_tag":[798],"class_list":{"0":"post-9729","1":"product","2":"type-product","3":"status-publish","4":"has-post-thumbnail","6":"product_cat-linha-automotiva","7":"product_cat-renault","8":"product_cat-volvo","9":"product_tag-sensor-pressao-oleo-cod-originais-21302639-21634021-21540602-22899626-20796744-sd514729","11":"first","12":"instock","13":"taxable","14":"shipping-taxable","15":"purchasable","16":"product-type-simple"},"yoast_head":"<!-- This site is optimized with the Yoast SEO plugin v27.4 - https:\/\/yoast.com\/product\/yoast-seo-wordpress\/ -->\n<title>SENSOR PRESSAO \u00d3LEO C\u00f3d. Originais: 21302639 21634021 21540602 22899626 20796744 SD514729 - Loja ADD-THERM<\/title>\n<meta name=\"description\" content=\"SENSOR PRESSAO \u00d3LEO C\u00f3d. Originais: 21302639 21634021 21540602 22899626 20796744 SD514729 - Compre online na Loja ADDTHERM\" \/>\n<meta name=\"robots\" content=\"index, follow, max-snippet:-1, max-image-preview:large, max-video-preview:-1\" \/>\n<link rel=\"canonical\" href=\"https:\/\/addtherm.com.br\/loja\/produto\/sensor-pressao-oleo-cod-originais-21302639-21634021-21540602-22899626-20796744-sd514729\/\" \/>\n<meta property=\"og:locale\" content=\"pt_BR\" \/>\n<meta property=\"og:type\" content=\"article\" \/>\n<meta property=\"og:title\" content=\"SENSOR PRESSAO \u00d3LEO C\u00f3d. Originais: 21302639 21634021 21540602 22899626 20796744 SD514729 - Loja ADD-THERM\" \/>\n<meta property=\"og:description\" content=\"SENSOR PRESSAO \u00d3LEO C\u00f3d. Originais: 21302639 21634021 21540602 22899626 20796744 SD514729 - Compre online na Loja ADDTHERM\" \/>\n<meta property=\"og:url\" content=\"https:\/\/addtherm.com.br\/loja\/produto\/sensor-pressao-oleo-cod-originais-21302639-21634021-21540602-22899626-20796744-sd514729\/\" \/>\n<meta property=\"og:site_name\" content=\"Loja ADD-THERM\" \/>\n<meta property=\"article:modified_time\" content=\"2026-01-16T17:33:51+00:00\" \/>\n<meta property=\"og:image\" content=\"https:\/\/addtherm.com.br\/loja\/wp-content\/uploads\/2025\/12\/SENSOR-PRESSAO-OLEO-Cod.-Originais-21302639-21634021-21540602-22899626-20796744-SD514729.png\" \/>\n\t<meta property=\"og:image:width\" content=\"446\" \/>\n\t<meta property=\"og:image:height\" content=\"362\" \/>\n\t<meta property=\"og:image:type\" content=\"image\/png\" \/>\n<meta name=\"twitter:card\" content=\"summary_large_image\" \/>\n<meta name=\"twitter:label1\" content=\"Est. tempo de leitura\" \/>\n\t<meta name=\"twitter:data1\" content=\"1 minuto\" \/>\n<script type=\"application\/ld+json\" class=\"yoast-schema-graph\">{\"@context\":\"https:\\\/\\\/schema.org\",\"@graph\":[{\"@type\":\"WebPage\",\"@id\":\"https:\\\/\\\/addtherm.com.br\\\/loja\\\/produto\\\/sensor-pressao-oleo-cod-originais-21302639-21634021-21540602-22899626-20796744-sd514729\\\/\",\"url\":\"https:\\\/\\\/addtherm.com.br\\\/loja\\\/produto\\\/sensor-pressao-oleo-cod-originais-21302639-21634021-21540602-22899626-20796744-sd514729\\\/\",\"name\":\"SENSOR PRESSAO \u00d3LEO C\u00f3d. Originais: 21302639 21634021 21540602 22899626 20796744 SD514729 - Loja ADD-THERM\",\"isPartOf\":{\"@id\":\"https:\\\/\\\/addtherm.com.br\\\/loja\\\/#website\"},\"primaryImageOfPage\":{\"@id\":\"https:\\\/\\\/addtherm.com.br\\\/loja\\\/produto\\\/sensor-pressao-oleo-cod-originais-21302639-21634021-21540602-22899626-20796744-sd514729\\\/#primaryimage\"},\"image\":{\"@id\":\"https:\\\/\\\/addtherm.com.br\\\/loja\\\/produto\\\/sensor-pressao-oleo-cod-originais-21302639-21634021-21540602-22899626-20796744-sd514729\\\/#primaryimage\"},\"thumbnailUrl\":\"https:\\\/\\\/addtherm.com.br\\\/loja\\\/wp-content\\\/uploads\\\/2025\\\/12\\\/SENSOR-PRESSAO-OLEO-Cod.-Originais-21302639-21634021-21540602-22899626-20796744-SD514729.png\",\"datePublished\":\"2025-12-12T19:51:37+00:00\",\"dateModified\":\"2026-01-16T17:33:51+00:00\",\"description\":\"SENSOR PRESSAO \u00d3LEO C\u00f3d. Originais: 21302639 21634021 21540602 22899626 20796744 SD514729 - Compre online na Loja ADDTHERM\",\"breadcrumb\":{\"@id\":\"https:\\\/\\\/addtherm.com.br\\\/loja\\\/produto\\\/sensor-pressao-oleo-cod-originais-21302639-21634021-21540602-22899626-20796744-sd514729\\\/#breadcrumb\"},\"inLanguage\":\"pt-BR\",\"potentialAction\":[{\"@type\":\"ReadAction\",\"target\":[\"https:\\\/\\\/addtherm.com.br\\\/loja\\\/produto\\\/sensor-pressao-oleo-cod-originais-21302639-21634021-21540602-22899626-20796744-sd514729\\\/\"]}]},{\"@type\":\"ImageObject\",\"inLanguage\":\"pt-BR\",\"@id\":\"https:\\\/\\\/addtherm.com.br\\\/loja\\\/produto\\\/sensor-pressao-oleo-cod-originais-21302639-21634021-21540602-22899626-20796744-sd514729\\\/#primaryimage\",\"url\":\"https:\\\/\\\/addtherm.com.br\\\/loja\\\/wp-content\\\/uploads\\\/2025\\\/12\\\/SENSOR-PRESSAO-OLEO-Cod.-Originais-21302639-21634021-21540602-22899626-20796744-SD514729.png\",\"contentUrl\":\"https:\\\/\\\/addtherm.com.br\\\/loja\\\/wp-content\\\/uploads\\\/2025\\\/12\\\/SENSOR-PRESSAO-OLEO-Cod.-Originais-21302639-21634021-21540602-22899626-20796744-SD514729.png\",\"width\":446,\"height\":362},{\"@type\":\"BreadcrumbList\",\"@id\":\"https:\\\/\\\/addtherm.com.br\\\/loja\\\/produto\\\/sensor-pressao-oleo-cod-originais-21302639-21634021-21540602-22899626-20796744-sd514729\\\/#breadcrumb\",\"itemListElement\":[{\"@type\":\"ListItem\",\"position\":1,\"name\":\"In\u00edcio\",\"item\":\"https:\\\/\\\/addtherm.com.br\\\/loja\\\/\"},{\"@type\":\"ListItem\",\"position\":2,\"name\":\"Shop\",\"item\":\"https:\\\/\\\/addtherm.com.br\\\/loja\\\/shop\\\/\"},{\"@type\":\"ListItem\",\"position\":3,\"name\":\"SENSOR PRESSAO \u00d3LEO C\u00f3d. Originais: 21302639 21634021 21540602 22899626 20796744 SD514729\"}]},{\"@type\":\"WebSite\",\"@id\":\"https:\\\/\\\/addtherm.com.br\\\/loja\\\/#website\",\"url\":\"https:\\\/\\\/addtherm.com.br\\\/loja\\\/\",\"name\":\"Loja ADD-THERM\",\"description\":\"Loja ADD-THERM\",\"potentialAction\":[{\"@type\":\"SearchAction\",\"target\":{\"@type\":\"EntryPoint\",\"urlTemplate\":\"https:\\\/\\\/addtherm.com.br\\\/loja\\\/?s={search_term_string}\"},\"query-input\":{\"@type\":\"PropertyValueSpecification\",\"valueRequired\":true,\"valueName\":\"search_term_string\"}}],\"inLanguage\":\"pt-BR\"}]}<\/script>\n<!-- \/ Yoast SEO plugin. -->","yoast_head_json":{"title":"SENSOR PRESSAO \u00d3LEO C\u00f3d. Originais: 21302639 21634021 21540602 22899626 20796744 SD514729 - Loja ADD-THERM","description":"SENSOR PRESSAO \u00d3LEO C\u00f3d. Originais: 21302639 21634021 21540602 22899626 20796744 SD514729 - Compre online na Loja ADDTHERM","robots":{"index":"index","follow":"follow","max-snippet":"max-snippet:-1","max-image-preview":"max-image-preview:large","max-video-preview":"max-video-preview:-1"},"canonical":"https:\/\/addtherm.com.br\/loja\/produto\/sensor-pressao-oleo-cod-originais-21302639-21634021-21540602-22899626-20796744-sd514729\/","og_locale":"pt_BR","og_type":"article","og_title":"SENSOR PRESSAO \u00d3LEO C\u00f3d. Originais: 21302639 21634021 21540602 22899626 20796744 SD514729 - Loja ADD-THERM","og_description":"SENSOR PRESSAO \u00d3LEO C\u00f3d. Originais: 21302639 21634021 21540602 22899626 20796744 SD514729 - Compre online na Loja ADDTHERM","og_url":"https:\/\/addtherm.com.br\/loja\/produto\/sensor-pressao-oleo-cod-originais-21302639-21634021-21540602-22899626-20796744-sd514729\/","og_site_name":"Loja ADD-THERM","article_modified_time":"2026-01-16T17:33:51+00:00","og_image":[{"width":446,"height":362,"url":"https:\/\/addtherm.com.br\/loja\/wp-content\/uploads\/2025\/12\/SENSOR-PRESSAO-OLEO-Cod.-Originais-21302639-21634021-21540602-22899626-20796744-SD514729.png","type":"image\/png"}],"twitter_card":"summary_large_image","twitter_misc":{"Est. tempo de leitura":"1 minuto"},"schema":{"@context":"https:\/\/schema.org","@graph":[{"@type":"WebPage","@id":"https:\/\/addtherm.com.br\/loja\/produto\/sensor-pressao-oleo-cod-originais-21302639-21634021-21540602-22899626-20796744-sd514729\/","url":"https:\/\/addtherm.com.br\/loja\/produto\/sensor-pressao-oleo-cod-originais-21302639-21634021-21540602-22899626-20796744-sd514729\/","name":"SENSOR PRESSAO \u00d3LEO C\u00f3d. Originais: 21302639 21634021 21540602 22899626 20796744 SD514729 - Loja ADD-THERM","isPartOf":{"@id":"https:\/\/addtherm.com.br\/loja\/#website"},"primaryImageOfPage":{"@id":"https:\/\/addtherm.com.br\/loja\/produto\/sensor-pressao-oleo-cod-originais-21302639-21634021-21540602-22899626-20796744-sd514729\/#primaryimage"},"image":{"@id":"https:\/\/addtherm.com.br\/loja\/produto\/sensor-pressao-oleo-cod-originais-21302639-21634021-21540602-22899626-20796744-sd514729\/#primaryimage"},"thumbnailUrl":"https:\/\/addtherm.com.br\/loja\/wp-content\/uploads\/2025\/12\/SENSOR-PRESSAO-OLEO-Cod.-Originais-21302639-21634021-21540602-22899626-20796744-SD514729.png","datePublished":"2025-12-12T19:51:37+00:00","dateModified":"2026-01-16T17:33:51+00:00","description":"SENSOR PRESSAO \u00d3LEO C\u00f3d. Originais: 21302639 21634021 21540602 22899626 20796744 SD514729 - Compre online na Loja ADDTHERM","breadcrumb":{"@id":"https:\/\/addtherm.com.br\/loja\/produto\/sensor-pressao-oleo-cod-originais-21302639-21634021-21540602-22899626-20796744-sd514729\/#breadcrumb"},"inLanguage":"pt-BR","potentialAction":[{"@type":"ReadAction","target":["https:\/\/addtherm.com.br\/loja\/produto\/sensor-pressao-oleo-cod-originais-21302639-21634021-21540602-22899626-20796744-sd514729\/"]}]},{"@type":"ImageObject","inLanguage":"pt-BR","@id":"https:\/\/addtherm.com.br\/loja\/produto\/sensor-pressao-oleo-cod-originais-21302639-21634021-21540602-22899626-20796744-sd514729\/#primaryimage","url":"https:\/\/addtherm.com.br\/loja\/wp-content\/uploads\/2025\/12\/SENSOR-PRESSAO-OLEO-Cod.-Originais-21302639-21634021-21540602-22899626-20796744-SD514729.png","contentUrl":"https:\/\/addtherm.com.br\/loja\/wp-content\/uploads\/2025\/12\/SENSOR-PRESSAO-OLEO-Cod.-Originais-21302639-21634021-21540602-22899626-20796744-SD514729.png","width":446,"height":362},{"@type":"BreadcrumbList","@id":"https:\/\/addtherm.com.br\/loja\/produto\/sensor-pressao-oleo-cod-originais-21302639-21634021-21540602-22899626-20796744-sd514729\/#breadcrumb","itemListElement":[{"@type":"ListItem","position":1,"name":"In\u00edcio","item":"https:\/\/addtherm.com.br\/loja\/"},{"@type":"ListItem","position":2,"name":"Shop","item":"https:\/\/addtherm.com.br\/loja\/shop\/"},{"@type":"ListItem","position":3,"name":"SENSOR PRESSAO \u00d3LEO C\u00f3d. Originais: 21302639 21634021 21540602 22899626 20796744 SD514729"}]},{"@type":"WebSite","@id":"https:\/\/addtherm.com.br\/loja\/#website","url":"https:\/\/addtherm.com.br\/loja\/","name":"Loja ADD-THERM","description":"Loja ADD-THERM","potentialAction":[{"@type":"SearchAction","target":{"@type":"EntryPoint","urlTemplate":"https:\/\/addtherm.com.br\/loja\/?s={search_term_string}"},"query-input":{"@type":"PropertyValueSpecification","valueRequired":true,"valueName":"search_term_string"}}],"inLanguage":"pt-BR"}]}},"_links":{"self":[{"href":"https:\/\/addtherm.com.br\/loja\/wp-json\/wp\/v2\/product\/9729","targetHints":{"allow":["GET"]}}],"collection":[{"href":"https:\/\/addtherm.com.br\/loja\/wp-json\/wp\/v2\/product"}],"about":[{"href":"https:\/\/addtherm.com.br\/loja\/wp-json\/wp\/v2\/types\/product"}],"replies":[{"embeddable":true,"href":"https:\/\/addtherm.com.br\/loja\/wp-json\/wp\/v2\/comments?post=9729"}],"wp:featuredmedia":[{"embeddable":true,"href":"https:\/\/addtherm.com.br\/loja\/wp-json\/wp\/v2\/media\/9730"}],"wp:attachment":[{"href":"https:\/\/addtherm.com.br\/loja\/wp-json\/wp\/v2\/media?parent=9729"}],"wp:term":[{"taxonomy":"product_brand","embeddable":true,"href":"https:\/\/addtherm.com.br\/loja\/wp-json\/wp\/v2\/product_brand?post=9729"},{"taxonomy":"product_cat","embeddable":true,"href":"https:\/\/addtherm.com.br\/loja\/wp-json\/wp\/v2\/product_cat?post=9729"},{"taxonomy":"product_tag","embeddable":true,"href":"https:\/\/addtherm.com.br\/loja\/wp-json\/wp\/v2\/product_tag?post=9729"}],"curies":[{"name":"wp","href":"https:\/\/api.w.org\/{rel}","templated":true}]}}