{"id":9656,"date":"2025-08-13T16:18:44","date_gmt":"2025-08-13T19:18:44","guid":{"rendered":"https:\/\/addtherm.com.br\/loja\/?post_type=product&#038;p=9656"},"modified":"2025-08-14T08:11:25","modified_gmt":"2025-08-14T11:11:25","slug":"elemento-de-aquecimento-ptc-heater-com-filme-isolador","status":"publish","type":"product","link":"https:\/\/addtherm.com.br\/loja\/produto\/elemento-de-aquecimento-ptc-heater-com-filme-isolador\/","title":{"rendered":"Elemento De Aquecimento PTC Heater Com Filme Isolador &#8211; KIT COM 3 UNIDADES"},"content":{"rendered":"<h3><strong>Principais Aplica\u00e7\u00f5es<\/strong><\/h3>\n<ul>\n<li data-start=\"1353\" data-end=\"1444\">\n<p data-start=\"1355\" data-end=\"1444\"><strong data-start=\"1355\" data-end=\"1385\">Ind\u00fastria Automobil\u00edstica:<\/strong> Aquecedores de assentos de carro, aquecedores de cabine.<\/p>\n<\/li>\n<li data-start=\"1353\" data-end=\"1444\">\n<p data-start=\"1355\" data-end=\"1444\"><strong data-start=\"1447\" data-end=\"1468\">Eletrodom\u00e9sticos:<\/strong> Secadores de cabelo e chapinhas e secadores de roupas.<\/p>\n<\/li>\n<li data-start=\"1526\" data-end=\"1606\">\n<p data-start=\"1528\" data-end=\"1606\"><strong data-start=\"1528\" data-end=\"1553\">Dispositivos m\u00e9dicos:<\/strong> Incubadoras, sistemas de aquecimento de pacientes.<\/p>\n<\/li>\n<li data-start=\"1607\" data-end=\"1686\">\n<p data-start=\"1609\" data-end=\"1686\"><strong data-start=\"1609\" data-end=\"1635\">Aeroespacial e defesa:<\/strong> Interiores de aeronaves, equipamentos militares.<\/p>\n<\/li>\n<li data-start=\"1687\" data-end=\"1753\">\n<p data-start=\"1689\" data-end=\"1753\"><strong data-start=\"1689\" data-end=\"1716\">Estufas e horticultura:<\/strong> C\u00e2maras de crescimento de plantas.<\/p>\n<\/li>\n<\/ul>\n<p><strong>N\u00c3O VENDEMOS ESTE PRODUTO UNIT\u00c1RIO, TRATA-SE DE UM KIT COM 3 UNIDADES.<\/strong><\/p>\n","protected":false},"excerpt":{"rendered":"<div class=\"woocommerce-product-details__short-description\">\n<p data-start=\"120\" data-end=\"565\">Aquecedores PTC Heater com pel\u00edcula isolante possuem um recurso de autorregula\u00e7\u00e3o. Isso garante que, \u00e0 medida que a temperatura aumenta, a resist\u00eancia do elemento de aquecimento tamb\u00e9m aumente, estabilizando a temperatura e evitando o superaquecimento. Aquecedores PTC Heather s\u00e3o conhecidos por sua alta efici\u00eancia de convers\u00e3o de energia. Eles podem converter energia el\u00e9trica em calor com efici\u00eancia, resultando em menor consumo de energia.<\/p>\n<p data-start=\"567\" data-end=\"809\"><strong data-start=\"567\" data-end=\"602\">Convers\u00e3o Eficiente de Energia:<\/strong> Aquecedores PTC com pel\u00edcula isolante s\u00e3o conhecidos por sua alta efici\u00eancia de convers\u00e3o de energia. Eles podem converter energia el\u00e9trica em calor com efici\u00eancia, resultando em menor consumo de energia.<\/p>\n<p data-start=\"811\" data-end=\"1062\"><strong data-start=\"811\" data-end=\"825\">Seguran\u00e7a:<\/strong> A propriedade autorreguladora dos aquecedores PTC, combinada com a pel\u00edcula isolante, aumenta a seguran\u00e7a. Essa prote\u00e7\u00e3o de camada dupla ajuda a prevenir o superaquecimento e minimiza o risco de inc\u00eandios ou outros riscos \u00e0 seguran\u00e7a.<\/p>\n<p data-start=\"1064\" data-end=\"1295\"><strong data-start=\"1064\" data-end=\"1099\">Resposta R\u00e1pida de Aquecimento:<\/strong> Esses aquecedores t\u00eam uma resposta r\u00e1pida de aquecimento, permitindo que atinjam a temperatura desejada rapidamente. Esse recurso \u00e9 crucial para aplica\u00e7\u00f5es onde \u00e9 necess\u00e1rio aquecimento r\u00e1pido.<\/p>\n<p data-start=\"1064\" data-end=\"1295\"><strong>N\u00c3O VENDEMOS ESTE PRODUTO UNIT\u00c1RIO, TRATA-SE DE UM KIT COM 3 UNIDADES.<\/strong><\/p>\n<\/div>\n","protected":false},"featured_media":9657,"comment_status":"open","ping_status":"closed","template":"","meta":[],"product_brand":[],"product_cat":[89,94],"product_tag":[779,755,123,121,756,122],"class_list":{"0":"post-9656","1":"product","2":"type-product","3":"status-publish","4":"has-post-thumbnail","6":"product_cat-protecao-termica","7":"product_cat-protetores-termicos","8":"product_tag-elemento-de-aquecimento-ptc-heater-com-filme-isolador","9":"product_tag-protetor-termico-com-ptc","10":"product_tag-protetor-termico-st01","11":"product_tag-protetores-termicos","12":"product_tag-sensor-ptc","13":"product_tag-st01-cabo-55mm","15":"first","16":"instock","17":"taxable","18":"shipping-taxable","19":"purchasable","20":"product-type-simple"},"yoast_head":"<!-- This site is optimized with the Yoast SEO plugin v27.5 - https:\/\/yoast.com\/product\/yoast-seo-wordpress\/ -->\n<title>Elemento De Aquecimento PTC Heater Com Filme Isolador - KIT COM 3 UNIDADES - Loja ADD-THERM<\/title>\n<meta name=\"description\" content=\"Elemento De Aquecimento PTC Heater Com Filme Isolador - Compre Online!\" \/>\n<meta name=\"robots\" content=\"index, follow, max-snippet:-1, max-image-preview:large, max-video-preview:-1\" \/>\n<link rel=\"canonical\" href=\"https:\/\/addtherm.com.br\/loja\/produto\/elemento-de-aquecimento-ptc-heater-com-filme-isolador\/\" \/>\n<meta property=\"og:locale\" content=\"pt_BR\" \/>\n<meta property=\"og:type\" content=\"article\" \/>\n<meta property=\"og:title\" content=\"Elemento De Aquecimento PTC Heater Com Filme Isolador - KIT COM 3 UNIDADES - Loja ADD-THERM\" \/>\n<meta property=\"og:description\" content=\"Elemento De Aquecimento PTC Heater Com Filme Isolador - Compre Online!\" \/>\n<meta property=\"og:url\" content=\"https:\/\/addtherm.com.br\/loja\/produto\/elemento-de-aquecimento-ptc-heater-com-filme-isolador\/\" \/>\n<meta property=\"og:site_name\" content=\"Loja ADD-THERM\" \/>\n<meta property=\"article:modified_time\" content=\"2025-08-14T11:11:25+00:00\" \/>\n<meta property=\"og:image\" content=\"https:\/\/addtherm.com.br\/loja\/wp-content\/uploads\/2025\/08\/Elemento-De-Aquecimento-PTC-Heater-Com-Filme-Isolador.png\" \/>\n\t<meta property=\"og:image:width\" content=\"1024\" \/>\n\t<meta property=\"og:image:height\" content=\"1024\" \/>\n\t<meta property=\"og:image:type\" content=\"image\/png\" \/>\n<meta name=\"twitter:card\" content=\"summary_large_image\" \/>\n<meta name=\"twitter:label1\" content=\"Est. tempo de leitura\" \/>\n\t<meta name=\"twitter:data1\" content=\"1 minuto\" \/>\n<script type=\"application\/ld+json\" class=\"yoast-schema-graph\">{\"@context\":\"https:\\\/\\\/schema.org\",\"@graph\":[{\"@type\":\"WebPage\",\"@id\":\"https:\\\/\\\/addtherm.com.br\\\/loja\\\/produto\\\/elemento-de-aquecimento-ptc-heater-com-filme-isolador\\\/\",\"url\":\"https:\\\/\\\/addtherm.com.br\\\/loja\\\/produto\\\/elemento-de-aquecimento-ptc-heater-com-filme-isolador\\\/\",\"name\":\"Elemento De Aquecimento PTC Heater Com Filme Isolador - KIT COM 3 UNIDADES - Loja ADD-THERM\",\"isPartOf\":{\"@id\":\"https:\\\/\\\/addtherm.com.br\\\/loja\\\/#website\"},\"primaryImageOfPage\":{\"@id\":\"https:\\\/\\\/addtherm.com.br\\\/loja\\\/produto\\\/elemento-de-aquecimento-ptc-heater-com-filme-isolador\\\/#primaryimage\"},\"image\":{\"@id\":\"https:\\\/\\\/addtherm.com.br\\\/loja\\\/produto\\\/elemento-de-aquecimento-ptc-heater-com-filme-isolador\\\/#primaryimage\"},\"thumbnailUrl\":\"https:\\\/\\\/addtherm.com.br\\\/loja\\\/wp-content\\\/uploads\\\/2025\\\/08\\\/Elemento-De-Aquecimento-PTC-Heater-Com-Filme-Isolador.png\",\"datePublished\":\"2025-08-13T19:18:44+00:00\",\"dateModified\":\"2025-08-14T11:11:25+00:00\",\"description\":\"Elemento De Aquecimento PTC Heater Com Filme Isolador - Compre Online!\",\"breadcrumb\":{\"@id\":\"https:\\\/\\\/addtherm.com.br\\\/loja\\\/produto\\\/elemento-de-aquecimento-ptc-heater-com-filme-isolador\\\/#breadcrumb\"},\"inLanguage\":\"pt-BR\",\"potentialAction\":[{\"@type\":\"ReadAction\",\"target\":[\"https:\\\/\\\/addtherm.com.br\\\/loja\\\/produto\\\/elemento-de-aquecimento-ptc-heater-com-filme-isolador\\\/\"]}]},{\"@type\":\"ImageObject\",\"inLanguage\":\"pt-BR\",\"@id\":\"https:\\\/\\\/addtherm.com.br\\\/loja\\\/produto\\\/elemento-de-aquecimento-ptc-heater-com-filme-isolador\\\/#primaryimage\",\"url\":\"https:\\\/\\\/addtherm.com.br\\\/loja\\\/wp-content\\\/uploads\\\/2025\\\/08\\\/Elemento-De-Aquecimento-PTC-Heater-Com-Filme-Isolador.png\",\"contentUrl\":\"https:\\\/\\\/addtherm.com.br\\\/loja\\\/wp-content\\\/uploads\\\/2025\\\/08\\\/Elemento-De-Aquecimento-PTC-Heater-Com-Filme-Isolador.png\",\"width\":1024,\"height\":1024},{\"@type\":\"BreadcrumbList\",\"@id\":\"https:\\\/\\\/addtherm.com.br\\\/loja\\\/produto\\\/elemento-de-aquecimento-ptc-heater-com-filme-isolador\\\/#breadcrumb\",\"itemListElement\":[{\"@type\":\"ListItem\",\"position\":1,\"name\":\"In\u00edcio\",\"item\":\"https:\\\/\\\/addtherm.com.br\\\/loja\\\/\"},{\"@type\":\"ListItem\",\"position\":2,\"name\":\"Shop\",\"item\":\"https:\\\/\\\/addtherm.com.br\\\/loja\\\/shop\\\/\"},{\"@type\":\"ListItem\",\"position\":3,\"name\":\"Elemento De Aquecimento PTC Heater Com Filme Isolador &#8211; KIT COM 3 UNIDADES\"}]},{\"@type\":\"WebSite\",\"@id\":\"https:\\\/\\\/addtherm.com.br\\\/loja\\\/#website\",\"url\":\"https:\\\/\\\/addtherm.com.br\\\/loja\\\/\",\"name\":\"Loja ADD-THERM\",\"description\":\"Loja ADD-THERM\",\"potentialAction\":[{\"@type\":\"SearchAction\",\"target\":{\"@type\":\"EntryPoint\",\"urlTemplate\":\"https:\\\/\\\/addtherm.com.br\\\/loja\\\/?s={search_term_string}\"},\"query-input\":{\"@type\":\"PropertyValueSpecification\",\"valueRequired\":true,\"valueName\":\"search_term_string\"}}],\"inLanguage\":\"pt-BR\"}]}<\/script>\n<!-- \/ Yoast SEO plugin. -->","yoast_head_json":{"title":"Elemento De Aquecimento PTC Heater Com Filme Isolador - KIT COM 3 UNIDADES - Loja ADD-THERM","description":"Elemento De Aquecimento PTC Heater Com Filme Isolador - Compre Online!","robots":{"index":"index","follow":"follow","max-snippet":"max-snippet:-1","max-image-preview":"max-image-preview:large","max-video-preview":"max-video-preview:-1"},"canonical":"https:\/\/addtherm.com.br\/loja\/produto\/elemento-de-aquecimento-ptc-heater-com-filme-isolador\/","og_locale":"pt_BR","og_type":"article","og_title":"Elemento De Aquecimento PTC Heater Com Filme Isolador - KIT COM 3 UNIDADES - Loja ADD-THERM","og_description":"Elemento De Aquecimento PTC Heater Com Filme Isolador - Compre Online!","og_url":"https:\/\/addtherm.com.br\/loja\/produto\/elemento-de-aquecimento-ptc-heater-com-filme-isolador\/","og_site_name":"Loja ADD-THERM","article_modified_time":"2025-08-14T11:11:25+00:00","og_image":[{"width":1024,"height":1024,"url":"https:\/\/addtherm.com.br\/loja\/wp-content\/uploads\/2025\/08\/Elemento-De-Aquecimento-PTC-Heater-Com-Filme-Isolador.png","type":"image\/png"}],"twitter_card":"summary_large_image","twitter_misc":{"Est. tempo de leitura":"1 minuto"},"schema":{"@context":"https:\/\/schema.org","@graph":[{"@type":"WebPage","@id":"https:\/\/addtherm.com.br\/loja\/produto\/elemento-de-aquecimento-ptc-heater-com-filme-isolador\/","url":"https:\/\/addtherm.com.br\/loja\/produto\/elemento-de-aquecimento-ptc-heater-com-filme-isolador\/","name":"Elemento De Aquecimento PTC Heater Com Filme Isolador - KIT COM 3 UNIDADES - Loja ADD-THERM","isPartOf":{"@id":"https:\/\/addtherm.com.br\/loja\/#website"},"primaryImageOfPage":{"@id":"https:\/\/addtherm.com.br\/loja\/produto\/elemento-de-aquecimento-ptc-heater-com-filme-isolador\/#primaryimage"},"image":{"@id":"https:\/\/addtherm.com.br\/loja\/produto\/elemento-de-aquecimento-ptc-heater-com-filme-isolador\/#primaryimage"},"thumbnailUrl":"https:\/\/addtherm.com.br\/loja\/wp-content\/uploads\/2025\/08\/Elemento-De-Aquecimento-PTC-Heater-Com-Filme-Isolador.png","datePublished":"2025-08-13T19:18:44+00:00","dateModified":"2025-08-14T11:11:25+00:00","description":"Elemento De Aquecimento PTC Heater Com Filme Isolador - Compre Online!","breadcrumb":{"@id":"https:\/\/addtherm.com.br\/loja\/produto\/elemento-de-aquecimento-ptc-heater-com-filme-isolador\/#breadcrumb"},"inLanguage":"pt-BR","potentialAction":[{"@type":"ReadAction","target":["https:\/\/addtherm.com.br\/loja\/produto\/elemento-de-aquecimento-ptc-heater-com-filme-isolador\/"]}]},{"@type":"ImageObject","inLanguage":"pt-BR","@id":"https:\/\/addtherm.com.br\/loja\/produto\/elemento-de-aquecimento-ptc-heater-com-filme-isolador\/#primaryimage","url":"https:\/\/addtherm.com.br\/loja\/wp-content\/uploads\/2025\/08\/Elemento-De-Aquecimento-PTC-Heater-Com-Filme-Isolador.png","contentUrl":"https:\/\/addtherm.com.br\/loja\/wp-content\/uploads\/2025\/08\/Elemento-De-Aquecimento-PTC-Heater-Com-Filme-Isolador.png","width":1024,"height":1024},{"@type":"BreadcrumbList","@id":"https:\/\/addtherm.com.br\/loja\/produto\/elemento-de-aquecimento-ptc-heater-com-filme-isolador\/#breadcrumb","itemListElement":[{"@type":"ListItem","position":1,"name":"In\u00edcio","item":"https:\/\/addtherm.com.br\/loja\/"},{"@type":"ListItem","position":2,"name":"Shop","item":"https:\/\/addtherm.com.br\/loja\/shop\/"},{"@type":"ListItem","position":3,"name":"Elemento De Aquecimento PTC Heater Com Filme Isolador &#8211; KIT COM 3 UNIDADES"}]},{"@type":"WebSite","@id":"https:\/\/addtherm.com.br\/loja\/#website","url":"https:\/\/addtherm.com.br\/loja\/","name":"Loja ADD-THERM","description":"Loja ADD-THERM","potentialAction":[{"@type":"SearchAction","target":{"@type":"EntryPoint","urlTemplate":"https:\/\/addtherm.com.br\/loja\/?s={search_term_string}"},"query-input":{"@type":"PropertyValueSpecification","valueRequired":true,"valueName":"search_term_string"}}],"inLanguage":"pt-BR"}]}},"_links":{"self":[{"href":"https:\/\/addtherm.com.br\/loja\/wp-json\/wp\/v2\/product\/9656","targetHints":{"allow":["GET"]}}],"collection":[{"href":"https:\/\/addtherm.com.br\/loja\/wp-json\/wp\/v2\/product"}],"about":[{"href":"https:\/\/addtherm.com.br\/loja\/wp-json\/wp\/v2\/types\/product"}],"replies":[{"embeddable":true,"href":"https:\/\/addtherm.com.br\/loja\/wp-json\/wp\/v2\/comments?post=9656"}],"wp:featuredmedia":[{"embeddable":true,"href":"https:\/\/addtherm.com.br\/loja\/wp-json\/wp\/v2\/media\/9657"}],"wp:attachment":[{"href":"https:\/\/addtherm.com.br\/loja\/wp-json\/wp\/v2\/media?parent=9656"}],"wp:term":[{"taxonomy":"product_brand","embeddable":true,"href":"https:\/\/addtherm.com.br\/loja\/wp-json\/wp\/v2\/product_brand?post=9656"},{"taxonomy":"product_cat","embeddable":true,"href":"https:\/\/addtherm.com.br\/loja\/wp-json\/wp\/v2\/product_cat?post=9656"},{"taxonomy":"product_tag","embeddable":true,"href":"https:\/\/addtherm.com.br\/loja\/wp-json\/wp\/v2\/product_tag?post=9656"}],"curies":[{"name":"wp","href":"https:\/\/api.w.org\/{rel}","templated":true}]}}