{"id":9645,"date":"2025-08-12T11:23:52","date_gmt":"2025-08-12T14:23:52","guid":{"rendered":"https:\/\/addtherm.com.br\/loja\/?post_type=product&#038;p=9645"},"modified":"2025-08-16T07:02:00","modified_gmt":"2025-08-16T10:02:00","slug":"plug-eletronico-agua-l-codigos-originais-mte4021-volvo1275494-mba0041531628-gm19189489","status":"publish","type":"product","link":"https:\/\/addtherm.com.br\/loja\/produto\/plug-eletronico-agua-l-codigos-originais-mte4021-volvo1275494-mba0041531628-gm19189489\/","title":{"rendered":"PLUG ELETR\u00d4NICO &#8211; \u00c1GUA l C\u00f3digos Originais: MTE4021 &#8211; VOLVO:1275494 &#8211; MB:A0041531628 &#8211; GM:19189489"},"content":{"rendered":"<p>PLUG ELETR\u00d4NICO &#8211; \u00c1GUA<\/p>\n<p><strong><b>C\u00f3digos Originais do Produto:<\/b><\/strong><br \/>\nMTE4021<br \/>\nVOLVO:1275494<br \/>\nMB:A0041531628<br \/>\nGM:19189489<\/p>\n<p><strong>C\u00f3digo ADDTHERM:<\/strong> A30 111<\/p>\n<p>&nbsp;<\/p>\n<p>&nbsp;<\/p>\n","protected":false},"excerpt":{"rendered":"<p>PLUG ELETR\u00d4NICO &#8211; \u00c1GUA l C\u00f3digos Originais: MTE4021 &#8211; VOLVO:1275494 &#8211; MB:A0041531628 &#8211; GM:19189489<\/p>\n","protected":false},"featured_media":9676,"comment_status":"open","ping_status":"closed","template":"","meta":[],"product_brand":[],"product_cat":[386,104,107,734,109],"product_tag":[791],"class_list":{"0":"post-9645","1":"product","2":"type-product","3":"status-publish","4":"has-post-thumbnail","6":"product_cat-gm","7":"product_cat-linha-automotiva","8":"product_cat-mercedes-benz","9":"product_cat-mtethomson","10":"product_cat-volvo","11":"product_tag-plug-eletronico-agua-l-codigos-originais-mte4021-volvo1275494-mba0041531628-gm19189489","13":"first","14":"instock","15":"taxable","16":"shipping-taxable","17":"purchasable","18":"product-type-simple"},"yoast_head":"<!-- This site is optimized with the Yoast SEO plugin v27.5 - https:\/\/yoast.com\/product\/yoast-seo-wordpress\/ -->\n<title>PLUG ELETR\u00d4NICO - \u00c1GUA l C\u00f3digos Originais: MTE4021 - VOLVO:1275494 - MB:A0041531628 - GM:19189489 - Loja ADD-THERM<\/title>\n<meta name=\"description\" content=\"PLUG ELETR\u00d4NICO - \u00c1GUA l C\u00f3digos Originais: MTE4021 - VOLVO:1275494 - MB:A0041531628 - GM:19189489 - Compre online na Loja ADDTHERM\" \/>\n<meta name=\"robots\" content=\"index, follow, max-snippet:-1, max-image-preview:large, max-video-preview:-1\" \/>\n<link rel=\"canonical\" href=\"https:\/\/addtherm.com.br\/loja\/produto\/plug-eletronico-agua-l-codigos-originais-mte4021-volvo1275494-mba0041531628-gm19189489\/\" \/>\n<meta property=\"og:locale\" content=\"pt_BR\" \/>\n<meta property=\"og:type\" content=\"article\" \/>\n<meta property=\"og:title\" content=\"PLUG ELETR\u00d4NICO - \u00c1GUA l C\u00f3digos Originais: MTE4021 - VOLVO:1275494 - MB:A0041531628 - GM:19189489 - Loja ADD-THERM\" \/>\n<meta property=\"og:description\" content=\"PLUG ELETR\u00d4NICO - \u00c1GUA l C\u00f3digos Originais: MTE4021 - VOLVO:1275494 - MB:A0041531628 - GM:19189489 - Compre online na Loja ADDTHERM\" \/>\n<meta property=\"og:url\" content=\"https:\/\/addtherm.com.br\/loja\/produto\/plug-eletronico-agua-l-codigos-originais-mte4021-volvo1275494-mba0041531628-gm19189489\/\" \/>\n<meta property=\"og:site_name\" content=\"Loja ADD-THERM\" \/>\n<meta property=\"article:modified_time\" content=\"2025-08-16T10:02:00+00:00\" \/>\n<meta property=\"og:image\" content=\"https:\/\/addtherm.com.br\/loja\/wp-content\/uploads\/2025\/08\/A30-111.png\" \/>\n\t<meta property=\"og:image:width\" content=\"677\" \/>\n\t<meta property=\"og:image:height\" content=\"450\" \/>\n\t<meta property=\"og:image:type\" content=\"image\/png\" \/>\n<meta name=\"twitter:card\" content=\"summary_large_image\" \/>\n<meta name=\"twitter:label1\" content=\"Est. tempo de leitura\" \/>\n\t<meta name=\"twitter:data1\" content=\"1 minuto\" \/>\n<script type=\"application\/ld+json\" class=\"yoast-schema-graph\">{\"@context\":\"https:\\\/\\\/schema.org\",\"@graph\":[{\"@type\":\"WebPage\",\"@id\":\"https:\\\/\\\/addtherm.com.br\\\/loja\\\/produto\\\/plug-eletronico-agua-l-codigos-originais-mte4021-volvo1275494-mba0041531628-gm19189489\\\/\",\"url\":\"https:\\\/\\\/addtherm.com.br\\\/loja\\\/produto\\\/plug-eletronico-agua-l-codigos-originais-mte4021-volvo1275494-mba0041531628-gm19189489\\\/\",\"name\":\"PLUG ELETR\u00d4NICO - \u00c1GUA l C\u00f3digos Originais: MTE4021 - VOLVO:1275494 - MB:A0041531628 - GM:19189489 - Loja ADD-THERM\",\"isPartOf\":{\"@id\":\"https:\\\/\\\/addtherm.com.br\\\/loja\\\/#website\"},\"primaryImageOfPage\":{\"@id\":\"https:\\\/\\\/addtherm.com.br\\\/loja\\\/produto\\\/plug-eletronico-agua-l-codigos-originais-mte4021-volvo1275494-mba0041531628-gm19189489\\\/#primaryimage\"},\"image\":{\"@id\":\"https:\\\/\\\/addtherm.com.br\\\/loja\\\/produto\\\/plug-eletronico-agua-l-codigos-originais-mte4021-volvo1275494-mba0041531628-gm19189489\\\/#primaryimage\"},\"thumbnailUrl\":\"https:\\\/\\\/addtherm.com.br\\\/loja\\\/wp-content\\\/uploads\\\/2025\\\/08\\\/A30-111.png\",\"datePublished\":\"2025-08-12T14:23:52+00:00\",\"dateModified\":\"2025-08-16T10:02:00+00:00\",\"description\":\"PLUG ELETR\u00d4NICO - \u00c1GUA l C\u00f3digos Originais: MTE4021 - VOLVO:1275494 - MB:A0041531628 - GM:19189489 - Compre online na Loja ADDTHERM\",\"breadcrumb\":{\"@id\":\"https:\\\/\\\/addtherm.com.br\\\/loja\\\/produto\\\/plug-eletronico-agua-l-codigos-originais-mte4021-volvo1275494-mba0041531628-gm19189489\\\/#breadcrumb\"},\"inLanguage\":\"pt-BR\",\"potentialAction\":[{\"@type\":\"ReadAction\",\"target\":[\"https:\\\/\\\/addtherm.com.br\\\/loja\\\/produto\\\/plug-eletronico-agua-l-codigos-originais-mte4021-volvo1275494-mba0041531628-gm19189489\\\/\"]}]},{\"@type\":\"ImageObject\",\"inLanguage\":\"pt-BR\",\"@id\":\"https:\\\/\\\/addtherm.com.br\\\/loja\\\/produto\\\/plug-eletronico-agua-l-codigos-originais-mte4021-volvo1275494-mba0041531628-gm19189489\\\/#primaryimage\",\"url\":\"https:\\\/\\\/addtherm.com.br\\\/loja\\\/wp-content\\\/uploads\\\/2025\\\/08\\\/A30-111.png\",\"contentUrl\":\"https:\\\/\\\/addtherm.com.br\\\/loja\\\/wp-content\\\/uploads\\\/2025\\\/08\\\/A30-111.png\",\"width\":677,\"height\":450},{\"@type\":\"BreadcrumbList\",\"@id\":\"https:\\\/\\\/addtherm.com.br\\\/loja\\\/produto\\\/plug-eletronico-agua-l-codigos-originais-mte4021-volvo1275494-mba0041531628-gm19189489\\\/#breadcrumb\",\"itemListElement\":[{\"@type\":\"ListItem\",\"position\":1,\"name\":\"In\u00edcio\",\"item\":\"https:\\\/\\\/addtherm.com.br\\\/loja\\\/\"},{\"@type\":\"ListItem\",\"position\":2,\"name\":\"Shop\",\"item\":\"https:\\\/\\\/addtherm.com.br\\\/loja\\\/shop\\\/\"},{\"@type\":\"ListItem\",\"position\":3,\"name\":\"PLUG ELETR\u00d4NICO &#8211; \u00c1GUA l C\u00f3digos Originais: MTE4021 &#8211; VOLVO:1275494 &#8211; MB:A0041531628 &#8211; GM:19189489\"}]},{\"@type\":\"WebSite\",\"@id\":\"https:\\\/\\\/addtherm.com.br\\\/loja\\\/#website\",\"url\":\"https:\\\/\\\/addtherm.com.br\\\/loja\\\/\",\"name\":\"Loja ADD-THERM\",\"description\":\"Loja ADD-THERM\",\"potentialAction\":[{\"@type\":\"SearchAction\",\"target\":{\"@type\":\"EntryPoint\",\"urlTemplate\":\"https:\\\/\\\/addtherm.com.br\\\/loja\\\/?s={search_term_string}\"},\"query-input\":{\"@type\":\"PropertyValueSpecification\",\"valueRequired\":true,\"valueName\":\"search_term_string\"}}],\"inLanguage\":\"pt-BR\"}]}<\/script>\n<!-- \/ Yoast SEO plugin. -->","yoast_head_json":{"title":"PLUG ELETR\u00d4NICO - \u00c1GUA l C\u00f3digos Originais: MTE4021 - VOLVO:1275494 - MB:A0041531628 - GM:19189489 - Loja ADD-THERM","description":"PLUG ELETR\u00d4NICO - \u00c1GUA l C\u00f3digos Originais: MTE4021 - VOLVO:1275494 - MB:A0041531628 - GM:19189489 - Compre online na Loja ADDTHERM","robots":{"index":"index","follow":"follow","max-snippet":"max-snippet:-1","max-image-preview":"max-image-preview:large","max-video-preview":"max-video-preview:-1"},"canonical":"https:\/\/addtherm.com.br\/loja\/produto\/plug-eletronico-agua-l-codigos-originais-mte4021-volvo1275494-mba0041531628-gm19189489\/","og_locale":"pt_BR","og_type":"article","og_title":"PLUG ELETR\u00d4NICO - \u00c1GUA l C\u00f3digos Originais: MTE4021 - VOLVO:1275494 - MB:A0041531628 - GM:19189489 - Loja ADD-THERM","og_description":"PLUG ELETR\u00d4NICO - \u00c1GUA l C\u00f3digos Originais: MTE4021 - VOLVO:1275494 - MB:A0041531628 - GM:19189489 - Compre online na Loja ADDTHERM","og_url":"https:\/\/addtherm.com.br\/loja\/produto\/plug-eletronico-agua-l-codigos-originais-mte4021-volvo1275494-mba0041531628-gm19189489\/","og_site_name":"Loja ADD-THERM","article_modified_time":"2025-08-16T10:02:00+00:00","og_image":[{"width":677,"height":450,"url":"https:\/\/addtherm.com.br\/loja\/wp-content\/uploads\/2025\/08\/A30-111.png","type":"image\/png"}],"twitter_card":"summary_large_image","twitter_misc":{"Est. tempo de leitura":"1 minuto"},"schema":{"@context":"https:\/\/schema.org","@graph":[{"@type":"WebPage","@id":"https:\/\/addtherm.com.br\/loja\/produto\/plug-eletronico-agua-l-codigos-originais-mte4021-volvo1275494-mba0041531628-gm19189489\/","url":"https:\/\/addtherm.com.br\/loja\/produto\/plug-eletronico-agua-l-codigos-originais-mte4021-volvo1275494-mba0041531628-gm19189489\/","name":"PLUG ELETR\u00d4NICO - \u00c1GUA l C\u00f3digos Originais: MTE4021 - VOLVO:1275494 - MB:A0041531628 - GM:19189489 - Loja ADD-THERM","isPartOf":{"@id":"https:\/\/addtherm.com.br\/loja\/#website"},"primaryImageOfPage":{"@id":"https:\/\/addtherm.com.br\/loja\/produto\/plug-eletronico-agua-l-codigos-originais-mte4021-volvo1275494-mba0041531628-gm19189489\/#primaryimage"},"image":{"@id":"https:\/\/addtherm.com.br\/loja\/produto\/plug-eletronico-agua-l-codigos-originais-mte4021-volvo1275494-mba0041531628-gm19189489\/#primaryimage"},"thumbnailUrl":"https:\/\/addtherm.com.br\/loja\/wp-content\/uploads\/2025\/08\/A30-111.png","datePublished":"2025-08-12T14:23:52+00:00","dateModified":"2025-08-16T10:02:00+00:00","description":"PLUG ELETR\u00d4NICO - \u00c1GUA l C\u00f3digos Originais: MTE4021 - VOLVO:1275494 - MB:A0041531628 - GM:19189489 - Compre online na Loja ADDTHERM","breadcrumb":{"@id":"https:\/\/addtherm.com.br\/loja\/produto\/plug-eletronico-agua-l-codigos-originais-mte4021-volvo1275494-mba0041531628-gm19189489\/#breadcrumb"},"inLanguage":"pt-BR","potentialAction":[{"@type":"ReadAction","target":["https:\/\/addtherm.com.br\/loja\/produto\/plug-eletronico-agua-l-codigos-originais-mte4021-volvo1275494-mba0041531628-gm19189489\/"]}]},{"@type":"ImageObject","inLanguage":"pt-BR","@id":"https:\/\/addtherm.com.br\/loja\/produto\/plug-eletronico-agua-l-codigos-originais-mte4021-volvo1275494-mba0041531628-gm19189489\/#primaryimage","url":"https:\/\/addtherm.com.br\/loja\/wp-content\/uploads\/2025\/08\/A30-111.png","contentUrl":"https:\/\/addtherm.com.br\/loja\/wp-content\/uploads\/2025\/08\/A30-111.png","width":677,"height":450},{"@type":"BreadcrumbList","@id":"https:\/\/addtherm.com.br\/loja\/produto\/plug-eletronico-agua-l-codigos-originais-mte4021-volvo1275494-mba0041531628-gm19189489\/#breadcrumb","itemListElement":[{"@type":"ListItem","position":1,"name":"In\u00edcio","item":"https:\/\/addtherm.com.br\/loja\/"},{"@type":"ListItem","position":2,"name":"Shop","item":"https:\/\/addtherm.com.br\/loja\/shop\/"},{"@type":"ListItem","position":3,"name":"PLUG ELETR\u00d4NICO &#8211; \u00c1GUA l C\u00f3digos Originais: MTE4021 &#8211; VOLVO:1275494 &#8211; MB:A0041531628 &#8211; GM:19189489"}]},{"@type":"WebSite","@id":"https:\/\/addtherm.com.br\/loja\/#website","url":"https:\/\/addtherm.com.br\/loja\/","name":"Loja ADD-THERM","description":"Loja ADD-THERM","potentialAction":[{"@type":"SearchAction","target":{"@type":"EntryPoint","urlTemplate":"https:\/\/addtherm.com.br\/loja\/?s={search_term_string}"},"query-input":{"@type":"PropertyValueSpecification","valueRequired":true,"valueName":"search_term_string"}}],"inLanguage":"pt-BR"}]}},"_links":{"self":[{"href":"https:\/\/addtherm.com.br\/loja\/wp-json\/wp\/v2\/product\/9645","targetHints":{"allow":["GET"]}}],"collection":[{"href":"https:\/\/addtherm.com.br\/loja\/wp-json\/wp\/v2\/product"}],"about":[{"href":"https:\/\/addtherm.com.br\/loja\/wp-json\/wp\/v2\/types\/product"}],"replies":[{"embeddable":true,"href":"https:\/\/addtherm.com.br\/loja\/wp-json\/wp\/v2\/comments?post=9645"}],"wp:featuredmedia":[{"embeddable":true,"href":"https:\/\/addtherm.com.br\/loja\/wp-json\/wp\/v2\/media\/9676"}],"wp:attachment":[{"href":"https:\/\/addtherm.com.br\/loja\/wp-json\/wp\/v2\/media?parent=9645"}],"wp:term":[{"taxonomy":"product_brand","embeddable":true,"href":"https:\/\/addtherm.com.br\/loja\/wp-json\/wp\/v2\/product_brand?post=9645"},{"taxonomy":"product_cat","embeddable":true,"href":"https:\/\/addtherm.com.br\/loja\/wp-json\/wp\/v2\/product_cat?post=9645"},{"taxonomy":"product_tag","embeddable":true,"href":"https:\/\/addtherm.com.br\/loja\/wp-json\/wp\/v2\/product_tag?post=9645"}],"curies":[{"name":"wp","href":"https:\/\/api.w.org\/{rel}","templated":true}]}}