{"id":9631,"date":"2025-07-23T14:56:18","date_gmt":"2025-07-23T17:56:18","guid":{"rendered":"https:\/\/addtherm.com.br\/loja\/?post_type=product&#038;p=9631"},"modified":"2025-12-12T17:10:04","modified_gmt":"2025-12-12T20:10:04","slug":"sensor-de-pressao-de-oleo-cod-original-ford-23500-23504-t11919081-t12919075-402802-d3602001-linha-ford-f100-f150-f400-caminhao-1400-motor-maxion","status":"publish","type":"product","link":"https:\/\/addtherm.com.br\/loja\/produto\/sensor-de-pressao-de-oleo-cod-original-ford-23500-23504-t11919081-t12919075-402802-d3602001-linha-ford-f100-f150-f400-caminhao-1400-motor-maxion\/","title":{"rendered":"Sensor de Press\u00e3o de \u00d3leo Cod Original Ford 23500 \/ 23504 \/ T11919081 \/ T12919075 \/ 402802 \/ D3602001  Linha Ford F100 \/ F150 \/ F400 \/ Caminh\u00e3o 1400  MOTOR MAXION"},"content":{"rendered":"<p><strong>Sensor de Press\u00e3o de \u00d3leo<\/strong><\/p>\n<p><strong>C\u00d3DIGO ORIGINAL: <\/strong>Ford 23500 \/ 23504 \/ T11919081 \/ T12919075 \/ 402802 \/ D3602001<\/p>\n<ul>\n<li>\n<p data-path-to-node=\"4,2,1,1,0\">Linha Ford F100 \/ F150 \/ F400 \/ Caminh\u00e3o 1400<\/p>\n<\/li>\n<li>\n<p data-path-to-node=\"4,2,1,2,0\">MOTOR MAXION<\/p>\n<\/li>\n<\/ul>\n<p><strong>C\u00d3DIGO ADD THERM: <\/strong>SPC027<\/p>\n","protected":false},"excerpt":{"rendered":"<p>Sensor de Press\u00e3o de \u00d3leo Cod Original Ford 23500 \/ 23504 \/ T11919081 \/ T12919075 \/ 402802 \/ D3602001 Linha Ford F100 \/ F150 \/ F400 \/ Caminh\u00e3o 1400 MOTOR MAXION<\/p>\n","protected":false},"featured_media":9632,"comment_status":"open","ping_status":"closed","template":"","meta":[],"product_brand":[],"product_cat":[106,104],"product_tag":[799],"class_list":{"0":"post-9631","1":"product","2":"type-product","3":"status-publish","4":"has-post-thumbnail","6":"product_cat-ford","7":"product_cat-linha-automotiva","8":"product_tag-sensor-de-pressao-de-oleo-cod-original-ford-23500-23504-t11919081-t12919075-402802-d3602001-linha-ford-f100-f150-f400-caminhao-1400-motor-maxion","10":"first","11":"instock","12":"taxable","13":"shipping-taxable","14":"purchasable","15":"product-type-simple"},"yoast_head":"<!-- This site is optimized with the Yoast SEO plugin v27.4 - https:\/\/yoast.com\/product\/yoast-seo-wordpress\/ -->\n<title>Sensor de Press\u00e3o de \u00d3leo Cod Original Ford 23500 \/ 23504 \/ T11919081 \/ T12919075 \/ 402802 \/ D3602001 Linha Ford F100 \/ F150 \/ F400 \/ Caminh\u00e3o 1400 MOTOR MAXION - Loja ADD-THERM<\/title>\n<meta name=\"description\" content=\"Sensor de Press\u00e3o de \u00d3leo Cod Original Ford 23500 \/ 23504 \/ T11919081 \/ T12919075 \/ 402802 \/ D3602001 Linha Ford F100 \/ F150 \/ F400 \/ Caminh\u00e3o 1400 MOTOR MAXION - Compre Online!\" \/>\n<meta name=\"robots\" content=\"index, follow, max-snippet:-1, max-image-preview:large, max-video-preview:-1\" \/>\n<link rel=\"canonical\" href=\"https:\/\/addtherm.com.br\/loja\/produto\/sensor-de-pressao-de-oleo-cod-original-ford-23500-23504-t11919081-t12919075-402802-d3602001-linha-ford-f100-f150-f400-caminhao-1400-motor-maxion\/\" \/>\n<meta property=\"og:locale\" content=\"pt_BR\" \/>\n<meta property=\"og:type\" content=\"article\" \/>\n<meta property=\"og:title\" content=\"Sensor de Press\u00e3o de \u00d3leo Cod Original Ford 23500 \/ 23504 \/ T11919081 \/ T12919075 \/ 402802 \/ D3602001 Linha Ford F100 \/ F150 \/ F400 \/ Caminh\u00e3o 1400 MOTOR MAXION - Loja ADD-THERM\" \/>\n<meta property=\"og:description\" content=\"Sensor de Press\u00e3o de \u00d3leo Cod Original Ford 23500 \/ 23504 \/ T11919081 \/ T12919075 \/ 402802 \/ D3602001 Linha Ford F100 \/ F150 \/ F400 \/ Caminh\u00e3o 1400 MOTOR MAXION - Compre Online!\" \/>\n<meta property=\"og:url\" content=\"https:\/\/addtherm.com.br\/loja\/produto\/sensor-de-pressao-de-oleo-cod-original-ford-23500-23504-t11919081-t12919075-402802-d3602001-linha-ford-f100-f150-f400-caminhao-1400-motor-maxion\/\" \/>\n<meta property=\"og:site_name\" content=\"Loja ADD-THERM\" \/>\n<meta property=\"article:modified_time\" content=\"2025-12-12T20:10:04+00:00\" \/>\n<meta property=\"og:image\" content=\"https:\/\/addtherm.com.br\/loja\/wp-content\/uploads\/2025\/07\/sensor-de-pressao-de-oleo-cod-original-ford-23500-liunha-ford-f150-spc027.png\" \/>\n\t<meta property=\"og:image:width\" content=\"1024\" \/>\n\t<meta property=\"og:image:height\" content=\"1024\" \/>\n\t<meta property=\"og:image:type\" content=\"image\/png\" \/>\n<meta name=\"twitter:card\" content=\"summary_large_image\" \/>\n<meta name=\"twitter:label1\" content=\"Est. tempo de leitura\" \/>\n\t<meta name=\"twitter:data1\" content=\"1 minuto\" \/>\n<script type=\"application\/ld+json\" class=\"yoast-schema-graph\">{\"@context\":\"https:\\\/\\\/schema.org\",\"@graph\":[{\"@type\":\"WebPage\",\"@id\":\"https:\\\/\\\/addtherm.com.br\\\/loja\\\/produto\\\/sensor-de-pressao-de-oleo-cod-original-ford-23500-23504-t11919081-t12919075-402802-d3602001-linha-ford-f100-f150-f400-caminhao-1400-motor-maxion\\\/\",\"url\":\"https:\\\/\\\/addtherm.com.br\\\/loja\\\/produto\\\/sensor-de-pressao-de-oleo-cod-original-ford-23500-23504-t11919081-t12919075-402802-d3602001-linha-ford-f100-f150-f400-caminhao-1400-motor-maxion\\\/\",\"name\":\"Sensor de Press\u00e3o de \u00d3leo Cod Original Ford 23500 \\\/ 23504 \\\/ T11919081 \\\/ T12919075 \\\/ 402802 \\\/ D3602001 Linha Ford F100 \\\/ F150 \\\/ F400 \\\/ Caminh\u00e3o 1400 MOTOR MAXION - Loja ADD-THERM\",\"isPartOf\":{\"@id\":\"https:\\\/\\\/addtherm.com.br\\\/loja\\\/#website\"},\"primaryImageOfPage\":{\"@id\":\"https:\\\/\\\/addtherm.com.br\\\/loja\\\/produto\\\/sensor-de-pressao-de-oleo-cod-original-ford-23500-23504-t11919081-t12919075-402802-d3602001-linha-ford-f100-f150-f400-caminhao-1400-motor-maxion\\\/#primaryimage\"},\"image\":{\"@id\":\"https:\\\/\\\/addtherm.com.br\\\/loja\\\/produto\\\/sensor-de-pressao-de-oleo-cod-original-ford-23500-23504-t11919081-t12919075-402802-d3602001-linha-ford-f100-f150-f400-caminhao-1400-motor-maxion\\\/#primaryimage\"},\"thumbnailUrl\":\"https:\\\/\\\/addtherm.com.br\\\/loja\\\/wp-content\\\/uploads\\\/2025\\\/07\\\/sensor-de-pressao-de-oleo-cod-original-ford-23500-liunha-ford-f150-spc027.png\",\"datePublished\":\"2025-07-23T17:56:18+00:00\",\"dateModified\":\"2025-12-12T20:10:04+00:00\",\"description\":\"Sensor de Press\u00e3o de \u00d3leo Cod Original Ford 23500 \\\/ 23504 \\\/ T11919081 \\\/ T12919075 \\\/ 402802 \\\/ D3602001 Linha Ford F100 \\\/ F150 \\\/ F400 \\\/ Caminh\u00e3o 1400 MOTOR MAXION - Compre Online!\",\"breadcrumb\":{\"@id\":\"https:\\\/\\\/addtherm.com.br\\\/loja\\\/produto\\\/sensor-de-pressao-de-oleo-cod-original-ford-23500-23504-t11919081-t12919075-402802-d3602001-linha-ford-f100-f150-f400-caminhao-1400-motor-maxion\\\/#breadcrumb\"},\"inLanguage\":\"pt-BR\",\"potentialAction\":[{\"@type\":\"ReadAction\",\"target\":[\"https:\\\/\\\/addtherm.com.br\\\/loja\\\/produto\\\/sensor-de-pressao-de-oleo-cod-original-ford-23500-23504-t11919081-t12919075-402802-d3602001-linha-ford-f100-f150-f400-caminhao-1400-motor-maxion\\\/\"]}]},{\"@type\":\"ImageObject\",\"inLanguage\":\"pt-BR\",\"@id\":\"https:\\\/\\\/addtherm.com.br\\\/loja\\\/produto\\\/sensor-de-pressao-de-oleo-cod-original-ford-23500-23504-t11919081-t12919075-402802-d3602001-linha-ford-f100-f150-f400-caminhao-1400-motor-maxion\\\/#primaryimage\",\"url\":\"https:\\\/\\\/addtherm.com.br\\\/loja\\\/wp-content\\\/uploads\\\/2025\\\/07\\\/sensor-de-pressao-de-oleo-cod-original-ford-23500-liunha-ford-f150-spc027.png\",\"contentUrl\":\"https:\\\/\\\/addtherm.com.br\\\/loja\\\/wp-content\\\/uploads\\\/2025\\\/07\\\/sensor-de-pressao-de-oleo-cod-original-ford-23500-liunha-ford-f150-spc027.png\",\"width\":1024,\"height\":1024},{\"@type\":\"BreadcrumbList\",\"@id\":\"https:\\\/\\\/addtherm.com.br\\\/loja\\\/produto\\\/sensor-de-pressao-de-oleo-cod-original-ford-23500-23504-t11919081-t12919075-402802-d3602001-linha-ford-f100-f150-f400-caminhao-1400-motor-maxion\\\/#breadcrumb\",\"itemListElement\":[{\"@type\":\"ListItem\",\"position\":1,\"name\":\"In\u00edcio\",\"item\":\"https:\\\/\\\/addtherm.com.br\\\/loja\\\/\"},{\"@type\":\"ListItem\",\"position\":2,\"name\":\"Shop\",\"item\":\"https:\\\/\\\/addtherm.com.br\\\/loja\\\/shop\\\/\"},{\"@type\":\"ListItem\",\"position\":3,\"name\":\"Sensor de Press\u00e3o de \u00d3leo Cod Original Ford 23500 \\\/ 23504 \\\/ T11919081 \\\/ T12919075 \\\/ 402802 \\\/ D3602001 Linha Ford F100 \\\/ F150 \\\/ F400 \\\/ Caminh\u00e3o 1400 MOTOR MAXION\"}]},{\"@type\":\"WebSite\",\"@id\":\"https:\\\/\\\/addtherm.com.br\\\/loja\\\/#website\",\"url\":\"https:\\\/\\\/addtherm.com.br\\\/loja\\\/\",\"name\":\"Loja ADD-THERM\",\"description\":\"Loja ADD-THERM\",\"potentialAction\":[{\"@type\":\"SearchAction\",\"target\":{\"@type\":\"EntryPoint\",\"urlTemplate\":\"https:\\\/\\\/addtherm.com.br\\\/loja\\\/?s={search_term_string}\"},\"query-input\":{\"@type\":\"PropertyValueSpecification\",\"valueRequired\":true,\"valueName\":\"search_term_string\"}}],\"inLanguage\":\"pt-BR\"}]}<\/script>\n<!-- \/ Yoast SEO plugin. -->","yoast_head_json":{"title":"Sensor de Press\u00e3o de \u00d3leo Cod Original Ford 23500 \/ 23504 \/ T11919081 \/ T12919075 \/ 402802 \/ D3602001 Linha Ford F100 \/ F150 \/ F400 \/ Caminh\u00e3o 1400 MOTOR MAXION - Loja ADD-THERM","description":"Sensor de Press\u00e3o de \u00d3leo Cod Original Ford 23500 \/ 23504 \/ T11919081 \/ T12919075 \/ 402802 \/ D3602001 Linha Ford F100 \/ F150 \/ F400 \/ Caminh\u00e3o 1400 MOTOR MAXION - Compre Online!","robots":{"index":"index","follow":"follow","max-snippet":"max-snippet:-1","max-image-preview":"max-image-preview:large","max-video-preview":"max-video-preview:-1"},"canonical":"https:\/\/addtherm.com.br\/loja\/produto\/sensor-de-pressao-de-oleo-cod-original-ford-23500-23504-t11919081-t12919075-402802-d3602001-linha-ford-f100-f150-f400-caminhao-1400-motor-maxion\/","og_locale":"pt_BR","og_type":"article","og_title":"Sensor de Press\u00e3o de \u00d3leo Cod Original Ford 23500 \/ 23504 \/ T11919081 \/ T12919075 \/ 402802 \/ D3602001 Linha Ford F100 \/ F150 \/ F400 \/ Caminh\u00e3o 1400 MOTOR MAXION - Loja ADD-THERM","og_description":"Sensor de Press\u00e3o de \u00d3leo Cod Original Ford 23500 \/ 23504 \/ T11919081 \/ T12919075 \/ 402802 \/ D3602001 Linha Ford F100 \/ F150 \/ F400 \/ Caminh\u00e3o 1400 MOTOR MAXION - Compre Online!","og_url":"https:\/\/addtherm.com.br\/loja\/produto\/sensor-de-pressao-de-oleo-cod-original-ford-23500-23504-t11919081-t12919075-402802-d3602001-linha-ford-f100-f150-f400-caminhao-1400-motor-maxion\/","og_site_name":"Loja ADD-THERM","article_modified_time":"2025-12-12T20:10:04+00:00","og_image":[{"width":1024,"height":1024,"url":"https:\/\/addtherm.com.br\/loja\/wp-content\/uploads\/2025\/07\/sensor-de-pressao-de-oleo-cod-original-ford-23500-liunha-ford-f150-spc027.png","type":"image\/png"}],"twitter_card":"summary_large_image","twitter_misc":{"Est. tempo de leitura":"1 minuto"},"schema":{"@context":"https:\/\/schema.org","@graph":[{"@type":"WebPage","@id":"https:\/\/addtherm.com.br\/loja\/produto\/sensor-de-pressao-de-oleo-cod-original-ford-23500-23504-t11919081-t12919075-402802-d3602001-linha-ford-f100-f150-f400-caminhao-1400-motor-maxion\/","url":"https:\/\/addtherm.com.br\/loja\/produto\/sensor-de-pressao-de-oleo-cod-original-ford-23500-23504-t11919081-t12919075-402802-d3602001-linha-ford-f100-f150-f400-caminhao-1400-motor-maxion\/","name":"Sensor de Press\u00e3o de \u00d3leo Cod Original Ford 23500 \/ 23504 \/ T11919081 \/ T12919075 \/ 402802 \/ D3602001 Linha Ford F100 \/ F150 \/ F400 \/ Caminh\u00e3o 1400 MOTOR MAXION - Loja ADD-THERM","isPartOf":{"@id":"https:\/\/addtherm.com.br\/loja\/#website"},"primaryImageOfPage":{"@id":"https:\/\/addtherm.com.br\/loja\/produto\/sensor-de-pressao-de-oleo-cod-original-ford-23500-23504-t11919081-t12919075-402802-d3602001-linha-ford-f100-f150-f400-caminhao-1400-motor-maxion\/#primaryimage"},"image":{"@id":"https:\/\/addtherm.com.br\/loja\/produto\/sensor-de-pressao-de-oleo-cod-original-ford-23500-23504-t11919081-t12919075-402802-d3602001-linha-ford-f100-f150-f400-caminhao-1400-motor-maxion\/#primaryimage"},"thumbnailUrl":"https:\/\/addtherm.com.br\/loja\/wp-content\/uploads\/2025\/07\/sensor-de-pressao-de-oleo-cod-original-ford-23500-liunha-ford-f150-spc027.png","datePublished":"2025-07-23T17:56:18+00:00","dateModified":"2025-12-12T20:10:04+00:00","description":"Sensor de Press\u00e3o de \u00d3leo Cod Original Ford 23500 \/ 23504 \/ T11919081 \/ T12919075 \/ 402802 \/ D3602001 Linha Ford F100 \/ F150 \/ F400 \/ Caminh\u00e3o 1400 MOTOR MAXION - Compre Online!","breadcrumb":{"@id":"https:\/\/addtherm.com.br\/loja\/produto\/sensor-de-pressao-de-oleo-cod-original-ford-23500-23504-t11919081-t12919075-402802-d3602001-linha-ford-f100-f150-f400-caminhao-1400-motor-maxion\/#breadcrumb"},"inLanguage":"pt-BR","potentialAction":[{"@type":"ReadAction","target":["https:\/\/addtherm.com.br\/loja\/produto\/sensor-de-pressao-de-oleo-cod-original-ford-23500-23504-t11919081-t12919075-402802-d3602001-linha-ford-f100-f150-f400-caminhao-1400-motor-maxion\/"]}]},{"@type":"ImageObject","inLanguage":"pt-BR","@id":"https:\/\/addtherm.com.br\/loja\/produto\/sensor-de-pressao-de-oleo-cod-original-ford-23500-23504-t11919081-t12919075-402802-d3602001-linha-ford-f100-f150-f400-caminhao-1400-motor-maxion\/#primaryimage","url":"https:\/\/addtherm.com.br\/loja\/wp-content\/uploads\/2025\/07\/sensor-de-pressao-de-oleo-cod-original-ford-23500-liunha-ford-f150-spc027.png","contentUrl":"https:\/\/addtherm.com.br\/loja\/wp-content\/uploads\/2025\/07\/sensor-de-pressao-de-oleo-cod-original-ford-23500-liunha-ford-f150-spc027.png","width":1024,"height":1024},{"@type":"BreadcrumbList","@id":"https:\/\/addtherm.com.br\/loja\/produto\/sensor-de-pressao-de-oleo-cod-original-ford-23500-23504-t11919081-t12919075-402802-d3602001-linha-ford-f100-f150-f400-caminhao-1400-motor-maxion\/#breadcrumb","itemListElement":[{"@type":"ListItem","position":1,"name":"In\u00edcio","item":"https:\/\/addtherm.com.br\/loja\/"},{"@type":"ListItem","position":2,"name":"Shop","item":"https:\/\/addtherm.com.br\/loja\/shop\/"},{"@type":"ListItem","position":3,"name":"Sensor de Press\u00e3o de \u00d3leo Cod Original Ford 23500 \/ 23504 \/ T11919081 \/ T12919075 \/ 402802 \/ D3602001 Linha Ford F100 \/ F150 \/ F400 \/ Caminh\u00e3o 1400 MOTOR MAXION"}]},{"@type":"WebSite","@id":"https:\/\/addtherm.com.br\/loja\/#website","url":"https:\/\/addtherm.com.br\/loja\/","name":"Loja ADD-THERM","description":"Loja ADD-THERM","potentialAction":[{"@type":"SearchAction","target":{"@type":"EntryPoint","urlTemplate":"https:\/\/addtherm.com.br\/loja\/?s={search_term_string}"},"query-input":{"@type":"PropertyValueSpecification","valueRequired":true,"valueName":"search_term_string"}}],"inLanguage":"pt-BR"}]}},"_links":{"self":[{"href":"https:\/\/addtherm.com.br\/loja\/wp-json\/wp\/v2\/product\/9631","targetHints":{"allow":["GET"]}}],"collection":[{"href":"https:\/\/addtherm.com.br\/loja\/wp-json\/wp\/v2\/product"}],"about":[{"href":"https:\/\/addtherm.com.br\/loja\/wp-json\/wp\/v2\/types\/product"}],"replies":[{"embeddable":true,"href":"https:\/\/addtherm.com.br\/loja\/wp-json\/wp\/v2\/comments?post=9631"}],"wp:featuredmedia":[{"embeddable":true,"href":"https:\/\/addtherm.com.br\/loja\/wp-json\/wp\/v2\/media\/9632"}],"wp:attachment":[{"href":"https:\/\/addtherm.com.br\/loja\/wp-json\/wp\/v2\/media?parent=9631"}],"wp:term":[{"taxonomy":"product_brand","embeddable":true,"href":"https:\/\/addtherm.com.br\/loja\/wp-json\/wp\/v2\/product_brand?post=9631"},{"taxonomy":"product_cat","embeddable":true,"href":"https:\/\/addtherm.com.br\/loja\/wp-json\/wp\/v2\/product_cat?post=9631"},{"taxonomy":"product_tag","embeddable":true,"href":"https:\/\/addtherm.com.br\/loja\/wp-json\/wp\/v2\/product_tag?post=9631"}],"curies":[{"name":"wp","href":"https:\/\/api.w.org\/{rel}","templated":true}]}}