{"id":9582,"date":"2025-06-06T18:50:19","date_gmt":"2025-06-06T21:50:19","guid":{"rendered":"https:\/\/addtherm.com.br\/loja\/?post_type=product&#038;p=9582"},"modified":"2025-10-03T17:40:43","modified_gmt":"2025-10-03T20:40:43","slug":"pressostatos-kpa55-rosca-7-16","status":"publish","type":"product","link":"https:\/\/addtherm.com.br\/loja\/produto\/pressostatos-kpa55-rosca-7-16\/","title":{"rendered":"Pressostatos KPA55 Rosca 7\/16&#8242;"},"content":{"rendered":"<p><strong>Pressostato KPA55<\/strong><br \/>\n<strong>Aplica\u00e7\u00f5es<\/strong><br \/>\n\u2013 Sistemas de bomba d\u2019\u00e1gua<br \/>\n\u2013 Sistema de combate \u00e0 inc\u00eandio<br \/>\n\u2013 Compressores de ar<br \/>\n\u2013 Caldeiras industriais<br \/>\n\u2013 Refrigera\u00e7\u00e3o comercial e industrial<br \/>\n\u2013 Sistemas de ar condicionado<\/p>\n","protected":false},"excerpt":{"rendered":"<p>A s\u00e9rie de pressostatos KPA55 \u00e9 extremamente eficiente para aplica\u00e7\u00f5es com fluidos de refrigera\u00e7\u00e3o, ar e \u00e1gua (at\u00e9 120\u00b0C).<br \/>\nEles foram projetados para se adaptarem a qualquer necessidade, ajustes de range e diferencial extremamente simples garantem esta versatilidade.<\/p>\n<p>Os pressostatos KPA55 s\u00e3o aplicados em sistemas de refrigera\u00e7\u00e3o e ar condicionado para proteger contra\u00a0 uma press\u00e3o de suc\u00e7\u00e3o excessivamente baixa ou uma press\u00e3o de descarga excessivamente alta. Tamb\u00e9m s\u00e3o amplamente utilizados em sistemas de inc\u00eandio, como uma op\u00e7\u00e3o de extrema qualidade aos pressostatos normalmente utilizados. Outra forma de aplica\u00e7\u00e3o do KPA55 \u00e9 em sistemas de bombeamento de \u00e1gua, como caixas d\u2019\u00e1gua, reservat\u00f3rios, etc.<\/p>\n<p>Pode ser conectado diretamente a um motor CA monof\u00e1sico ou instalado no circuito de controle de motores de CC e motores CA de grande porte.<\/p>\n<p><strong>(-0,2 A 7,5 BAR) SPDT (NA\/NF) &#8211; ROSCA 7\/16&#8242; 20UNF MACHO<\/strong><br \/>\n<strong>C\u00d3DIGO ORIGINAL:<\/strong> LF 5508 001<br \/>\n<strong>C\u00d3DIGO ADD THERM:<\/strong> KPA5508 001<\/p>\n<p><strong>(5 A 30 BAR) SPDT (NA\/NF) &#8211; ROSCA 7\/16&#8242; 20UNF MACHO<\/strong><br \/>\n<strong>C\u00d3DIGO ORIGINAL:<\/strong> LF 5530D<br \/>\n<strong>C\u00d3DIGO ADD THERM:<\/strong> KPA5530D<\/p>\n<p><strong>(8 A 32 BAR) SPDT (NA\/NF) &#8211; ROSCA 7\/16&#8242; 20UNF MACHO<\/strong><br \/>\n<strong>C\u00d3DIGO ORIGINAL:<\/strong> LF 5532<br \/>\n<strong>C\u00d3DIGO ADD THERM:<\/strong> KPA5532<\/p>\n<p>&nbsp;<\/p>\n","protected":false},"featured_media":9440,"comment_status":"open","ping_status":"closed","template":"","meta":[],"product_brand":[],"product_cat":[91,92],"product_tag":[274,279,278,690],"class_list":{"0":"post-9582","1":"product","2":"type-product","3":"status-publish","4":"has-post-thumbnail","6":"product_cat-pressao","7":"product_cat-pressostatos-ajustaveis","8":"product_tag-controle-de-pressao-industrial","9":"product_tag-pressao-addtherm","10":"product_tag-pressostato-ajustavel","11":"product_tag-pressostatos-kpa55","13":"first","14":"instock","15":"taxable","16":"shipping-taxable","17":"purchasable","18":"product-type-variable"},"yoast_head":"<!-- This site is optimized with the Yoast SEO plugin v27.3 - https:\/\/yoast.com\/product\/yoast-seo-wordpress\/ -->\n<title>Pressostatos KPA55 Rosca 7\/16&#039; - Loja ADD-THERM<\/title>\n<meta name=\"description\" content=\"Pressostatos KPA55 \u00e9 extremamente eficiente para aplica\u00e7\u00f5es com fluidos de refrigera\u00e7\u00e3o, ar e \u00e1gua (at\u00e9 120\u00b0C). Compre online!\" \/>\n<meta name=\"robots\" content=\"index, follow, max-snippet:-1, max-image-preview:large, max-video-preview:-1\" \/>\n<link rel=\"canonical\" href=\"https:\/\/addtherm.com.br\/loja\/produto\/pressostatos-kpa55-rosca-7-16\/\" \/>\n<meta property=\"og:locale\" content=\"pt_BR\" \/>\n<meta property=\"og:type\" content=\"article\" \/>\n<meta property=\"og:title\" content=\"Pressostatos KPA55 Rosca 7\/16&#039; - Loja ADD-THERM\" \/>\n<meta property=\"og:description\" content=\"Pressostatos KPA55 \u00e9 extremamente eficiente para aplica\u00e7\u00f5es com fluidos de refrigera\u00e7\u00e3o, ar e \u00e1gua (at\u00e9 120\u00b0C). Compre online!\" \/>\n<meta property=\"og:url\" content=\"https:\/\/addtherm.com.br\/loja\/produto\/pressostatos-kpa55-rosca-7-16\/\" \/>\n<meta property=\"og:site_name\" content=\"Loja ADD-THERM\" \/>\n<meta property=\"article:modified_time\" content=\"2025-10-03T20:40:43+00:00\" \/>\n<meta property=\"og:image\" content=\"https:\/\/addtherm.com.br\/loja\/wp-content\/uploads\/2025\/03\/pressostato-kpa55-1.png\" \/>\n\t<meta property=\"og:image:width\" content=\"1080\" \/>\n\t<meta property=\"og:image:height\" content=\"1080\" \/>\n\t<meta property=\"og:image:type\" content=\"image\/png\" \/>\n<meta name=\"twitter:card\" content=\"summary_large_image\" \/>\n<meta name=\"twitter:label1\" content=\"Est. tempo de leitura\" \/>\n\t<meta name=\"twitter:data1\" content=\"1 minuto\" \/>\n<script type=\"application\/ld+json\" class=\"yoast-schema-graph\">{\"@context\":\"https:\\\/\\\/schema.org\",\"@graph\":[{\"@type\":\"WebPage\",\"@id\":\"https:\\\/\\\/addtherm.com.br\\\/loja\\\/produto\\\/pressostatos-kpa55-rosca-7-16\\\/\",\"url\":\"https:\\\/\\\/addtherm.com.br\\\/loja\\\/produto\\\/pressostatos-kpa55-rosca-7-16\\\/\",\"name\":\"Pressostatos KPA55 Rosca 7\\\/16' - Loja ADD-THERM\",\"isPartOf\":{\"@id\":\"https:\\\/\\\/addtherm.com.br\\\/loja\\\/#website\"},\"primaryImageOfPage\":{\"@id\":\"https:\\\/\\\/addtherm.com.br\\\/loja\\\/produto\\\/pressostatos-kpa55-rosca-7-16\\\/#primaryimage\"},\"image\":{\"@id\":\"https:\\\/\\\/addtherm.com.br\\\/loja\\\/produto\\\/pressostatos-kpa55-rosca-7-16\\\/#primaryimage\"},\"thumbnailUrl\":\"https:\\\/\\\/addtherm.com.br\\\/loja\\\/wp-content\\\/uploads\\\/2025\\\/03\\\/pressostato-kpa55-1.png\",\"datePublished\":\"2025-06-06T21:50:19+00:00\",\"dateModified\":\"2025-10-03T20:40:43+00:00\",\"description\":\"Pressostatos KPA55 \u00e9 extremamente eficiente para aplica\u00e7\u00f5es com fluidos de refrigera\u00e7\u00e3o, ar e \u00e1gua (at\u00e9 120\u00b0C). Compre online!\",\"breadcrumb\":{\"@id\":\"https:\\\/\\\/addtherm.com.br\\\/loja\\\/produto\\\/pressostatos-kpa55-rosca-7-16\\\/#breadcrumb\"},\"inLanguage\":\"pt-BR\",\"potentialAction\":[{\"@type\":\"ReadAction\",\"target\":[\"https:\\\/\\\/addtherm.com.br\\\/loja\\\/produto\\\/pressostatos-kpa55-rosca-7-16\\\/\"]}]},{\"@type\":\"ImageObject\",\"inLanguage\":\"pt-BR\",\"@id\":\"https:\\\/\\\/addtherm.com.br\\\/loja\\\/produto\\\/pressostatos-kpa55-rosca-7-16\\\/#primaryimage\",\"url\":\"https:\\\/\\\/addtherm.com.br\\\/loja\\\/wp-content\\\/uploads\\\/2025\\\/03\\\/pressostato-kpa55-1.png\",\"contentUrl\":\"https:\\\/\\\/addtherm.com.br\\\/loja\\\/wp-content\\\/uploads\\\/2025\\\/03\\\/pressostato-kpa55-1.png\",\"width\":1080,\"height\":1080},{\"@type\":\"BreadcrumbList\",\"@id\":\"https:\\\/\\\/addtherm.com.br\\\/loja\\\/produto\\\/pressostatos-kpa55-rosca-7-16\\\/#breadcrumb\",\"itemListElement\":[{\"@type\":\"ListItem\",\"position\":1,\"name\":\"In\u00edcio\",\"item\":\"https:\\\/\\\/addtherm.com.br\\\/loja\\\/\"},{\"@type\":\"ListItem\",\"position\":2,\"name\":\"Shop\",\"item\":\"https:\\\/\\\/addtherm.com.br\\\/loja\\\/shop\\\/\"},{\"@type\":\"ListItem\",\"position\":3,\"name\":\"Pressostatos KPA55 Rosca 7\\\/16&#8242;\"}]},{\"@type\":\"WebSite\",\"@id\":\"https:\\\/\\\/addtherm.com.br\\\/loja\\\/#website\",\"url\":\"https:\\\/\\\/addtherm.com.br\\\/loja\\\/\",\"name\":\"Loja ADD-THERM\",\"description\":\"Loja ADD-THERM\",\"potentialAction\":[{\"@type\":\"SearchAction\",\"target\":{\"@type\":\"EntryPoint\",\"urlTemplate\":\"https:\\\/\\\/addtherm.com.br\\\/loja\\\/?s={search_term_string}\"},\"query-input\":{\"@type\":\"PropertyValueSpecification\",\"valueRequired\":true,\"valueName\":\"search_term_string\"}}],\"inLanguage\":\"pt-BR\"}]}<\/script>\n<!-- \/ Yoast SEO plugin. -->","yoast_head_json":{"title":"Pressostatos KPA55 Rosca 7\/16' - Loja ADD-THERM","description":"Pressostatos KPA55 \u00e9 extremamente eficiente para aplica\u00e7\u00f5es com fluidos de refrigera\u00e7\u00e3o, ar e \u00e1gua (at\u00e9 120\u00b0C). Compre online!","robots":{"index":"index","follow":"follow","max-snippet":"max-snippet:-1","max-image-preview":"max-image-preview:large","max-video-preview":"max-video-preview:-1"},"canonical":"https:\/\/addtherm.com.br\/loja\/produto\/pressostatos-kpa55-rosca-7-16\/","og_locale":"pt_BR","og_type":"article","og_title":"Pressostatos KPA55 Rosca 7\/16' - Loja ADD-THERM","og_description":"Pressostatos KPA55 \u00e9 extremamente eficiente para aplica\u00e7\u00f5es com fluidos de refrigera\u00e7\u00e3o, ar e \u00e1gua (at\u00e9 120\u00b0C). Compre online!","og_url":"https:\/\/addtherm.com.br\/loja\/produto\/pressostatos-kpa55-rosca-7-16\/","og_site_name":"Loja ADD-THERM","article_modified_time":"2025-10-03T20:40:43+00:00","og_image":[{"width":1080,"height":1080,"url":"https:\/\/addtherm.com.br\/loja\/wp-content\/uploads\/2025\/03\/pressostato-kpa55-1.png","type":"image\/png"}],"twitter_card":"summary_large_image","twitter_misc":{"Est. tempo de leitura":"1 minuto"},"schema":{"@context":"https:\/\/schema.org","@graph":[{"@type":"WebPage","@id":"https:\/\/addtherm.com.br\/loja\/produto\/pressostatos-kpa55-rosca-7-16\/","url":"https:\/\/addtherm.com.br\/loja\/produto\/pressostatos-kpa55-rosca-7-16\/","name":"Pressostatos KPA55 Rosca 7\/16' - Loja ADD-THERM","isPartOf":{"@id":"https:\/\/addtherm.com.br\/loja\/#website"},"primaryImageOfPage":{"@id":"https:\/\/addtherm.com.br\/loja\/produto\/pressostatos-kpa55-rosca-7-16\/#primaryimage"},"image":{"@id":"https:\/\/addtherm.com.br\/loja\/produto\/pressostatos-kpa55-rosca-7-16\/#primaryimage"},"thumbnailUrl":"https:\/\/addtherm.com.br\/loja\/wp-content\/uploads\/2025\/03\/pressostato-kpa55-1.png","datePublished":"2025-06-06T21:50:19+00:00","dateModified":"2025-10-03T20:40:43+00:00","description":"Pressostatos KPA55 \u00e9 extremamente eficiente para aplica\u00e7\u00f5es com fluidos de refrigera\u00e7\u00e3o, ar e \u00e1gua (at\u00e9 120\u00b0C). Compre online!","breadcrumb":{"@id":"https:\/\/addtherm.com.br\/loja\/produto\/pressostatos-kpa55-rosca-7-16\/#breadcrumb"},"inLanguage":"pt-BR","potentialAction":[{"@type":"ReadAction","target":["https:\/\/addtherm.com.br\/loja\/produto\/pressostatos-kpa55-rosca-7-16\/"]}]},{"@type":"ImageObject","inLanguage":"pt-BR","@id":"https:\/\/addtherm.com.br\/loja\/produto\/pressostatos-kpa55-rosca-7-16\/#primaryimage","url":"https:\/\/addtherm.com.br\/loja\/wp-content\/uploads\/2025\/03\/pressostato-kpa55-1.png","contentUrl":"https:\/\/addtherm.com.br\/loja\/wp-content\/uploads\/2025\/03\/pressostato-kpa55-1.png","width":1080,"height":1080},{"@type":"BreadcrumbList","@id":"https:\/\/addtherm.com.br\/loja\/produto\/pressostatos-kpa55-rosca-7-16\/#breadcrumb","itemListElement":[{"@type":"ListItem","position":1,"name":"In\u00edcio","item":"https:\/\/addtherm.com.br\/loja\/"},{"@type":"ListItem","position":2,"name":"Shop","item":"https:\/\/addtherm.com.br\/loja\/shop\/"},{"@type":"ListItem","position":3,"name":"Pressostatos KPA55 Rosca 7\/16&#8242;"}]},{"@type":"WebSite","@id":"https:\/\/addtherm.com.br\/loja\/#website","url":"https:\/\/addtherm.com.br\/loja\/","name":"Loja ADD-THERM","description":"Loja ADD-THERM","potentialAction":[{"@type":"SearchAction","target":{"@type":"EntryPoint","urlTemplate":"https:\/\/addtherm.com.br\/loja\/?s={search_term_string}"},"query-input":{"@type":"PropertyValueSpecification","valueRequired":true,"valueName":"search_term_string"}}],"inLanguage":"pt-BR"}]}},"_links":{"self":[{"href":"https:\/\/addtherm.com.br\/loja\/wp-json\/wp\/v2\/product\/9582","targetHints":{"allow":["GET"]}}],"collection":[{"href":"https:\/\/addtherm.com.br\/loja\/wp-json\/wp\/v2\/product"}],"about":[{"href":"https:\/\/addtherm.com.br\/loja\/wp-json\/wp\/v2\/types\/product"}],"replies":[{"embeddable":true,"href":"https:\/\/addtherm.com.br\/loja\/wp-json\/wp\/v2\/comments?post=9582"}],"wp:featuredmedia":[{"embeddable":true,"href":"https:\/\/addtherm.com.br\/loja\/wp-json\/wp\/v2\/media\/9440"}],"wp:attachment":[{"href":"https:\/\/addtherm.com.br\/loja\/wp-json\/wp\/v2\/media?parent=9582"}],"wp:term":[{"taxonomy":"product_brand","embeddable":true,"href":"https:\/\/addtherm.com.br\/loja\/wp-json\/wp\/v2\/product_brand?post=9582"},{"taxonomy":"product_cat","embeddable":true,"href":"https:\/\/addtherm.com.br\/loja\/wp-json\/wp\/v2\/product_cat?post=9582"},{"taxonomy":"product_tag","embeddable":true,"href":"https:\/\/addtherm.com.br\/loja\/wp-json\/wp\/v2\/product_tag?post=9582"}],"curies":[{"name":"wp","href":"https:\/\/api.w.org\/{rel}","templated":true}]}}