{"id":9541,"date":"2025-04-03T12:13:47","date_gmt":"2025-04-03T15:13:47","guid":{"rendered":"https:\/\/addtherm.com.br\/loja\/?post_type=product&#038;p=9541"},"modified":"2025-04-03T12:23:16","modified_gmt":"2025-04-03T15:23:16","slug":"sensor-pressao-oleo-do-motor-mwm-sprint-2r0919501-4893924-5010412448-1698686-bg5x9d290aa-82017873-82017873","status":"publish","type":"product","link":"https:\/\/addtherm.com.br\/loja\/produto\/sensor-pressao-oleo-do-motor-mwm-sprint-2r0919501-4893924-5010412448-1698686-bg5x9d290aa-82017873-82017873\/","title":{"rendered":"Sensor Press\u00e3o \u00d3l\u00e9o do Motor MWM SPRINT 2R0919501 4893924 5010412448 1698686 BG5X9D290AA 82017873 82017873"},"content":{"rendered":"<p><strong>Aplica\u00e7\u00f5es:\u00a0<\/strong><\/p>\n<p>DAF CF65 \/ DAF CF75 \/ DAF CF85 \/ DAF LF45 \/ DAF LF55 \/ DAF XF95 \/ DAF XF105<\/p>\n<p>IVECO 100E17 TECTOR \/ IVECO 100E17 TECTOR RESTYL \/ IVECO 100E18 TECTOR \/ IVECO 100E18 TECTOR RESTYL. \/ IVECO 100E21 E.FIRE RESTYL. \/ IVECO 100E21 EUROFIRE TECTOR \/ IVECO 100E21 TECTOR \/ IVECO 100E21 TECTOR RESTYL. \/ IVECO 120E17 TECTOR 518 \/ IVECO 120E17 TECTOR RESTYL. \/ IVECO 120E21 TECTOR \/ IVECO 130E18 TECTOR \/ IVECO 130E24 EUROFIRE TECTOR \/ IVECO 130E24 TECTOR \/ IVECO 130E28 TECTOR \/ IVECO 140E18 TECTOR RESTYL. \/ IVECO 140E24 EUROFIRE TECTOR<br \/>\nIVECO 140E28 E.FIRE RESTYLIN \/ IVECO 140E28 EUROFIRE TECTOR \/ IVECO 150E18 TECTOR \/ IVECO 150E24 EUROFIRE TECTOR \/ IVECO 150E24 TECTOR \/ IVECO 150E28 EUROFIRE TECTOR \/ IVECO 150E28 TECTOR \/ IVECO 180E21 TECTOR\/ IVECO 180E24 TECTOR<br \/>\nIVECO 180E28 TECTOR \/ IVECO 260E28KE TECTOR \/ IVECO 320E28T TECTOR \/ IVECO 75E13 TECTOR \/ IVECO 75E15 EUROFIRE TECTOR \/ IVECO 75E15 TECTOR \/ IVECO 75E15 TECTOR RESTYLING \/ IVECO 75E17 EUROFIRE TECTOR \/ IVECO 75E17 TECTOR<br \/>\nIVECO 75E17 TECTOR RESTYLING \/ IVECO 75E18 TECTOR \/ IVECO CC100E18 TECTOR \/ IVECO CC100E21 TECTOR \/ IVECO CC130E24 TECTOR \/ IVECO CC150E24 TECTOR<\/p>\n<p>RENAULT KERAX (FAB 33AA\/..\/..\/SS) \/ RENAULT MIDLUM(FAB 42US-44US-45US) \/ RENAULT PREMIUM TR 4X2 2000 ==&gt; \/ RENAULT PREMIUM(FAB22E\/H\/J\/Q\/R)2000==&gt; \/ RENAULT MIDLUM 42B3\/4-44T\/V\/C.-45D.\/E. \/ RENAULT PREMIUM 22C 071 ==&gt; 1999 \/ RENAULT PREMIUM TRACTEUR 4X2(FAB 22CC) \/ RENAULT PREMIUM(FAB22EE\/HA\/HB\/JJ\/QQ\/RR \/ RENAULT MIDLUM 4X4 47XA\/47XC \/ RENAULT PREMIUM PR 4X2 (FAB 22AA\/AB)<\/p>\n","protected":false},"excerpt":{"rendered":"<p>Sensor Press\u00e3o \u00d3l\u00e9o do Motor MWM SPRINT 2R0919501 4893924 5010412448 1698686 BG5X9D290AA 82017873 82017873<\/p>\n<p><strong>C\u00f3digos Originais<\/strong><br \/>\n281002316<br \/>\n503622627<br \/>\n5010412448<br \/>\n4893924<br \/>\n1698686<br \/>\n1398468<br \/>\nBG5X9D290AA<br \/>\n82017873<\/p>\n<p><strong>C\u00f3digo ADDTHERM:<\/strong> SPC 033<\/p>\n","protected":false},"featured_media":9542,"comment_status":"open","ping_status":"closed","template":"","meta":[],"product_brand":[],"product_cat":[104,109],"product_tag":[751],"class_list":{"0":"post-9541","1":"product","2":"type-product","3":"status-publish","4":"has-post-thumbnail","6":"product_cat-linha-automotiva","7":"product_cat-volvo","8":"product_tag-sensor-pressao-oleo-do-motor-mwm-sprint-2r0919501-4893924-5010412448-1698686-bg5x9d290aa-82017873-82017873","10":"first","11":"instock","12":"taxable","13":"shipping-taxable","14":"purchasable","15":"product-type-simple"},"yoast_head":"<!-- This site is optimized with the Yoast SEO plugin v27.4 - https:\/\/yoast.com\/product\/yoast-seo-wordpress\/ -->\n<title>Sensor Press\u00e3o \u00d3l\u00e9o do Motor MWM SPRINT 2R0919501 4893924 5010412448 1698686 BG5X9D290AA 82017873 82017873 - Loja ADD-THERM<\/title>\n<meta name=\"description\" content=\"Sensor Press\u00e3o \u00d3l\u00e9o do Motor MWM SPRINT 2R0919501 4893924 5010412448 1698686 BG5X9D290AA 82017873 82017873 - Compre online!\" \/>\n<meta name=\"robots\" content=\"index, follow, max-snippet:-1, max-image-preview:large, max-video-preview:-1\" \/>\n<link rel=\"canonical\" href=\"https:\/\/addtherm.com.br\/loja\/produto\/sensor-pressao-oleo-do-motor-mwm-sprint-2r0919501-4893924-5010412448-1698686-bg5x9d290aa-82017873-82017873\/\" \/>\n<meta property=\"og:locale\" content=\"pt_BR\" \/>\n<meta property=\"og:type\" content=\"article\" \/>\n<meta property=\"og:title\" content=\"Sensor Press\u00e3o \u00d3l\u00e9o do Motor MWM SPRINT 2R0919501 4893924 5010412448 1698686 BG5X9D290AA 82017873 82017873 - Loja ADD-THERM\" \/>\n<meta property=\"og:description\" content=\"Sensor Press\u00e3o \u00d3l\u00e9o do Motor MWM SPRINT 2R0919501 4893924 5010412448 1698686 BG5X9D290AA 82017873 82017873 - Compre online!\" \/>\n<meta property=\"og:url\" content=\"https:\/\/addtherm.com.br\/loja\/produto\/sensor-pressao-oleo-do-motor-mwm-sprint-2r0919501-4893924-5010412448-1698686-bg5x9d290aa-82017873-82017873\/\" \/>\n<meta property=\"og:site_name\" content=\"Loja ADD-THERM\" \/>\n<meta property=\"article:modified_time\" content=\"2025-04-03T15:23:16+00:00\" \/>\n<meta property=\"og:image\" content=\"https:\/\/addtherm.com.br\/loja\/wp-content\/uploads\/2025\/04\/Sensor-Pressao-Oleo-do-Motor-MWM-SPRINT-2R0919501-4893924-5010412448-1698686-BG5X9D290AA-82017873-82017873.png\" \/>\n\t<meta property=\"og:image:width\" content=\"1024\" \/>\n\t<meta property=\"og:image:height\" content=\"1024\" \/>\n\t<meta property=\"og:image:type\" content=\"image\/png\" \/>\n<meta name=\"twitter:card\" content=\"summary_large_image\" \/>\n<meta name=\"twitter:label1\" content=\"Est. tempo de leitura\" \/>\n\t<meta name=\"twitter:data1\" content=\"2 minutos\" \/>\n<script type=\"application\/ld+json\" class=\"yoast-schema-graph\">{\"@context\":\"https:\\\/\\\/schema.org\",\"@graph\":[{\"@type\":\"WebPage\",\"@id\":\"https:\\\/\\\/addtherm.com.br\\\/loja\\\/produto\\\/sensor-pressao-oleo-do-motor-mwm-sprint-2r0919501-4893924-5010412448-1698686-bg5x9d290aa-82017873-82017873\\\/\",\"url\":\"https:\\\/\\\/addtherm.com.br\\\/loja\\\/produto\\\/sensor-pressao-oleo-do-motor-mwm-sprint-2r0919501-4893924-5010412448-1698686-bg5x9d290aa-82017873-82017873\\\/\",\"name\":\"Sensor Press\u00e3o \u00d3l\u00e9o do Motor MWM SPRINT 2R0919501 4893924 5010412448 1698686 BG5X9D290AA 82017873 82017873 - Loja ADD-THERM\",\"isPartOf\":{\"@id\":\"https:\\\/\\\/addtherm.com.br\\\/loja\\\/#website\"},\"primaryImageOfPage\":{\"@id\":\"https:\\\/\\\/addtherm.com.br\\\/loja\\\/produto\\\/sensor-pressao-oleo-do-motor-mwm-sprint-2r0919501-4893924-5010412448-1698686-bg5x9d290aa-82017873-82017873\\\/#primaryimage\"},\"image\":{\"@id\":\"https:\\\/\\\/addtherm.com.br\\\/loja\\\/produto\\\/sensor-pressao-oleo-do-motor-mwm-sprint-2r0919501-4893924-5010412448-1698686-bg5x9d290aa-82017873-82017873\\\/#primaryimage\"},\"thumbnailUrl\":\"https:\\\/\\\/addtherm.com.br\\\/loja\\\/wp-content\\\/uploads\\\/2025\\\/04\\\/Sensor-Pressao-Oleo-do-Motor-MWM-SPRINT-2R0919501-4893924-5010412448-1698686-BG5X9D290AA-82017873-82017873.png\",\"datePublished\":\"2025-04-03T15:13:47+00:00\",\"dateModified\":\"2025-04-03T15:23:16+00:00\",\"description\":\"Sensor Press\u00e3o \u00d3l\u00e9o do Motor MWM SPRINT 2R0919501 4893924 5010412448 1698686 BG5X9D290AA 82017873 82017873 - Compre online!\",\"breadcrumb\":{\"@id\":\"https:\\\/\\\/addtherm.com.br\\\/loja\\\/produto\\\/sensor-pressao-oleo-do-motor-mwm-sprint-2r0919501-4893924-5010412448-1698686-bg5x9d290aa-82017873-82017873\\\/#breadcrumb\"},\"inLanguage\":\"pt-BR\",\"potentialAction\":[{\"@type\":\"ReadAction\",\"target\":[\"https:\\\/\\\/addtherm.com.br\\\/loja\\\/produto\\\/sensor-pressao-oleo-do-motor-mwm-sprint-2r0919501-4893924-5010412448-1698686-bg5x9d290aa-82017873-82017873\\\/\"]}]},{\"@type\":\"ImageObject\",\"inLanguage\":\"pt-BR\",\"@id\":\"https:\\\/\\\/addtherm.com.br\\\/loja\\\/produto\\\/sensor-pressao-oleo-do-motor-mwm-sprint-2r0919501-4893924-5010412448-1698686-bg5x9d290aa-82017873-82017873\\\/#primaryimage\",\"url\":\"https:\\\/\\\/addtherm.com.br\\\/loja\\\/wp-content\\\/uploads\\\/2025\\\/04\\\/Sensor-Pressao-Oleo-do-Motor-MWM-SPRINT-2R0919501-4893924-5010412448-1698686-BG5X9D290AA-82017873-82017873.png\",\"contentUrl\":\"https:\\\/\\\/addtherm.com.br\\\/loja\\\/wp-content\\\/uploads\\\/2025\\\/04\\\/Sensor-Pressao-Oleo-do-Motor-MWM-SPRINT-2R0919501-4893924-5010412448-1698686-BG5X9D290AA-82017873-82017873.png\",\"width\":1024,\"height\":1024},{\"@type\":\"BreadcrumbList\",\"@id\":\"https:\\\/\\\/addtherm.com.br\\\/loja\\\/produto\\\/sensor-pressao-oleo-do-motor-mwm-sprint-2r0919501-4893924-5010412448-1698686-bg5x9d290aa-82017873-82017873\\\/#breadcrumb\",\"itemListElement\":[{\"@type\":\"ListItem\",\"position\":1,\"name\":\"In\u00edcio\",\"item\":\"https:\\\/\\\/addtherm.com.br\\\/loja\\\/\"},{\"@type\":\"ListItem\",\"position\":2,\"name\":\"Shop\",\"item\":\"https:\\\/\\\/addtherm.com.br\\\/loja\\\/shop\\\/\"},{\"@type\":\"ListItem\",\"position\":3,\"name\":\"Sensor Press\u00e3o \u00d3l\u00e9o do Motor MWM SPRINT 2R0919501 4893924 5010412448 1698686 BG5X9D290AA 82017873 82017873\"}]},{\"@type\":\"WebSite\",\"@id\":\"https:\\\/\\\/addtherm.com.br\\\/loja\\\/#website\",\"url\":\"https:\\\/\\\/addtherm.com.br\\\/loja\\\/\",\"name\":\"Loja ADD-THERM\",\"description\":\"Loja ADD-THERM\",\"potentialAction\":[{\"@type\":\"SearchAction\",\"target\":{\"@type\":\"EntryPoint\",\"urlTemplate\":\"https:\\\/\\\/addtherm.com.br\\\/loja\\\/?s={search_term_string}\"},\"query-input\":{\"@type\":\"PropertyValueSpecification\",\"valueRequired\":true,\"valueName\":\"search_term_string\"}}],\"inLanguage\":\"pt-BR\"}]}<\/script>\n<!-- \/ Yoast SEO plugin. -->","yoast_head_json":{"title":"Sensor Press\u00e3o \u00d3l\u00e9o do Motor MWM SPRINT 2R0919501 4893924 5010412448 1698686 BG5X9D290AA 82017873 82017873 - Loja ADD-THERM","description":"Sensor Press\u00e3o \u00d3l\u00e9o do Motor MWM SPRINT 2R0919501 4893924 5010412448 1698686 BG5X9D290AA 82017873 82017873 - Compre online!","robots":{"index":"index","follow":"follow","max-snippet":"max-snippet:-1","max-image-preview":"max-image-preview:large","max-video-preview":"max-video-preview:-1"},"canonical":"https:\/\/addtherm.com.br\/loja\/produto\/sensor-pressao-oleo-do-motor-mwm-sprint-2r0919501-4893924-5010412448-1698686-bg5x9d290aa-82017873-82017873\/","og_locale":"pt_BR","og_type":"article","og_title":"Sensor Press\u00e3o \u00d3l\u00e9o do Motor MWM SPRINT 2R0919501 4893924 5010412448 1698686 BG5X9D290AA 82017873 82017873 - Loja ADD-THERM","og_description":"Sensor Press\u00e3o \u00d3l\u00e9o do Motor MWM SPRINT 2R0919501 4893924 5010412448 1698686 BG5X9D290AA 82017873 82017873 - Compre online!","og_url":"https:\/\/addtherm.com.br\/loja\/produto\/sensor-pressao-oleo-do-motor-mwm-sprint-2r0919501-4893924-5010412448-1698686-bg5x9d290aa-82017873-82017873\/","og_site_name":"Loja ADD-THERM","article_modified_time":"2025-04-03T15:23:16+00:00","og_image":[{"width":1024,"height":1024,"url":"https:\/\/addtherm.com.br\/loja\/wp-content\/uploads\/2025\/04\/Sensor-Pressao-Oleo-do-Motor-MWM-SPRINT-2R0919501-4893924-5010412448-1698686-BG5X9D290AA-82017873-82017873.png","type":"image\/png"}],"twitter_card":"summary_large_image","twitter_misc":{"Est. tempo de leitura":"2 minutos"},"schema":{"@context":"https:\/\/schema.org","@graph":[{"@type":"WebPage","@id":"https:\/\/addtherm.com.br\/loja\/produto\/sensor-pressao-oleo-do-motor-mwm-sprint-2r0919501-4893924-5010412448-1698686-bg5x9d290aa-82017873-82017873\/","url":"https:\/\/addtherm.com.br\/loja\/produto\/sensor-pressao-oleo-do-motor-mwm-sprint-2r0919501-4893924-5010412448-1698686-bg5x9d290aa-82017873-82017873\/","name":"Sensor Press\u00e3o \u00d3l\u00e9o do Motor MWM SPRINT 2R0919501 4893924 5010412448 1698686 BG5X9D290AA 82017873 82017873 - Loja ADD-THERM","isPartOf":{"@id":"https:\/\/addtherm.com.br\/loja\/#website"},"primaryImageOfPage":{"@id":"https:\/\/addtherm.com.br\/loja\/produto\/sensor-pressao-oleo-do-motor-mwm-sprint-2r0919501-4893924-5010412448-1698686-bg5x9d290aa-82017873-82017873\/#primaryimage"},"image":{"@id":"https:\/\/addtherm.com.br\/loja\/produto\/sensor-pressao-oleo-do-motor-mwm-sprint-2r0919501-4893924-5010412448-1698686-bg5x9d290aa-82017873-82017873\/#primaryimage"},"thumbnailUrl":"https:\/\/addtherm.com.br\/loja\/wp-content\/uploads\/2025\/04\/Sensor-Pressao-Oleo-do-Motor-MWM-SPRINT-2R0919501-4893924-5010412448-1698686-BG5X9D290AA-82017873-82017873.png","datePublished":"2025-04-03T15:13:47+00:00","dateModified":"2025-04-03T15:23:16+00:00","description":"Sensor Press\u00e3o \u00d3l\u00e9o do Motor MWM SPRINT 2R0919501 4893924 5010412448 1698686 BG5X9D290AA 82017873 82017873 - Compre online!","breadcrumb":{"@id":"https:\/\/addtherm.com.br\/loja\/produto\/sensor-pressao-oleo-do-motor-mwm-sprint-2r0919501-4893924-5010412448-1698686-bg5x9d290aa-82017873-82017873\/#breadcrumb"},"inLanguage":"pt-BR","potentialAction":[{"@type":"ReadAction","target":["https:\/\/addtherm.com.br\/loja\/produto\/sensor-pressao-oleo-do-motor-mwm-sprint-2r0919501-4893924-5010412448-1698686-bg5x9d290aa-82017873-82017873\/"]}]},{"@type":"ImageObject","inLanguage":"pt-BR","@id":"https:\/\/addtherm.com.br\/loja\/produto\/sensor-pressao-oleo-do-motor-mwm-sprint-2r0919501-4893924-5010412448-1698686-bg5x9d290aa-82017873-82017873\/#primaryimage","url":"https:\/\/addtherm.com.br\/loja\/wp-content\/uploads\/2025\/04\/Sensor-Pressao-Oleo-do-Motor-MWM-SPRINT-2R0919501-4893924-5010412448-1698686-BG5X9D290AA-82017873-82017873.png","contentUrl":"https:\/\/addtherm.com.br\/loja\/wp-content\/uploads\/2025\/04\/Sensor-Pressao-Oleo-do-Motor-MWM-SPRINT-2R0919501-4893924-5010412448-1698686-BG5X9D290AA-82017873-82017873.png","width":1024,"height":1024},{"@type":"BreadcrumbList","@id":"https:\/\/addtherm.com.br\/loja\/produto\/sensor-pressao-oleo-do-motor-mwm-sprint-2r0919501-4893924-5010412448-1698686-bg5x9d290aa-82017873-82017873\/#breadcrumb","itemListElement":[{"@type":"ListItem","position":1,"name":"In\u00edcio","item":"https:\/\/addtherm.com.br\/loja\/"},{"@type":"ListItem","position":2,"name":"Shop","item":"https:\/\/addtherm.com.br\/loja\/shop\/"},{"@type":"ListItem","position":3,"name":"Sensor Press\u00e3o \u00d3l\u00e9o do Motor MWM SPRINT 2R0919501 4893924 5010412448 1698686 BG5X9D290AA 82017873 82017873"}]},{"@type":"WebSite","@id":"https:\/\/addtherm.com.br\/loja\/#website","url":"https:\/\/addtherm.com.br\/loja\/","name":"Loja ADD-THERM","description":"Loja ADD-THERM","potentialAction":[{"@type":"SearchAction","target":{"@type":"EntryPoint","urlTemplate":"https:\/\/addtherm.com.br\/loja\/?s={search_term_string}"},"query-input":{"@type":"PropertyValueSpecification","valueRequired":true,"valueName":"search_term_string"}}],"inLanguage":"pt-BR"}]}},"_links":{"self":[{"href":"https:\/\/addtherm.com.br\/loja\/wp-json\/wp\/v2\/product\/9541","targetHints":{"allow":["GET"]}}],"collection":[{"href":"https:\/\/addtherm.com.br\/loja\/wp-json\/wp\/v2\/product"}],"about":[{"href":"https:\/\/addtherm.com.br\/loja\/wp-json\/wp\/v2\/types\/product"}],"replies":[{"embeddable":true,"href":"https:\/\/addtherm.com.br\/loja\/wp-json\/wp\/v2\/comments?post=9541"}],"wp:featuredmedia":[{"embeddable":true,"href":"https:\/\/addtherm.com.br\/loja\/wp-json\/wp\/v2\/media\/9542"}],"wp:attachment":[{"href":"https:\/\/addtherm.com.br\/loja\/wp-json\/wp\/v2\/media?parent=9541"}],"wp:term":[{"taxonomy":"product_brand","embeddable":true,"href":"https:\/\/addtherm.com.br\/loja\/wp-json\/wp\/v2\/product_brand?post=9541"},{"taxonomy":"product_cat","embeddable":true,"href":"https:\/\/addtherm.com.br\/loja\/wp-json\/wp\/v2\/product_cat?post=9541"},{"taxonomy":"product_tag","embeddable":true,"href":"https:\/\/addtherm.com.br\/loja\/wp-json\/wp\/v2\/product_tag?post=9541"}],"curies":[{"name":"wp","href":"https:\/\/api.w.org\/{rel}","templated":true}]}}