{"id":9490,"date":"2025-03-20T07:35:44","date_gmt":"2025-03-20T10:35:44","guid":{"rendered":"https:\/\/addtherm.com.br\/loja\/?post_type=product&#038;p=9490"},"modified":"2025-03-20T07:39:26","modified_gmt":"2025-03-20T10:39:26","slug":"sensor-de-pressao-de-oleo-10-bar-com-alarme-volvo-8125260-vd360002018r-dt-spare-parts-2-23035","status":"publish","type":"product","link":"https:\/\/addtherm.com.br\/loja\/produto\/sensor-de-pressao-de-oleo-10-bar-com-alarme-volvo-8125260-vd360002018r-dt-spare-parts-2-23035\/","title":{"rendered":"Sensor de Press\u00e3o de \u00d3leo 10 BAR com Alarme VOLVO 8125260 \/ VD360002018R \/ DT SPARE PARTS 2.23035"},"content":{"rendered":"<p>Sensor de Press\u00e3o de \u00d3leo 10 BAR com Alarme VOLVO<\/p>\n<p><strong>C\u00f3digos Originais<\/strong><br \/>\nVOLVO<br \/>\n8125260 \/ VD360002018R \/ DT SPARE PARTS 2.23035<\/p>\n<p><strong>C\u00f3digo ADDTHERM:<\/strong> SPC 026<\/p>\n","protected":false},"excerpt":{"rendered":"<p>Sensor de Press\u00e3o de \u00d3leo 10 BAR com Alarme VOLVO<\/p>\n<p><strong>C\u00f3digos Originais<\/strong><br \/>\nVOLVO<br \/>\n8125260 \/ VD360002018R \/ DT SPARE PARTS 2.23035<\/p>\n<p><strong>C\u00f3digo ADDTHERM:<\/strong> SPC 026<\/p>\n","protected":false},"featured_media":9491,"comment_status":"open","ping_status":"closed","template":"","meta":[],"product_brand":[],"product_cat":[104,109],"product_tag":[731],"class_list":{"0":"post-9490","1":"product","2":"type-product","3":"status-publish","4":"has-post-thumbnail","6":"product_cat-linha-automotiva","7":"product_cat-volvo","8":"product_tag-sensor-de-pressao-de-oleo-10-bar-com-alarme-volvo-8125260-vd360002018r-dt-spare-parts-2-23035","10":"first","11":"instock","12":"taxable","13":"shipping-taxable","14":"purchasable","15":"product-type-simple"},"yoast_head":"<!-- This site is optimized with the Yoast SEO plugin v27.4 - https:\/\/yoast.com\/product\/yoast-seo-wordpress\/ -->\n<title>Sensor de Press\u00e3o de \u00d3leo 10 BAR com Alarme VOLVO 8125260 \/ VD360002018R \/ DT SPARE PARTS 2.23035 - Loja ADD-THERM<\/title>\n<meta name=\"description\" content=\"Sensor Press\u00e3o de \u00d3leo VOLVO 81330Sensor de Press\u00e3o de \u00d3leo 10 BAR com Alarme VOLVO 8125260 \/ VD360002018R \/ DT SPARE PARTS 2.2303570 - Compre online!\" \/>\n<meta name=\"robots\" content=\"index, follow, max-snippet:-1, max-image-preview:large, max-video-preview:-1\" \/>\n<link rel=\"canonical\" href=\"https:\/\/addtherm.com.br\/loja\/produto\/sensor-de-pressao-de-oleo-10-bar-com-alarme-volvo-8125260-vd360002018r-dt-spare-parts-2-23035\/\" \/>\n<meta property=\"og:locale\" content=\"pt_BR\" \/>\n<meta property=\"og:type\" content=\"article\" \/>\n<meta property=\"og:title\" content=\"Sensor de Press\u00e3o de \u00d3leo 10 BAR com Alarme VOLVO 8125260 \/ VD360002018R \/ DT SPARE PARTS 2.23035 - Loja ADD-THERM\" \/>\n<meta property=\"og:description\" content=\"Sensor Press\u00e3o de \u00d3leo VOLVO 81330Sensor de Press\u00e3o de \u00d3leo 10 BAR com Alarme VOLVO 8125260 \/ VD360002018R \/ DT SPARE PARTS 2.2303570 - Compre online!\" \/>\n<meta property=\"og:url\" content=\"https:\/\/addtherm.com.br\/loja\/produto\/sensor-de-pressao-de-oleo-10-bar-com-alarme-volvo-8125260-vd360002018r-dt-spare-parts-2-23035\/\" \/>\n<meta property=\"og:site_name\" content=\"Loja ADD-THERM\" \/>\n<meta property=\"article:modified_time\" content=\"2025-03-20T10:39:26+00:00\" \/>\n<meta property=\"og:image\" content=\"https:\/\/addtherm.com.br\/loja\/wp-content\/uploads\/2025\/03\/Sensor-de-Pressao-de-Oleo-10-BAR-com-Alarme-VOLVO-8125260-VD360002018R-DT-SPARE-PARTS-2.23035.webp\" \/>\n\t<meta property=\"og:image:width\" content=\"330\" \/>\n\t<meta property=\"og:image:height\" content=\"220\" \/>\n\t<meta property=\"og:image:type\" content=\"image\/webp\" \/>\n<meta name=\"twitter:card\" content=\"summary_large_image\" \/>\n<meta name=\"twitter:label1\" content=\"Est. tempo de leitura\" \/>\n\t<meta name=\"twitter:data1\" content=\"1 minuto\" \/>\n<script type=\"application\/ld+json\" class=\"yoast-schema-graph\">{\"@context\":\"https:\\\/\\\/schema.org\",\"@graph\":[{\"@type\":\"WebPage\",\"@id\":\"https:\\\/\\\/addtherm.com.br\\\/loja\\\/produto\\\/sensor-de-pressao-de-oleo-10-bar-com-alarme-volvo-8125260-vd360002018r-dt-spare-parts-2-23035\\\/\",\"url\":\"https:\\\/\\\/addtherm.com.br\\\/loja\\\/produto\\\/sensor-de-pressao-de-oleo-10-bar-com-alarme-volvo-8125260-vd360002018r-dt-spare-parts-2-23035\\\/\",\"name\":\"Sensor de Press\u00e3o de \u00d3leo 10 BAR com Alarme VOLVO 8125260 \\\/ VD360002018R \\\/ DT SPARE PARTS 2.23035 - Loja ADD-THERM\",\"isPartOf\":{\"@id\":\"https:\\\/\\\/addtherm.com.br\\\/loja\\\/#website\"},\"primaryImageOfPage\":{\"@id\":\"https:\\\/\\\/addtherm.com.br\\\/loja\\\/produto\\\/sensor-de-pressao-de-oleo-10-bar-com-alarme-volvo-8125260-vd360002018r-dt-spare-parts-2-23035\\\/#primaryimage\"},\"image\":{\"@id\":\"https:\\\/\\\/addtherm.com.br\\\/loja\\\/produto\\\/sensor-de-pressao-de-oleo-10-bar-com-alarme-volvo-8125260-vd360002018r-dt-spare-parts-2-23035\\\/#primaryimage\"},\"thumbnailUrl\":\"https:\\\/\\\/addtherm.com.br\\\/loja\\\/wp-content\\\/uploads\\\/2025\\\/03\\\/Sensor-de-Pressao-de-Oleo-10-BAR-com-Alarme-VOLVO-8125260-VD360002018R-DT-SPARE-PARTS-2.23035.webp\",\"datePublished\":\"2025-03-20T10:35:44+00:00\",\"dateModified\":\"2025-03-20T10:39:26+00:00\",\"description\":\"Sensor Press\u00e3o de \u00d3leo VOLVO 81330Sensor de Press\u00e3o de \u00d3leo 10 BAR com Alarme VOLVO 8125260 \\\/ VD360002018R \\\/ DT SPARE PARTS 2.2303570 - Compre online!\",\"breadcrumb\":{\"@id\":\"https:\\\/\\\/addtherm.com.br\\\/loja\\\/produto\\\/sensor-de-pressao-de-oleo-10-bar-com-alarme-volvo-8125260-vd360002018r-dt-spare-parts-2-23035\\\/#breadcrumb\"},\"inLanguage\":\"pt-BR\",\"potentialAction\":[{\"@type\":\"ReadAction\",\"target\":[\"https:\\\/\\\/addtherm.com.br\\\/loja\\\/produto\\\/sensor-de-pressao-de-oleo-10-bar-com-alarme-volvo-8125260-vd360002018r-dt-spare-parts-2-23035\\\/\"]}]},{\"@type\":\"ImageObject\",\"inLanguage\":\"pt-BR\",\"@id\":\"https:\\\/\\\/addtherm.com.br\\\/loja\\\/produto\\\/sensor-de-pressao-de-oleo-10-bar-com-alarme-volvo-8125260-vd360002018r-dt-spare-parts-2-23035\\\/#primaryimage\",\"url\":\"https:\\\/\\\/addtherm.com.br\\\/loja\\\/wp-content\\\/uploads\\\/2025\\\/03\\\/Sensor-de-Pressao-de-Oleo-10-BAR-com-Alarme-VOLVO-8125260-VD360002018R-DT-SPARE-PARTS-2.23035.webp\",\"contentUrl\":\"https:\\\/\\\/addtherm.com.br\\\/loja\\\/wp-content\\\/uploads\\\/2025\\\/03\\\/Sensor-de-Pressao-de-Oleo-10-BAR-com-Alarme-VOLVO-8125260-VD360002018R-DT-SPARE-PARTS-2.23035.webp\",\"width\":330,\"height\":220},{\"@type\":\"BreadcrumbList\",\"@id\":\"https:\\\/\\\/addtherm.com.br\\\/loja\\\/produto\\\/sensor-de-pressao-de-oleo-10-bar-com-alarme-volvo-8125260-vd360002018r-dt-spare-parts-2-23035\\\/#breadcrumb\",\"itemListElement\":[{\"@type\":\"ListItem\",\"position\":1,\"name\":\"In\u00edcio\",\"item\":\"https:\\\/\\\/addtherm.com.br\\\/loja\\\/\"},{\"@type\":\"ListItem\",\"position\":2,\"name\":\"Shop\",\"item\":\"https:\\\/\\\/addtherm.com.br\\\/loja\\\/shop\\\/\"},{\"@type\":\"ListItem\",\"position\":3,\"name\":\"Sensor de Press\u00e3o de \u00d3leo 10 BAR com Alarme VOLVO 8125260 \\\/ VD360002018R \\\/ DT SPARE PARTS 2.23035\"}]},{\"@type\":\"WebSite\",\"@id\":\"https:\\\/\\\/addtherm.com.br\\\/loja\\\/#website\",\"url\":\"https:\\\/\\\/addtherm.com.br\\\/loja\\\/\",\"name\":\"Loja ADD-THERM\",\"description\":\"Loja ADD-THERM\",\"potentialAction\":[{\"@type\":\"SearchAction\",\"target\":{\"@type\":\"EntryPoint\",\"urlTemplate\":\"https:\\\/\\\/addtherm.com.br\\\/loja\\\/?s={search_term_string}\"},\"query-input\":{\"@type\":\"PropertyValueSpecification\",\"valueRequired\":true,\"valueName\":\"search_term_string\"}}],\"inLanguage\":\"pt-BR\"}]}<\/script>\n<!-- \/ Yoast SEO plugin. -->","yoast_head_json":{"title":"Sensor de Press\u00e3o de \u00d3leo 10 BAR com Alarme VOLVO 8125260 \/ VD360002018R \/ DT SPARE PARTS 2.23035 - Loja ADD-THERM","description":"Sensor Press\u00e3o de \u00d3leo VOLVO 81330Sensor de Press\u00e3o de \u00d3leo 10 BAR com Alarme VOLVO 8125260 \/ VD360002018R \/ DT SPARE PARTS 2.2303570 - Compre online!","robots":{"index":"index","follow":"follow","max-snippet":"max-snippet:-1","max-image-preview":"max-image-preview:large","max-video-preview":"max-video-preview:-1"},"canonical":"https:\/\/addtherm.com.br\/loja\/produto\/sensor-de-pressao-de-oleo-10-bar-com-alarme-volvo-8125260-vd360002018r-dt-spare-parts-2-23035\/","og_locale":"pt_BR","og_type":"article","og_title":"Sensor de Press\u00e3o de \u00d3leo 10 BAR com Alarme VOLVO 8125260 \/ VD360002018R \/ DT SPARE PARTS 2.23035 - Loja ADD-THERM","og_description":"Sensor Press\u00e3o de \u00d3leo VOLVO 81330Sensor de Press\u00e3o de \u00d3leo 10 BAR com Alarme VOLVO 8125260 \/ VD360002018R \/ DT SPARE PARTS 2.2303570 - Compre online!","og_url":"https:\/\/addtherm.com.br\/loja\/produto\/sensor-de-pressao-de-oleo-10-bar-com-alarme-volvo-8125260-vd360002018r-dt-spare-parts-2-23035\/","og_site_name":"Loja ADD-THERM","article_modified_time":"2025-03-20T10:39:26+00:00","og_image":[{"width":330,"height":220,"url":"https:\/\/addtherm.com.br\/loja\/wp-content\/uploads\/2025\/03\/Sensor-de-Pressao-de-Oleo-10-BAR-com-Alarme-VOLVO-8125260-VD360002018R-DT-SPARE-PARTS-2.23035.webp","type":"image\/webp"}],"twitter_card":"summary_large_image","twitter_misc":{"Est. tempo de leitura":"1 minuto"},"schema":{"@context":"https:\/\/schema.org","@graph":[{"@type":"WebPage","@id":"https:\/\/addtherm.com.br\/loja\/produto\/sensor-de-pressao-de-oleo-10-bar-com-alarme-volvo-8125260-vd360002018r-dt-spare-parts-2-23035\/","url":"https:\/\/addtherm.com.br\/loja\/produto\/sensor-de-pressao-de-oleo-10-bar-com-alarme-volvo-8125260-vd360002018r-dt-spare-parts-2-23035\/","name":"Sensor de Press\u00e3o de \u00d3leo 10 BAR com Alarme VOLVO 8125260 \/ VD360002018R \/ DT SPARE PARTS 2.23035 - Loja ADD-THERM","isPartOf":{"@id":"https:\/\/addtherm.com.br\/loja\/#website"},"primaryImageOfPage":{"@id":"https:\/\/addtherm.com.br\/loja\/produto\/sensor-de-pressao-de-oleo-10-bar-com-alarme-volvo-8125260-vd360002018r-dt-spare-parts-2-23035\/#primaryimage"},"image":{"@id":"https:\/\/addtherm.com.br\/loja\/produto\/sensor-de-pressao-de-oleo-10-bar-com-alarme-volvo-8125260-vd360002018r-dt-spare-parts-2-23035\/#primaryimage"},"thumbnailUrl":"https:\/\/addtherm.com.br\/loja\/wp-content\/uploads\/2025\/03\/Sensor-de-Pressao-de-Oleo-10-BAR-com-Alarme-VOLVO-8125260-VD360002018R-DT-SPARE-PARTS-2.23035.webp","datePublished":"2025-03-20T10:35:44+00:00","dateModified":"2025-03-20T10:39:26+00:00","description":"Sensor Press\u00e3o de \u00d3leo VOLVO 81330Sensor de Press\u00e3o de \u00d3leo 10 BAR com Alarme VOLVO 8125260 \/ VD360002018R \/ DT SPARE PARTS 2.2303570 - Compre online!","breadcrumb":{"@id":"https:\/\/addtherm.com.br\/loja\/produto\/sensor-de-pressao-de-oleo-10-bar-com-alarme-volvo-8125260-vd360002018r-dt-spare-parts-2-23035\/#breadcrumb"},"inLanguage":"pt-BR","potentialAction":[{"@type":"ReadAction","target":["https:\/\/addtherm.com.br\/loja\/produto\/sensor-de-pressao-de-oleo-10-bar-com-alarme-volvo-8125260-vd360002018r-dt-spare-parts-2-23035\/"]}]},{"@type":"ImageObject","inLanguage":"pt-BR","@id":"https:\/\/addtherm.com.br\/loja\/produto\/sensor-de-pressao-de-oleo-10-bar-com-alarme-volvo-8125260-vd360002018r-dt-spare-parts-2-23035\/#primaryimage","url":"https:\/\/addtherm.com.br\/loja\/wp-content\/uploads\/2025\/03\/Sensor-de-Pressao-de-Oleo-10-BAR-com-Alarme-VOLVO-8125260-VD360002018R-DT-SPARE-PARTS-2.23035.webp","contentUrl":"https:\/\/addtherm.com.br\/loja\/wp-content\/uploads\/2025\/03\/Sensor-de-Pressao-de-Oleo-10-BAR-com-Alarme-VOLVO-8125260-VD360002018R-DT-SPARE-PARTS-2.23035.webp","width":330,"height":220},{"@type":"BreadcrumbList","@id":"https:\/\/addtherm.com.br\/loja\/produto\/sensor-de-pressao-de-oleo-10-bar-com-alarme-volvo-8125260-vd360002018r-dt-spare-parts-2-23035\/#breadcrumb","itemListElement":[{"@type":"ListItem","position":1,"name":"In\u00edcio","item":"https:\/\/addtherm.com.br\/loja\/"},{"@type":"ListItem","position":2,"name":"Shop","item":"https:\/\/addtherm.com.br\/loja\/shop\/"},{"@type":"ListItem","position":3,"name":"Sensor de Press\u00e3o de \u00d3leo 10 BAR com Alarme VOLVO 8125260 \/ VD360002018R \/ DT SPARE PARTS 2.23035"}]},{"@type":"WebSite","@id":"https:\/\/addtherm.com.br\/loja\/#website","url":"https:\/\/addtherm.com.br\/loja\/","name":"Loja ADD-THERM","description":"Loja ADD-THERM","potentialAction":[{"@type":"SearchAction","target":{"@type":"EntryPoint","urlTemplate":"https:\/\/addtherm.com.br\/loja\/?s={search_term_string}"},"query-input":{"@type":"PropertyValueSpecification","valueRequired":true,"valueName":"search_term_string"}}],"inLanguage":"pt-BR"}]}},"_links":{"self":[{"href":"https:\/\/addtherm.com.br\/loja\/wp-json\/wp\/v2\/product\/9490","targetHints":{"allow":["GET"]}}],"collection":[{"href":"https:\/\/addtherm.com.br\/loja\/wp-json\/wp\/v2\/product"}],"about":[{"href":"https:\/\/addtherm.com.br\/loja\/wp-json\/wp\/v2\/types\/product"}],"replies":[{"embeddable":true,"href":"https:\/\/addtherm.com.br\/loja\/wp-json\/wp\/v2\/comments?post=9490"}],"wp:featuredmedia":[{"embeddable":true,"href":"https:\/\/addtherm.com.br\/loja\/wp-json\/wp\/v2\/media\/9491"}],"wp:attachment":[{"href":"https:\/\/addtherm.com.br\/loja\/wp-json\/wp\/v2\/media?parent=9490"}],"wp:term":[{"taxonomy":"product_brand","embeddable":true,"href":"https:\/\/addtherm.com.br\/loja\/wp-json\/wp\/v2\/product_brand?post=9490"},{"taxonomy":"product_cat","embeddable":true,"href":"https:\/\/addtherm.com.br\/loja\/wp-json\/wp\/v2\/product_cat?post=9490"},{"taxonomy":"product_tag","embeddable":true,"href":"https:\/\/addtherm.com.br\/loja\/wp-json\/wp\/v2\/product_tag?post=9490"}],"curies":[{"name":"wp","href":"https:\/\/api.w.org\/{rel}","templated":true}]}}