{"id":9463,"date":"2025-03-18T20:12:44","date_gmt":"2025-03-18T23:12:44","guid":{"rendered":"https:\/\/addtherm.com.br\/loja\/?post_type=product&#038;p=9463"},"modified":"2025-10-01T10:08:47","modified_gmt":"2025-10-01T13:08:47","slug":"pressostatos-lf25-5112-lf25-2612-kpa-25","status":"publish","type":"product","link":"https:\/\/addtherm.com.br\/loja\/produto\/pressostatos-lf25-5112-lf25-2612-kpa-25\/","title":{"rendered":"Pressostatos LF25 -5112 \/ LF25 -2612 &#8211; KPA 25"},"content":{"rendered":"<p><strong>Caracter\u00edsticas do Pressostatos LF25 -5112 \/ LF25 -2612 &#8211; KPA 25\u00a0<\/strong><\/p>\n<p class=\"x_MsoListParagraph\"><strong>Fluidos de opera\u00e7\u00e3o:<\/strong>\u00a0G\u00e1s n\u00e3o-inflam\u00e1vel, l\u00edquido ou vapor<\/p>\n<p><strong>Press\u00e3o de opera\u00e7\u00e3o:<\/strong>\u00a00,2\u00a0 0,6bar \/ 0,5 \u2013 1,5bar \/ 1,2 \u2013 2,5bar \/ 1,5 \u2013 4,0bar \/ 3,0 \u2013 7,0bar \/ 5,0 \u2013 9,0bar<\/p>\n<p><strong>Faixa de temperatura de opera\u00e7\u00e3o:<\/strong>\u00a0125\u00b0C M\u00e1ximo<\/p>\n<p><strong>Tipo de contato el\u00e9trico:<\/strong>\u00a0SPDT ou SPST<\/p>\n<p><strong>Propriedade el\u00e9trica:<\/strong>\u00a0SPDT ou SPST \/ Normal Fechado: 16(4)-250VAC (outras propriedades s\u00e3o dispon\u00edveis se necess\u00e1rio)<\/p>\n<p><strong>Terminal:<\/strong>\u00a06,3 ou 4,8mm macho (cobertura de isola\u00e7\u00e3o \u00e9 dispon\u00edvel se necess\u00e1rio)<\/p>\n<p><strong>Conex\u00e3o:<\/strong>\u00a01\/8 NPT-27 ou 1\/4 NPT-18 Macho (outra conex\u00e3o \u00e9 opcional)<\/p>\n","protected":false},"excerpt":{"rendered":"<div class=\"woocommerce-product-details__short-description\">\n<p>O pressostato KPA25 foi desenvolvido para controle de press\u00e3o com capacidade de corrente alta. Ele \u00e9 largamente usado em equipamentos de limpeza a vapor, ferro de passar a vapor, m\u00e1quina de caf\u00e9 e sistemas de controle de press\u00e3o. Possui contato el\u00e9trico do tipo SPST ou SPDT. O pressostato KPA25 utiliza micro switches do tipo snap-action de alta qualidade.<\/p>\n<p>Sua opera\u00e7\u00e3o ocorre atrav\u00e9s de um diafragma. Tal linha de pressostato possui 6 faixas de press\u00e3o, sendo que \u00e9 poss\u00edvel realizar um ajuste fino para acionamento dentro de cada faixa.<\/p>\n<\/div>\n<p><strong>C\u00f3digos Originais do Produto:<\/strong><\/p>\n<p><strong>PRESSOSTATO 3 BAR A 7 BAR \u2013 SPDT (NA\/NF) \u2013 1\/8&#8217;N<\/strong><br \/>\n<strong>CODIGO ORIGINAL:<\/strong> LF25 -5112<br \/>\n<strong>Codigo ADD THERM:<\/strong> KPA25-5112<\/p>\n<p><strong>PRESSOSTATO 0,5 BAR A 1,5 BAR \u2013 SPDT (NA\/NF) \u2013 G1<\/strong><br \/>\n<strong>CODIGO ORIGINAL:<\/strong> LF25-2612<br \/>\n<strong>CODIGO ADD THERM:<\/strong> KPA25-2612<\/p>\n","protected":false},"featured_media":9469,"comment_status":"open","ping_status":"closed","template":"","meta":[],"product_brand":[],"product_cat":[91,92],"product_tag":[276,710],"class_list":{"0":"post-9463","1":"product","2":"type-product","3":"status-publish","4":"has-post-thumbnail","6":"product_cat-pressao","7":"product_cat-pressostatos-ajustaveis","8":"product_tag-pressostatos","9":"product_tag-pressostatos-lf25-5112-lf25-2612-kpa-25","11":"first","12":"instock","13":"taxable","14":"shipping-taxable","15":"purchasable","16":"product-type-variable"},"yoast_head":"<!-- This site is optimized with the Yoast SEO plugin v27.3 - https:\/\/yoast.com\/product\/yoast-seo-wordpress\/ -->\n<title>Pressostatos LF25 -5112 \/ LF25 -2612 - KPA 25 - Loja ADD-THERM<\/title>\n<meta name=\"description\" content=\"Pressostatos LF25 -5112 \/ LF25 -2612 - KPA 25\" \/>\n<meta name=\"robots\" content=\"index, follow, max-snippet:-1, max-image-preview:large, max-video-preview:-1\" \/>\n<link rel=\"canonical\" href=\"https:\/\/addtherm.com.br\/loja\/produto\/pressostatos-lf25-5112-lf25-2612-kpa-25\/\" \/>\n<meta property=\"og:locale\" content=\"pt_BR\" \/>\n<meta property=\"og:type\" content=\"article\" \/>\n<meta property=\"og:title\" content=\"Pressostatos LF25 -5112 \/ LF25 -2612 - KPA 25 - Loja ADD-THERM\" \/>\n<meta property=\"og:description\" content=\"Pressostatos LF25 -5112 \/ LF25 -2612 - KPA 25\" \/>\n<meta property=\"og:url\" content=\"https:\/\/addtherm.com.br\/loja\/produto\/pressostatos-lf25-5112-lf25-2612-kpa-25\/\" \/>\n<meta property=\"og:site_name\" content=\"Loja ADD-THERM\" \/>\n<meta property=\"article:modified_time\" content=\"2025-10-01T13:08:47+00:00\" \/>\n<meta property=\"og:image\" content=\"https:\/\/addtherm.com.br\/loja\/wp-content\/uploads\/2025\/03\/KPA25-PRESSOSTATO.jpg\" \/>\n\t<meta property=\"og:image:width\" content=\"1080\" \/>\n\t<meta property=\"og:image:height\" content=\"1080\" \/>\n\t<meta property=\"og:image:type\" content=\"image\/jpeg\" \/>\n<meta name=\"twitter:card\" content=\"summary_large_image\" \/>\n<meta name=\"twitter:label1\" content=\"Est. tempo de leitura\" \/>\n\t<meta name=\"twitter:data1\" content=\"1 minuto\" \/>\n<script type=\"application\/ld+json\" class=\"yoast-schema-graph\">{\"@context\":\"https:\\\/\\\/schema.org\",\"@graph\":[{\"@type\":\"WebPage\",\"@id\":\"https:\\\/\\\/addtherm.com.br\\\/loja\\\/produto\\\/pressostatos-lf25-5112-lf25-2612-kpa-25\\\/\",\"url\":\"https:\\\/\\\/addtherm.com.br\\\/loja\\\/produto\\\/pressostatos-lf25-5112-lf25-2612-kpa-25\\\/\",\"name\":\"Pressostatos LF25 -5112 \\\/ LF25 -2612 - KPA 25 - Loja ADD-THERM\",\"isPartOf\":{\"@id\":\"https:\\\/\\\/addtherm.com.br\\\/loja\\\/#website\"},\"primaryImageOfPage\":{\"@id\":\"https:\\\/\\\/addtherm.com.br\\\/loja\\\/produto\\\/pressostatos-lf25-5112-lf25-2612-kpa-25\\\/#primaryimage\"},\"image\":{\"@id\":\"https:\\\/\\\/addtherm.com.br\\\/loja\\\/produto\\\/pressostatos-lf25-5112-lf25-2612-kpa-25\\\/#primaryimage\"},\"thumbnailUrl\":\"https:\\\/\\\/addtherm.com.br\\\/loja\\\/wp-content\\\/uploads\\\/2025\\\/03\\\/KPA25-PRESSOSTATO.jpg\",\"datePublished\":\"2025-03-18T23:12:44+00:00\",\"dateModified\":\"2025-10-01T13:08:47+00:00\",\"description\":\"Pressostatos LF25 -5112 \\\/ LF25 -2612 - KPA 25\",\"breadcrumb\":{\"@id\":\"https:\\\/\\\/addtherm.com.br\\\/loja\\\/produto\\\/pressostatos-lf25-5112-lf25-2612-kpa-25\\\/#breadcrumb\"},\"inLanguage\":\"pt-BR\",\"potentialAction\":[{\"@type\":\"ReadAction\",\"target\":[\"https:\\\/\\\/addtherm.com.br\\\/loja\\\/produto\\\/pressostatos-lf25-5112-lf25-2612-kpa-25\\\/\"]}]},{\"@type\":\"ImageObject\",\"inLanguage\":\"pt-BR\",\"@id\":\"https:\\\/\\\/addtherm.com.br\\\/loja\\\/produto\\\/pressostatos-lf25-5112-lf25-2612-kpa-25\\\/#primaryimage\",\"url\":\"https:\\\/\\\/addtherm.com.br\\\/loja\\\/wp-content\\\/uploads\\\/2025\\\/03\\\/KPA25-PRESSOSTATO.jpg\",\"contentUrl\":\"https:\\\/\\\/addtherm.com.br\\\/loja\\\/wp-content\\\/uploads\\\/2025\\\/03\\\/KPA25-PRESSOSTATO.jpg\",\"width\":1080,\"height\":1080},{\"@type\":\"BreadcrumbList\",\"@id\":\"https:\\\/\\\/addtherm.com.br\\\/loja\\\/produto\\\/pressostatos-lf25-5112-lf25-2612-kpa-25\\\/#breadcrumb\",\"itemListElement\":[{\"@type\":\"ListItem\",\"position\":1,\"name\":\"In\u00edcio\",\"item\":\"https:\\\/\\\/addtherm.com.br\\\/loja\\\/\"},{\"@type\":\"ListItem\",\"position\":2,\"name\":\"Shop\",\"item\":\"https:\\\/\\\/addtherm.com.br\\\/loja\\\/shop\\\/\"},{\"@type\":\"ListItem\",\"position\":3,\"name\":\"Pressostatos LF25 -5112 \\\/ LF25 -2612 &#8211; KPA 25\"}]},{\"@type\":\"WebSite\",\"@id\":\"https:\\\/\\\/addtherm.com.br\\\/loja\\\/#website\",\"url\":\"https:\\\/\\\/addtherm.com.br\\\/loja\\\/\",\"name\":\"Loja ADD-THERM\",\"description\":\"Loja ADD-THERM\",\"potentialAction\":[{\"@type\":\"SearchAction\",\"target\":{\"@type\":\"EntryPoint\",\"urlTemplate\":\"https:\\\/\\\/addtherm.com.br\\\/loja\\\/?s={search_term_string}\"},\"query-input\":{\"@type\":\"PropertyValueSpecification\",\"valueRequired\":true,\"valueName\":\"search_term_string\"}}],\"inLanguage\":\"pt-BR\"}]}<\/script>\n<!-- \/ Yoast SEO plugin. -->","yoast_head_json":{"title":"Pressostatos LF25 -5112 \/ LF25 -2612 - KPA 25 - Loja ADD-THERM","description":"Pressostatos LF25 -5112 \/ LF25 -2612 - KPA 25","robots":{"index":"index","follow":"follow","max-snippet":"max-snippet:-1","max-image-preview":"max-image-preview:large","max-video-preview":"max-video-preview:-1"},"canonical":"https:\/\/addtherm.com.br\/loja\/produto\/pressostatos-lf25-5112-lf25-2612-kpa-25\/","og_locale":"pt_BR","og_type":"article","og_title":"Pressostatos LF25 -5112 \/ LF25 -2612 - KPA 25 - Loja ADD-THERM","og_description":"Pressostatos LF25 -5112 \/ LF25 -2612 - KPA 25","og_url":"https:\/\/addtherm.com.br\/loja\/produto\/pressostatos-lf25-5112-lf25-2612-kpa-25\/","og_site_name":"Loja ADD-THERM","article_modified_time":"2025-10-01T13:08:47+00:00","og_image":[{"width":1080,"height":1080,"url":"https:\/\/addtherm.com.br\/loja\/wp-content\/uploads\/2025\/03\/KPA25-PRESSOSTATO.jpg","type":"image\/jpeg"}],"twitter_card":"summary_large_image","twitter_misc":{"Est. tempo de leitura":"1 minuto"},"schema":{"@context":"https:\/\/schema.org","@graph":[{"@type":"WebPage","@id":"https:\/\/addtherm.com.br\/loja\/produto\/pressostatos-lf25-5112-lf25-2612-kpa-25\/","url":"https:\/\/addtherm.com.br\/loja\/produto\/pressostatos-lf25-5112-lf25-2612-kpa-25\/","name":"Pressostatos LF25 -5112 \/ LF25 -2612 - KPA 25 - Loja ADD-THERM","isPartOf":{"@id":"https:\/\/addtherm.com.br\/loja\/#website"},"primaryImageOfPage":{"@id":"https:\/\/addtherm.com.br\/loja\/produto\/pressostatos-lf25-5112-lf25-2612-kpa-25\/#primaryimage"},"image":{"@id":"https:\/\/addtherm.com.br\/loja\/produto\/pressostatos-lf25-5112-lf25-2612-kpa-25\/#primaryimage"},"thumbnailUrl":"https:\/\/addtherm.com.br\/loja\/wp-content\/uploads\/2025\/03\/KPA25-PRESSOSTATO.jpg","datePublished":"2025-03-18T23:12:44+00:00","dateModified":"2025-10-01T13:08:47+00:00","description":"Pressostatos LF25 -5112 \/ LF25 -2612 - KPA 25","breadcrumb":{"@id":"https:\/\/addtherm.com.br\/loja\/produto\/pressostatos-lf25-5112-lf25-2612-kpa-25\/#breadcrumb"},"inLanguage":"pt-BR","potentialAction":[{"@type":"ReadAction","target":["https:\/\/addtherm.com.br\/loja\/produto\/pressostatos-lf25-5112-lf25-2612-kpa-25\/"]}]},{"@type":"ImageObject","inLanguage":"pt-BR","@id":"https:\/\/addtherm.com.br\/loja\/produto\/pressostatos-lf25-5112-lf25-2612-kpa-25\/#primaryimage","url":"https:\/\/addtherm.com.br\/loja\/wp-content\/uploads\/2025\/03\/KPA25-PRESSOSTATO.jpg","contentUrl":"https:\/\/addtherm.com.br\/loja\/wp-content\/uploads\/2025\/03\/KPA25-PRESSOSTATO.jpg","width":1080,"height":1080},{"@type":"BreadcrumbList","@id":"https:\/\/addtherm.com.br\/loja\/produto\/pressostatos-lf25-5112-lf25-2612-kpa-25\/#breadcrumb","itemListElement":[{"@type":"ListItem","position":1,"name":"In\u00edcio","item":"https:\/\/addtherm.com.br\/loja\/"},{"@type":"ListItem","position":2,"name":"Shop","item":"https:\/\/addtherm.com.br\/loja\/shop\/"},{"@type":"ListItem","position":3,"name":"Pressostatos LF25 -5112 \/ LF25 -2612 &#8211; KPA 25"}]},{"@type":"WebSite","@id":"https:\/\/addtherm.com.br\/loja\/#website","url":"https:\/\/addtherm.com.br\/loja\/","name":"Loja ADD-THERM","description":"Loja ADD-THERM","potentialAction":[{"@type":"SearchAction","target":{"@type":"EntryPoint","urlTemplate":"https:\/\/addtherm.com.br\/loja\/?s={search_term_string}"},"query-input":{"@type":"PropertyValueSpecification","valueRequired":true,"valueName":"search_term_string"}}],"inLanguage":"pt-BR"}]}},"_links":{"self":[{"href":"https:\/\/addtherm.com.br\/loja\/wp-json\/wp\/v2\/product\/9463","targetHints":{"allow":["GET"]}}],"collection":[{"href":"https:\/\/addtherm.com.br\/loja\/wp-json\/wp\/v2\/product"}],"about":[{"href":"https:\/\/addtherm.com.br\/loja\/wp-json\/wp\/v2\/types\/product"}],"replies":[{"embeddable":true,"href":"https:\/\/addtherm.com.br\/loja\/wp-json\/wp\/v2\/comments?post=9463"}],"wp:featuredmedia":[{"embeddable":true,"href":"https:\/\/addtherm.com.br\/loja\/wp-json\/wp\/v2\/media\/9469"}],"wp:attachment":[{"href":"https:\/\/addtherm.com.br\/loja\/wp-json\/wp\/v2\/media?parent=9463"}],"wp:term":[{"taxonomy":"product_brand","embeddable":true,"href":"https:\/\/addtherm.com.br\/loja\/wp-json\/wp\/v2\/product_brand?post=9463"},{"taxonomy":"product_cat","embeddable":true,"href":"https:\/\/addtherm.com.br\/loja\/wp-json\/wp\/v2\/product_cat?post=9463"},{"taxonomy":"product_tag","embeddable":true,"href":"https:\/\/addtherm.com.br\/loja\/wp-json\/wp\/v2\/product_tag?post=9463"}],"curies":[{"name":"wp","href":"https:\/\/api.w.org\/{rel}","templated":true}]}}