{"id":9394,"date":"2025-02-06T14:32:20","date_gmt":"2025-02-06T17:32:20","guid":{"rendered":"https:\/\/addtherm.com.br\/loja\/?post_type=product&#038;p=9394"},"modified":"2025-03-20T08:48:45","modified_gmt":"2025-03-20T11:48:45","slug":"plug-eletronico-agua-iveco7669143-bosch-0280130066-fiat-7669143-plug-azul","status":"publish","type":"product","link":"https:\/\/addtherm.com.br\/loja\/produto\/plug-eletronico-agua-iveco7669143-bosch-0280130066-fiat-7669143-plug-azul\/","title":{"rendered":"Plug Eletr\u00f4nico \u00c0gua IVECO:7669143 \/ BOSCH: 0280130066 \/ FIAT: 7669143 \/ PLUG AZUL"},"content":{"rendered":"<p>Plug Eletr\u00f4nico \u00c0gua<br \/>\n<strong><br \/>\nC\u00f3digos Originais<br \/>\n<\/strong>IVECO:7669143 \/ BOSCH: 0280130066 \/ FIAT: 7669143 \/ PLUG AZUL<strong><br \/>\n<b>C\u00f3digo ADDTHERM: <\/b><\/strong>A30 074<strong><br \/>\n<\/strong><\/p>\n<p>&nbsp;<\/p>\n","protected":false},"excerpt":{"rendered":"<p><strong>Plug Eletr\u00f4nico \u00c0gua<br \/>\n<\/strong>C\u00f3digo ADDTHERM: A30 074<\/p>\n<p>IVECO:7669143<br \/>\nBOSCH: 0280130066<br \/>\nLINHA FIAT : 7669143<br \/>\nMTE4048<br \/>\nPLUG AZUL<\/p>\n","protected":false},"featured_media":9396,"comment_status":"open","ping_status":"closed","template":"","meta":[],"product_brand":[],"product_cat":[718,674,713,104,734],"product_tag":[676,719],"class_list":{"0":"post-9394","1":"product","2":"type-product","3":"status-publish","4":"has-post-thumbnail","6":"product_cat-bosch","7":"product_cat-fiat","8":"product_cat-iveco","9":"product_cat-linha-automotiva","10":"product_cat-mtethomson","11":"product_tag-plug-eletronico-agua","12":"product_tag-plug-eletronico-agua-codigos-originais-iveco7669143-bosch-0280130066-fiat-7669143-plug-azul-codigo-addtherm-a30-074","14":"first","15":"instock","16":"taxable","17":"shipping-taxable","18":"purchasable","19":"product-type-simple"},"yoast_head":"<!-- This site is optimized with the Yoast SEO plugin v27.4 - https:\/\/yoast.com\/product\/yoast-seo-wordpress\/ -->\n<title>Plug Eletr\u00f4nico \u00c0gua IVECO:7669143 \/ BOSCH: 0280130066 \/ FIAT: 7669143 \/ PLUG AZUL - Loja ADD-THERM<\/title>\n<meta name=\"description\" content=\"Plug Eletr\u00f4nico \u00c0gua A30 07Plug Eletr\u00f4nico \u00c0guaC\u00f3digos OriginaisIVECO:7669143 \/ BOSCH: 0280130066 \/ FIAT: 7669143 \/ PLUG AZULC\u00f3digo ADDTHERM: A30 0744\" \/>\n<meta name=\"robots\" content=\"index, follow, max-snippet:-1, max-image-preview:large, max-video-preview:-1\" \/>\n<link rel=\"canonical\" href=\"https:\/\/addtherm.com.br\/loja\/produto\/plug-eletronico-agua-iveco7669143-bosch-0280130066-fiat-7669143-plug-azul\/\" \/>\n<meta property=\"og:locale\" content=\"pt_BR\" \/>\n<meta property=\"og:type\" content=\"article\" \/>\n<meta property=\"og:title\" content=\"Plug Eletr\u00f4nico \u00c0gua IVECO:7669143 \/ BOSCH: 0280130066 \/ FIAT: 7669143 \/ PLUG AZUL - Loja ADD-THERM\" \/>\n<meta property=\"og:description\" content=\"Plug Eletr\u00f4nico \u00c0gua A30 07Plug Eletr\u00f4nico \u00c0guaC\u00f3digos OriginaisIVECO:7669143 \/ BOSCH: 0280130066 \/ FIAT: 7669143 \/ PLUG AZULC\u00f3digo ADDTHERM: A30 0744\" \/>\n<meta property=\"og:url\" content=\"https:\/\/addtherm.com.br\/loja\/produto\/plug-eletronico-agua-iveco7669143-bosch-0280130066-fiat-7669143-plug-azul\/\" \/>\n<meta property=\"og:site_name\" content=\"Loja ADD-THERM\" \/>\n<meta property=\"article:modified_time\" content=\"2025-03-20T11:48:45+00:00\" \/>\n<meta property=\"og:image\" content=\"https:\/\/addtherm.com.br\/loja\/wp-content\/uploads\/2025\/02\/Plug-Eletronico-Agua-2-scaled.jpg\" \/>\n\t<meta property=\"og:image:width\" content=\"2560\" \/>\n\t<meta property=\"og:image:height\" content=\"2560\" \/>\n\t<meta property=\"og:image:type\" content=\"image\/jpeg\" \/>\n<meta name=\"twitter:card\" content=\"summary_large_image\" \/>\n<meta name=\"twitter:label1\" content=\"Est. tempo de leitura\" \/>\n\t<meta name=\"twitter:data1\" content=\"1 minuto\" \/>\n<script type=\"application\/ld+json\" class=\"yoast-schema-graph\">{\"@context\":\"https:\\\/\\\/schema.org\",\"@graph\":[{\"@type\":\"WebPage\",\"@id\":\"https:\\\/\\\/addtherm.com.br\\\/loja\\\/produto\\\/plug-eletronico-agua-iveco7669143-bosch-0280130066-fiat-7669143-plug-azul\\\/\",\"url\":\"https:\\\/\\\/addtherm.com.br\\\/loja\\\/produto\\\/plug-eletronico-agua-iveco7669143-bosch-0280130066-fiat-7669143-plug-azul\\\/\",\"name\":\"Plug Eletr\u00f4nico \u00c0gua IVECO:7669143 \\\/ BOSCH: 0280130066 \\\/ FIAT: 7669143 \\\/ PLUG AZUL - Loja ADD-THERM\",\"isPartOf\":{\"@id\":\"https:\\\/\\\/addtherm.com.br\\\/loja\\\/#website\"},\"primaryImageOfPage\":{\"@id\":\"https:\\\/\\\/addtherm.com.br\\\/loja\\\/produto\\\/plug-eletronico-agua-iveco7669143-bosch-0280130066-fiat-7669143-plug-azul\\\/#primaryimage\"},\"image\":{\"@id\":\"https:\\\/\\\/addtherm.com.br\\\/loja\\\/produto\\\/plug-eletronico-agua-iveco7669143-bosch-0280130066-fiat-7669143-plug-azul\\\/#primaryimage\"},\"thumbnailUrl\":\"https:\\\/\\\/addtherm.com.br\\\/loja\\\/wp-content\\\/uploads\\\/2025\\\/02\\\/Plug-Eletronico-Agua-2-scaled.jpg\",\"datePublished\":\"2025-02-06T17:32:20+00:00\",\"dateModified\":\"2025-03-20T11:48:45+00:00\",\"description\":\"Plug Eletr\u00f4nico \u00c0gua A30 07Plug Eletr\u00f4nico \u00c0guaC\u00f3digos OriginaisIVECO:7669143 \\\/ BOSCH: 0280130066 \\\/ FIAT: 7669143 \\\/ PLUG AZULC\u00f3digo ADDTHERM: A30 0744\",\"breadcrumb\":{\"@id\":\"https:\\\/\\\/addtherm.com.br\\\/loja\\\/produto\\\/plug-eletronico-agua-iveco7669143-bosch-0280130066-fiat-7669143-plug-azul\\\/#breadcrumb\"},\"inLanguage\":\"pt-BR\",\"potentialAction\":[{\"@type\":\"ReadAction\",\"target\":[\"https:\\\/\\\/addtherm.com.br\\\/loja\\\/produto\\\/plug-eletronico-agua-iveco7669143-bosch-0280130066-fiat-7669143-plug-azul\\\/\"]}]},{\"@type\":\"ImageObject\",\"inLanguage\":\"pt-BR\",\"@id\":\"https:\\\/\\\/addtherm.com.br\\\/loja\\\/produto\\\/plug-eletronico-agua-iveco7669143-bosch-0280130066-fiat-7669143-plug-azul\\\/#primaryimage\",\"url\":\"https:\\\/\\\/addtherm.com.br\\\/loja\\\/wp-content\\\/uploads\\\/2025\\\/02\\\/Plug-Eletronico-Agua-2-scaled.jpg\",\"contentUrl\":\"https:\\\/\\\/addtherm.com.br\\\/loja\\\/wp-content\\\/uploads\\\/2025\\\/02\\\/Plug-Eletronico-Agua-2-scaled.jpg\",\"width\":2560,\"height\":2560},{\"@type\":\"BreadcrumbList\",\"@id\":\"https:\\\/\\\/addtherm.com.br\\\/loja\\\/produto\\\/plug-eletronico-agua-iveco7669143-bosch-0280130066-fiat-7669143-plug-azul\\\/#breadcrumb\",\"itemListElement\":[{\"@type\":\"ListItem\",\"position\":1,\"name\":\"In\u00edcio\",\"item\":\"https:\\\/\\\/addtherm.com.br\\\/loja\\\/\"},{\"@type\":\"ListItem\",\"position\":2,\"name\":\"Shop\",\"item\":\"https:\\\/\\\/addtherm.com.br\\\/loja\\\/shop\\\/\"},{\"@type\":\"ListItem\",\"position\":3,\"name\":\"Plug Eletr\u00f4nico \u00c0gua IVECO:7669143 \\\/ BOSCH: 0280130066 \\\/ FIAT: 7669143 \\\/ PLUG AZUL\"}]},{\"@type\":\"WebSite\",\"@id\":\"https:\\\/\\\/addtherm.com.br\\\/loja\\\/#website\",\"url\":\"https:\\\/\\\/addtherm.com.br\\\/loja\\\/\",\"name\":\"Loja ADD-THERM\",\"description\":\"Loja ADD-THERM\",\"potentialAction\":[{\"@type\":\"SearchAction\",\"target\":{\"@type\":\"EntryPoint\",\"urlTemplate\":\"https:\\\/\\\/addtherm.com.br\\\/loja\\\/?s={search_term_string}\"},\"query-input\":{\"@type\":\"PropertyValueSpecification\",\"valueRequired\":true,\"valueName\":\"search_term_string\"}}],\"inLanguage\":\"pt-BR\"}]}<\/script>\n<!-- \/ Yoast SEO plugin. -->","yoast_head_json":{"title":"Plug Eletr\u00f4nico \u00c0gua IVECO:7669143 \/ BOSCH: 0280130066 \/ FIAT: 7669143 \/ PLUG AZUL - Loja ADD-THERM","description":"Plug Eletr\u00f4nico \u00c0gua A30 07Plug Eletr\u00f4nico \u00c0guaC\u00f3digos OriginaisIVECO:7669143 \/ BOSCH: 0280130066 \/ FIAT: 7669143 \/ PLUG AZULC\u00f3digo ADDTHERM: A30 0744","robots":{"index":"index","follow":"follow","max-snippet":"max-snippet:-1","max-image-preview":"max-image-preview:large","max-video-preview":"max-video-preview:-1"},"canonical":"https:\/\/addtherm.com.br\/loja\/produto\/plug-eletronico-agua-iveco7669143-bosch-0280130066-fiat-7669143-plug-azul\/","og_locale":"pt_BR","og_type":"article","og_title":"Plug Eletr\u00f4nico \u00c0gua IVECO:7669143 \/ BOSCH: 0280130066 \/ FIAT: 7669143 \/ PLUG AZUL - Loja ADD-THERM","og_description":"Plug Eletr\u00f4nico \u00c0gua A30 07Plug Eletr\u00f4nico \u00c0guaC\u00f3digos OriginaisIVECO:7669143 \/ BOSCH: 0280130066 \/ FIAT: 7669143 \/ PLUG AZULC\u00f3digo ADDTHERM: A30 0744","og_url":"https:\/\/addtherm.com.br\/loja\/produto\/plug-eletronico-agua-iveco7669143-bosch-0280130066-fiat-7669143-plug-azul\/","og_site_name":"Loja ADD-THERM","article_modified_time":"2025-03-20T11:48:45+00:00","og_image":[{"width":2560,"height":2560,"url":"https:\/\/addtherm.com.br\/loja\/wp-content\/uploads\/2025\/02\/Plug-Eletronico-Agua-2-scaled.jpg","type":"image\/jpeg"}],"twitter_card":"summary_large_image","twitter_misc":{"Est. tempo de leitura":"1 minuto"},"schema":{"@context":"https:\/\/schema.org","@graph":[{"@type":"WebPage","@id":"https:\/\/addtherm.com.br\/loja\/produto\/plug-eletronico-agua-iveco7669143-bosch-0280130066-fiat-7669143-plug-azul\/","url":"https:\/\/addtherm.com.br\/loja\/produto\/plug-eletronico-agua-iveco7669143-bosch-0280130066-fiat-7669143-plug-azul\/","name":"Plug Eletr\u00f4nico \u00c0gua IVECO:7669143 \/ BOSCH: 0280130066 \/ FIAT: 7669143 \/ PLUG AZUL - Loja ADD-THERM","isPartOf":{"@id":"https:\/\/addtherm.com.br\/loja\/#website"},"primaryImageOfPage":{"@id":"https:\/\/addtherm.com.br\/loja\/produto\/plug-eletronico-agua-iveco7669143-bosch-0280130066-fiat-7669143-plug-azul\/#primaryimage"},"image":{"@id":"https:\/\/addtherm.com.br\/loja\/produto\/plug-eletronico-agua-iveco7669143-bosch-0280130066-fiat-7669143-plug-azul\/#primaryimage"},"thumbnailUrl":"https:\/\/addtherm.com.br\/loja\/wp-content\/uploads\/2025\/02\/Plug-Eletronico-Agua-2-scaled.jpg","datePublished":"2025-02-06T17:32:20+00:00","dateModified":"2025-03-20T11:48:45+00:00","description":"Plug Eletr\u00f4nico \u00c0gua A30 07Plug Eletr\u00f4nico \u00c0guaC\u00f3digos OriginaisIVECO:7669143 \/ BOSCH: 0280130066 \/ FIAT: 7669143 \/ PLUG AZULC\u00f3digo ADDTHERM: A30 0744","breadcrumb":{"@id":"https:\/\/addtherm.com.br\/loja\/produto\/plug-eletronico-agua-iveco7669143-bosch-0280130066-fiat-7669143-plug-azul\/#breadcrumb"},"inLanguage":"pt-BR","potentialAction":[{"@type":"ReadAction","target":["https:\/\/addtherm.com.br\/loja\/produto\/plug-eletronico-agua-iveco7669143-bosch-0280130066-fiat-7669143-plug-azul\/"]}]},{"@type":"ImageObject","inLanguage":"pt-BR","@id":"https:\/\/addtherm.com.br\/loja\/produto\/plug-eletronico-agua-iveco7669143-bosch-0280130066-fiat-7669143-plug-azul\/#primaryimage","url":"https:\/\/addtherm.com.br\/loja\/wp-content\/uploads\/2025\/02\/Plug-Eletronico-Agua-2-scaled.jpg","contentUrl":"https:\/\/addtherm.com.br\/loja\/wp-content\/uploads\/2025\/02\/Plug-Eletronico-Agua-2-scaled.jpg","width":2560,"height":2560},{"@type":"BreadcrumbList","@id":"https:\/\/addtherm.com.br\/loja\/produto\/plug-eletronico-agua-iveco7669143-bosch-0280130066-fiat-7669143-plug-azul\/#breadcrumb","itemListElement":[{"@type":"ListItem","position":1,"name":"In\u00edcio","item":"https:\/\/addtherm.com.br\/loja\/"},{"@type":"ListItem","position":2,"name":"Shop","item":"https:\/\/addtherm.com.br\/loja\/shop\/"},{"@type":"ListItem","position":3,"name":"Plug Eletr\u00f4nico \u00c0gua IVECO:7669143 \/ BOSCH: 0280130066 \/ FIAT: 7669143 \/ PLUG AZUL"}]},{"@type":"WebSite","@id":"https:\/\/addtherm.com.br\/loja\/#website","url":"https:\/\/addtherm.com.br\/loja\/","name":"Loja ADD-THERM","description":"Loja ADD-THERM","potentialAction":[{"@type":"SearchAction","target":{"@type":"EntryPoint","urlTemplate":"https:\/\/addtherm.com.br\/loja\/?s={search_term_string}"},"query-input":{"@type":"PropertyValueSpecification","valueRequired":true,"valueName":"search_term_string"}}],"inLanguage":"pt-BR"}]}},"_links":{"self":[{"href":"https:\/\/addtherm.com.br\/loja\/wp-json\/wp\/v2\/product\/9394","targetHints":{"allow":["GET"]}}],"collection":[{"href":"https:\/\/addtherm.com.br\/loja\/wp-json\/wp\/v2\/product"}],"about":[{"href":"https:\/\/addtherm.com.br\/loja\/wp-json\/wp\/v2\/types\/product"}],"replies":[{"embeddable":true,"href":"https:\/\/addtherm.com.br\/loja\/wp-json\/wp\/v2\/comments?post=9394"}],"wp:featuredmedia":[{"embeddable":true,"href":"https:\/\/addtherm.com.br\/loja\/wp-json\/wp\/v2\/media\/9396"}],"wp:attachment":[{"href":"https:\/\/addtherm.com.br\/loja\/wp-json\/wp\/v2\/media?parent=9394"}],"wp:term":[{"taxonomy":"product_brand","embeddable":true,"href":"https:\/\/addtherm.com.br\/loja\/wp-json\/wp\/v2\/product_brand?post=9394"},{"taxonomy":"product_cat","embeddable":true,"href":"https:\/\/addtherm.com.br\/loja\/wp-json\/wp\/v2\/product_cat?post=9394"},{"taxonomy":"product_tag","embeddable":true,"href":"https:\/\/addtherm.com.br\/loja\/wp-json\/wp\/v2\/product_tag?post=9394"}],"curies":[{"name":"wp","href":"https:\/\/api.w.org\/{rel}","templated":true}]}}