{"id":9083,"date":"2024-11-14T13:24:38","date_gmt":"2024-11-14T16:24:38","guid":{"rendered":"https:\/\/addtherm.com.br\/loja\/?post_type=product&#038;p=9083"},"modified":"2024-11-14T13:49:25","modified_gmt":"2024-11-14T16:49:25","slug":"trandutor-de-pressao-spt-044","status":"publish","type":"product","link":"https:\/\/addtherm.com.br\/loja\/produto\/trandutor-de-pressao-spt-044\/","title":{"rendered":"Transdutor de Press\u00e3o \u2013 SPT 044"},"content":{"rendered":"<h2>Aplica\u00e7\u00f5es do Transdutor de Press\u00e3o \u2013 SPT 044<\/h2>\n<p>\u2022 Sistemas de \u00e1gua de press\u00e3o constante<br \/>\n\u2022 Sistema de tratamento de energia e \u00e1gua<br \/>\n\u2022 Equipamentos medicos ,agricolas e equipamentos de testes<br \/>\n\u2022 Sistema de controle hidr\u00e1ulico e pneum\u00e1tico<br \/>\n\u2022 Equipamentos de refrigera\u00e7\u00e3o e ar condicionado<br \/>\n\u2022 Monitoramento de press\u00e3o da bomba de \u00e1gua e compressor de ar<\/p>\n","protected":false},"excerpt":{"rendered":"<div class=\"woocommerce-product-details__short-description\">\n<p>A ADD THERM dando continuidade em sua evolu\u00e7\u00e3o no desenvolvimento de produtos para medi\u00e7\u00e3o e prote\u00e7\u00e3o.<br \/>\nAp\u00f3s pesquisas e desenvolvimento, criamos este transdutor de press\u00e3o para atender as necessidades espec\u00edficas do mercado atual, onde s\u00e3o requeridos produtos com pequenas dimens\u00f5es, ampla faixa de press\u00e3o e baixo custo.<\/p>\n<\/div>\n","protected":false},"featured_media":9085,"comment_status":"open","ping_status":"closed","template":"","meta":[],"product_brand":[],"product_cat":[91,98],"product_tag":[],"class_list":{"0":"post-9083","1":"product","2":"type-product","3":"status-publish","4":"has-post-thumbnail","6":"product_cat-pressao","7":"product_cat-transmissor-de-pressao","9":"first","10":"instock","11":"taxable","12":"shipping-taxable","13":"purchasable","14":"product-type-simple"},"yoast_head":"<!-- This site is optimized with the Yoast SEO plugin v27.3 - https:\/\/yoast.com\/product\/yoast-seo-wordpress\/ -->\n<title>Transdutor de Press\u00e3o \u2013 SPT 044 - Loja ADD-THERM<\/title>\n<meta name=\"description\" content=\"Transdutor de Press\u00e3o com pequenas dimens\u00f5es, ampla faixa de press\u00e3o e baixo custo. Compre online atrav\u00e9s do nosso site.\" \/>\n<meta name=\"robots\" content=\"index, follow, max-snippet:-1, max-image-preview:large, max-video-preview:-1\" \/>\n<link rel=\"canonical\" href=\"https:\/\/addtherm.com.br\/loja\/produto\/trandutor-de-pressao-spt-044\/\" \/>\n<meta property=\"og:locale\" content=\"pt_BR\" \/>\n<meta property=\"og:type\" content=\"article\" \/>\n<meta property=\"og:title\" content=\"Transdutor de Press\u00e3o \u2013 SPT 044 - Loja ADD-THERM\" \/>\n<meta property=\"og:description\" content=\"Transdutor de Press\u00e3o com pequenas dimens\u00f5es, ampla faixa de press\u00e3o e baixo custo. Compre online atrav\u00e9s do nosso site.\" \/>\n<meta property=\"og:url\" content=\"https:\/\/addtherm.com.br\/loja\/produto\/trandutor-de-pressao-spt-044\/\" \/>\n<meta property=\"og:site_name\" content=\"Loja ADD-THERM\" \/>\n<meta property=\"article:modified_time\" content=\"2024-11-14T16:49:25+00:00\" \/>\n<meta property=\"og:image\" content=\"https:\/\/addtherm.com.br\/loja\/wp-content\/uploads\/2024\/11\/spt-044.png\" \/>\n\t<meta property=\"og:image:width\" content=\"1080\" \/>\n\t<meta property=\"og:image:height\" content=\"1080\" \/>\n\t<meta property=\"og:image:type\" content=\"image\/png\" \/>\n<meta name=\"twitter:card\" content=\"summary_large_image\" \/>\n<meta name=\"twitter:label1\" content=\"Est. tempo de leitura\" \/>\n\t<meta name=\"twitter:data1\" content=\"1 minuto\" \/>\n<script type=\"application\/ld+json\" class=\"yoast-schema-graph\">{\"@context\":\"https:\\\/\\\/schema.org\",\"@graph\":[{\"@type\":\"WebPage\",\"@id\":\"https:\\\/\\\/addtherm.com.br\\\/loja\\\/produto\\\/trandutor-de-pressao-spt-044\\\/\",\"url\":\"https:\\\/\\\/addtherm.com.br\\\/loja\\\/produto\\\/trandutor-de-pressao-spt-044\\\/\",\"name\":\"Transdutor de Press\u00e3o \u2013 SPT 044 - Loja ADD-THERM\",\"isPartOf\":{\"@id\":\"https:\\\/\\\/addtherm.com.br\\\/loja\\\/#website\"},\"primaryImageOfPage\":{\"@id\":\"https:\\\/\\\/addtherm.com.br\\\/loja\\\/produto\\\/trandutor-de-pressao-spt-044\\\/#primaryimage\"},\"image\":{\"@id\":\"https:\\\/\\\/addtherm.com.br\\\/loja\\\/produto\\\/trandutor-de-pressao-spt-044\\\/#primaryimage\"},\"thumbnailUrl\":\"https:\\\/\\\/addtherm.com.br\\\/loja\\\/wp-content\\\/uploads\\\/2024\\\/11\\\/spt-044.png\",\"datePublished\":\"2024-11-14T16:24:38+00:00\",\"dateModified\":\"2024-11-14T16:49:25+00:00\",\"description\":\"Transdutor de Press\u00e3o com pequenas dimens\u00f5es, ampla faixa de press\u00e3o e baixo custo. Compre online atrav\u00e9s do nosso site.\",\"breadcrumb\":{\"@id\":\"https:\\\/\\\/addtherm.com.br\\\/loja\\\/produto\\\/trandutor-de-pressao-spt-044\\\/#breadcrumb\"},\"inLanguage\":\"pt-BR\",\"potentialAction\":[{\"@type\":\"ReadAction\",\"target\":[\"https:\\\/\\\/addtherm.com.br\\\/loja\\\/produto\\\/trandutor-de-pressao-spt-044\\\/\"]}]},{\"@type\":\"ImageObject\",\"inLanguage\":\"pt-BR\",\"@id\":\"https:\\\/\\\/addtherm.com.br\\\/loja\\\/produto\\\/trandutor-de-pressao-spt-044\\\/#primaryimage\",\"url\":\"https:\\\/\\\/addtherm.com.br\\\/loja\\\/wp-content\\\/uploads\\\/2024\\\/11\\\/spt-044.png\",\"contentUrl\":\"https:\\\/\\\/addtherm.com.br\\\/loja\\\/wp-content\\\/uploads\\\/2024\\\/11\\\/spt-044.png\",\"width\":1080,\"height\":1080},{\"@type\":\"BreadcrumbList\",\"@id\":\"https:\\\/\\\/addtherm.com.br\\\/loja\\\/produto\\\/trandutor-de-pressao-spt-044\\\/#breadcrumb\",\"itemListElement\":[{\"@type\":\"ListItem\",\"position\":1,\"name\":\"In\u00edcio\",\"item\":\"https:\\\/\\\/addtherm.com.br\\\/loja\\\/\"},{\"@type\":\"ListItem\",\"position\":2,\"name\":\"Shop\",\"item\":\"https:\\\/\\\/addtherm.com.br\\\/loja\\\/shop\\\/\"},{\"@type\":\"ListItem\",\"position\":3,\"name\":\"Transdutor de Press\u00e3o \u2013 SPT 044\"}]},{\"@type\":\"WebSite\",\"@id\":\"https:\\\/\\\/addtherm.com.br\\\/loja\\\/#website\",\"url\":\"https:\\\/\\\/addtherm.com.br\\\/loja\\\/\",\"name\":\"Loja ADD-THERM\",\"description\":\"Loja ADD-THERM\",\"potentialAction\":[{\"@type\":\"SearchAction\",\"target\":{\"@type\":\"EntryPoint\",\"urlTemplate\":\"https:\\\/\\\/addtherm.com.br\\\/loja\\\/?s={search_term_string}\"},\"query-input\":{\"@type\":\"PropertyValueSpecification\",\"valueRequired\":true,\"valueName\":\"search_term_string\"}}],\"inLanguage\":\"pt-BR\"}]}<\/script>\n<!-- \/ Yoast SEO plugin. -->","yoast_head_json":{"title":"Transdutor de Press\u00e3o \u2013 SPT 044 - Loja ADD-THERM","description":"Transdutor de Press\u00e3o com pequenas dimens\u00f5es, ampla faixa de press\u00e3o e baixo custo. Compre online atrav\u00e9s do nosso site.","robots":{"index":"index","follow":"follow","max-snippet":"max-snippet:-1","max-image-preview":"max-image-preview:large","max-video-preview":"max-video-preview:-1"},"canonical":"https:\/\/addtherm.com.br\/loja\/produto\/trandutor-de-pressao-spt-044\/","og_locale":"pt_BR","og_type":"article","og_title":"Transdutor de Press\u00e3o \u2013 SPT 044 - Loja ADD-THERM","og_description":"Transdutor de Press\u00e3o com pequenas dimens\u00f5es, ampla faixa de press\u00e3o e baixo custo. Compre online atrav\u00e9s do nosso site.","og_url":"https:\/\/addtherm.com.br\/loja\/produto\/trandutor-de-pressao-spt-044\/","og_site_name":"Loja ADD-THERM","article_modified_time":"2024-11-14T16:49:25+00:00","og_image":[{"width":1080,"height":1080,"url":"https:\/\/addtherm.com.br\/loja\/wp-content\/uploads\/2024\/11\/spt-044.png","type":"image\/png"}],"twitter_card":"summary_large_image","twitter_misc":{"Est. tempo de leitura":"1 minuto"},"schema":{"@context":"https:\/\/schema.org","@graph":[{"@type":"WebPage","@id":"https:\/\/addtherm.com.br\/loja\/produto\/trandutor-de-pressao-spt-044\/","url":"https:\/\/addtherm.com.br\/loja\/produto\/trandutor-de-pressao-spt-044\/","name":"Transdutor de Press\u00e3o \u2013 SPT 044 - Loja ADD-THERM","isPartOf":{"@id":"https:\/\/addtherm.com.br\/loja\/#website"},"primaryImageOfPage":{"@id":"https:\/\/addtherm.com.br\/loja\/produto\/trandutor-de-pressao-spt-044\/#primaryimage"},"image":{"@id":"https:\/\/addtherm.com.br\/loja\/produto\/trandutor-de-pressao-spt-044\/#primaryimage"},"thumbnailUrl":"https:\/\/addtherm.com.br\/loja\/wp-content\/uploads\/2024\/11\/spt-044.png","datePublished":"2024-11-14T16:24:38+00:00","dateModified":"2024-11-14T16:49:25+00:00","description":"Transdutor de Press\u00e3o com pequenas dimens\u00f5es, ampla faixa de press\u00e3o e baixo custo. Compre online atrav\u00e9s do nosso site.","breadcrumb":{"@id":"https:\/\/addtherm.com.br\/loja\/produto\/trandutor-de-pressao-spt-044\/#breadcrumb"},"inLanguage":"pt-BR","potentialAction":[{"@type":"ReadAction","target":["https:\/\/addtherm.com.br\/loja\/produto\/trandutor-de-pressao-spt-044\/"]}]},{"@type":"ImageObject","inLanguage":"pt-BR","@id":"https:\/\/addtherm.com.br\/loja\/produto\/trandutor-de-pressao-spt-044\/#primaryimage","url":"https:\/\/addtherm.com.br\/loja\/wp-content\/uploads\/2024\/11\/spt-044.png","contentUrl":"https:\/\/addtherm.com.br\/loja\/wp-content\/uploads\/2024\/11\/spt-044.png","width":1080,"height":1080},{"@type":"BreadcrumbList","@id":"https:\/\/addtherm.com.br\/loja\/produto\/trandutor-de-pressao-spt-044\/#breadcrumb","itemListElement":[{"@type":"ListItem","position":1,"name":"In\u00edcio","item":"https:\/\/addtherm.com.br\/loja\/"},{"@type":"ListItem","position":2,"name":"Shop","item":"https:\/\/addtherm.com.br\/loja\/shop\/"},{"@type":"ListItem","position":3,"name":"Transdutor de Press\u00e3o \u2013 SPT 044"}]},{"@type":"WebSite","@id":"https:\/\/addtherm.com.br\/loja\/#website","url":"https:\/\/addtherm.com.br\/loja\/","name":"Loja ADD-THERM","description":"Loja ADD-THERM","potentialAction":[{"@type":"SearchAction","target":{"@type":"EntryPoint","urlTemplate":"https:\/\/addtherm.com.br\/loja\/?s={search_term_string}"},"query-input":{"@type":"PropertyValueSpecification","valueRequired":true,"valueName":"search_term_string"}}],"inLanguage":"pt-BR"}]}},"_links":{"self":[{"href":"https:\/\/addtherm.com.br\/loja\/wp-json\/wp\/v2\/product\/9083","targetHints":{"allow":["GET"]}}],"collection":[{"href":"https:\/\/addtherm.com.br\/loja\/wp-json\/wp\/v2\/product"}],"about":[{"href":"https:\/\/addtherm.com.br\/loja\/wp-json\/wp\/v2\/types\/product"}],"replies":[{"embeddable":true,"href":"https:\/\/addtherm.com.br\/loja\/wp-json\/wp\/v2\/comments?post=9083"}],"wp:featuredmedia":[{"embeddable":true,"href":"https:\/\/addtherm.com.br\/loja\/wp-json\/wp\/v2\/media\/9085"}],"wp:attachment":[{"href":"https:\/\/addtherm.com.br\/loja\/wp-json\/wp\/v2\/media?parent=9083"}],"wp:term":[{"taxonomy":"product_brand","embeddable":true,"href":"https:\/\/addtherm.com.br\/loja\/wp-json\/wp\/v2\/product_brand?post=9083"},{"taxonomy":"product_cat","embeddable":true,"href":"https:\/\/addtherm.com.br\/loja\/wp-json\/wp\/v2\/product_cat?post=9083"},{"taxonomy":"product_tag","embeddable":true,"href":"https:\/\/addtherm.com.br\/loja\/wp-json\/wp\/v2\/product_tag?post=9083"}],"curies":[{"name":"wp","href":"https:\/\/api.w.org\/{rel}","templated":true}]}}