{"id":9078,"date":"2024-11-14T12:05:07","date_gmt":"2024-11-14T15:05:07","guid":{"rendered":"https:\/\/addtherm.com.br\/loja\/?post_type=product&#038;p=9078"},"modified":"2026-04-15T08:14:51","modified_gmt":"2026-04-15T11:14:51","slug":"sensor-de-pressao-de-oleo-chevrolet","status":"publish","type":"product","link":"https:\/\/addtherm.com.br\/loja\/produto\/sensor-de-pressao-de-oleo-chevrolet\/","title":{"rendered":"Sensor de Press\u00e3o de \u00d3leo CHEVROLET c\u00f3d. original 905685090040"},"content":{"rendered":"<p>Sensor de Press\u00e3o de \u00d3leo CHEVROLET<br \/>\n<strong>C\u00d3DIGO ORIGINAL: 905685090040<br \/>\n<\/strong><strong>C\u00f3digo ADDTHERM:<\/strong> SPC 024<\/p>\n<p><strong>Observa\u00e7\u00e3o Importante!<\/strong><br \/>\n<strong><em>Este produto atende ve\u00edculos Gasolina e Diesel<\/em><\/strong><br \/>\n<strong><em>Escolha a op\u00e7\u00e3o desejada abaixo\u00a0<\/em><\/strong><\/p>\n","protected":false},"excerpt":{"rendered":"<p>A ADD THERM dando continuidade em sua evolu\u00e7\u00e3o no desenvolvimento de produtos para medi\u00e7\u00e3o e prote\u00e7\u00e3o. Ap\u00f3s pesquisas e desenvolvimento, criamos este sensor de press\u00e3o de \u00f3leo para atender as necessidades espec\u00edficas do mercado atual, onde s\u00e3o<br \/>\nrequeridos produtos com pequenas dimens\u00f5es, ampla faixa de press\u00e3o e baixo custo.<\/p>\n<p><span style=\"font-size: 18pt;\"><strong>Principais Aplica\u00e7\u00f5es:<\/strong><\/span><\/p>\n<p>Blazer 1995 a 2004<br \/>\n\u2022 Mwm sprint 6 cilindros<br \/>\n\u2022 Silverado Conquest STD 4.1<br \/>\n\u2022 GMT 455<br \/>\n\u2022 GMT 400 Pick-UP<\/p>\n<p>Observa\u00e7\u00e3o Importante!<br \/>\n<em><strong>Este produto atende ve\u00edculos a Gasolina e Diesel<\/strong><\/em><\/p>\n","protected":false},"featured_media":9080,"comment_status":"open","ping_status":"closed","template":"","meta":[],"product_brand":[],"product_cat":[659,104],"product_tag":[656,658,657],"class_list":{"0":"post-9078","1":"product","2":"type-product","3":"status-publish","4":"has-post-thumbnail","6":"product_cat-chevrolet","7":"product_cat-linha-automotiva","8":"product_tag-sensor-de-oleo-para-blazer","9":"product_tag-sensor-de-oleo-para-sprint","10":"product_tag-sensor-de-oleo-parra-pickup","12":"first","13":"instock","14":"taxable","15":"shipping-taxable","16":"purchasable","17":"product-type-variable"},"yoast_head":"<!-- This site is optimized with the Yoast SEO plugin v27.4 - https:\/\/yoast.com\/product\/yoast-seo-wordpress\/ -->\n<title>Sensor de Press\u00e3o de \u00d3leo CHEVROLET c\u00f3d. original 905685090040 - Loja ADD-THERM<\/title>\n<meta name=\"description\" content=\"Sensor de Press\u00e3o de \u00d3leo CHEVROLET c\u00f3d. original 905685090040 indicado para Blazer 1995 a 2004\u2022 Mwm sprint 6 cilindros\u2022 Silverado Conquest STD 4.1\u2022 GMT 455\u2022 GMT 400 Pick-UP\" \/>\n<meta name=\"robots\" content=\"index, follow, max-snippet:-1, max-image-preview:large, max-video-preview:-1\" \/>\n<link rel=\"canonical\" href=\"https:\/\/addtherm.com.br\/loja\/produto\/sensor-de-pressao-de-oleo-chevrolet\/\" \/>\n<meta property=\"og:locale\" content=\"pt_BR\" \/>\n<meta property=\"og:type\" content=\"article\" \/>\n<meta property=\"og:title\" content=\"Sensor de Press\u00e3o de \u00d3leo CHEVROLET c\u00f3d. original 905685090040 - Loja ADD-THERM\" \/>\n<meta property=\"og:description\" content=\"Sensor de Press\u00e3o de \u00d3leo CHEVROLET c\u00f3d. original 905685090040 indicado para Blazer 1995 a 2004\u2022 Mwm sprint 6 cilindros\u2022 Silverado Conquest STD 4.1\u2022 GMT 455\u2022 GMT 400 Pick-UP\" \/>\n<meta property=\"og:url\" content=\"https:\/\/addtherm.com.br\/loja\/produto\/sensor-de-pressao-de-oleo-chevrolet\/\" \/>\n<meta property=\"og:site_name\" content=\"Loja ADD-THERM\" \/>\n<meta property=\"article:modified_time\" content=\"2026-04-15T11:14:51+00:00\" \/>\n<meta property=\"og:image\" content=\"https:\/\/addtherm.com.br\/loja\/wp-content\/uploads\/2024\/11\/Sensor-pressao-de-oleo-chevrolet-cod-original-905685090040.png\" \/>\n\t<meta property=\"og:image:width\" content=\"1080\" \/>\n\t<meta property=\"og:image:height\" content=\"1080\" \/>\n\t<meta property=\"og:image:type\" content=\"image\/png\" \/>\n<meta name=\"twitter:card\" content=\"summary_large_image\" \/>\n<meta name=\"twitter:label1\" content=\"Est. tempo de leitura\" \/>\n\t<meta name=\"twitter:data1\" content=\"1 minuto\" \/>\n<script type=\"application\/ld+json\" class=\"yoast-schema-graph\">{\"@context\":\"https:\\\/\\\/schema.org\",\"@graph\":[{\"@type\":\"WebPage\",\"@id\":\"https:\\\/\\\/addtherm.com.br\\\/loja\\\/produto\\\/sensor-de-pressao-de-oleo-chevrolet\\\/\",\"url\":\"https:\\\/\\\/addtherm.com.br\\\/loja\\\/produto\\\/sensor-de-pressao-de-oleo-chevrolet\\\/\",\"name\":\"Sensor de Press\u00e3o de \u00d3leo CHEVROLET c\u00f3d. original 905685090040 - Loja ADD-THERM\",\"isPartOf\":{\"@id\":\"https:\\\/\\\/addtherm.com.br\\\/loja\\\/#website\"},\"primaryImageOfPage\":{\"@id\":\"https:\\\/\\\/addtherm.com.br\\\/loja\\\/produto\\\/sensor-de-pressao-de-oleo-chevrolet\\\/#primaryimage\"},\"image\":{\"@id\":\"https:\\\/\\\/addtherm.com.br\\\/loja\\\/produto\\\/sensor-de-pressao-de-oleo-chevrolet\\\/#primaryimage\"},\"thumbnailUrl\":\"https:\\\/\\\/addtherm.com.br\\\/loja\\\/wp-content\\\/uploads\\\/2024\\\/11\\\/Sensor-pressao-de-oleo-chevrolet-cod-original-905685090040.png\",\"datePublished\":\"2024-11-14T15:05:07+00:00\",\"dateModified\":\"2026-04-15T11:14:51+00:00\",\"description\":\"Sensor de Press\u00e3o de \u00d3leo CHEVROLET c\u00f3d. original 905685090040 indicado para Blazer 1995 a 2004\u2022 Mwm sprint 6 cilindros\u2022 Silverado Conquest STD 4.1\u2022 GMT 455\u2022 GMT 400 Pick-UP\",\"breadcrumb\":{\"@id\":\"https:\\\/\\\/addtherm.com.br\\\/loja\\\/produto\\\/sensor-de-pressao-de-oleo-chevrolet\\\/#breadcrumb\"},\"inLanguage\":\"pt-BR\",\"potentialAction\":[{\"@type\":\"ReadAction\",\"target\":[\"https:\\\/\\\/addtherm.com.br\\\/loja\\\/produto\\\/sensor-de-pressao-de-oleo-chevrolet\\\/\"]}]},{\"@type\":\"ImageObject\",\"inLanguage\":\"pt-BR\",\"@id\":\"https:\\\/\\\/addtherm.com.br\\\/loja\\\/produto\\\/sensor-de-pressao-de-oleo-chevrolet\\\/#primaryimage\",\"url\":\"https:\\\/\\\/addtherm.com.br\\\/loja\\\/wp-content\\\/uploads\\\/2024\\\/11\\\/Sensor-pressao-de-oleo-chevrolet-cod-original-905685090040.png\",\"contentUrl\":\"https:\\\/\\\/addtherm.com.br\\\/loja\\\/wp-content\\\/uploads\\\/2024\\\/11\\\/Sensor-pressao-de-oleo-chevrolet-cod-original-905685090040.png\",\"width\":1080,\"height\":1080},{\"@type\":\"BreadcrumbList\",\"@id\":\"https:\\\/\\\/addtherm.com.br\\\/loja\\\/produto\\\/sensor-de-pressao-de-oleo-chevrolet\\\/#breadcrumb\",\"itemListElement\":[{\"@type\":\"ListItem\",\"position\":1,\"name\":\"In\u00edcio\",\"item\":\"https:\\\/\\\/addtherm.com.br\\\/loja\\\/\"},{\"@type\":\"ListItem\",\"position\":2,\"name\":\"Shop\",\"item\":\"https:\\\/\\\/addtherm.com.br\\\/loja\\\/shop\\\/\"},{\"@type\":\"ListItem\",\"position\":3,\"name\":\"Sensor de Press\u00e3o de \u00d3leo CHEVROLET c\u00f3d. original 905685090040\"}]},{\"@type\":\"WebSite\",\"@id\":\"https:\\\/\\\/addtherm.com.br\\\/loja\\\/#website\",\"url\":\"https:\\\/\\\/addtherm.com.br\\\/loja\\\/\",\"name\":\"Loja ADD-THERM\",\"description\":\"Loja ADD-THERM\",\"potentialAction\":[{\"@type\":\"SearchAction\",\"target\":{\"@type\":\"EntryPoint\",\"urlTemplate\":\"https:\\\/\\\/addtherm.com.br\\\/loja\\\/?s={search_term_string}\"},\"query-input\":{\"@type\":\"PropertyValueSpecification\",\"valueRequired\":true,\"valueName\":\"search_term_string\"}}],\"inLanguage\":\"pt-BR\"}]}<\/script>\n<!-- \/ Yoast SEO plugin. -->","yoast_head_json":{"title":"Sensor de Press\u00e3o de \u00d3leo CHEVROLET c\u00f3d. original 905685090040 - Loja ADD-THERM","description":"Sensor de Press\u00e3o de \u00d3leo CHEVROLET c\u00f3d. original 905685090040 indicado para Blazer 1995 a 2004\u2022 Mwm sprint 6 cilindros\u2022 Silverado Conquest STD 4.1\u2022 GMT 455\u2022 GMT 400 Pick-UP","robots":{"index":"index","follow":"follow","max-snippet":"max-snippet:-1","max-image-preview":"max-image-preview:large","max-video-preview":"max-video-preview:-1"},"canonical":"https:\/\/addtherm.com.br\/loja\/produto\/sensor-de-pressao-de-oleo-chevrolet\/","og_locale":"pt_BR","og_type":"article","og_title":"Sensor de Press\u00e3o de \u00d3leo CHEVROLET c\u00f3d. original 905685090040 - Loja ADD-THERM","og_description":"Sensor de Press\u00e3o de \u00d3leo CHEVROLET c\u00f3d. original 905685090040 indicado para Blazer 1995 a 2004\u2022 Mwm sprint 6 cilindros\u2022 Silverado Conquest STD 4.1\u2022 GMT 455\u2022 GMT 400 Pick-UP","og_url":"https:\/\/addtherm.com.br\/loja\/produto\/sensor-de-pressao-de-oleo-chevrolet\/","og_site_name":"Loja ADD-THERM","article_modified_time":"2026-04-15T11:14:51+00:00","og_image":[{"width":1080,"height":1080,"url":"https:\/\/addtherm.com.br\/loja\/wp-content\/uploads\/2024\/11\/Sensor-pressao-de-oleo-chevrolet-cod-original-905685090040.png","type":"image\/png"}],"twitter_card":"summary_large_image","twitter_misc":{"Est. tempo de leitura":"1 minuto"},"schema":{"@context":"https:\/\/schema.org","@graph":[{"@type":"WebPage","@id":"https:\/\/addtherm.com.br\/loja\/produto\/sensor-de-pressao-de-oleo-chevrolet\/","url":"https:\/\/addtherm.com.br\/loja\/produto\/sensor-de-pressao-de-oleo-chevrolet\/","name":"Sensor de Press\u00e3o de \u00d3leo CHEVROLET c\u00f3d. original 905685090040 - Loja ADD-THERM","isPartOf":{"@id":"https:\/\/addtherm.com.br\/loja\/#website"},"primaryImageOfPage":{"@id":"https:\/\/addtherm.com.br\/loja\/produto\/sensor-de-pressao-de-oleo-chevrolet\/#primaryimage"},"image":{"@id":"https:\/\/addtherm.com.br\/loja\/produto\/sensor-de-pressao-de-oleo-chevrolet\/#primaryimage"},"thumbnailUrl":"https:\/\/addtherm.com.br\/loja\/wp-content\/uploads\/2024\/11\/Sensor-pressao-de-oleo-chevrolet-cod-original-905685090040.png","datePublished":"2024-11-14T15:05:07+00:00","dateModified":"2026-04-15T11:14:51+00:00","description":"Sensor de Press\u00e3o de \u00d3leo CHEVROLET c\u00f3d. original 905685090040 indicado para Blazer 1995 a 2004\u2022 Mwm sprint 6 cilindros\u2022 Silverado Conquest STD 4.1\u2022 GMT 455\u2022 GMT 400 Pick-UP","breadcrumb":{"@id":"https:\/\/addtherm.com.br\/loja\/produto\/sensor-de-pressao-de-oleo-chevrolet\/#breadcrumb"},"inLanguage":"pt-BR","potentialAction":[{"@type":"ReadAction","target":["https:\/\/addtherm.com.br\/loja\/produto\/sensor-de-pressao-de-oleo-chevrolet\/"]}]},{"@type":"ImageObject","inLanguage":"pt-BR","@id":"https:\/\/addtherm.com.br\/loja\/produto\/sensor-de-pressao-de-oleo-chevrolet\/#primaryimage","url":"https:\/\/addtherm.com.br\/loja\/wp-content\/uploads\/2024\/11\/Sensor-pressao-de-oleo-chevrolet-cod-original-905685090040.png","contentUrl":"https:\/\/addtherm.com.br\/loja\/wp-content\/uploads\/2024\/11\/Sensor-pressao-de-oleo-chevrolet-cod-original-905685090040.png","width":1080,"height":1080},{"@type":"BreadcrumbList","@id":"https:\/\/addtherm.com.br\/loja\/produto\/sensor-de-pressao-de-oleo-chevrolet\/#breadcrumb","itemListElement":[{"@type":"ListItem","position":1,"name":"In\u00edcio","item":"https:\/\/addtherm.com.br\/loja\/"},{"@type":"ListItem","position":2,"name":"Shop","item":"https:\/\/addtherm.com.br\/loja\/shop\/"},{"@type":"ListItem","position":3,"name":"Sensor de Press\u00e3o de \u00d3leo CHEVROLET c\u00f3d. original 905685090040"}]},{"@type":"WebSite","@id":"https:\/\/addtherm.com.br\/loja\/#website","url":"https:\/\/addtherm.com.br\/loja\/","name":"Loja ADD-THERM","description":"Loja ADD-THERM","potentialAction":[{"@type":"SearchAction","target":{"@type":"EntryPoint","urlTemplate":"https:\/\/addtherm.com.br\/loja\/?s={search_term_string}"},"query-input":{"@type":"PropertyValueSpecification","valueRequired":true,"valueName":"search_term_string"}}],"inLanguage":"pt-BR"}]}},"_links":{"self":[{"href":"https:\/\/addtherm.com.br\/loja\/wp-json\/wp\/v2\/product\/9078","targetHints":{"allow":["GET"]}}],"collection":[{"href":"https:\/\/addtherm.com.br\/loja\/wp-json\/wp\/v2\/product"}],"about":[{"href":"https:\/\/addtherm.com.br\/loja\/wp-json\/wp\/v2\/types\/product"}],"replies":[{"embeddable":true,"href":"https:\/\/addtherm.com.br\/loja\/wp-json\/wp\/v2\/comments?post=9078"}],"wp:featuredmedia":[{"embeddable":true,"href":"https:\/\/addtherm.com.br\/loja\/wp-json\/wp\/v2\/media\/9080"}],"wp:attachment":[{"href":"https:\/\/addtherm.com.br\/loja\/wp-json\/wp\/v2\/media?parent=9078"}],"wp:term":[{"taxonomy":"product_brand","embeddable":true,"href":"https:\/\/addtherm.com.br\/loja\/wp-json\/wp\/v2\/product_brand?post=9078"},{"taxonomy":"product_cat","embeddable":true,"href":"https:\/\/addtherm.com.br\/loja\/wp-json\/wp\/v2\/product_cat?post=9078"},{"taxonomy":"product_tag","embeddable":true,"href":"https:\/\/addtherm.com.br\/loja\/wp-json\/wp\/v2\/product_tag?post=9078"}],"curies":[{"name":"wp","href":"https:\/\/api.w.org\/{rel}","templated":true}]}}