{"id":8713,"date":"2024-05-22T16:39:11","date_gmt":"2024-05-22T19:39:11","guid":{"rendered":"https:\/\/addtherm.com.br\/loja\/?post_type=product&#038;p=8713"},"modified":"2024-05-22T17:21:20","modified_gmt":"2024-05-22T20:21:20","slug":"controlador-digital-de-temperatura-e-umidade-com-sensor-xmt-9007-8","status":"publish","type":"product","link":"https:\/\/addtherm.com.br\/loja\/produto\/controlador-digital-de-temperatura-e-umidade-com-sensor-xmt-9007-8\/","title":{"rendered":"CONTROLADOR DIGITAL DE TEMPERATURA E UMIDADE COM SENSOR XMT-9007-8"},"content":{"rendered":"<p><b>CONTROLADOR DIGITAL DE TEMPERATURA E UMIDADE COM SENSOR XMT-9007-8<\/b><\/p>\n","protected":false},"excerpt":{"rendered":"<div class=\"woocommerce-product-details__short-description\">\n<p>O Controlador Digital de Temperatura XMT 9007-8 \u00e9 um instrumento de medi\u00e7\u00e3o baseado na t\u00e9cnica\u00a0 do computador. Ele adota uma tela de LED de 2 linhas e exibi\u00e7\u00e3o s\u00edncrona da umidade e do valor medido da temperatura de secagem. O usu\u00e1rio pode escolher as fun\u00e7\u00f5es abaixo: 1.1 Sensor: sensor PT100 para medi\u00e7\u00e3o de temperatura, PT100 ou sensor molecular alto para a medi\u00e7\u00e3o de umidade.<br \/>\n1.2 Modo de controle: Modo de controle PID ou ON\/OFF para a sa\u00edda de aquecimento e<br \/>\numidifica\u00e7\u00e3o, \u00e9 alternativa. O resfriamento pode definir para atrasar a fun\u00e7\u00e3o de sa\u00edda.<br \/>\n1.3 Comunica\u00e7\u00e3o serial: o instrumento pode se comunicar com o computador para realizar<br \/>\no computador no controle remoto do instrumento, instalando o m\u00f3dulo de<br \/>\ncomunica\u00e7\u00e3o serial RS485. Usando o protocolo de comunica\u00e7\u00e3o Mod bus RTU.<br \/>\n1.4 Fun\u00e7\u00e3o de impress\u00e3o: o instrumento instala o m\u00f3dulo de impress\u00e3o, pode imprimir<br \/>\nregularmente os valores de temperatura e umidade gravados.<\/p>\n<\/div>\n","protected":false},"featured_media":8714,"comment_status":"open","ping_status":"closed","template":"","meta":[],"product_brand":[],"product_cat":[96],"product_tag":[624,130,129,618,131,132,124],"class_list":{"0":"post-8713","1":"product","2":"type-product","3":"status-publish","4":"has-post-thumbnail","6":"product_cat-controladores-e-indicadores-de-temperatura","7":"product_tag-controlador-de-temperatura-e-umidade","8":"product_tag-termostato-a80","9":"product_tag-termostato-digital","10":"product_tag-termostato-digital-ako-d14123","11":"product_tag-termostato-para-aquecimento","12":"product_tag-termostato-para-refrigeracao","13":"product_tag-termostatos","15":"first","16":"instock","17":"taxable","18":"shipping-taxable","19":"purchasable","20":"product-type-simple"},"yoast_head":"<!-- This site is optimized with the Yoast SEO plugin v27.3 - https:\/\/yoast.com\/product\/yoast-seo-wordpress\/ -->\n<title>CONTROLADOR DIGITAL DE TEMPERATURA E UMIDADE COM SENSOR XMT-9007-8 - Loja ADD-THERM<\/title>\n<meta name=\"description\" content=\"CONTROLADOR DIGITAL DE TEMPERATURA E UMIDADE COM SENSOR XMT-9007-8 Ele adota uma tela de LED de 2 linhas e exibi\u00e7\u00e3o s\u00edncrona da umidade e do valor medido da temperatura de secagem.\" \/>\n<meta name=\"robots\" content=\"index, follow, max-snippet:-1, max-image-preview:large, max-video-preview:-1\" \/>\n<link rel=\"canonical\" href=\"https:\/\/addtherm.com.br\/loja\/produto\/controlador-digital-de-temperatura-e-umidade-com-sensor-xmt-9007-8\/\" \/>\n<meta property=\"og:locale\" content=\"pt_BR\" \/>\n<meta property=\"og:type\" content=\"article\" \/>\n<meta property=\"og:title\" content=\"CONTROLADOR DIGITAL DE TEMPERATURA E UMIDADE COM SENSOR XMT-9007-8 - Loja ADD-THERM\" \/>\n<meta property=\"og:description\" content=\"CONTROLADOR DIGITAL DE TEMPERATURA E UMIDADE COM SENSOR XMT-9007-8 Ele adota uma tela de LED de 2 linhas e exibi\u00e7\u00e3o s\u00edncrona da umidade e do valor medido da temperatura de secagem.\" \/>\n<meta property=\"og:url\" content=\"https:\/\/addtherm.com.br\/loja\/produto\/controlador-digital-de-temperatura-e-umidade-com-sensor-xmt-9007-8\/\" \/>\n<meta property=\"og:site_name\" content=\"Loja ADD-THERM\" \/>\n<meta property=\"article:modified_time\" content=\"2024-05-22T20:21:20+00:00\" \/>\n<meta property=\"og:image\" content=\"https:\/\/addtherm.com.br\/loja\/wp-content\/uploads\/2024\/05\/controador-de-temperatura-e-umidade.png\" \/>\n\t<meta property=\"og:image:width\" content=\"1080\" \/>\n\t<meta property=\"og:image:height\" content=\"1080\" \/>\n\t<meta property=\"og:image:type\" content=\"image\/png\" \/>\n<meta name=\"twitter:card\" content=\"summary_large_image\" \/>\n<meta name=\"twitter:label1\" content=\"Est. tempo de leitura\" \/>\n\t<meta name=\"twitter:data1\" content=\"1 minuto\" \/>\n<script type=\"application\/ld+json\" class=\"yoast-schema-graph\">{\"@context\":\"https:\\\/\\\/schema.org\",\"@graph\":[{\"@type\":\"WebPage\",\"@id\":\"https:\\\/\\\/addtherm.com.br\\\/loja\\\/produto\\\/controlador-digital-de-temperatura-e-umidade-com-sensor-xmt-9007-8\\\/\",\"url\":\"https:\\\/\\\/addtherm.com.br\\\/loja\\\/produto\\\/controlador-digital-de-temperatura-e-umidade-com-sensor-xmt-9007-8\\\/\",\"name\":\"CONTROLADOR DIGITAL DE TEMPERATURA E UMIDADE COM SENSOR XMT-9007-8 - Loja ADD-THERM\",\"isPartOf\":{\"@id\":\"https:\\\/\\\/addtherm.com.br\\\/loja\\\/#website\"},\"primaryImageOfPage\":{\"@id\":\"https:\\\/\\\/addtherm.com.br\\\/loja\\\/produto\\\/controlador-digital-de-temperatura-e-umidade-com-sensor-xmt-9007-8\\\/#primaryimage\"},\"image\":{\"@id\":\"https:\\\/\\\/addtherm.com.br\\\/loja\\\/produto\\\/controlador-digital-de-temperatura-e-umidade-com-sensor-xmt-9007-8\\\/#primaryimage\"},\"thumbnailUrl\":\"https:\\\/\\\/addtherm.com.br\\\/loja\\\/wp-content\\\/uploads\\\/2024\\\/05\\\/controador-de-temperatura-e-umidade.png\",\"datePublished\":\"2024-05-22T19:39:11+00:00\",\"dateModified\":\"2024-05-22T20:21:20+00:00\",\"description\":\"CONTROLADOR DIGITAL DE TEMPERATURA E UMIDADE COM SENSOR XMT-9007-8 Ele adota uma tela de LED de 2 linhas e exibi\u00e7\u00e3o s\u00edncrona da umidade e do valor medido da temperatura de secagem.\",\"breadcrumb\":{\"@id\":\"https:\\\/\\\/addtherm.com.br\\\/loja\\\/produto\\\/controlador-digital-de-temperatura-e-umidade-com-sensor-xmt-9007-8\\\/#breadcrumb\"},\"inLanguage\":\"pt-BR\",\"potentialAction\":[{\"@type\":\"ReadAction\",\"target\":[\"https:\\\/\\\/addtherm.com.br\\\/loja\\\/produto\\\/controlador-digital-de-temperatura-e-umidade-com-sensor-xmt-9007-8\\\/\"]}]},{\"@type\":\"ImageObject\",\"inLanguage\":\"pt-BR\",\"@id\":\"https:\\\/\\\/addtherm.com.br\\\/loja\\\/produto\\\/controlador-digital-de-temperatura-e-umidade-com-sensor-xmt-9007-8\\\/#primaryimage\",\"url\":\"https:\\\/\\\/addtherm.com.br\\\/loja\\\/wp-content\\\/uploads\\\/2024\\\/05\\\/controador-de-temperatura-e-umidade.png\",\"contentUrl\":\"https:\\\/\\\/addtherm.com.br\\\/loja\\\/wp-content\\\/uploads\\\/2024\\\/05\\\/controador-de-temperatura-e-umidade.png\",\"width\":1080,\"height\":1080},{\"@type\":\"BreadcrumbList\",\"@id\":\"https:\\\/\\\/addtherm.com.br\\\/loja\\\/produto\\\/controlador-digital-de-temperatura-e-umidade-com-sensor-xmt-9007-8\\\/#breadcrumb\",\"itemListElement\":[{\"@type\":\"ListItem\",\"position\":1,\"name\":\"In\u00edcio\",\"item\":\"https:\\\/\\\/addtherm.com.br\\\/loja\\\/\"},{\"@type\":\"ListItem\",\"position\":2,\"name\":\"Shop\",\"item\":\"https:\\\/\\\/addtherm.com.br\\\/loja\\\/shop\\\/\"},{\"@type\":\"ListItem\",\"position\":3,\"name\":\"CONTROLADOR DIGITAL DE TEMPERATURA E UMIDADE COM SENSOR XMT-9007-8\"}]},{\"@type\":\"WebSite\",\"@id\":\"https:\\\/\\\/addtherm.com.br\\\/loja\\\/#website\",\"url\":\"https:\\\/\\\/addtherm.com.br\\\/loja\\\/\",\"name\":\"Loja ADD-THERM\",\"description\":\"Loja ADD-THERM\",\"potentialAction\":[{\"@type\":\"SearchAction\",\"target\":{\"@type\":\"EntryPoint\",\"urlTemplate\":\"https:\\\/\\\/addtherm.com.br\\\/loja\\\/?s={search_term_string}\"},\"query-input\":{\"@type\":\"PropertyValueSpecification\",\"valueRequired\":true,\"valueName\":\"search_term_string\"}}],\"inLanguage\":\"pt-BR\"}]}<\/script>\n<!-- \/ Yoast SEO plugin. -->","yoast_head_json":{"title":"CONTROLADOR DIGITAL DE TEMPERATURA E UMIDADE COM SENSOR XMT-9007-8 - Loja ADD-THERM","description":"CONTROLADOR DIGITAL DE TEMPERATURA E UMIDADE COM SENSOR XMT-9007-8 Ele adota uma tela de LED de 2 linhas e exibi\u00e7\u00e3o s\u00edncrona da umidade e do valor medido da temperatura de secagem.","robots":{"index":"index","follow":"follow","max-snippet":"max-snippet:-1","max-image-preview":"max-image-preview:large","max-video-preview":"max-video-preview:-1"},"canonical":"https:\/\/addtherm.com.br\/loja\/produto\/controlador-digital-de-temperatura-e-umidade-com-sensor-xmt-9007-8\/","og_locale":"pt_BR","og_type":"article","og_title":"CONTROLADOR DIGITAL DE TEMPERATURA E UMIDADE COM SENSOR XMT-9007-8 - Loja ADD-THERM","og_description":"CONTROLADOR DIGITAL DE TEMPERATURA E UMIDADE COM SENSOR XMT-9007-8 Ele adota uma tela de LED de 2 linhas e exibi\u00e7\u00e3o s\u00edncrona da umidade e do valor medido da temperatura de secagem.","og_url":"https:\/\/addtherm.com.br\/loja\/produto\/controlador-digital-de-temperatura-e-umidade-com-sensor-xmt-9007-8\/","og_site_name":"Loja ADD-THERM","article_modified_time":"2024-05-22T20:21:20+00:00","og_image":[{"width":1080,"height":1080,"url":"https:\/\/addtherm.com.br\/loja\/wp-content\/uploads\/2024\/05\/controador-de-temperatura-e-umidade.png","type":"image\/png"}],"twitter_card":"summary_large_image","twitter_misc":{"Est. tempo de leitura":"1 minuto"},"schema":{"@context":"https:\/\/schema.org","@graph":[{"@type":"WebPage","@id":"https:\/\/addtherm.com.br\/loja\/produto\/controlador-digital-de-temperatura-e-umidade-com-sensor-xmt-9007-8\/","url":"https:\/\/addtherm.com.br\/loja\/produto\/controlador-digital-de-temperatura-e-umidade-com-sensor-xmt-9007-8\/","name":"CONTROLADOR DIGITAL DE TEMPERATURA E UMIDADE COM SENSOR XMT-9007-8 - Loja ADD-THERM","isPartOf":{"@id":"https:\/\/addtherm.com.br\/loja\/#website"},"primaryImageOfPage":{"@id":"https:\/\/addtherm.com.br\/loja\/produto\/controlador-digital-de-temperatura-e-umidade-com-sensor-xmt-9007-8\/#primaryimage"},"image":{"@id":"https:\/\/addtherm.com.br\/loja\/produto\/controlador-digital-de-temperatura-e-umidade-com-sensor-xmt-9007-8\/#primaryimage"},"thumbnailUrl":"https:\/\/addtherm.com.br\/loja\/wp-content\/uploads\/2024\/05\/controador-de-temperatura-e-umidade.png","datePublished":"2024-05-22T19:39:11+00:00","dateModified":"2024-05-22T20:21:20+00:00","description":"CONTROLADOR DIGITAL DE TEMPERATURA E UMIDADE COM SENSOR XMT-9007-8 Ele adota uma tela de LED de 2 linhas e exibi\u00e7\u00e3o s\u00edncrona da umidade e do valor medido da temperatura de secagem.","breadcrumb":{"@id":"https:\/\/addtherm.com.br\/loja\/produto\/controlador-digital-de-temperatura-e-umidade-com-sensor-xmt-9007-8\/#breadcrumb"},"inLanguage":"pt-BR","potentialAction":[{"@type":"ReadAction","target":["https:\/\/addtherm.com.br\/loja\/produto\/controlador-digital-de-temperatura-e-umidade-com-sensor-xmt-9007-8\/"]}]},{"@type":"ImageObject","inLanguage":"pt-BR","@id":"https:\/\/addtherm.com.br\/loja\/produto\/controlador-digital-de-temperatura-e-umidade-com-sensor-xmt-9007-8\/#primaryimage","url":"https:\/\/addtherm.com.br\/loja\/wp-content\/uploads\/2024\/05\/controador-de-temperatura-e-umidade.png","contentUrl":"https:\/\/addtherm.com.br\/loja\/wp-content\/uploads\/2024\/05\/controador-de-temperatura-e-umidade.png","width":1080,"height":1080},{"@type":"BreadcrumbList","@id":"https:\/\/addtherm.com.br\/loja\/produto\/controlador-digital-de-temperatura-e-umidade-com-sensor-xmt-9007-8\/#breadcrumb","itemListElement":[{"@type":"ListItem","position":1,"name":"In\u00edcio","item":"https:\/\/addtherm.com.br\/loja\/"},{"@type":"ListItem","position":2,"name":"Shop","item":"https:\/\/addtherm.com.br\/loja\/shop\/"},{"@type":"ListItem","position":3,"name":"CONTROLADOR DIGITAL DE TEMPERATURA E UMIDADE COM SENSOR XMT-9007-8"}]},{"@type":"WebSite","@id":"https:\/\/addtherm.com.br\/loja\/#website","url":"https:\/\/addtherm.com.br\/loja\/","name":"Loja ADD-THERM","description":"Loja ADD-THERM","potentialAction":[{"@type":"SearchAction","target":{"@type":"EntryPoint","urlTemplate":"https:\/\/addtherm.com.br\/loja\/?s={search_term_string}"},"query-input":{"@type":"PropertyValueSpecification","valueRequired":true,"valueName":"search_term_string"}}],"inLanguage":"pt-BR"}]}},"_links":{"self":[{"href":"https:\/\/addtherm.com.br\/loja\/wp-json\/wp\/v2\/product\/8713","targetHints":{"allow":["GET"]}}],"collection":[{"href":"https:\/\/addtherm.com.br\/loja\/wp-json\/wp\/v2\/product"}],"about":[{"href":"https:\/\/addtherm.com.br\/loja\/wp-json\/wp\/v2\/types\/product"}],"replies":[{"embeddable":true,"href":"https:\/\/addtherm.com.br\/loja\/wp-json\/wp\/v2\/comments?post=8713"}],"wp:featuredmedia":[{"embeddable":true,"href":"https:\/\/addtherm.com.br\/loja\/wp-json\/wp\/v2\/media\/8714"}],"wp:attachment":[{"href":"https:\/\/addtherm.com.br\/loja\/wp-json\/wp\/v2\/media?parent=8713"}],"wp:term":[{"taxonomy":"product_brand","embeddable":true,"href":"https:\/\/addtherm.com.br\/loja\/wp-json\/wp\/v2\/product_brand?post=8713"},{"taxonomy":"product_cat","embeddable":true,"href":"https:\/\/addtherm.com.br\/loja\/wp-json\/wp\/v2\/product_cat?post=8713"},{"taxonomy":"product_tag","embeddable":true,"href":"https:\/\/addtherm.com.br\/loja\/wp-json\/wp\/v2\/product_tag?post=8713"}],"curies":[{"name":"wp","href":"https:\/\/api.w.org\/{rel}","templated":true}]}}