{"id":8708,"date":"2024-05-21T06:24:03","date_gmt":"2024-05-21T09:24:03","guid":{"rendered":"https:\/\/addtherm.com.br\/loja\/?post_type=product&#038;p=8708"},"modified":"2025-10-28T11:39:45","modified_gmt":"2025-10-28T14:39:45","slug":"termostatos-lamina-fixo-sem-pino-250c-16a","status":"publish","type":"product","link":"https:\/\/addtherm.com.br\/loja\/produto\/termostatos-lamina-fixo-sem-pino-250c-16a\/","title":{"rendered":"Termostatos L\u00e2mina fixo 250\u00baC sem pino &#8211; 16A Kit com 3 unidades"},"content":{"rendered":"<p>Termostatos L\u00e2mina fixo 250\u00baC sem pino &#8211; 16A<\/p>\n<p><strong>N\u00c3O VENDEMOS ESTE PRODUTO UNIT\u00c1RIO, TRATA-SE DE UM KIT COM 3 UNIDADES.<\/strong><\/p>\n","protected":false},"excerpt":{"rendered":"<div class=\"woocommerce-product-details__short-description\">\n<p><span style=\"font-weight: 400;\">Os <strong>Termostatos L\u00e2mina fixo 250\u00baC sem pino &#8211; 16A<\/strong><\/span><b>\u00a0<\/b><span style=\"font-weight: 400;\">s\u00e3o amplamente utilizados com o objetivo de controlar a temperatura de aquecimento em diversas aplica\u00e7\u00f5es.<\/span><\/p>\n<p><span style=\"font-weight: 400;\">Devido ao formato com bimetais aparentes, permitem uma melhor condutividade t\u00e9rmica com a fonte de calor a ser controlada. Estes termostatos operam em temperatura fixa (parafuso).<\/span><\/p>\n<p><span style=\"font-weight: 400;\">Os termostatos de l\u00e2mina est\u00e3o dispon\u00edveis com terminais el\u00e9tricos faston que podem ser fabricados na posi\u00e7\u00e3o necess\u00e1ria.\u00a0Eles podem ser uma alternativa com custo mais baixo em alguns casos em que se utilizam termostatos capilares.<\/span><\/p>\n<p><strong>Corrente M\u00e1xima: 16A<\/strong><\/p>\n<p><strong>Contato: NF<\/strong><\/p>\n<p><strong>Regulagem de Temperatura: Fixo<\/strong><\/p>\n<p><b>N\u00c3O VENDEMOS ESTE PRODUTO UNIT\u00c1RIO, TRATA-SE DE UM KIT COM 3 UNIDADES<\/b><\/p>\n<\/div>\n","protected":false},"featured_media":6901,"comment_status":"open","ping_status":"closed","template":"","meta":[],"product_brand":[],"product_cat":[89,93],"product_tag":[113,127,124,128],"class_list":{"0":"post-8708","1":"product","2":"type-product","3":"status-publish","4":"has-post-thumbnail","6":"product_cat-protecao-termica","7":"product_cat-termostatos-bimetalicos","8":"product_tag-termostato-bimetalico","9":"product_tag-termostato-de-lamina","10":"product_tag-termostatos","11":"product_tag-termostatos-addtherm","13":"first","14":"instock","15":"featured","16":"taxable","17":"shipping-taxable","18":"purchasable","19":"product-type-simple"},"yoast_head":"<!-- This site is optimized with the Yoast SEO plugin v27.4 - https:\/\/yoast.com\/product\/yoast-seo-wordpress\/ -->\n<title>Termostatos L\u00e2mina fixo 250\u00baC sem pino - 16A Kit com 3 unidades - Loja ADD-THERM<\/title>\n<meta name=\"description\" content=\"Termostatos L\u00e2mina fixo 250\u00baC sem pino - 16A controlam e protegem\u00a0a temperatura de aquecimento em aplica\u00e7\u00f5es que exigem um controle regul\u00e1vel de temperatura.\" \/>\n<meta name=\"robots\" content=\"index, follow, max-snippet:-1, max-image-preview:large, max-video-preview:-1\" \/>\n<link rel=\"canonical\" href=\"https:\/\/addtherm.com.br\/loja\/produto\/termostatos-lamina-fixo-sem-pino-250c-16a\/\" \/>\n<meta property=\"og:locale\" content=\"pt_BR\" \/>\n<meta property=\"og:type\" content=\"article\" \/>\n<meta property=\"og:title\" content=\"Termostatos L\u00e2mina fixo 250\u00baC sem pino - 16A Kit com 3 unidades - Loja ADD-THERM\" \/>\n<meta property=\"og:description\" content=\"Termostatos L\u00e2mina fixo 250\u00baC sem pino - 16A controlam e protegem\u00a0a temperatura de aquecimento em aplica\u00e7\u00f5es que exigem um controle regul\u00e1vel de temperatura.\" \/>\n<meta property=\"og:url\" content=\"https:\/\/addtherm.com.br\/loja\/produto\/termostatos-lamina-fixo-sem-pino-250c-16a\/\" \/>\n<meta property=\"og:site_name\" content=\"Loja ADD-THERM\" \/>\n<meta property=\"article:modified_time\" content=\"2025-10-28T14:39:45+00:00\" \/>\n<meta property=\"og:image\" content=\"https:\/\/addtherm.com.br\/loja\/wp-content\/uploads\/2019\/05\/Termostato-lamina.png\" \/>\n\t<meta property=\"og:image:width\" content=\"566\" \/>\n\t<meta property=\"og:image:height\" content=\"368\" \/>\n\t<meta property=\"og:image:type\" content=\"image\/png\" \/>\n<meta name=\"twitter:card\" content=\"summary_large_image\" \/>\n<meta name=\"twitter:label1\" content=\"Est. tempo de leitura\" \/>\n\t<meta name=\"twitter:data1\" content=\"1 minuto\" \/>\n<script type=\"application\/ld+json\" class=\"yoast-schema-graph\">{\"@context\":\"https:\\\/\\\/schema.org\",\"@graph\":[{\"@type\":\"WebPage\",\"@id\":\"https:\\\/\\\/addtherm.com.br\\\/loja\\\/produto\\\/termostatos-lamina-fixo-sem-pino-250c-16a\\\/\",\"url\":\"https:\\\/\\\/addtherm.com.br\\\/loja\\\/produto\\\/termostatos-lamina-fixo-sem-pino-250c-16a\\\/\",\"name\":\"Termostatos L\u00e2mina fixo 250\u00baC sem pino - 16A Kit com 3 unidades - Loja ADD-THERM\",\"isPartOf\":{\"@id\":\"https:\\\/\\\/addtherm.com.br\\\/loja\\\/#website\"},\"primaryImageOfPage\":{\"@id\":\"https:\\\/\\\/addtherm.com.br\\\/loja\\\/produto\\\/termostatos-lamina-fixo-sem-pino-250c-16a\\\/#primaryimage\"},\"image\":{\"@id\":\"https:\\\/\\\/addtherm.com.br\\\/loja\\\/produto\\\/termostatos-lamina-fixo-sem-pino-250c-16a\\\/#primaryimage\"},\"thumbnailUrl\":\"https:\\\/\\\/addtherm.com.br\\\/loja\\\/wp-content\\\/uploads\\\/2019\\\/05\\\/Termostato-lamina.png\",\"datePublished\":\"2024-05-21T09:24:03+00:00\",\"dateModified\":\"2025-10-28T14:39:45+00:00\",\"description\":\"Termostatos L\u00e2mina fixo 250\u00baC sem pino - 16A controlam e protegem\u00a0a temperatura de aquecimento em aplica\u00e7\u00f5es que exigem um controle regul\u00e1vel de temperatura.\",\"breadcrumb\":{\"@id\":\"https:\\\/\\\/addtherm.com.br\\\/loja\\\/produto\\\/termostatos-lamina-fixo-sem-pino-250c-16a\\\/#breadcrumb\"},\"inLanguage\":\"pt-BR\",\"potentialAction\":[{\"@type\":\"ReadAction\",\"target\":[\"https:\\\/\\\/addtherm.com.br\\\/loja\\\/produto\\\/termostatos-lamina-fixo-sem-pino-250c-16a\\\/\"]}]},{\"@type\":\"ImageObject\",\"inLanguage\":\"pt-BR\",\"@id\":\"https:\\\/\\\/addtherm.com.br\\\/loja\\\/produto\\\/termostatos-lamina-fixo-sem-pino-250c-16a\\\/#primaryimage\",\"url\":\"https:\\\/\\\/addtherm.com.br\\\/loja\\\/wp-content\\\/uploads\\\/2019\\\/05\\\/Termostato-lamina.png\",\"contentUrl\":\"https:\\\/\\\/addtherm.com.br\\\/loja\\\/wp-content\\\/uploads\\\/2019\\\/05\\\/Termostato-lamina.png\",\"width\":566,\"height\":368},{\"@type\":\"BreadcrumbList\",\"@id\":\"https:\\\/\\\/addtherm.com.br\\\/loja\\\/produto\\\/termostatos-lamina-fixo-sem-pino-250c-16a\\\/#breadcrumb\",\"itemListElement\":[{\"@type\":\"ListItem\",\"position\":1,\"name\":\"In\u00edcio\",\"item\":\"https:\\\/\\\/addtherm.com.br\\\/loja\\\/\"},{\"@type\":\"ListItem\",\"position\":2,\"name\":\"Shop\",\"item\":\"https:\\\/\\\/addtherm.com.br\\\/loja\\\/shop\\\/\"},{\"@type\":\"ListItem\",\"position\":3,\"name\":\"Termostatos L\u00e2mina fixo 250\u00baC sem pino &#8211; 16A Kit com 3 unidades\"}]},{\"@type\":\"WebSite\",\"@id\":\"https:\\\/\\\/addtherm.com.br\\\/loja\\\/#website\",\"url\":\"https:\\\/\\\/addtherm.com.br\\\/loja\\\/\",\"name\":\"Loja ADD-THERM\",\"description\":\"Loja ADD-THERM\",\"potentialAction\":[{\"@type\":\"SearchAction\",\"target\":{\"@type\":\"EntryPoint\",\"urlTemplate\":\"https:\\\/\\\/addtherm.com.br\\\/loja\\\/?s={search_term_string}\"},\"query-input\":{\"@type\":\"PropertyValueSpecification\",\"valueRequired\":true,\"valueName\":\"search_term_string\"}}],\"inLanguage\":\"pt-BR\"}]}<\/script>\n<!-- \/ Yoast SEO plugin. -->","yoast_head_json":{"title":"Termostatos L\u00e2mina fixo 250\u00baC sem pino - 16A Kit com 3 unidades - Loja ADD-THERM","description":"Termostatos L\u00e2mina fixo 250\u00baC sem pino - 16A controlam e protegem\u00a0a temperatura de aquecimento em aplica\u00e7\u00f5es que exigem um controle regul\u00e1vel de temperatura.","robots":{"index":"index","follow":"follow","max-snippet":"max-snippet:-1","max-image-preview":"max-image-preview:large","max-video-preview":"max-video-preview:-1"},"canonical":"https:\/\/addtherm.com.br\/loja\/produto\/termostatos-lamina-fixo-sem-pino-250c-16a\/","og_locale":"pt_BR","og_type":"article","og_title":"Termostatos L\u00e2mina fixo 250\u00baC sem pino - 16A Kit com 3 unidades - Loja ADD-THERM","og_description":"Termostatos L\u00e2mina fixo 250\u00baC sem pino - 16A controlam e protegem\u00a0a temperatura de aquecimento em aplica\u00e7\u00f5es que exigem um controle regul\u00e1vel de temperatura.","og_url":"https:\/\/addtherm.com.br\/loja\/produto\/termostatos-lamina-fixo-sem-pino-250c-16a\/","og_site_name":"Loja ADD-THERM","article_modified_time":"2025-10-28T14:39:45+00:00","og_image":[{"width":566,"height":368,"url":"https:\/\/addtherm.com.br\/loja\/wp-content\/uploads\/2019\/05\/Termostato-lamina.png","type":"image\/png"}],"twitter_card":"summary_large_image","twitter_misc":{"Est. tempo de leitura":"1 minuto"},"schema":{"@context":"https:\/\/schema.org","@graph":[{"@type":"WebPage","@id":"https:\/\/addtherm.com.br\/loja\/produto\/termostatos-lamina-fixo-sem-pino-250c-16a\/","url":"https:\/\/addtherm.com.br\/loja\/produto\/termostatos-lamina-fixo-sem-pino-250c-16a\/","name":"Termostatos L\u00e2mina fixo 250\u00baC sem pino - 16A Kit com 3 unidades - Loja ADD-THERM","isPartOf":{"@id":"https:\/\/addtherm.com.br\/loja\/#website"},"primaryImageOfPage":{"@id":"https:\/\/addtherm.com.br\/loja\/produto\/termostatos-lamina-fixo-sem-pino-250c-16a\/#primaryimage"},"image":{"@id":"https:\/\/addtherm.com.br\/loja\/produto\/termostatos-lamina-fixo-sem-pino-250c-16a\/#primaryimage"},"thumbnailUrl":"https:\/\/addtherm.com.br\/loja\/wp-content\/uploads\/2019\/05\/Termostato-lamina.png","datePublished":"2024-05-21T09:24:03+00:00","dateModified":"2025-10-28T14:39:45+00:00","description":"Termostatos L\u00e2mina fixo 250\u00baC sem pino - 16A controlam e protegem\u00a0a temperatura de aquecimento em aplica\u00e7\u00f5es que exigem um controle regul\u00e1vel de temperatura.","breadcrumb":{"@id":"https:\/\/addtherm.com.br\/loja\/produto\/termostatos-lamina-fixo-sem-pino-250c-16a\/#breadcrumb"},"inLanguage":"pt-BR","potentialAction":[{"@type":"ReadAction","target":["https:\/\/addtherm.com.br\/loja\/produto\/termostatos-lamina-fixo-sem-pino-250c-16a\/"]}]},{"@type":"ImageObject","inLanguage":"pt-BR","@id":"https:\/\/addtherm.com.br\/loja\/produto\/termostatos-lamina-fixo-sem-pino-250c-16a\/#primaryimage","url":"https:\/\/addtherm.com.br\/loja\/wp-content\/uploads\/2019\/05\/Termostato-lamina.png","contentUrl":"https:\/\/addtherm.com.br\/loja\/wp-content\/uploads\/2019\/05\/Termostato-lamina.png","width":566,"height":368},{"@type":"BreadcrumbList","@id":"https:\/\/addtherm.com.br\/loja\/produto\/termostatos-lamina-fixo-sem-pino-250c-16a\/#breadcrumb","itemListElement":[{"@type":"ListItem","position":1,"name":"In\u00edcio","item":"https:\/\/addtherm.com.br\/loja\/"},{"@type":"ListItem","position":2,"name":"Shop","item":"https:\/\/addtherm.com.br\/loja\/shop\/"},{"@type":"ListItem","position":3,"name":"Termostatos L\u00e2mina fixo 250\u00baC sem pino &#8211; 16A Kit com 3 unidades"}]},{"@type":"WebSite","@id":"https:\/\/addtherm.com.br\/loja\/#website","url":"https:\/\/addtherm.com.br\/loja\/","name":"Loja ADD-THERM","description":"Loja ADD-THERM","potentialAction":[{"@type":"SearchAction","target":{"@type":"EntryPoint","urlTemplate":"https:\/\/addtherm.com.br\/loja\/?s={search_term_string}"},"query-input":{"@type":"PropertyValueSpecification","valueRequired":true,"valueName":"search_term_string"}}],"inLanguage":"pt-BR"}]}},"_links":{"self":[{"href":"https:\/\/addtherm.com.br\/loja\/wp-json\/wp\/v2\/product\/8708","targetHints":{"allow":["GET"]}}],"collection":[{"href":"https:\/\/addtherm.com.br\/loja\/wp-json\/wp\/v2\/product"}],"about":[{"href":"https:\/\/addtherm.com.br\/loja\/wp-json\/wp\/v2\/types\/product"}],"replies":[{"embeddable":true,"href":"https:\/\/addtherm.com.br\/loja\/wp-json\/wp\/v2\/comments?post=8708"}],"wp:featuredmedia":[{"embeddable":true,"href":"https:\/\/addtherm.com.br\/loja\/wp-json\/wp\/v2\/media\/6901"}],"wp:attachment":[{"href":"https:\/\/addtherm.com.br\/loja\/wp-json\/wp\/v2\/media?parent=8708"}],"wp:term":[{"taxonomy":"product_brand","embeddable":true,"href":"https:\/\/addtherm.com.br\/loja\/wp-json\/wp\/v2\/product_brand?post=8708"},{"taxonomy":"product_cat","embeddable":true,"href":"https:\/\/addtherm.com.br\/loja\/wp-json\/wp\/v2\/product_cat?post=8708"},{"taxonomy":"product_tag","embeddable":true,"href":"https:\/\/addtherm.com.br\/loja\/wp-json\/wp\/v2\/product_tag?post=8708"}],"curies":[{"name":"wp","href":"https:\/\/api.w.org\/{rel}","templated":true}]}}