{"id":7874,"date":"2024-03-11T12:51:24","date_gmt":"2024-03-11T15:51:24","guid":{"rendered":"https:\/\/addtherm.com.br\/loja\/?post_type=product&#038;p=7874"},"modified":"2024-07-25T17:41:29","modified_gmt":"2024-07-25T20:41:29","slug":"pressostato-kpa32","status":"publish","type":"product","link":"https:\/\/addtherm.com.br\/loja\/produto\/pressostato-kpa32\/","title":{"rendered":"Pressostato &#8211; KPA32"},"content":{"rendered":"<p>Pressostato KPA32<\/p>\n","protected":false},"excerpt":{"rendered":"<p>O pressostatos KPA32 \u00e9 um pressostato de press\u00e3o diferencial ajust\u00e1vel, capaz de detectar baixas altera\u00e7\u00f5es de press\u00e3o, de acordo com seu tamanho e design comprovado. A press\u00e3o de acionamento pode ser ajustada em campo sem a necessidade de um man\u00f4metro, simplesmente atrav\u00e9s do bot\u00e3o de ajuste e da escala visual calibrada. Este interruptor possui uma tampa clara que n\u00e3o s\u00f3 protege o bot\u00e3o de ajuste de movimentos involunt\u00e1rios, mas tamb\u00e9m fornece prote\u00e7\u00e3o classe IP54.<\/p>\n","protected":false},"featured_media":7876,"comment_status":"open","ping_status":"closed","template":"","meta":[],"product_brand":[],"product_cat":[91,92],"product_tag":[274,279,278,456],"class_list":{"0":"post-7874","1":"product","2":"type-product","3":"status-publish","4":"has-post-thumbnail","6":"product_cat-pressao","7":"product_cat-pressostatos-ajustaveis","8":"product_tag-controle-de-pressao-industrial","9":"product_tag-pressao-addtherm","10":"product_tag-pressostato-ajustavel","11":"product_tag-pressostato-sp-044","13":"first","14":"instock","15":"taxable","16":"shipping-taxable","17":"purchasable","18":"product-type-simple"},"yoast_head":"<!-- This site is optimized with the Yoast SEO plugin v27.3 - https:\/\/yoast.com\/product\/yoast-seo-wordpress\/ -->\n<title>Pressostato - KPA32 - Loja ADD-THERM<\/title>\n<meta name=\"description\" content=\"pressostato de press\u00e3o diferencial ajust\u00e1vel, capaz de detectar baixas altera\u00e7\u00f5es de press\u00e3o, de acordo com seu tamanho e design comprovado.\" \/>\n<meta name=\"robots\" content=\"index, follow, max-snippet:-1, max-image-preview:large, max-video-preview:-1\" \/>\n<link rel=\"canonical\" href=\"https:\/\/addtherm.com.br\/loja\/produto\/pressostato-kpa32\/\" \/>\n<meta property=\"og:locale\" content=\"pt_BR\" \/>\n<meta property=\"og:type\" content=\"article\" \/>\n<meta property=\"og:title\" content=\"Pressostato - KPA32 - Loja ADD-THERM\" \/>\n<meta property=\"og:description\" content=\"pressostato de press\u00e3o diferencial ajust\u00e1vel, capaz de detectar baixas altera\u00e7\u00f5es de press\u00e3o, de acordo com seu tamanho e design comprovado.\" \/>\n<meta property=\"og:url\" content=\"https:\/\/addtherm.com.br\/loja\/produto\/pressostato-kpa32\/\" \/>\n<meta property=\"og:site_name\" content=\"Loja ADD-THERM\" \/>\n<meta property=\"article:modified_time\" content=\"2024-07-25T20:41:29+00:00\" \/>\n<meta property=\"og:image\" content=\"https:\/\/addtherm.com.br\/loja\/wp-content\/uploads\/2024\/03\/kpa32-1.png\" \/>\n\t<meta property=\"og:image:width\" content=\"577\" \/>\n\t<meta property=\"og:image:height\" content=\"433\" \/>\n\t<meta property=\"og:image:type\" content=\"image\/png\" \/>\n<meta name=\"twitter:card\" content=\"summary_large_image\" \/>\n<meta name=\"twitter:label1\" content=\"Est. tempo de leitura\" \/>\n\t<meta name=\"twitter:data1\" content=\"1 minuto\" \/>\n<script type=\"application\/ld+json\" class=\"yoast-schema-graph\">{\"@context\":\"https:\\\/\\\/schema.org\",\"@graph\":[{\"@type\":\"WebPage\",\"@id\":\"https:\\\/\\\/addtherm.com.br\\\/loja\\\/produto\\\/pressostato-kpa32\\\/\",\"url\":\"https:\\\/\\\/addtherm.com.br\\\/loja\\\/produto\\\/pressostato-kpa32\\\/\",\"name\":\"Pressostato - KPA32 - Loja ADD-THERM\",\"isPartOf\":{\"@id\":\"https:\\\/\\\/addtherm.com.br\\\/loja\\\/#website\"},\"primaryImageOfPage\":{\"@id\":\"https:\\\/\\\/addtherm.com.br\\\/loja\\\/produto\\\/pressostato-kpa32\\\/#primaryimage\"},\"image\":{\"@id\":\"https:\\\/\\\/addtherm.com.br\\\/loja\\\/produto\\\/pressostato-kpa32\\\/#primaryimage\"},\"thumbnailUrl\":\"https:\\\/\\\/addtherm.com.br\\\/loja\\\/wp-content\\\/uploads\\\/2024\\\/03\\\/kpa32-1.png\",\"datePublished\":\"2024-03-11T15:51:24+00:00\",\"dateModified\":\"2024-07-25T20:41:29+00:00\",\"description\":\"pressostato de press\u00e3o diferencial ajust\u00e1vel, capaz de detectar baixas altera\u00e7\u00f5es de press\u00e3o, de acordo com seu tamanho e design comprovado.\",\"breadcrumb\":{\"@id\":\"https:\\\/\\\/addtherm.com.br\\\/loja\\\/produto\\\/pressostato-kpa32\\\/#breadcrumb\"},\"inLanguage\":\"pt-BR\",\"potentialAction\":[{\"@type\":\"ReadAction\",\"target\":[\"https:\\\/\\\/addtherm.com.br\\\/loja\\\/produto\\\/pressostato-kpa32\\\/\"]}]},{\"@type\":\"ImageObject\",\"inLanguage\":\"pt-BR\",\"@id\":\"https:\\\/\\\/addtherm.com.br\\\/loja\\\/produto\\\/pressostato-kpa32\\\/#primaryimage\",\"url\":\"https:\\\/\\\/addtherm.com.br\\\/loja\\\/wp-content\\\/uploads\\\/2024\\\/03\\\/kpa32-1.png\",\"contentUrl\":\"https:\\\/\\\/addtherm.com.br\\\/loja\\\/wp-content\\\/uploads\\\/2024\\\/03\\\/kpa32-1.png\",\"width\":577,\"height\":433,\"caption\":\"Pressostato kpa32\"},{\"@type\":\"BreadcrumbList\",\"@id\":\"https:\\\/\\\/addtherm.com.br\\\/loja\\\/produto\\\/pressostato-kpa32\\\/#breadcrumb\",\"itemListElement\":[{\"@type\":\"ListItem\",\"position\":1,\"name\":\"In\u00edcio\",\"item\":\"https:\\\/\\\/addtherm.com.br\\\/loja\\\/\"},{\"@type\":\"ListItem\",\"position\":2,\"name\":\"Shop\",\"item\":\"https:\\\/\\\/addtherm.com.br\\\/loja\\\/shop\\\/\"},{\"@type\":\"ListItem\",\"position\":3,\"name\":\"Pressostato &#8211; KPA32\"}]},{\"@type\":\"WebSite\",\"@id\":\"https:\\\/\\\/addtherm.com.br\\\/loja\\\/#website\",\"url\":\"https:\\\/\\\/addtherm.com.br\\\/loja\\\/\",\"name\":\"Loja ADD-THERM\",\"description\":\"Loja ADD-THERM\",\"potentialAction\":[{\"@type\":\"SearchAction\",\"target\":{\"@type\":\"EntryPoint\",\"urlTemplate\":\"https:\\\/\\\/addtherm.com.br\\\/loja\\\/?s={search_term_string}\"},\"query-input\":{\"@type\":\"PropertyValueSpecification\",\"valueRequired\":true,\"valueName\":\"search_term_string\"}}],\"inLanguage\":\"pt-BR\"}]}<\/script>\n<!-- \/ Yoast SEO plugin. -->","yoast_head_json":{"title":"Pressostato - KPA32 - Loja ADD-THERM","description":"pressostato de press\u00e3o diferencial ajust\u00e1vel, capaz de detectar baixas altera\u00e7\u00f5es de press\u00e3o, de acordo com seu tamanho e design comprovado.","robots":{"index":"index","follow":"follow","max-snippet":"max-snippet:-1","max-image-preview":"max-image-preview:large","max-video-preview":"max-video-preview:-1"},"canonical":"https:\/\/addtherm.com.br\/loja\/produto\/pressostato-kpa32\/","og_locale":"pt_BR","og_type":"article","og_title":"Pressostato - KPA32 - Loja ADD-THERM","og_description":"pressostato de press\u00e3o diferencial ajust\u00e1vel, capaz de detectar baixas altera\u00e7\u00f5es de press\u00e3o, de acordo com seu tamanho e design comprovado.","og_url":"https:\/\/addtherm.com.br\/loja\/produto\/pressostato-kpa32\/","og_site_name":"Loja ADD-THERM","article_modified_time":"2024-07-25T20:41:29+00:00","og_image":[{"width":577,"height":433,"url":"https:\/\/addtherm.com.br\/loja\/wp-content\/uploads\/2024\/03\/kpa32-1.png","type":"image\/png"}],"twitter_card":"summary_large_image","twitter_misc":{"Est. tempo de leitura":"1 minuto"},"schema":{"@context":"https:\/\/schema.org","@graph":[{"@type":"WebPage","@id":"https:\/\/addtherm.com.br\/loja\/produto\/pressostato-kpa32\/","url":"https:\/\/addtherm.com.br\/loja\/produto\/pressostato-kpa32\/","name":"Pressostato - KPA32 - Loja ADD-THERM","isPartOf":{"@id":"https:\/\/addtherm.com.br\/loja\/#website"},"primaryImageOfPage":{"@id":"https:\/\/addtherm.com.br\/loja\/produto\/pressostato-kpa32\/#primaryimage"},"image":{"@id":"https:\/\/addtherm.com.br\/loja\/produto\/pressostato-kpa32\/#primaryimage"},"thumbnailUrl":"https:\/\/addtherm.com.br\/loja\/wp-content\/uploads\/2024\/03\/kpa32-1.png","datePublished":"2024-03-11T15:51:24+00:00","dateModified":"2024-07-25T20:41:29+00:00","description":"pressostato de press\u00e3o diferencial ajust\u00e1vel, capaz de detectar baixas altera\u00e7\u00f5es de press\u00e3o, de acordo com seu tamanho e design comprovado.","breadcrumb":{"@id":"https:\/\/addtherm.com.br\/loja\/produto\/pressostato-kpa32\/#breadcrumb"},"inLanguage":"pt-BR","potentialAction":[{"@type":"ReadAction","target":["https:\/\/addtherm.com.br\/loja\/produto\/pressostato-kpa32\/"]}]},{"@type":"ImageObject","inLanguage":"pt-BR","@id":"https:\/\/addtherm.com.br\/loja\/produto\/pressostato-kpa32\/#primaryimage","url":"https:\/\/addtherm.com.br\/loja\/wp-content\/uploads\/2024\/03\/kpa32-1.png","contentUrl":"https:\/\/addtherm.com.br\/loja\/wp-content\/uploads\/2024\/03\/kpa32-1.png","width":577,"height":433,"caption":"Pressostato kpa32"},{"@type":"BreadcrumbList","@id":"https:\/\/addtherm.com.br\/loja\/produto\/pressostato-kpa32\/#breadcrumb","itemListElement":[{"@type":"ListItem","position":1,"name":"In\u00edcio","item":"https:\/\/addtherm.com.br\/loja\/"},{"@type":"ListItem","position":2,"name":"Shop","item":"https:\/\/addtherm.com.br\/loja\/shop\/"},{"@type":"ListItem","position":3,"name":"Pressostato &#8211; KPA32"}]},{"@type":"WebSite","@id":"https:\/\/addtherm.com.br\/loja\/#website","url":"https:\/\/addtherm.com.br\/loja\/","name":"Loja ADD-THERM","description":"Loja ADD-THERM","potentialAction":[{"@type":"SearchAction","target":{"@type":"EntryPoint","urlTemplate":"https:\/\/addtherm.com.br\/loja\/?s={search_term_string}"},"query-input":{"@type":"PropertyValueSpecification","valueRequired":true,"valueName":"search_term_string"}}],"inLanguage":"pt-BR"}]}},"_links":{"self":[{"href":"https:\/\/addtherm.com.br\/loja\/wp-json\/wp\/v2\/product\/7874","targetHints":{"allow":["GET"]}}],"collection":[{"href":"https:\/\/addtherm.com.br\/loja\/wp-json\/wp\/v2\/product"}],"about":[{"href":"https:\/\/addtherm.com.br\/loja\/wp-json\/wp\/v2\/types\/product"}],"replies":[{"embeddable":true,"href":"https:\/\/addtherm.com.br\/loja\/wp-json\/wp\/v2\/comments?post=7874"}],"wp:featuredmedia":[{"embeddable":true,"href":"https:\/\/addtherm.com.br\/loja\/wp-json\/wp\/v2\/media\/7876"}],"wp:attachment":[{"href":"https:\/\/addtherm.com.br\/loja\/wp-json\/wp\/v2\/media?parent=7874"}],"wp:term":[{"taxonomy":"product_brand","embeddable":true,"href":"https:\/\/addtherm.com.br\/loja\/wp-json\/wp\/v2\/product_brand?post=7874"},{"taxonomy":"product_cat","embeddable":true,"href":"https:\/\/addtherm.com.br\/loja\/wp-json\/wp\/v2\/product_cat?post=7874"},{"taxonomy":"product_tag","embeddable":true,"href":"https:\/\/addtherm.com.br\/loja\/wp-json\/wp\/v2\/product_tag?post=7874"}],"curies":[{"name":"wp","href":"https:\/\/api.w.org\/{rel}","templated":true}]}}