{"id":73,"date":"2018-04-26T03:17:25","date_gmt":"2018-04-26T03:17:25","guid":{"rendered":"http:\/\/demo.roadthemes.com\/digitech\/product\/import-placeholder-for-6894\/"},"modified":"2025-01-09T07:30:48","modified_gmt":"2025-01-09T10:30:48","slug":"chave-termica","status":"publish","type":"product","link":"https:\/\/addtherm.com.br\/loja\/produto\/chave-termica\/","title":{"rendered":"Chaves T\u00e9rmicas &#8211; Kit com 10 unidades"},"content":{"rendered":"<h1><b>Linha CT &#8211; Chaves T\u00e9rmicas<\/b><\/h1>\n<p><strong>Chaves T\u00e9rmicas<\/strong> &#8211; Ap\u00f3s a abertura do protetor t\u00e9rmico, as liga\u00e7\u00f5es devem suportar a c.a. 1500VAC\/50Hz com a corrente do escape de 1mA que dura por 1 minuto.<\/p>\n<p><strong>N\u00c3O VENDEMOS ESTE PRODUTO UNIT\u00c1RIO, TRATA-SE DE UM KIT COM 10 UNIDADES.<\/strong><\/p>\n","protected":false},"excerpt":{"rendered":"<p class=\"product_title entry-title\">Amplamente utilizadas com o objetivo de proteger os equipamentos contra o superaquecimento. As chaves t\u00e9rmicas s\u00e3o especialmente utilizadas em prote\u00e7\u00e3o de sistemas com fluxo de ar, como secadores de cabelo. Na vers\u00e3o encapsulada s\u00e3o aplicadas em prote\u00e7\u00e3o de motores monof\u00e1sicos, como sistemas de acionamento el\u00e9trico de vidro, antena e limpador de para-brisa.<\/p>\n<p><em><strong>Temperatura: 135\u00baC<\/strong><\/em><\/p>\n<p><em><strong>Corrente: 10A<\/strong><\/em><\/p>\n<p><em><strong>Contato: NF<\/strong><\/em><\/p>\n<p><strong style=\"font-size: 1rem;\"><strong>N\u00c3O VENDEMOS ESTE PRODUTO UNIT\u00c1RIO, TRATA-SE DE UM KIT COM 10 UNIDADES.<\/strong><\/strong><\/p>\n","protected":false},"featured_media":6698,"comment_status":"open","ping_status":"closed","template":"","meta":[],"product_brand":[],"product_cat":[90,89],"product_tag":[117,119,118,120],"class_list":{"0":"post-73","1":"product","2":"type-product","3":"status-publish","4":"has-post-thumbnail","6":"product_cat-chave-termica","7":"product_cat-protecao-termica","8":"product_tag-chave-termica","9":"product_tag-chave-termica-para-secadores-de-cabelo","10":"product_tag-protecao-de-sistemas-de-fluo-de-ar","11":"product_tag-protecao-termica","13":"first","14":"instock","15":"taxable","16":"shipping-taxable","17":"purchasable","18":"product-type-simple"},"yoast_head":"<!-- This site is optimized with the Yoast SEO plugin v27.5 - https:\/\/yoast.com\/product\/yoast-seo-wordpress\/ -->\n<title>Chaves T\u00e9rmicas - Kit com 10 unidades - Loja ADD-THERM<\/title>\n<meta name=\"description\" content=\"Chave t\u00e9rmica, utilizada para prote\u00e7\u00e3o de sistemas com fluxo de ar, como secadores de cabelo, entre outros. Compre agora pelo site.\" \/>\n<meta name=\"robots\" content=\"index, follow, max-snippet:-1, max-image-preview:large, max-video-preview:-1\" \/>\n<link rel=\"canonical\" href=\"https:\/\/addtherm.com.br\/loja\/produto\/chave-termica\/\" \/>\n<meta property=\"og:locale\" content=\"pt_BR\" \/>\n<meta property=\"og:type\" content=\"article\" \/>\n<meta property=\"og:title\" content=\"Chaves T\u00e9rmicas - Kit com 10 unidades - Loja ADD-THERM\" \/>\n<meta property=\"og:description\" content=\"Chave t\u00e9rmica, utilizada para prote\u00e7\u00e3o de sistemas com fluxo de ar, como secadores de cabelo, entre outros. Compre agora pelo site.\" \/>\n<meta property=\"og:url\" content=\"https:\/\/addtherm.com.br\/loja\/produto\/chave-termica\/\" \/>\n<meta property=\"og:site_name\" content=\"Loja ADD-THERM\" \/>\n<meta property=\"article:modified_time\" content=\"2025-01-09T10:30:48+00:00\" \/>\n<meta property=\"og:image\" content=\"https:\/\/addtherm.com.br\/loja\/wp-content\/uploads\/2018\/04\/CT.png\" \/>\n\t<meta property=\"og:image:width\" content=\"470\" \/>\n\t<meta property=\"og:image:height\" content=\"399\" \/>\n\t<meta property=\"og:image:type\" content=\"image\/png\" \/>\n<meta name=\"twitter:card\" content=\"summary_large_image\" \/>\n<meta name=\"twitter:label1\" content=\"Est. tempo de leitura\" \/>\n\t<meta name=\"twitter:data1\" content=\"1 minuto\" \/>\n<script type=\"application\/ld+json\" class=\"yoast-schema-graph\">{\"@context\":\"https:\\\/\\\/schema.org\",\"@graph\":[{\"@type\":\"WebPage\",\"@id\":\"https:\\\/\\\/addtherm.com.br\\\/loja\\\/produto\\\/chave-termica\\\/\",\"url\":\"https:\\\/\\\/addtherm.com.br\\\/loja\\\/produto\\\/chave-termica\\\/\",\"name\":\"Chaves T\u00e9rmicas - Kit com 10 unidades - Loja ADD-THERM\",\"isPartOf\":{\"@id\":\"https:\\\/\\\/addtherm.com.br\\\/loja\\\/#website\"},\"primaryImageOfPage\":{\"@id\":\"https:\\\/\\\/addtherm.com.br\\\/loja\\\/produto\\\/chave-termica\\\/#primaryimage\"},\"image\":{\"@id\":\"https:\\\/\\\/addtherm.com.br\\\/loja\\\/produto\\\/chave-termica\\\/#primaryimage\"},\"thumbnailUrl\":\"https:\\\/\\\/addtherm.com.br\\\/loja\\\/wp-content\\\/uploads\\\/2018\\\/04\\\/CT.png\",\"datePublished\":\"2018-04-26T03:17:25+00:00\",\"dateModified\":\"2025-01-09T10:30:48+00:00\",\"description\":\"Chave t\u00e9rmica, utilizada para prote\u00e7\u00e3o de sistemas com fluxo de ar, como secadores de cabelo, entre outros. Compre agora pelo site.\",\"breadcrumb\":{\"@id\":\"https:\\\/\\\/addtherm.com.br\\\/loja\\\/produto\\\/chave-termica\\\/#breadcrumb\"},\"inLanguage\":\"pt-BR\",\"potentialAction\":[{\"@type\":\"ReadAction\",\"target\":[\"https:\\\/\\\/addtherm.com.br\\\/loja\\\/produto\\\/chave-termica\\\/\"]}]},{\"@type\":\"ImageObject\",\"inLanguage\":\"pt-BR\",\"@id\":\"https:\\\/\\\/addtherm.com.br\\\/loja\\\/produto\\\/chave-termica\\\/#primaryimage\",\"url\":\"https:\\\/\\\/addtherm.com.br\\\/loja\\\/wp-content\\\/uploads\\\/2018\\\/04\\\/CT.png\",\"contentUrl\":\"https:\\\/\\\/addtherm.com.br\\\/loja\\\/wp-content\\\/uploads\\\/2018\\\/04\\\/CT.png\",\"width\":470,\"height\":399,\"caption\":\"Chaves T\u00e9rmicas\"},{\"@type\":\"BreadcrumbList\",\"@id\":\"https:\\\/\\\/addtherm.com.br\\\/loja\\\/produto\\\/chave-termica\\\/#breadcrumb\",\"itemListElement\":[{\"@type\":\"ListItem\",\"position\":1,\"name\":\"In\u00edcio\",\"item\":\"https:\\\/\\\/addtherm.com.br\\\/loja\\\/\"},{\"@type\":\"ListItem\",\"position\":2,\"name\":\"Shop\",\"item\":\"https:\\\/\\\/addtherm.com.br\\\/loja\\\/shop\\\/\"},{\"@type\":\"ListItem\",\"position\":3,\"name\":\"Chaves T\u00e9rmicas &#8211; Kit com 10 unidades\"}]},{\"@type\":\"WebSite\",\"@id\":\"https:\\\/\\\/addtherm.com.br\\\/loja\\\/#website\",\"url\":\"https:\\\/\\\/addtherm.com.br\\\/loja\\\/\",\"name\":\"Loja ADD-THERM\",\"description\":\"Loja ADD-THERM\",\"potentialAction\":[{\"@type\":\"SearchAction\",\"target\":{\"@type\":\"EntryPoint\",\"urlTemplate\":\"https:\\\/\\\/addtherm.com.br\\\/loja\\\/?s={search_term_string}\"},\"query-input\":{\"@type\":\"PropertyValueSpecification\",\"valueRequired\":true,\"valueName\":\"search_term_string\"}}],\"inLanguage\":\"pt-BR\"}]}<\/script>\n<!-- \/ Yoast SEO plugin. -->","yoast_head_json":{"title":"Chaves T\u00e9rmicas - Kit com 10 unidades - Loja ADD-THERM","description":"Chave t\u00e9rmica, utilizada para prote\u00e7\u00e3o de sistemas com fluxo de ar, como secadores de cabelo, entre outros. Compre agora pelo site.","robots":{"index":"index","follow":"follow","max-snippet":"max-snippet:-1","max-image-preview":"max-image-preview:large","max-video-preview":"max-video-preview:-1"},"canonical":"https:\/\/addtherm.com.br\/loja\/produto\/chave-termica\/","og_locale":"pt_BR","og_type":"article","og_title":"Chaves T\u00e9rmicas - Kit com 10 unidades - Loja ADD-THERM","og_description":"Chave t\u00e9rmica, utilizada para prote\u00e7\u00e3o de sistemas com fluxo de ar, como secadores de cabelo, entre outros. Compre agora pelo site.","og_url":"https:\/\/addtherm.com.br\/loja\/produto\/chave-termica\/","og_site_name":"Loja ADD-THERM","article_modified_time":"2025-01-09T10:30:48+00:00","og_image":[{"width":470,"height":399,"url":"https:\/\/addtherm.com.br\/loja\/wp-content\/uploads\/2018\/04\/CT.png","type":"image\/png"}],"twitter_card":"summary_large_image","twitter_misc":{"Est. tempo de leitura":"1 minuto"},"schema":{"@context":"https:\/\/schema.org","@graph":[{"@type":"WebPage","@id":"https:\/\/addtherm.com.br\/loja\/produto\/chave-termica\/","url":"https:\/\/addtherm.com.br\/loja\/produto\/chave-termica\/","name":"Chaves T\u00e9rmicas - Kit com 10 unidades - Loja ADD-THERM","isPartOf":{"@id":"https:\/\/addtherm.com.br\/loja\/#website"},"primaryImageOfPage":{"@id":"https:\/\/addtherm.com.br\/loja\/produto\/chave-termica\/#primaryimage"},"image":{"@id":"https:\/\/addtherm.com.br\/loja\/produto\/chave-termica\/#primaryimage"},"thumbnailUrl":"https:\/\/addtherm.com.br\/loja\/wp-content\/uploads\/2018\/04\/CT.png","datePublished":"2018-04-26T03:17:25+00:00","dateModified":"2025-01-09T10:30:48+00:00","description":"Chave t\u00e9rmica, utilizada para prote\u00e7\u00e3o de sistemas com fluxo de ar, como secadores de cabelo, entre outros. Compre agora pelo site.","breadcrumb":{"@id":"https:\/\/addtherm.com.br\/loja\/produto\/chave-termica\/#breadcrumb"},"inLanguage":"pt-BR","potentialAction":[{"@type":"ReadAction","target":["https:\/\/addtherm.com.br\/loja\/produto\/chave-termica\/"]}]},{"@type":"ImageObject","inLanguage":"pt-BR","@id":"https:\/\/addtherm.com.br\/loja\/produto\/chave-termica\/#primaryimage","url":"https:\/\/addtherm.com.br\/loja\/wp-content\/uploads\/2018\/04\/CT.png","contentUrl":"https:\/\/addtherm.com.br\/loja\/wp-content\/uploads\/2018\/04\/CT.png","width":470,"height":399,"caption":"Chaves T\u00e9rmicas"},{"@type":"BreadcrumbList","@id":"https:\/\/addtherm.com.br\/loja\/produto\/chave-termica\/#breadcrumb","itemListElement":[{"@type":"ListItem","position":1,"name":"In\u00edcio","item":"https:\/\/addtherm.com.br\/loja\/"},{"@type":"ListItem","position":2,"name":"Shop","item":"https:\/\/addtherm.com.br\/loja\/shop\/"},{"@type":"ListItem","position":3,"name":"Chaves T\u00e9rmicas &#8211; Kit com 10 unidades"}]},{"@type":"WebSite","@id":"https:\/\/addtherm.com.br\/loja\/#website","url":"https:\/\/addtherm.com.br\/loja\/","name":"Loja ADD-THERM","description":"Loja ADD-THERM","potentialAction":[{"@type":"SearchAction","target":{"@type":"EntryPoint","urlTemplate":"https:\/\/addtherm.com.br\/loja\/?s={search_term_string}"},"query-input":{"@type":"PropertyValueSpecification","valueRequired":true,"valueName":"search_term_string"}}],"inLanguage":"pt-BR"}]}},"_links":{"self":[{"href":"https:\/\/addtherm.com.br\/loja\/wp-json\/wp\/v2\/product\/73","targetHints":{"allow":["GET"]}}],"collection":[{"href":"https:\/\/addtherm.com.br\/loja\/wp-json\/wp\/v2\/product"}],"about":[{"href":"https:\/\/addtherm.com.br\/loja\/wp-json\/wp\/v2\/types\/product"}],"replies":[{"embeddable":true,"href":"https:\/\/addtherm.com.br\/loja\/wp-json\/wp\/v2\/comments?post=73"}],"wp:featuredmedia":[{"embeddable":true,"href":"https:\/\/addtherm.com.br\/loja\/wp-json\/wp\/v2\/media\/6698"}],"wp:attachment":[{"href":"https:\/\/addtherm.com.br\/loja\/wp-json\/wp\/v2\/media?parent=73"}],"wp:term":[{"taxonomy":"product_brand","embeddable":true,"href":"https:\/\/addtherm.com.br\/loja\/wp-json\/wp\/v2\/product_brand?post=73"},{"taxonomy":"product_cat","embeddable":true,"href":"https:\/\/addtherm.com.br\/loja\/wp-json\/wp\/v2\/product_cat?post=73"},{"taxonomy":"product_tag","embeddable":true,"href":"https:\/\/addtherm.com.br\/loja\/wp-json\/wp\/v2\/product_tag?post=73"}],"curies":[{"name":"wp","href":"https:\/\/api.w.org\/{rel}","templated":true}]}}