{"id":7169,"date":"2022-08-30T09:14:18","date_gmt":"2022-08-30T12:14:18","guid":{"rendered":"https:\/\/addtherm.com.br\/loja\/?post_type=product&#038;p=7169"},"modified":"2023-11-20T09:54:55","modified_gmt":"2023-11-20T12:54:55","slug":"transdutor-de-pressao-spt-039","status":"publish","type":"product","link":"https:\/\/addtherm.com.br\/loja\/produto\/transdutor-de-pressao-spt-039\/","title":{"rendered":"Transdutor de Press\u00e3o \u2013 SPT 039"},"content":{"rendered":"<h2>Transdutor De Press\u00e3o \u2013 SPT 039<\/h2>\n<p>\u2013 Faixa de press\u00e3o: 0 PSI a 100 PSI<br \/>\n-Tens\u00e3o de alimenta\u00e7\u00e3o: 4,75VDC a 5,25VDC<br \/>\n\u2013 Corrente de alimenta\u00e7\u00e3o: M\u00e1ximo 10mA<br \/>\n\u2013 Sinal de sa\u00edda: 0,5VDC a 4,5VDC<br \/>\n\u2013 Rosca: 1\/8\u2033-27 NPT macho<br \/>\n\u2013 Conector: Packard<br \/>\n\u2013 Material da base: Alum\u00ednio<\/p>\n","protected":false},"excerpt":{"rendered":"<div class=\"woocommerce-product-details__short-description\">\n<p>Transdutor de Press\u00e3o \u2013 SPT 039<\/p>\n<\/div>\n","protected":false},"featured_media":7164,"comment_status":"open","ping_status":"closed","template":"","meta":[],"product_brand":[],"product_cat":[91,98],"product_tag":[],"class_list":{"0":"post-7169","1":"product","2":"type-product","3":"status-publish","4":"has-post-thumbnail","6":"product_cat-pressao","7":"product_cat-transmissor-de-pressao","9":"first","10":"instock","11":"taxable","12":"shipping-taxable","13":"purchasable","14":"product-type-simple"},"yoast_head":"<!-- This site is optimized with the Yoast SEO plugin v27.3 - https:\/\/yoast.com\/product\/yoast-seo-wordpress\/ -->\n<title>Transdutor de Press\u00e3o \u2013 SPT 039 - Loja ADD-THERM<\/title>\n<meta name=\"robots\" content=\"index, follow, max-snippet:-1, max-image-preview:large, max-video-preview:-1\" \/>\n<link rel=\"canonical\" href=\"https:\/\/addtherm.com.br\/loja\/produto\/transdutor-de-pressao-spt-039\/\" \/>\n<meta property=\"og:locale\" content=\"pt_BR\" \/>\n<meta property=\"og:type\" content=\"article\" \/>\n<meta property=\"og:title\" content=\"Transdutor de Press\u00e3o \u2013 SPT 039 - Loja ADD-THERM\" \/>\n<meta property=\"og:description\" content=\"Transdutor de Press\u00e3o \u2013 SPT 039\" \/>\n<meta property=\"og:url\" content=\"https:\/\/addtherm.com.br\/loja\/produto\/transdutor-de-pressao-spt-039\/\" \/>\n<meta property=\"og:site_name\" content=\"Loja ADD-THERM\" \/>\n<meta property=\"article:modified_time\" content=\"2023-11-20T12:54:55+00:00\" \/>\n<meta property=\"og:image\" content=\"https:\/\/addtherm.com.br\/loja\/wp-content\/uploads\/2022\/08\/transdutor-de-pressao.png\" \/>\n\t<meta property=\"og:image:width\" content=\"1200\" \/>\n\t<meta property=\"og:image:height\" content=\"1200\" \/>\n\t<meta property=\"og:image:type\" content=\"image\/png\" \/>\n<meta name=\"twitter:card\" content=\"summary_large_image\" \/>\n<meta name=\"twitter:label1\" content=\"Est. tempo de leitura\" \/>\n\t<meta name=\"twitter:data1\" content=\"1 minuto\" \/>\n<script type=\"application\/ld+json\" class=\"yoast-schema-graph\">{\"@context\":\"https:\\\/\\\/schema.org\",\"@graph\":[{\"@type\":\"WebPage\",\"@id\":\"https:\\\/\\\/addtherm.com.br\\\/loja\\\/produto\\\/transdutor-de-pressao-spt-039\\\/\",\"url\":\"https:\\\/\\\/addtherm.com.br\\\/loja\\\/produto\\\/transdutor-de-pressao-spt-039\\\/\",\"name\":\"Transdutor de Press\u00e3o \u2013 SPT 039 - Loja ADD-THERM\",\"isPartOf\":{\"@id\":\"https:\\\/\\\/addtherm.com.br\\\/loja\\\/#website\"},\"primaryImageOfPage\":{\"@id\":\"https:\\\/\\\/addtherm.com.br\\\/loja\\\/produto\\\/transdutor-de-pressao-spt-039\\\/#primaryimage\"},\"image\":{\"@id\":\"https:\\\/\\\/addtherm.com.br\\\/loja\\\/produto\\\/transdutor-de-pressao-spt-039\\\/#primaryimage\"},\"thumbnailUrl\":\"https:\\\/\\\/addtherm.com.br\\\/loja\\\/wp-content\\\/uploads\\\/2022\\\/08\\\/transdutor-de-pressao.png\",\"datePublished\":\"2022-08-30T12:14:18+00:00\",\"dateModified\":\"2023-11-20T12:54:55+00:00\",\"breadcrumb\":{\"@id\":\"https:\\\/\\\/addtherm.com.br\\\/loja\\\/produto\\\/transdutor-de-pressao-spt-039\\\/#breadcrumb\"},\"inLanguage\":\"pt-BR\",\"potentialAction\":[{\"@type\":\"ReadAction\",\"target\":[\"https:\\\/\\\/addtherm.com.br\\\/loja\\\/produto\\\/transdutor-de-pressao-spt-039\\\/\"]}]},{\"@type\":\"ImageObject\",\"inLanguage\":\"pt-BR\",\"@id\":\"https:\\\/\\\/addtherm.com.br\\\/loja\\\/produto\\\/transdutor-de-pressao-spt-039\\\/#primaryimage\",\"url\":\"https:\\\/\\\/addtherm.com.br\\\/loja\\\/wp-content\\\/uploads\\\/2022\\\/08\\\/transdutor-de-pressao.png\",\"contentUrl\":\"https:\\\/\\\/addtherm.com.br\\\/loja\\\/wp-content\\\/uploads\\\/2022\\\/08\\\/transdutor-de-pressao.png\",\"width\":1200,\"height\":1200},{\"@type\":\"BreadcrumbList\",\"@id\":\"https:\\\/\\\/addtherm.com.br\\\/loja\\\/produto\\\/transdutor-de-pressao-spt-039\\\/#breadcrumb\",\"itemListElement\":[{\"@type\":\"ListItem\",\"position\":1,\"name\":\"In\u00edcio\",\"item\":\"https:\\\/\\\/addtherm.com.br\\\/loja\\\/\"},{\"@type\":\"ListItem\",\"position\":2,\"name\":\"Shop\",\"item\":\"https:\\\/\\\/addtherm.com.br\\\/loja\\\/shop\\\/\"},{\"@type\":\"ListItem\",\"position\":3,\"name\":\"Transdutor de Press\u00e3o \u2013 SPT 039\"}]},{\"@type\":\"WebSite\",\"@id\":\"https:\\\/\\\/addtherm.com.br\\\/loja\\\/#website\",\"url\":\"https:\\\/\\\/addtherm.com.br\\\/loja\\\/\",\"name\":\"Loja ADD-THERM\",\"description\":\"Loja ADD-THERM\",\"potentialAction\":[{\"@type\":\"SearchAction\",\"target\":{\"@type\":\"EntryPoint\",\"urlTemplate\":\"https:\\\/\\\/addtherm.com.br\\\/loja\\\/?s={search_term_string}\"},\"query-input\":{\"@type\":\"PropertyValueSpecification\",\"valueRequired\":true,\"valueName\":\"search_term_string\"}}],\"inLanguage\":\"pt-BR\"}]}<\/script>\n<!-- \/ Yoast SEO plugin. -->","yoast_head_json":{"title":"Transdutor de Press\u00e3o \u2013 SPT 039 - Loja ADD-THERM","robots":{"index":"index","follow":"follow","max-snippet":"max-snippet:-1","max-image-preview":"max-image-preview:large","max-video-preview":"max-video-preview:-1"},"canonical":"https:\/\/addtherm.com.br\/loja\/produto\/transdutor-de-pressao-spt-039\/","og_locale":"pt_BR","og_type":"article","og_title":"Transdutor de Press\u00e3o \u2013 SPT 039 - Loja ADD-THERM","og_description":"Transdutor de Press\u00e3o \u2013 SPT 039","og_url":"https:\/\/addtherm.com.br\/loja\/produto\/transdutor-de-pressao-spt-039\/","og_site_name":"Loja ADD-THERM","article_modified_time":"2023-11-20T12:54:55+00:00","og_image":[{"width":1200,"height":1200,"url":"https:\/\/addtherm.com.br\/loja\/wp-content\/uploads\/2022\/08\/transdutor-de-pressao.png","type":"image\/png"}],"twitter_card":"summary_large_image","twitter_misc":{"Est. tempo de leitura":"1 minuto"},"schema":{"@context":"https:\/\/schema.org","@graph":[{"@type":"WebPage","@id":"https:\/\/addtherm.com.br\/loja\/produto\/transdutor-de-pressao-spt-039\/","url":"https:\/\/addtherm.com.br\/loja\/produto\/transdutor-de-pressao-spt-039\/","name":"Transdutor de Press\u00e3o \u2013 SPT 039 - Loja ADD-THERM","isPartOf":{"@id":"https:\/\/addtherm.com.br\/loja\/#website"},"primaryImageOfPage":{"@id":"https:\/\/addtherm.com.br\/loja\/produto\/transdutor-de-pressao-spt-039\/#primaryimage"},"image":{"@id":"https:\/\/addtherm.com.br\/loja\/produto\/transdutor-de-pressao-spt-039\/#primaryimage"},"thumbnailUrl":"https:\/\/addtherm.com.br\/loja\/wp-content\/uploads\/2022\/08\/transdutor-de-pressao.png","datePublished":"2022-08-30T12:14:18+00:00","dateModified":"2023-11-20T12:54:55+00:00","breadcrumb":{"@id":"https:\/\/addtherm.com.br\/loja\/produto\/transdutor-de-pressao-spt-039\/#breadcrumb"},"inLanguage":"pt-BR","potentialAction":[{"@type":"ReadAction","target":["https:\/\/addtherm.com.br\/loja\/produto\/transdutor-de-pressao-spt-039\/"]}]},{"@type":"ImageObject","inLanguage":"pt-BR","@id":"https:\/\/addtherm.com.br\/loja\/produto\/transdutor-de-pressao-spt-039\/#primaryimage","url":"https:\/\/addtherm.com.br\/loja\/wp-content\/uploads\/2022\/08\/transdutor-de-pressao.png","contentUrl":"https:\/\/addtherm.com.br\/loja\/wp-content\/uploads\/2022\/08\/transdutor-de-pressao.png","width":1200,"height":1200},{"@type":"BreadcrumbList","@id":"https:\/\/addtherm.com.br\/loja\/produto\/transdutor-de-pressao-spt-039\/#breadcrumb","itemListElement":[{"@type":"ListItem","position":1,"name":"In\u00edcio","item":"https:\/\/addtherm.com.br\/loja\/"},{"@type":"ListItem","position":2,"name":"Shop","item":"https:\/\/addtherm.com.br\/loja\/shop\/"},{"@type":"ListItem","position":3,"name":"Transdutor de Press\u00e3o \u2013 SPT 039"}]},{"@type":"WebSite","@id":"https:\/\/addtherm.com.br\/loja\/#website","url":"https:\/\/addtherm.com.br\/loja\/","name":"Loja ADD-THERM","description":"Loja ADD-THERM","potentialAction":[{"@type":"SearchAction","target":{"@type":"EntryPoint","urlTemplate":"https:\/\/addtherm.com.br\/loja\/?s={search_term_string}"},"query-input":{"@type":"PropertyValueSpecification","valueRequired":true,"valueName":"search_term_string"}}],"inLanguage":"pt-BR"}]}},"_links":{"self":[{"href":"https:\/\/addtherm.com.br\/loja\/wp-json\/wp\/v2\/product\/7169","targetHints":{"allow":["GET"]}}],"collection":[{"href":"https:\/\/addtherm.com.br\/loja\/wp-json\/wp\/v2\/product"}],"about":[{"href":"https:\/\/addtherm.com.br\/loja\/wp-json\/wp\/v2\/types\/product"}],"replies":[{"embeddable":true,"href":"https:\/\/addtherm.com.br\/loja\/wp-json\/wp\/v2\/comments?post=7169"}],"wp:featuredmedia":[{"embeddable":true,"href":"https:\/\/addtherm.com.br\/loja\/wp-json\/wp\/v2\/media\/7164"}],"wp:attachment":[{"href":"https:\/\/addtherm.com.br\/loja\/wp-json\/wp\/v2\/media?parent=7169"}],"wp:term":[{"taxonomy":"product_brand","embeddable":true,"href":"https:\/\/addtherm.com.br\/loja\/wp-json\/wp\/v2\/product_brand?post=7169"},{"taxonomy":"product_cat","embeddable":true,"href":"https:\/\/addtherm.com.br\/loja\/wp-json\/wp\/v2\/product_cat?post=7169"},{"taxonomy":"product_tag","embeddable":true,"href":"https:\/\/addtherm.com.br\/loja\/wp-json\/wp\/v2\/product_tag?post=7169"}],"curies":[{"name":"wp","href":"https:\/\/api.w.org\/{rel}","templated":true}]}}