{"id":7161,"date":"2022-08-26T16:02:26","date_gmt":"2022-08-26T19:02:26","guid":{"rendered":"https:\/\/addtherm.com.br\/loja\/?post_type=product&#038;p=7161"},"modified":"2025-03-25T10:03:38","modified_gmt":"2025-03-25T13:03:38","slug":"transdutor-de-pressao-0-a-250-psi-ingersoll-rand-23700370-atlas-copco-1089-0575-66","status":"publish","type":"product","link":"https:\/\/addtherm.com.br\/loja\/produto\/transdutor-de-pressao-0-a-250-psi-ingersoll-rand-23700370-atlas-copco-1089-0575-66\/","title":{"rendered":"TRANSDUTOR DE PRESS\u00c3O 0 A 250 PSI &#8211; INGERSOLL RAND: 23700370 &#8211; ATLAS COPCO: 1089 0575 66\u00a0"},"content":{"rendered":"<p>TRANSDUTOR DE PRESS\u00c3O 0 A 250 PSI &#8211; INGERSOLL RAND: 23700370 &#8211; ATLAS COPCO: 1089 0575 66<\/p>\n<p class=\"v1v1msonormal1\">SA\u00cdDA 0,5VDC A 4,5VDC &#8211; ROSCA 1\/4&#8243;-18 NPT MACHO &#8211; CONECTOR PACKARD<\/p>\n<p class=\"v1v1msonormal1\"><strong>C\u00f3digo OEM<\/strong> INGERSOLL RAND: 23700370<\/p>\n<p class=\"v1v1msonormal1\">Aplica\u00e7\u00e3o INGERSOLL RAND: Compressores parafuso<\/p>\n<p class=\"v1v1msonormal1\"><strong>C\u00f3digo OEM<\/strong> ATLAS COPCO: 1089 0575 66<\/p>\n<p class=\"v1v1msonormal1\">Aplica\u00e7\u00e3o ATLAS COPCO: Compressores de ar<\/p>\n<p class=\"v1v1msonormal1\">Tens\u00e3o de alimenta\u00e7\u00e3o: 4,5VDC a 5,5VDC<\/p>\n<p class=\"v1v1msonormal1\">Corrente de alimenta\u00e7\u00e3o: M\u00e1ximo 10mA<\/p>\n<p class=\"v1v1msonormal1\">\u00a0Sinal de sa\u00edda: 0,5VDC a 4,5VDC<\/p>\n<p class=\"v1v1msonormal1\">rosca: 1\/4&#8243;-18 NPT macho<\/p>\n<p class=\"v1v1msonormal1\">Conector: Packard<\/p>\n<p class=\"v1v1msonormal1\">Material da base: Alum\u00ednio<\/p>\n","protected":false},"excerpt":{"rendered":"<div class=\"woocommerce-product-details__short-description\">\n<h2>\u00a0TRANSDUTOR DE PRESS\u00c3O 0 A 250 PSI &#8211; INGERSOLL RAND: 23700370 &#8211; ATLAS COPCO: 1089 0575 66<\/h2>\n<p class=\"v1v1msonormal1\"><strong>C\u00f3digo OEM<\/strong> INGERSOLL RAND: 23700370<\/p>\n<p class=\"v1v1msonormal1\">Aplica\u00e7\u00e3o INGERSOLL RAND: Compressores parafuso<\/p>\n<p class=\"v1v1msonormal1\"><strong>C\u00f3digo OEM<\/strong> ATLAS COPCO: 1089 0575 66<\/p>\n<\/div>\n","protected":false},"featured_media":7164,"comment_status":"open","ping_status":"closed","template":"","meta":[],"product_brand":[],"product_cat":[91,98],"product_tag":[735],"class_list":{"0":"post-7161","1":"product","2":"type-product","3":"status-publish","4":"has-post-thumbnail","6":"product_cat-pressao","7":"product_cat-transmissor-de-pressao","8":"product_tag-transdutor-de-pressao-0-a-250-psi-ingersoll-rand-23700370-atlas-copco-1089-0575-66","10":"first","11":"instock","12":"taxable","13":"shipping-taxable","14":"purchasable","15":"product-type-simple"},"yoast_head":"<!-- This site is optimized with the Yoast SEO plugin v27.3 - https:\/\/yoast.com\/product\/yoast-seo-wordpress\/ -->\n<title>TRANSDUTOR DE PRESS\u00c3O 0 A 250 PSI - INGERSOLL RAND: 23700370 - ATLAS COPCO: 1089 0575 66\u00a0 - Loja ADD-THERM<\/title>\n<meta name=\"description\" content=\"\u00a0TRANSDUTOR DE PRESS\u00c3O 0 A 250 PSI TRANSDUTOR DE PRESS\u00c3O 0 A 250 PSI - INGERSOLL RAND: 23700370 - ATLAS COPCO: 1089 0575 66\u00a0- Compre online!\" \/>\n<meta name=\"robots\" content=\"index, follow, max-snippet:-1, max-image-preview:large, max-video-preview:-1\" \/>\n<link rel=\"canonical\" href=\"https:\/\/addtherm.com.br\/loja\/produto\/transdutor-de-pressao-0-a-250-psi-ingersoll-rand-23700370-atlas-copco-1089-0575-66\/\" \/>\n<meta property=\"og:locale\" content=\"pt_BR\" \/>\n<meta property=\"og:type\" content=\"article\" \/>\n<meta property=\"og:title\" content=\"TRANSDUTOR DE PRESS\u00c3O 0 A 250 PSI - INGERSOLL RAND: 23700370 - ATLAS COPCO: 1089 0575 66\u00a0 - Loja ADD-THERM\" \/>\n<meta property=\"og:description\" content=\"\u00a0TRANSDUTOR DE PRESS\u00c3O 0 A 250 PSI TRANSDUTOR DE PRESS\u00c3O 0 A 250 PSI - INGERSOLL RAND: 23700370 - ATLAS COPCO: 1089 0575 66\u00a0- Compre online!\" \/>\n<meta property=\"og:url\" content=\"https:\/\/addtherm.com.br\/loja\/produto\/transdutor-de-pressao-0-a-250-psi-ingersoll-rand-23700370-atlas-copco-1089-0575-66\/\" \/>\n<meta property=\"og:site_name\" content=\"Loja ADD-THERM\" \/>\n<meta property=\"article:modified_time\" content=\"2025-03-25T13:03:38+00:00\" \/>\n<meta property=\"og:image\" content=\"https:\/\/addtherm.com.br\/loja\/wp-content\/uploads\/2022\/08\/transdutor-de-pressao.png\" \/>\n\t<meta property=\"og:image:width\" content=\"1200\" \/>\n\t<meta property=\"og:image:height\" content=\"1200\" \/>\n\t<meta property=\"og:image:type\" content=\"image\/png\" \/>\n<meta name=\"twitter:card\" content=\"summary_large_image\" \/>\n<meta name=\"twitter:label1\" content=\"Est. tempo de leitura\" \/>\n\t<meta name=\"twitter:data1\" content=\"1 minuto\" \/>\n<script type=\"application\/ld+json\" class=\"yoast-schema-graph\">{\"@context\":\"https:\\\/\\\/schema.org\",\"@graph\":[{\"@type\":\"WebPage\",\"@id\":\"https:\\\/\\\/addtherm.com.br\\\/loja\\\/produto\\\/transdutor-de-pressao-0-a-250-psi-ingersoll-rand-23700370-atlas-copco-1089-0575-66\\\/\",\"url\":\"https:\\\/\\\/addtherm.com.br\\\/loja\\\/produto\\\/transdutor-de-pressao-0-a-250-psi-ingersoll-rand-23700370-atlas-copco-1089-0575-66\\\/\",\"name\":\"TRANSDUTOR DE PRESS\u00c3O 0 A 250 PSI - INGERSOLL RAND: 23700370 - ATLAS COPCO: 1089 0575 66\u00a0 - Loja ADD-THERM\",\"isPartOf\":{\"@id\":\"https:\\\/\\\/addtherm.com.br\\\/loja\\\/#website\"},\"primaryImageOfPage\":{\"@id\":\"https:\\\/\\\/addtherm.com.br\\\/loja\\\/produto\\\/transdutor-de-pressao-0-a-250-psi-ingersoll-rand-23700370-atlas-copco-1089-0575-66\\\/#primaryimage\"},\"image\":{\"@id\":\"https:\\\/\\\/addtherm.com.br\\\/loja\\\/produto\\\/transdutor-de-pressao-0-a-250-psi-ingersoll-rand-23700370-atlas-copco-1089-0575-66\\\/#primaryimage\"},\"thumbnailUrl\":\"https:\\\/\\\/addtherm.com.br\\\/loja\\\/wp-content\\\/uploads\\\/2022\\\/08\\\/transdutor-de-pressao.png\",\"datePublished\":\"2022-08-26T19:02:26+00:00\",\"dateModified\":\"2025-03-25T13:03:38+00:00\",\"description\":\"\u00a0TRANSDUTOR DE PRESS\u00c3O 0 A 250 PSI TRANSDUTOR DE PRESS\u00c3O 0 A 250 PSI - INGERSOLL RAND: 23700370 - ATLAS COPCO: 1089 0575 66\u00a0- Compre online!\",\"breadcrumb\":{\"@id\":\"https:\\\/\\\/addtherm.com.br\\\/loja\\\/produto\\\/transdutor-de-pressao-0-a-250-psi-ingersoll-rand-23700370-atlas-copco-1089-0575-66\\\/#breadcrumb\"},\"inLanguage\":\"pt-BR\",\"potentialAction\":[{\"@type\":\"ReadAction\",\"target\":[\"https:\\\/\\\/addtherm.com.br\\\/loja\\\/produto\\\/transdutor-de-pressao-0-a-250-psi-ingersoll-rand-23700370-atlas-copco-1089-0575-66\\\/\"]}]},{\"@type\":\"ImageObject\",\"inLanguage\":\"pt-BR\",\"@id\":\"https:\\\/\\\/addtherm.com.br\\\/loja\\\/produto\\\/transdutor-de-pressao-0-a-250-psi-ingersoll-rand-23700370-atlas-copco-1089-0575-66\\\/#primaryimage\",\"url\":\"https:\\\/\\\/addtherm.com.br\\\/loja\\\/wp-content\\\/uploads\\\/2022\\\/08\\\/transdutor-de-pressao.png\",\"contentUrl\":\"https:\\\/\\\/addtherm.com.br\\\/loja\\\/wp-content\\\/uploads\\\/2022\\\/08\\\/transdutor-de-pressao.png\",\"width\":1200,\"height\":1200},{\"@type\":\"BreadcrumbList\",\"@id\":\"https:\\\/\\\/addtherm.com.br\\\/loja\\\/produto\\\/transdutor-de-pressao-0-a-250-psi-ingersoll-rand-23700370-atlas-copco-1089-0575-66\\\/#breadcrumb\",\"itemListElement\":[{\"@type\":\"ListItem\",\"position\":1,\"name\":\"In\u00edcio\",\"item\":\"https:\\\/\\\/addtherm.com.br\\\/loja\\\/\"},{\"@type\":\"ListItem\",\"position\":2,\"name\":\"Shop\",\"item\":\"https:\\\/\\\/addtherm.com.br\\\/loja\\\/shop\\\/\"},{\"@type\":\"ListItem\",\"position\":3,\"name\":\"TRANSDUTOR DE PRESS\u00c3O 0 A 250 PSI &#8211; INGERSOLL RAND: 23700370 &#8211; ATLAS COPCO: 1089 0575 66\u00a0\"}]},{\"@type\":\"WebSite\",\"@id\":\"https:\\\/\\\/addtherm.com.br\\\/loja\\\/#website\",\"url\":\"https:\\\/\\\/addtherm.com.br\\\/loja\\\/\",\"name\":\"Loja ADD-THERM\",\"description\":\"Loja ADD-THERM\",\"potentialAction\":[{\"@type\":\"SearchAction\",\"target\":{\"@type\":\"EntryPoint\",\"urlTemplate\":\"https:\\\/\\\/addtherm.com.br\\\/loja\\\/?s={search_term_string}\"},\"query-input\":{\"@type\":\"PropertyValueSpecification\",\"valueRequired\":true,\"valueName\":\"search_term_string\"}}],\"inLanguage\":\"pt-BR\"}]}<\/script>\n<!-- \/ Yoast SEO plugin. -->","yoast_head_json":{"title":"TRANSDUTOR DE PRESS\u00c3O 0 A 250 PSI - INGERSOLL RAND: 23700370 - ATLAS COPCO: 1089 0575 66\u00a0 - Loja ADD-THERM","description":"\u00a0TRANSDUTOR DE PRESS\u00c3O 0 A 250 PSI TRANSDUTOR DE PRESS\u00c3O 0 A 250 PSI - INGERSOLL RAND: 23700370 - ATLAS COPCO: 1089 0575 66\u00a0- Compre online!","robots":{"index":"index","follow":"follow","max-snippet":"max-snippet:-1","max-image-preview":"max-image-preview:large","max-video-preview":"max-video-preview:-1"},"canonical":"https:\/\/addtherm.com.br\/loja\/produto\/transdutor-de-pressao-0-a-250-psi-ingersoll-rand-23700370-atlas-copco-1089-0575-66\/","og_locale":"pt_BR","og_type":"article","og_title":"TRANSDUTOR DE PRESS\u00c3O 0 A 250 PSI - INGERSOLL RAND: 23700370 - ATLAS COPCO: 1089 0575 66\u00a0 - Loja ADD-THERM","og_description":"\u00a0TRANSDUTOR DE PRESS\u00c3O 0 A 250 PSI TRANSDUTOR DE PRESS\u00c3O 0 A 250 PSI - INGERSOLL RAND: 23700370 - ATLAS COPCO: 1089 0575 66\u00a0- Compre online!","og_url":"https:\/\/addtherm.com.br\/loja\/produto\/transdutor-de-pressao-0-a-250-psi-ingersoll-rand-23700370-atlas-copco-1089-0575-66\/","og_site_name":"Loja ADD-THERM","article_modified_time":"2025-03-25T13:03:38+00:00","og_image":[{"width":1200,"height":1200,"url":"https:\/\/addtherm.com.br\/loja\/wp-content\/uploads\/2022\/08\/transdutor-de-pressao.png","type":"image\/png"}],"twitter_card":"summary_large_image","twitter_misc":{"Est. tempo de leitura":"1 minuto"},"schema":{"@context":"https:\/\/schema.org","@graph":[{"@type":"WebPage","@id":"https:\/\/addtherm.com.br\/loja\/produto\/transdutor-de-pressao-0-a-250-psi-ingersoll-rand-23700370-atlas-copco-1089-0575-66\/","url":"https:\/\/addtherm.com.br\/loja\/produto\/transdutor-de-pressao-0-a-250-psi-ingersoll-rand-23700370-atlas-copco-1089-0575-66\/","name":"TRANSDUTOR DE PRESS\u00c3O 0 A 250 PSI - INGERSOLL RAND: 23700370 - ATLAS COPCO: 1089 0575 66\u00a0 - Loja ADD-THERM","isPartOf":{"@id":"https:\/\/addtherm.com.br\/loja\/#website"},"primaryImageOfPage":{"@id":"https:\/\/addtherm.com.br\/loja\/produto\/transdutor-de-pressao-0-a-250-psi-ingersoll-rand-23700370-atlas-copco-1089-0575-66\/#primaryimage"},"image":{"@id":"https:\/\/addtherm.com.br\/loja\/produto\/transdutor-de-pressao-0-a-250-psi-ingersoll-rand-23700370-atlas-copco-1089-0575-66\/#primaryimage"},"thumbnailUrl":"https:\/\/addtherm.com.br\/loja\/wp-content\/uploads\/2022\/08\/transdutor-de-pressao.png","datePublished":"2022-08-26T19:02:26+00:00","dateModified":"2025-03-25T13:03:38+00:00","description":"\u00a0TRANSDUTOR DE PRESS\u00c3O 0 A 250 PSI TRANSDUTOR DE PRESS\u00c3O 0 A 250 PSI - INGERSOLL RAND: 23700370 - ATLAS COPCO: 1089 0575 66\u00a0- Compre online!","breadcrumb":{"@id":"https:\/\/addtherm.com.br\/loja\/produto\/transdutor-de-pressao-0-a-250-psi-ingersoll-rand-23700370-atlas-copco-1089-0575-66\/#breadcrumb"},"inLanguage":"pt-BR","potentialAction":[{"@type":"ReadAction","target":["https:\/\/addtherm.com.br\/loja\/produto\/transdutor-de-pressao-0-a-250-psi-ingersoll-rand-23700370-atlas-copco-1089-0575-66\/"]}]},{"@type":"ImageObject","inLanguage":"pt-BR","@id":"https:\/\/addtherm.com.br\/loja\/produto\/transdutor-de-pressao-0-a-250-psi-ingersoll-rand-23700370-atlas-copco-1089-0575-66\/#primaryimage","url":"https:\/\/addtherm.com.br\/loja\/wp-content\/uploads\/2022\/08\/transdutor-de-pressao.png","contentUrl":"https:\/\/addtherm.com.br\/loja\/wp-content\/uploads\/2022\/08\/transdutor-de-pressao.png","width":1200,"height":1200},{"@type":"BreadcrumbList","@id":"https:\/\/addtherm.com.br\/loja\/produto\/transdutor-de-pressao-0-a-250-psi-ingersoll-rand-23700370-atlas-copco-1089-0575-66\/#breadcrumb","itemListElement":[{"@type":"ListItem","position":1,"name":"In\u00edcio","item":"https:\/\/addtherm.com.br\/loja\/"},{"@type":"ListItem","position":2,"name":"Shop","item":"https:\/\/addtherm.com.br\/loja\/shop\/"},{"@type":"ListItem","position":3,"name":"TRANSDUTOR DE PRESS\u00c3O 0 A 250 PSI &#8211; INGERSOLL RAND: 23700370 &#8211; ATLAS COPCO: 1089 0575 66\u00a0"}]},{"@type":"WebSite","@id":"https:\/\/addtherm.com.br\/loja\/#website","url":"https:\/\/addtherm.com.br\/loja\/","name":"Loja ADD-THERM","description":"Loja ADD-THERM","potentialAction":[{"@type":"SearchAction","target":{"@type":"EntryPoint","urlTemplate":"https:\/\/addtherm.com.br\/loja\/?s={search_term_string}"},"query-input":{"@type":"PropertyValueSpecification","valueRequired":true,"valueName":"search_term_string"}}],"inLanguage":"pt-BR"}]}},"_links":{"self":[{"href":"https:\/\/addtherm.com.br\/loja\/wp-json\/wp\/v2\/product\/7161","targetHints":{"allow":["GET"]}}],"collection":[{"href":"https:\/\/addtherm.com.br\/loja\/wp-json\/wp\/v2\/product"}],"about":[{"href":"https:\/\/addtherm.com.br\/loja\/wp-json\/wp\/v2\/types\/product"}],"replies":[{"embeddable":true,"href":"https:\/\/addtherm.com.br\/loja\/wp-json\/wp\/v2\/comments?post=7161"}],"wp:featuredmedia":[{"embeddable":true,"href":"https:\/\/addtherm.com.br\/loja\/wp-json\/wp\/v2\/media\/7164"}],"wp:attachment":[{"href":"https:\/\/addtherm.com.br\/loja\/wp-json\/wp\/v2\/media?parent=7161"}],"wp:term":[{"taxonomy":"product_brand","embeddable":true,"href":"https:\/\/addtherm.com.br\/loja\/wp-json\/wp\/v2\/product_brand?post=7161"},{"taxonomy":"product_cat","embeddable":true,"href":"https:\/\/addtherm.com.br\/loja\/wp-json\/wp\/v2\/product_cat?post=7161"},{"taxonomy":"product_tag","embeddable":true,"href":"https:\/\/addtherm.com.br\/loja\/wp-json\/wp\/v2\/product_tag?post=7161"}],"curies":[{"name":"wp","href":"https:\/\/api.w.org\/{rel}","templated":true}]}}