{"id":7021,"date":"2021-07-14T13:40:57","date_gmt":"2021-07-14T16:40:57","guid":{"rendered":"https:\/\/addtherm.com.br\/loja\/?post_type=product&#038;p=7021"},"modified":"2024-07-25T17:38:21","modified_gmt":"2024-07-25T20:38:21","slug":"termometro-de-parede-jadd","status":"publish","type":"product","link":"https:\/\/addtherm.com.br\/loja\/produto\/termometro-de-parede-jadd\/","title":{"rendered":"TERM\u00d4METRO DE PAREDE JADD"},"content":{"rendered":"<ul>\n<li>Por n\u00e3o necessitar do contato direto com as m\u00e3os para a medi\u00e7\u00e3o de temperatura, o Term\u00f4metro Infravermelho de parede impede a transmiss\u00e3o cruzada do novo coronav\u00edrus;<\/li>\n<li>\u00a0R\u00e1pido tempo de resposta (0,5 segundos), evitando a forma\u00e7\u00e3o de filas e aglomera\u00e7\u00f5es;<\/li>\n<li>Alta precis\u00e3o de medi\u00e7\u00e3o (\u00b10,2\u00b0C), garantindo a veracidade das temperaturas identificadas;<\/li>\n<li>Ampla faixa de medi\u00e7\u00e3o de temperatura (0\u00b0C a 50\u00b0C);<\/li>\n<li>Pode ser utilizado em uma grande variedade de lugares (escrit\u00f3rios, esta\u00e7\u00f5es de metr\u00f4,<br \/>\nresid\u00eancias, shoppings, supermercados, escolas, hot\u00e9is)<\/li>\n<\/ul>\n","protected":false},"excerpt":{"rendered":"<div class=\"woocommerce-product-details__short-description\">\n<p>O Term\u00f4metro de parede JADD realiza a medi\u00e7\u00e3o de temperatura do corpo humano.<br \/>\n\u00c9 um term\u00f4metro com alta sensibilidade, ampla faixa de detec\u00e7\u00e3o, velocidade e alta precis\u00e3o.<br \/>\nAl\u00e9m disso pode ser usado em uma variedade de lugares.<\/p>\n<\/div>\n","protected":false},"featured_media":7023,"comment_status":"open","ping_status":"closed","template":"","meta":[],"product_brand":[],"product_cat":[96,97],"product_tag":[453,454,455],"class_list":{"0":"post-7021","1":"product","2":"type-product","3":"status-publish","4":"has-post-thumbnail","6":"product_cat-controladores-e-indicadores-de-temperatura","7":"product_cat-termometros-digitais","8":"product_tag-termometro-de-parede","9":"product_tag-termometro-de-testa","10":"product_tag-termometro-infravermelho","12":"first","13":"instock","14":"taxable","15":"shipping-taxable","16":"purchasable","17":"product-type-simple"},"yoast_head":"<!-- This site is optimized with the Yoast SEO plugin v27.4 - https:\/\/yoast.com\/product\/yoast-seo-wordpress\/ -->\n<title>TERM\u00d4METRO DE PAREDE JADD - Loja ADD-THERM<\/title>\n<meta name=\"description\" content=\"Term\u00f4metro Digital de Temperatura - Linha TD 300 compre agora em ADDTHERM Loja.\" \/>\n<meta name=\"robots\" content=\"index, follow, max-snippet:-1, max-image-preview:large, max-video-preview:-1\" \/>\n<link rel=\"canonical\" href=\"https:\/\/addtherm.com.br\/loja\/produto\/termometro-de-parede-jadd\/\" \/>\n<meta property=\"og:locale\" content=\"pt_BR\" \/>\n<meta property=\"og:type\" content=\"article\" \/>\n<meta property=\"og:title\" content=\"TERM\u00d4METRO DE PAREDE JADD - Loja ADD-THERM\" \/>\n<meta property=\"og:description\" content=\"Term\u00f4metro Digital de Temperatura - Linha TD 300 compre agora em ADDTHERM Loja.\" \/>\n<meta property=\"og:url\" content=\"https:\/\/addtherm.com.br\/loja\/produto\/termometro-de-parede-jadd\/\" \/>\n<meta property=\"og:site_name\" content=\"Loja ADD-THERM\" \/>\n<meta property=\"article:modified_time\" content=\"2024-07-25T20:38:21+00:00\" \/>\n<meta property=\"og:image\" content=\"https:\/\/addtherm.com.br\/loja\/wp-content\/uploads\/2021\/07\/termometro-infravermelho-de-testa.png\" \/>\n\t<meta property=\"og:image:width\" content=\"940\" \/>\n\t<meta property=\"og:image:height\" content=\"788\" \/>\n\t<meta property=\"og:image:type\" content=\"image\/png\" \/>\n<meta name=\"twitter:card\" content=\"summary_large_image\" \/>\n<meta name=\"twitter:label1\" content=\"Est. tempo de leitura\" \/>\n\t<meta name=\"twitter:data1\" content=\"1 minuto\" \/>\n<script type=\"application\/ld+json\" class=\"yoast-schema-graph\">{\"@context\":\"https:\\\/\\\/schema.org\",\"@graph\":[{\"@type\":\"WebPage\",\"@id\":\"https:\\\/\\\/addtherm.com.br\\\/loja\\\/produto\\\/termometro-de-parede-jadd\\\/\",\"url\":\"https:\\\/\\\/addtherm.com.br\\\/loja\\\/produto\\\/termometro-de-parede-jadd\\\/\",\"name\":\"TERM\u00d4METRO DE PAREDE JADD - Loja ADD-THERM\",\"isPartOf\":{\"@id\":\"https:\\\/\\\/addtherm.com.br\\\/loja\\\/#website\"},\"primaryImageOfPage\":{\"@id\":\"https:\\\/\\\/addtherm.com.br\\\/loja\\\/produto\\\/termometro-de-parede-jadd\\\/#primaryimage\"},\"image\":{\"@id\":\"https:\\\/\\\/addtherm.com.br\\\/loja\\\/produto\\\/termometro-de-parede-jadd\\\/#primaryimage\"},\"thumbnailUrl\":\"https:\\\/\\\/addtherm.com.br\\\/loja\\\/wp-content\\\/uploads\\\/2021\\\/07\\\/termometro-infravermelho-de-testa.png\",\"datePublished\":\"2021-07-14T16:40:57+00:00\",\"dateModified\":\"2024-07-25T20:38:21+00:00\",\"description\":\"Term\u00f4metro Digital de Temperatura - Linha TD 300 compre agora em ADDTHERM Loja.\",\"breadcrumb\":{\"@id\":\"https:\\\/\\\/addtherm.com.br\\\/loja\\\/produto\\\/termometro-de-parede-jadd\\\/#breadcrumb\"},\"inLanguage\":\"pt-BR\",\"potentialAction\":[{\"@type\":\"ReadAction\",\"target\":[\"https:\\\/\\\/addtherm.com.br\\\/loja\\\/produto\\\/termometro-de-parede-jadd\\\/\"]}]},{\"@type\":\"ImageObject\",\"inLanguage\":\"pt-BR\",\"@id\":\"https:\\\/\\\/addtherm.com.br\\\/loja\\\/produto\\\/termometro-de-parede-jadd\\\/#primaryimage\",\"url\":\"https:\\\/\\\/addtherm.com.br\\\/loja\\\/wp-content\\\/uploads\\\/2021\\\/07\\\/termometro-infravermelho-de-testa.png\",\"contentUrl\":\"https:\\\/\\\/addtherm.com.br\\\/loja\\\/wp-content\\\/uploads\\\/2021\\\/07\\\/termometro-infravermelho-de-testa.png\",\"width\":940,\"height\":788,\"caption\":\"termometro de parede\"},{\"@type\":\"BreadcrumbList\",\"@id\":\"https:\\\/\\\/addtherm.com.br\\\/loja\\\/produto\\\/termometro-de-parede-jadd\\\/#breadcrumb\",\"itemListElement\":[{\"@type\":\"ListItem\",\"position\":1,\"name\":\"In\u00edcio\",\"item\":\"https:\\\/\\\/addtherm.com.br\\\/loja\\\/\"},{\"@type\":\"ListItem\",\"position\":2,\"name\":\"Shop\",\"item\":\"https:\\\/\\\/addtherm.com.br\\\/loja\\\/shop\\\/\"},{\"@type\":\"ListItem\",\"position\":3,\"name\":\"TERM\u00d4METRO DE PAREDE JADD\"}]},{\"@type\":\"WebSite\",\"@id\":\"https:\\\/\\\/addtherm.com.br\\\/loja\\\/#website\",\"url\":\"https:\\\/\\\/addtherm.com.br\\\/loja\\\/\",\"name\":\"Loja ADD-THERM\",\"description\":\"Loja ADD-THERM\",\"potentialAction\":[{\"@type\":\"SearchAction\",\"target\":{\"@type\":\"EntryPoint\",\"urlTemplate\":\"https:\\\/\\\/addtherm.com.br\\\/loja\\\/?s={search_term_string}\"},\"query-input\":{\"@type\":\"PropertyValueSpecification\",\"valueRequired\":true,\"valueName\":\"search_term_string\"}}],\"inLanguage\":\"pt-BR\"}]}<\/script>\n<!-- \/ Yoast SEO plugin. -->","yoast_head_json":{"title":"TERM\u00d4METRO DE PAREDE JADD - Loja ADD-THERM","description":"Term\u00f4metro Digital de Temperatura - Linha TD 300 compre agora em ADDTHERM Loja.","robots":{"index":"index","follow":"follow","max-snippet":"max-snippet:-1","max-image-preview":"max-image-preview:large","max-video-preview":"max-video-preview:-1"},"canonical":"https:\/\/addtherm.com.br\/loja\/produto\/termometro-de-parede-jadd\/","og_locale":"pt_BR","og_type":"article","og_title":"TERM\u00d4METRO DE PAREDE JADD - Loja ADD-THERM","og_description":"Term\u00f4metro Digital de Temperatura - Linha TD 300 compre agora em ADDTHERM Loja.","og_url":"https:\/\/addtherm.com.br\/loja\/produto\/termometro-de-parede-jadd\/","og_site_name":"Loja ADD-THERM","article_modified_time":"2024-07-25T20:38:21+00:00","og_image":[{"width":940,"height":788,"url":"https:\/\/addtherm.com.br\/loja\/wp-content\/uploads\/2021\/07\/termometro-infravermelho-de-testa.png","type":"image\/png"}],"twitter_card":"summary_large_image","twitter_misc":{"Est. tempo de leitura":"1 minuto"},"schema":{"@context":"https:\/\/schema.org","@graph":[{"@type":"WebPage","@id":"https:\/\/addtherm.com.br\/loja\/produto\/termometro-de-parede-jadd\/","url":"https:\/\/addtherm.com.br\/loja\/produto\/termometro-de-parede-jadd\/","name":"TERM\u00d4METRO DE PAREDE JADD - Loja ADD-THERM","isPartOf":{"@id":"https:\/\/addtherm.com.br\/loja\/#website"},"primaryImageOfPage":{"@id":"https:\/\/addtherm.com.br\/loja\/produto\/termometro-de-parede-jadd\/#primaryimage"},"image":{"@id":"https:\/\/addtherm.com.br\/loja\/produto\/termometro-de-parede-jadd\/#primaryimage"},"thumbnailUrl":"https:\/\/addtherm.com.br\/loja\/wp-content\/uploads\/2021\/07\/termometro-infravermelho-de-testa.png","datePublished":"2021-07-14T16:40:57+00:00","dateModified":"2024-07-25T20:38:21+00:00","description":"Term\u00f4metro Digital de Temperatura - Linha TD 300 compre agora em ADDTHERM Loja.","breadcrumb":{"@id":"https:\/\/addtherm.com.br\/loja\/produto\/termometro-de-parede-jadd\/#breadcrumb"},"inLanguage":"pt-BR","potentialAction":[{"@type":"ReadAction","target":["https:\/\/addtherm.com.br\/loja\/produto\/termometro-de-parede-jadd\/"]}]},{"@type":"ImageObject","inLanguage":"pt-BR","@id":"https:\/\/addtherm.com.br\/loja\/produto\/termometro-de-parede-jadd\/#primaryimage","url":"https:\/\/addtherm.com.br\/loja\/wp-content\/uploads\/2021\/07\/termometro-infravermelho-de-testa.png","contentUrl":"https:\/\/addtherm.com.br\/loja\/wp-content\/uploads\/2021\/07\/termometro-infravermelho-de-testa.png","width":940,"height":788,"caption":"termometro de parede"},{"@type":"BreadcrumbList","@id":"https:\/\/addtherm.com.br\/loja\/produto\/termometro-de-parede-jadd\/#breadcrumb","itemListElement":[{"@type":"ListItem","position":1,"name":"In\u00edcio","item":"https:\/\/addtherm.com.br\/loja\/"},{"@type":"ListItem","position":2,"name":"Shop","item":"https:\/\/addtherm.com.br\/loja\/shop\/"},{"@type":"ListItem","position":3,"name":"TERM\u00d4METRO DE PAREDE JADD"}]},{"@type":"WebSite","@id":"https:\/\/addtherm.com.br\/loja\/#website","url":"https:\/\/addtherm.com.br\/loja\/","name":"Loja ADD-THERM","description":"Loja ADD-THERM","potentialAction":[{"@type":"SearchAction","target":{"@type":"EntryPoint","urlTemplate":"https:\/\/addtherm.com.br\/loja\/?s={search_term_string}"},"query-input":{"@type":"PropertyValueSpecification","valueRequired":true,"valueName":"search_term_string"}}],"inLanguage":"pt-BR"}]}},"_links":{"self":[{"href":"https:\/\/addtherm.com.br\/loja\/wp-json\/wp\/v2\/product\/7021","targetHints":{"allow":["GET"]}}],"collection":[{"href":"https:\/\/addtherm.com.br\/loja\/wp-json\/wp\/v2\/product"}],"about":[{"href":"https:\/\/addtherm.com.br\/loja\/wp-json\/wp\/v2\/types\/product"}],"replies":[{"embeddable":true,"href":"https:\/\/addtherm.com.br\/loja\/wp-json\/wp\/v2\/comments?post=7021"}],"wp:featuredmedia":[{"embeddable":true,"href":"https:\/\/addtherm.com.br\/loja\/wp-json\/wp\/v2\/media\/7023"}],"wp:attachment":[{"href":"https:\/\/addtherm.com.br\/loja\/wp-json\/wp\/v2\/media?parent=7021"}],"wp:term":[{"taxonomy":"product_brand","embeddable":true,"href":"https:\/\/addtherm.com.br\/loja\/wp-json\/wp\/v2\/product_brand?post=7021"},{"taxonomy":"product_cat","embeddable":true,"href":"https:\/\/addtherm.com.br\/loja\/wp-json\/wp\/v2\/product_cat?post=7021"},{"taxonomy":"product_tag","embeddable":true,"href":"https:\/\/addtherm.com.br\/loja\/wp-json\/wp\/v2\/product_tag?post=7021"}],"curies":[{"name":"wp","href":"https:\/\/api.w.org\/{rel}","templated":true}]}}