{"id":6928,"date":"2021-05-29T17:25:52","date_gmt":"2021-05-29T20:25:52","guid":{"rendered":"https:\/\/addtherm.com.br\/loja\/?post_type=product&#038;p=6928"},"modified":"2025-01-09T07:31:23","modified_gmt":"2025-01-09T10:31:23","slug":"termostato-digital-a80-tsd","status":"publish","type":"product","link":"https:\/\/addtherm.com.br\/loja\/produto\/termostato-digital-a80-tsd\/","title":{"rendered":"Termostato Digital &#8211; Linha A80 TSD"},"content":{"rendered":"<p><b>Termostato Digital &#8211; Linha A80 TSD<br \/>\n<\/b><b>&#8211; Opera com sensor NTC e PT100<\/b><\/p>\n","protected":false},"excerpt":{"rendered":"<div class=\"woocommerce-product-details__short-description\">\n<p><span style=\"font-weight: 400;\">A ADD THERM dando continuidade em sua evolu\u00e7\u00e3o no desenvolvimento de produtos para medi\u00e7\u00e3o e prote\u00e7\u00e3o t\u00e9rmica lan\u00e7a mais um produto com exclusividade, o Termostato Digital A80 TSD com display na vers\u00e3o touch screen.<br \/>\n<\/span><span style=\"font-weight: 400;\">Ap\u00f3s pesquisas e desenvolvimento, criamos este termostato especial para atender as necessidades espec\u00edficas do mercado atual, onde s\u00e3o requeridos produtos com pequenas dimens\u00f5es, ampla faixa de temperatura, f\u00e1cil opera\u00e7\u00e3o atrav\u00e9s do display touch screen e baixo custo. Al\u00e9m disso, o A80 TSD pode contar com toda nossa linha de sensores de temperatura NTC e PT100 com diversos tipos de encapsulamentos.\u00a0<\/span><\/p>\n<p><span style=\"font-weight: 400;\">O termostato A80 TSD monitora e controla a temperatura como um term\u00f4metro digital operando em conjunto com 2 rel\u00e9s. Possui precis\u00e3o de 0,1\u00b0C e histerese regul\u00e1vel.<br \/>\n<\/span><span style=\"font-weight: 400;\">Com tamanho super reduzido, pode ser facilmente acoplado em qualquer equipamento. O termostato A80 TSD \u00e9 utilizado para refrigera\u00e7\u00e3o ou aquecimento.<\/span><\/p>\n<\/div>\n","protected":false},"featured_media":6930,"comment_status":"open","ping_status":"closed","template":"","meta":[],"product_brand":[],"product_cat":[96],"product_tag":[130,129,131,132,124],"class_list":{"0":"post-6928","1":"product","2":"type-product","3":"status-publish","4":"has-post-thumbnail","6":"product_cat-controladores-e-indicadores-de-temperatura","7":"product_tag-termostato-a80","8":"product_tag-termostato-digital","9":"product_tag-termostato-para-aquecimento","10":"product_tag-termostato-para-refrigeracao","11":"product_tag-termostatos","13":"first","14":"instock","15":"featured","16":"taxable","17":"shipping-taxable","18":"purchasable","19":"product-type-simple"},"yoast_head":"<!-- This site is optimized with the Yoast SEO plugin v27.4 - https:\/\/yoast.com\/product\/yoast-seo-wordpress\/ -->\n<title>Termostato Digital - Linha A80 TSD - Loja ADD-THERM<\/title>\n<meta name=\"description\" content=\"Termostato Digital - A80 TSD - Opera com sensor NTC e PT100 Compre agora acessando a Loja ADDTHERM,\" \/>\n<meta name=\"robots\" content=\"index, follow, max-snippet:-1, max-image-preview:large, max-video-preview:-1\" \/>\n<link rel=\"canonical\" href=\"https:\/\/addtherm.com.br\/loja\/produto\/termostato-digital-a80-tsd\/\" \/>\n<meta property=\"og:locale\" content=\"pt_BR\" \/>\n<meta property=\"og:type\" content=\"article\" \/>\n<meta property=\"og:title\" content=\"Termostato Digital - Linha A80 TSD - Loja ADD-THERM\" \/>\n<meta property=\"og:description\" content=\"Termostato Digital - A80 TSD - Opera com sensor NTC e PT100 Compre agora acessando a Loja ADDTHERM,\" \/>\n<meta property=\"og:url\" content=\"https:\/\/addtherm.com.br\/loja\/produto\/termostato-digital-a80-tsd\/\" \/>\n<meta property=\"og:site_name\" content=\"Loja ADD-THERM\" \/>\n<meta property=\"article:modified_time\" content=\"2025-01-09T10:31:23+00:00\" \/>\n<meta property=\"og:image\" content=\"https:\/\/addtherm.com.br\/loja\/wp-content\/uploads\/2021\/05\/a80tsd.png\" \/>\n\t<meta property=\"og:image:width\" content=\"578\" \/>\n\t<meta property=\"og:image:height\" content=\"310\" \/>\n\t<meta property=\"og:image:type\" content=\"image\/png\" \/>\n<meta name=\"twitter:card\" content=\"summary_large_image\" \/>\n<meta name=\"twitter:label1\" content=\"Est. tempo de leitura\" \/>\n\t<meta name=\"twitter:data1\" content=\"1 minuto\" \/>\n<script type=\"application\/ld+json\" class=\"yoast-schema-graph\">{\"@context\":\"https:\\\/\\\/schema.org\",\"@graph\":[{\"@type\":\"WebPage\",\"@id\":\"https:\\\/\\\/addtherm.com.br\\\/loja\\\/produto\\\/termostato-digital-a80-tsd\\\/\",\"url\":\"https:\\\/\\\/addtherm.com.br\\\/loja\\\/produto\\\/termostato-digital-a80-tsd\\\/\",\"name\":\"Termostato Digital - Linha A80 TSD - Loja ADD-THERM\",\"isPartOf\":{\"@id\":\"https:\\\/\\\/addtherm.com.br\\\/loja\\\/#website\"},\"primaryImageOfPage\":{\"@id\":\"https:\\\/\\\/addtherm.com.br\\\/loja\\\/produto\\\/termostato-digital-a80-tsd\\\/#primaryimage\"},\"image\":{\"@id\":\"https:\\\/\\\/addtherm.com.br\\\/loja\\\/produto\\\/termostato-digital-a80-tsd\\\/#primaryimage\"},\"thumbnailUrl\":\"https:\\\/\\\/addtherm.com.br\\\/loja\\\/wp-content\\\/uploads\\\/2021\\\/05\\\/a80tsd.png\",\"datePublished\":\"2021-05-29T20:25:52+00:00\",\"dateModified\":\"2025-01-09T10:31:23+00:00\",\"description\":\"Termostato Digital - A80 TSD - Opera com sensor NTC e PT100 Compre agora acessando a Loja ADDTHERM,\",\"breadcrumb\":{\"@id\":\"https:\\\/\\\/addtherm.com.br\\\/loja\\\/produto\\\/termostato-digital-a80-tsd\\\/#breadcrumb\"},\"inLanguage\":\"pt-BR\",\"potentialAction\":[{\"@type\":\"ReadAction\",\"target\":[\"https:\\\/\\\/addtherm.com.br\\\/loja\\\/produto\\\/termostato-digital-a80-tsd\\\/\"]}]},{\"@type\":\"ImageObject\",\"inLanguage\":\"pt-BR\",\"@id\":\"https:\\\/\\\/addtherm.com.br\\\/loja\\\/produto\\\/termostato-digital-a80-tsd\\\/#primaryimage\",\"url\":\"https:\\\/\\\/addtherm.com.br\\\/loja\\\/wp-content\\\/uploads\\\/2021\\\/05\\\/a80tsd.png\",\"contentUrl\":\"https:\\\/\\\/addtherm.com.br\\\/loja\\\/wp-content\\\/uploads\\\/2021\\\/05\\\/a80tsd.png\",\"width\":578,\"height\":310},{\"@type\":\"BreadcrumbList\",\"@id\":\"https:\\\/\\\/addtherm.com.br\\\/loja\\\/produto\\\/termostato-digital-a80-tsd\\\/#breadcrumb\",\"itemListElement\":[{\"@type\":\"ListItem\",\"position\":1,\"name\":\"In\u00edcio\",\"item\":\"https:\\\/\\\/addtherm.com.br\\\/loja\\\/\"},{\"@type\":\"ListItem\",\"position\":2,\"name\":\"Shop\",\"item\":\"https:\\\/\\\/addtherm.com.br\\\/loja\\\/shop\\\/\"},{\"@type\":\"ListItem\",\"position\":3,\"name\":\"Termostato Digital &#8211; Linha A80 TSD\"}]},{\"@type\":\"WebSite\",\"@id\":\"https:\\\/\\\/addtherm.com.br\\\/loja\\\/#website\",\"url\":\"https:\\\/\\\/addtherm.com.br\\\/loja\\\/\",\"name\":\"Loja ADD-THERM\",\"description\":\"Loja ADD-THERM\",\"potentialAction\":[{\"@type\":\"SearchAction\",\"target\":{\"@type\":\"EntryPoint\",\"urlTemplate\":\"https:\\\/\\\/addtherm.com.br\\\/loja\\\/?s={search_term_string}\"},\"query-input\":{\"@type\":\"PropertyValueSpecification\",\"valueRequired\":true,\"valueName\":\"search_term_string\"}}],\"inLanguage\":\"pt-BR\"}]}<\/script>\n<!-- \/ Yoast SEO plugin. -->","yoast_head_json":{"title":"Termostato Digital - Linha A80 TSD - Loja ADD-THERM","description":"Termostato Digital - A80 TSD - Opera com sensor NTC e PT100 Compre agora acessando a Loja ADDTHERM,","robots":{"index":"index","follow":"follow","max-snippet":"max-snippet:-1","max-image-preview":"max-image-preview:large","max-video-preview":"max-video-preview:-1"},"canonical":"https:\/\/addtherm.com.br\/loja\/produto\/termostato-digital-a80-tsd\/","og_locale":"pt_BR","og_type":"article","og_title":"Termostato Digital - Linha A80 TSD - Loja ADD-THERM","og_description":"Termostato Digital - A80 TSD - Opera com sensor NTC e PT100 Compre agora acessando a Loja ADDTHERM,","og_url":"https:\/\/addtherm.com.br\/loja\/produto\/termostato-digital-a80-tsd\/","og_site_name":"Loja ADD-THERM","article_modified_time":"2025-01-09T10:31:23+00:00","og_image":[{"width":578,"height":310,"url":"https:\/\/addtherm.com.br\/loja\/wp-content\/uploads\/2021\/05\/a80tsd.png","type":"image\/png"}],"twitter_card":"summary_large_image","twitter_misc":{"Est. tempo de leitura":"1 minuto"},"schema":{"@context":"https:\/\/schema.org","@graph":[{"@type":"WebPage","@id":"https:\/\/addtherm.com.br\/loja\/produto\/termostato-digital-a80-tsd\/","url":"https:\/\/addtherm.com.br\/loja\/produto\/termostato-digital-a80-tsd\/","name":"Termostato Digital - Linha A80 TSD - Loja ADD-THERM","isPartOf":{"@id":"https:\/\/addtherm.com.br\/loja\/#website"},"primaryImageOfPage":{"@id":"https:\/\/addtherm.com.br\/loja\/produto\/termostato-digital-a80-tsd\/#primaryimage"},"image":{"@id":"https:\/\/addtherm.com.br\/loja\/produto\/termostato-digital-a80-tsd\/#primaryimage"},"thumbnailUrl":"https:\/\/addtherm.com.br\/loja\/wp-content\/uploads\/2021\/05\/a80tsd.png","datePublished":"2021-05-29T20:25:52+00:00","dateModified":"2025-01-09T10:31:23+00:00","description":"Termostato Digital - A80 TSD - Opera com sensor NTC e PT100 Compre agora acessando a Loja ADDTHERM,","breadcrumb":{"@id":"https:\/\/addtherm.com.br\/loja\/produto\/termostato-digital-a80-tsd\/#breadcrumb"},"inLanguage":"pt-BR","potentialAction":[{"@type":"ReadAction","target":["https:\/\/addtherm.com.br\/loja\/produto\/termostato-digital-a80-tsd\/"]}]},{"@type":"ImageObject","inLanguage":"pt-BR","@id":"https:\/\/addtherm.com.br\/loja\/produto\/termostato-digital-a80-tsd\/#primaryimage","url":"https:\/\/addtherm.com.br\/loja\/wp-content\/uploads\/2021\/05\/a80tsd.png","contentUrl":"https:\/\/addtherm.com.br\/loja\/wp-content\/uploads\/2021\/05\/a80tsd.png","width":578,"height":310},{"@type":"BreadcrumbList","@id":"https:\/\/addtherm.com.br\/loja\/produto\/termostato-digital-a80-tsd\/#breadcrumb","itemListElement":[{"@type":"ListItem","position":1,"name":"In\u00edcio","item":"https:\/\/addtherm.com.br\/loja\/"},{"@type":"ListItem","position":2,"name":"Shop","item":"https:\/\/addtherm.com.br\/loja\/shop\/"},{"@type":"ListItem","position":3,"name":"Termostato Digital &#8211; Linha A80 TSD"}]},{"@type":"WebSite","@id":"https:\/\/addtherm.com.br\/loja\/#website","url":"https:\/\/addtherm.com.br\/loja\/","name":"Loja ADD-THERM","description":"Loja ADD-THERM","potentialAction":[{"@type":"SearchAction","target":{"@type":"EntryPoint","urlTemplate":"https:\/\/addtherm.com.br\/loja\/?s={search_term_string}"},"query-input":{"@type":"PropertyValueSpecification","valueRequired":true,"valueName":"search_term_string"}}],"inLanguage":"pt-BR"}]}},"_links":{"self":[{"href":"https:\/\/addtherm.com.br\/loja\/wp-json\/wp\/v2\/product\/6928","targetHints":{"allow":["GET"]}}],"collection":[{"href":"https:\/\/addtherm.com.br\/loja\/wp-json\/wp\/v2\/product"}],"about":[{"href":"https:\/\/addtherm.com.br\/loja\/wp-json\/wp\/v2\/types\/product"}],"replies":[{"embeddable":true,"href":"https:\/\/addtherm.com.br\/loja\/wp-json\/wp\/v2\/comments?post=6928"}],"wp:featuredmedia":[{"embeddable":true,"href":"https:\/\/addtherm.com.br\/loja\/wp-json\/wp\/v2\/media\/6930"}],"wp:attachment":[{"href":"https:\/\/addtherm.com.br\/loja\/wp-json\/wp\/v2\/media?parent=6928"}],"wp:term":[{"taxonomy":"product_brand","embeddable":true,"href":"https:\/\/addtherm.com.br\/loja\/wp-json\/wp\/v2\/product_brand?post=6928"},{"taxonomy":"product_cat","embeddable":true,"href":"https:\/\/addtherm.com.br\/loja\/wp-json\/wp\/v2\/product_cat?post=6928"},{"taxonomy":"product_tag","embeddable":true,"href":"https:\/\/addtherm.com.br\/loja\/wp-json\/wp\/v2\/product_tag?post=6928"}],"curies":[{"name":"wp","href":"https:\/\/api.w.org\/{rel}","templated":true}]}}