{"id":6924,"date":"2021-05-29T16:39:45","date_gmt":"2021-05-29T19:39:45","guid":{"rendered":"https:\/\/addtherm.com.br\/loja\/?post_type=product&#038;p=6924"},"modified":"2024-07-25T13:05:03","modified_gmt":"2024-07-25T16:05:03","slug":"pressostato-para-refrigeracao-spr-007","status":"publish","type":"product","link":"https:\/\/addtherm.com.br\/loja\/produto\/pressostato-para-refrigeracao-spr-007\/","title":{"rendered":"Pressostato Refrigera\u00e7\u00e3o &#8211; SPR 007 (2 BAR)"},"content":{"rendered":"<p><b>Caracter\u00edsticas b\u00e1sicas do Pressostato Refrigera\u00e7\u00e3o \u2013 SPR 007<\/b><\/p>\n<p><span style=\"font-weight: 400;\">&#8211; Excelente precis\u00e3o<br \/>\n<\/span><span style=\"font-weight: 400;\">&#8211; Oferecido com cabo 18AWG para a conex\u00e3o el\u00e9trica<br \/>\n<\/span><span style=\"font-weight: 400;\">&#8211; Compat\u00edvel para operar com uma grande variedade de subst\u00e2ncias qu\u00edmicas, sendo gases ou l\u00edquidos<br \/>\n&#8211; Press\u00e3o de contato cont\u00ednuo para opera\u00e7\u00e3o e comuta\u00e7\u00e3o r\u00e1pida<\/span><\/p>\n","protected":false},"excerpt":{"rendered":"<div class=\"woocommerce-product-details__short-description\">\n<p><span style=\"font-weight: 400;\">O <strong>Pressostato Refrigera\u00e7\u00e3o SPR 007<\/strong> possui o valor da press\u00e3o de comuta\u00e7\u00e3o fixado e calibrado em f\u00e1brica. O seu reset \u00e9 autom\u00e1tico, sendo fornecido com a configura\u00e7\u00e3o de contato normalmente aberto (NA). Ele \u00e9 oferecido com cabo 18AWG para a conex\u00e3o el\u00e9trica. Os materiais de constru\u00e7\u00e3o do SPR 007 permitem que ele seja compat\u00edvel para operar com uma grande variedade de subst\u00e2ncias qu\u00edmicas, sendo gases ou l\u00edquidos. O SPR 007 pode ser aplicado em unidades de ar condicionado, sistemas de refrigera\u00e7\u00e3o, bombas de calor, sistemas de freio a ar, monitoramento da press\u00e3o de combust\u00edveis, equipamentos agr\u00edcolas, sistemas de controle industrial, equipamentos mar\u00edtimos.<\/span><\/p>\n<\/div>\n","protected":false},"featured_media":6925,"comment_status":"open","ping_status":"closed","template":"","meta":[],"product_brand":[],"product_cat":[91,450],"product_tag":[216,214,215,213,212,217],"class_list":{"0":"post-6924","1":"product","2":"type-product","3":"status-publish","4":"has-post-thumbnail","6":"product_cat-pressao","7":"product_cat-sensor-de-pressao-para-refrigeracao","8":"product_tag-pressostato-add","9":"product_tag-pressostato-de-alta-pressao","10":"product_tag-pressostato-de-baixa-e-alta-pressao","11":"product_tag-pressostato-de-refrigeracao","12":"product_tag-spr","13":"product_tag-spr017","15":"first","16":"instock","17":"taxable","18":"shipping-taxable","19":"purchasable","20":"product-type-simple"},"yoast_head":"<!-- This site is optimized with the Yoast SEO plugin v27.3 - https:\/\/yoast.com\/product\/yoast-seo-wordpress\/ -->\n<title>Pressostato Refrigera\u00e7\u00e3o - SPR 007 (2 BAR) - Loja ADD-THERM<\/title>\n<meta name=\"description\" content=\"Pressostato para Refrigera\u00e7\u00e3o - SPR 007 componente do sistema de prote\u00e7\u00e3o de equipamento\u00a0Refrigera\u00e7\u00e3o ou Ar condicionado.\" \/>\n<meta name=\"robots\" content=\"index, follow, max-snippet:-1, max-image-preview:large, max-video-preview:-1\" \/>\n<link rel=\"canonical\" href=\"https:\/\/addtherm.com.br\/loja\/produto\/pressostato-para-refrigeracao-spr-007\/\" \/>\n<meta property=\"og:locale\" content=\"pt_BR\" \/>\n<meta property=\"og:type\" content=\"article\" \/>\n<meta property=\"og:title\" content=\"Pressostato Refrigera\u00e7\u00e3o - SPR 007 (2 BAR) - Loja ADD-THERM\" \/>\n<meta property=\"og:description\" content=\"Pressostato para Refrigera\u00e7\u00e3o - SPR 007 componente do sistema de prote\u00e7\u00e3o de equipamento\u00a0Refrigera\u00e7\u00e3o ou Ar condicionado.\" \/>\n<meta property=\"og:url\" content=\"https:\/\/addtherm.com.br\/loja\/produto\/pressostato-para-refrigeracao-spr-007\/\" \/>\n<meta property=\"og:site_name\" content=\"Loja ADD-THERM\" \/>\n<meta property=\"article:modified_time\" content=\"2024-07-25T16:05:03+00:00\" \/>\n<meta property=\"og:image\" content=\"https:\/\/addtherm.com.br\/loja\/wp-content\/uploads\/2021\/05\/SPR-007.png\" \/>\n\t<meta property=\"og:image:width\" content=\"501\" \/>\n\t<meta property=\"og:image:height\" content=\"367\" \/>\n\t<meta property=\"og:image:type\" content=\"image\/png\" \/>\n<meta name=\"twitter:card\" content=\"summary_large_image\" \/>\n<meta name=\"twitter:label1\" content=\"Est. tempo de leitura\" \/>\n\t<meta name=\"twitter:data1\" content=\"1 minuto\" \/>\n<script type=\"application\/ld+json\" class=\"yoast-schema-graph\">{\"@context\":\"https:\\\/\\\/schema.org\",\"@graph\":[{\"@type\":\"WebPage\",\"@id\":\"https:\\\/\\\/addtherm.com.br\\\/loja\\\/produto\\\/pressostato-para-refrigeracao-spr-007\\\/\",\"url\":\"https:\\\/\\\/addtherm.com.br\\\/loja\\\/produto\\\/pressostato-para-refrigeracao-spr-007\\\/\",\"name\":\"Pressostato Refrigera\u00e7\u00e3o - SPR 007 (2 BAR) - Loja ADD-THERM\",\"isPartOf\":{\"@id\":\"https:\\\/\\\/addtherm.com.br\\\/loja\\\/#website\"},\"primaryImageOfPage\":{\"@id\":\"https:\\\/\\\/addtherm.com.br\\\/loja\\\/produto\\\/pressostato-para-refrigeracao-spr-007\\\/#primaryimage\"},\"image\":{\"@id\":\"https:\\\/\\\/addtherm.com.br\\\/loja\\\/produto\\\/pressostato-para-refrigeracao-spr-007\\\/#primaryimage\"},\"thumbnailUrl\":\"https:\\\/\\\/addtherm.com.br\\\/loja\\\/wp-content\\\/uploads\\\/2021\\\/05\\\/SPR-007.png\",\"datePublished\":\"2021-05-29T19:39:45+00:00\",\"dateModified\":\"2024-07-25T16:05:03+00:00\",\"description\":\"Pressostato para Refrigera\u00e7\u00e3o - SPR 007 componente do sistema de prote\u00e7\u00e3o de equipamento\u00a0Refrigera\u00e7\u00e3o ou Ar condicionado.\",\"breadcrumb\":{\"@id\":\"https:\\\/\\\/addtherm.com.br\\\/loja\\\/produto\\\/pressostato-para-refrigeracao-spr-007\\\/#breadcrumb\"},\"inLanguage\":\"pt-BR\",\"potentialAction\":[{\"@type\":\"ReadAction\",\"target\":[\"https:\\\/\\\/addtherm.com.br\\\/loja\\\/produto\\\/pressostato-para-refrigeracao-spr-007\\\/\"]}]},{\"@type\":\"ImageObject\",\"inLanguage\":\"pt-BR\",\"@id\":\"https:\\\/\\\/addtherm.com.br\\\/loja\\\/produto\\\/pressostato-para-refrigeracao-spr-007\\\/#primaryimage\",\"url\":\"https:\\\/\\\/addtherm.com.br\\\/loja\\\/wp-content\\\/uploads\\\/2021\\\/05\\\/SPR-007.png\",\"contentUrl\":\"https:\\\/\\\/addtherm.com.br\\\/loja\\\/wp-content\\\/uploads\\\/2021\\\/05\\\/SPR-007.png\",\"width\":501,\"height\":367},{\"@type\":\"BreadcrumbList\",\"@id\":\"https:\\\/\\\/addtherm.com.br\\\/loja\\\/produto\\\/pressostato-para-refrigeracao-spr-007\\\/#breadcrumb\",\"itemListElement\":[{\"@type\":\"ListItem\",\"position\":1,\"name\":\"In\u00edcio\",\"item\":\"https:\\\/\\\/addtherm.com.br\\\/loja\\\/\"},{\"@type\":\"ListItem\",\"position\":2,\"name\":\"Shop\",\"item\":\"https:\\\/\\\/addtherm.com.br\\\/loja\\\/shop\\\/\"},{\"@type\":\"ListItem\",\"position\":3,\"name\":\"Pressostato Refrigera\u00e7\u00e3o &#8211; SPR 007 (2 BAR)\"}]},{\"@type\":\"WebSite\",\"@id\":\"https:\\\/\\\/addtherm.com.br\\\/loja\\\/#website\",\"url\":\"https:\\\/\\\/addtherm.com.br\\\/loja\\\/\",\"name\":\"Loja ADD-THERM\",\"description\":\"Loja ADD-THERM\",\"potentialAction\":[{\"@type\":\"SearchAction\",\"target\":{\"@type\":\"EntryPoint\",\"urlTemplate\":\"https:\\\/\\\/addtherm.com.br\\\/loja\\\/?s={search_term_string}\"},\"query-input\":{\"@type\":\"PropertyValueSpecification\",\"valueRequired\":true,\"valueName\":\"search_term_string\"}}],\"inLanguage\":\"pt-BR\"}]}<\/script>\n<!-- \/ Yoast SEO plugin. -->","yoast_head_json":{"title":"Pressostato Refrigera\u00e7\u00e3o - SPR 007 (2 BAR) - Loja ADD-THERM","description":"Pressostato para Refrigera\u00e7\u00e3o - SPR 007 componente do sistema de prote\u00e7\u00e3o de equipamento\u00a0Refrigera\u00e7\u00e3o ou Ar condicionado.","robots":{"index":"index","follow":"follow","max-snippet":"max-snippet:-1","max-image-preview":"max-image-preview:large","max-video-preview":"max-video-preview:-1"},"canonical":"https:\/\/addtherm.com.br\/loja\/produto\/pressostato-para-refrigeracao-spr-007\/","og_locale":"pt_BR","og_type":"article","og_title":"Pressostato Refrigera\u00e7\u00e3o - SPR 007 (2 BAR) - Loja ADD-THERM","og_description":"Pressostato para Refrigera\u00e7\u00e3o - SPR 007 componente do sistema de prote\u00e7\u00e3o de equipamento\u00a0Refrigera\u00e7\u00e3o ou Ar condicionado.","og_url":"https:\/\/addtherm.com.br\/loja\/produto\/pressostato-para-refrigeracao-spr-007\/","og_site_name":"Loja ADD-THERM","article_modified_time":"2024-07-25T16:05:03+00:00","og_image":[{"width":501,"height":367,"url":"https:\/\/addtherm.com.br\/loja\/wp-content\/uploads\/2021\/05\/SPR-007.png","type":"image\/png"}],"twitter_card":"summary_large_image","twitter_misc":{"Est. tempo de leitura":"1 minuto"},"schema":{"@context":"https:\/\/schema.org","@graph":[{"@type":"WebPage","@id":"https:\/\/addtherm.com.br\/loja\/produto\/pressostato-para-refrigeracao-spr-007\/","url":"https:\/\/addtherm.com.br\/loja\/produto\/pressostato-para-refrigeracao-spr-007\/","name":"Pressostato Refrigera\u00e7\u00e3o - SPR 007 (2 BAR) - Loja ADD-THERM","isPartOf":{"@id":"https:\/\/addtherm.com.br\/loja\/#website"},"primaryImageOfPage":{"@id":"https:\/\/addtherm.com.br\/loja\/produto\/pressostato-para-refrigeracao-spr-007\/#primaryimage"},"image":{"@id":"https:\/\/addtherm.com.br\/loja\/produto\/pressostato-para-refrigeracao-spr-007\/#primaryimage"},"thumbnailUrl":"https:\/\/addtherm.com.br\/loja\/wp-content\/uploads\/2021\/05\/SPR-007.png","datePublished":"2021-05-29T19:39:45+00:00","dateModified":"2024-07-25T16:05:03+00:00","description":"Pressostato para Refrigera\u00e7\u00e3o - SPR 007 componente do sistema de prote\u00e7\u00e3o de equipamento\u00a0Refrigera\u00e7\u00e3o ou Ar condicionado.","breadcrumb":{"@id":"https:\/\/addtherm.com.br\/loja\/produto\/pressostato-para-refrigeracao-spr-007\/#breadcrumb"},"inLanguage":"pt-BR","potentialAction":[{"@type":"ReadAction","target":["https:\/\/addtherm.com.br\/loja\/produto\/pressostato-para-refrigeracao-spr-007\/"]}]},{"@type":"ImageObject","inLanguage":"pt-BR","@id":"https:\/\/addtherm.com.br\/loja\/produto\/pressostato-para-refrigeracao-spr-007\/#primaryimage","url":"https:\/\/addtherm.com.br\/loja\/wp-content\/uploads\/2021\/05\/SPR-007.png","contentUrl":"https:\/\/addtherm.com.br\/loja\/wp-content\/uploads\/2021\/05\/SPR-007.png","width":501,"height":367},{"@type":"BreadcrumbList","@id":"https:\/\/addtherm.com.br\/loja\/produto\/pressostato-para-refrigeracao-spr-007\/#breadcrumb","itemListElement":[{"@type":"ListItem","position":1,"name":"In\u00edcio","item":"https:\/\/addtherm.com.br\/loja\/"},{"@type":"ListItem","position":2,"name":"Shop","item":"https:\/\/addtherm.com.br\/loja\/shop\/"},{"@type":"ListItem","position":3,"name":"Pressostato Refrigera\u00e7\u00e3o &#8211; SPR 007 (2 BAR)"}]},{"@type":"WebSite","@id":"https:\/\/addtherm.com.br\/loja\/#website","url":"https:\/\/addtherm.com.br\/loja\/","name":"Loja ADD-THERM","description":"Loja ADD-THERM","potentialAction":[{"@type":"SearchAction","target":{"@type":"EntryPoint","urlTemplate":"https:\/\/addtherm.com.br\/loja\/?s={search_term_string}"},"query-input":{"@type":"PropertyValueSpecification","valueRequired":true,"valueName":"search_term_string"}}],"inLanguage":"pt-BR"}]}},"_links":{"self":[{"href":"https:\/\/addtherm.com.br\/loja\/wp-json\/wp\/v2\/product\/6924","targetHints":{"allow":["GET"]}}],"collection":[{"href":"https:\/\/addtherm.com.br\/loja\/wp-json\/wp\/v2\/product"}],"about":[{"href":"https:\/\/addtherm.com.br\/loja\/wp-json\/wp\/v2\/types\/product"}],"replies":[{"embeddable":true,"href":"https:\/\/addtherm.com.br\/loja\/wp-json\/wp\/v2\/comments?post=6924"}],"wp:featuredmedia":[{"embeddable":true,"href":"https:\/\/addtherm.com.br\/loja\/wp-json\/wp\/v2\/media\/6925"}],"wp:attachment":[{"href":"https:\/\/addtherm.com.br\/loja\/wp-json\/wp\/v2\/media?parent=6924"}],"wp:term":[{"taxonomy":"product_brand","embeddable":true,"href":"https:\/\/addtherm.com.br\/loja\/wp-json\/wp\/v2\/product_brand?post=6924"},{"taxonomy":"product_cat","embeddable":true,"href":"https:\/\/addtherm.com.br\/loja\/wp-json\/wp\/v2\/product_cat?post=6924"},{"taxonomy":"product_tag","embeddable":true,"href":"https:\/\/addtherm.com.br\/loja\/wp-json\/wp\/v2\/product_tag?post=6924"}],"curies":[{"name":"wp","href":"https:\/\/api.w.org\/{rel}","templated":true}]}}