{"id":6920,"date":"2021-05-29T16:21:52","date_gmt":"2021-05-29T19:21:52","guid":{"rendered":"https:\/\/addtherm.com.br\/loja\/?post_type=product&#038;p=6920"},"modified":"2024-08-16T09:22:09","modified_gmt":"2024-08-16T12:22:09","slug":"pressostato-ajustavel-linha-sp-030","status":"publish","type":"product","link":"https:\/\/addtherm.com.br\/loja\/produto\/pressostato-ajustavel-linha-sp-030\/","title":{"rendered":"Pressostato &#8211; SP 030 (1 BAR a 10 BAR \u2013 Ajustado em 5 BAR)"},"content":{"rendered":"<p><b>Caracter\u00edsticas B\u00e1sicas do Pressostato Ajust\u00e1vel \u2013 SP 030<\/b><\/p>\n<p><span style=\"font-weight: 400;\">&#8211; Excelente precis\u00e3o<\/span><\/p>\n<p><span style=\"font-weight: 400;\">&#8211; Press\u00e3o de contato cont\u00ednuo para opera\u00e7\u00e3o e comuta\u00e7\u00e3o r\u00e1pida<\/span><\/p>\n","protected":false},"excerpt":{"rendered":"<div class=\"woocommerce-product-details__short-description\">\n<p><span style=\"font-weight: 400;\">O <strong>Pressostato SP 030<\/strong> \u00e9 um pressostato tipo diafragma com conector Hirschmann DIN 43650-A, possuindo contato SPDT (NA\/NF) e press\u00e3o de ruptura em 300 BAR. Ele \u00e9 compat\u00edvel com fluidos hidr\u00e1ulicos e sua aplica\u00e7\u00e3o ocorre em equipamentos dotados de sistemas hidr\u00e1ulicos instalados principalmente em plantas industriais.<\/span><\/p>\n<\/div>\n","protected":false},"featured_media":6921,"comment_status":"open","ping_status":"closed","template":"","meta":[],"product_brand":[],"product_cat":[91,92],"product_tag":[274,279,278,277],"class_list":{"0":"post-6920","1":"product","2":"type-product","3":"status-publish","4":"has-post-thumbnail","6":"product_cat-pressao","7":"product_cat-pressostatos-ajustaveis","8":"product_tag-controle-de-pressao-industrial","9":"product_tag-pressao-addtherm","10":"product_tag-pressostato-ajustavel","11":"product_tag-pressostato-ajustavel-sp022-series","13":"first","14":"outofstock","15":"taxable","16":"shipping-taxable","17":"purchasable","18":"product-type-simple"},"yoast_head":"<!-- This site is optimized with the Yoast SEO plugin v27.4 - https:\/\/yoast.com\/product\/yoast-seo-wordpress\/ -->\n<title>Pressostato - SP 030 (1 BAR a 10 BAR \u2013 Ajustado em 5 BAR) - Loja ADD-THERM<\/title>\n<meta name=\"description\" content=\"Pressostato Ajust\u00e1vel - Linha SP030 s\u00e3o\u00a0sensores de medi\u00e7\u00e3o de press\u00e3o utilizados como componentes do sistema de prote\u00e7\u00e3o de\u00a0equipamentos ou processos industriais.\" \/>\n<meta name=\"robots\" content=\"index, follow, max-snippet:-1, max-image-preview:large, max-video-preview:-1\" \/>\n<link rel=\"canonical\" href=\"https:\/\/addtherm.com.br\/loja\/produto\/pressostato-ajustavel-linha-sp-030\/\" \/>\n<meta property=\"og:locale\" content=\"pt_BR\" \/>\n<meta property=\"og:type\" content=\"article\" \/>\n<meta property=\"og:title\" content=\"Pressostato - SP 030 (1 BAR a 10 BAR \u2013 Ajustado em 5 BAR) - Loja ADD-THERM\" \/>\n<meta property=\"og:description\" content=\"Pressostato Ajust\u00e1vel - Linha SP030 s\u00e3o\u00a0sensores de medi\u00e7\u00e3o de press\u00e3o utilizados como componentes do sistema de prote\u00e7\u00e3o de\u00a0equipamentos ou processos industriais.\" \/>\n<meta property=\"og:url\" content=\"https:\/\/addtherm.com.br\/loja\/produto\/pressostato-ajustavel-linha-sp-030\/\" \/>\n<meta property=\"og:site_name\" content=\"Loja ADD-THERM\" \/>\n<meta property=\"article:modified_time\" content=\"2024-08-16T12:22:09+00:00\" \/>\n<meta property=\"og:image\" content=\"https:\/\/addtherm.com.br\/loja\/wp-content\/uploads\/2021\/05\/SP030.png\" \/>\n\t<meta property=\"og:image:width\" content=\"403\" \/>\n\t<meta property=\"og:image:height\" content=\"373\" \/>\n\t<meta property=\"og:image:type\" content=\"image\/png\" \/>\n<meta name=\"twitter:card\" content=\"summary_large_image\" \/>\n<meta name=\"twitter:label1\" content=\"Est. tempo de leitura\" \/>\n\t<meta name=\"twitter:data1\" content=\"1 minuto\" \/>\n<script type=\"application\/ld+json\" class=\"yoast-schema-graph\">{\"@context\":\"https:\\\/\\\/schema.org\",\"@graph\":[{\"@type\":\"WebPage\",\"@id\":\"https:\\\/\\\/addtherm.com.br\\\/loja\\\/produto\\\/pressostato-ajustavel-linha-sp-030\\\/\",\"url\":\"https:\\\/\\\/addtherm.com.br\\\/loja\\\/produto\\\/pressostato-ajustavel-linha-sp-030\\\/\",\"name\":\"Pressostato - SP 030 (1 BAR a 10 BAR \u2013 Ajustado em 5 BAR) - Loja ADD-THERM\",\"isPartOf\":{\"@id\":\"https:\\\/\\\/addtherm.com.br\\\/loja\\\/#website\"},\"primaryImageOfPage\":{\"@id\":\"https:\\\/\\\/addtherm.com.br\\\/loja\\\/produto\\\/pressostato-ajustavel-linha-sp-030\\\/#primaryimage\"},\"image\":{\"@id\":\"https:\\\/\\\/addtherm.com.br\\\/loja\\\/produto\\\/pressostato-ajustavel-linha-sp-030\\\/#primaryimage\"},\"thumbnailUrl\":\"https:\\\/\\\/addtherm.com.br\\\/loja\\\/wp-content\\\/uploads\\\/2021\\\/05\\\/SP030.png\",\"datePublished\":\"2021-05-29T19:21:52+00:00\",\"dateModified\":\"2024-08-16T12:22:09+00:00\",\"description\":\"Pressostato Ajust\u00e1vel - Linha SP030 s\u00e3o\u00a0sensores de medi\u00e7\u00e3o de press\u00e3o utilizados como componentes do sistema de prote\u00e7\u00e3o de\u00a0equipamentos ou processos industriais.\",\"breadcrumb\":{\"@id\":\"https:\\\/\\\/addtherm.com.br\\\/loja\\\/produto\\\/pressostato-ajustavel-linha-sp-030\\\/#breadcrumb\"},\"inLanguage\":\"pt-BR\",\"potentialAction\":[{\"@type\":\"ReadAction\",\"target\":[\"https:\\\/\\\/addtherm.com.br\\\/loja\\\/produto\\\/pressostato-ajustavel-linha-sp-030\\\/\"]}]},{\"@type\":\"ImageObject\",\"inLanguage\":\"pt-BR\",\"@id\":\"https:\\\/\\\/addtherm.com.br\\\/loja\\\/produto\\\/pressostato-ajustavel-linha-sp-030\\\/#primaryimage\",\"url\":\"https:\\\/\\\/addtherm.com.br\\\/loja\\\/wp-content\\\/uploads\\\/2021\\\/05\\\/SP030.png\",\"contentUrl\":\"https:\\\/\\\/addtherm.com.br\\\/loja\\\/wp-content\\\/uploads\\\/2021\\\/05\\\/SP030.png\",\"width\":403,\"height\":373},{\"@type\":\"BreadcrumbList\",\"@id\":\"https:\\\/\\\/addtherm.com.br\\\/loja\\\/produto\\\/pressostato-ajustavel-linha-sp-030\\\/#breadcrumb\",\"itemListElement\":[{\"@type\":\"ListItem\",\"position\":1,\"name\":\"In\u00edcio\",\"item\":\"https:\\\/\\\/addtherm.com.br\\\/loja\\\/\"},{\"@type\":\"ListItem\",\"position\":2,\"name\":\"Shop\",\"item\":\"https:\\\/\\\/addtherm.com.br\\\/loja\\\/shop\\\/\"},{\"@type\":\"ListItem\",\"position\":3,\"name\":\"Pressostato &#8211; SP 030 (1 BAR a 10 BAR \u2013 Ajustado em 5 BAR)\"}]},{\"@type\":\"WebSite\",\"@id\":\"https:\\\/\\\/addtherm.com.br\\\/loja\\\/#website\",\"url\":\"https:\\\/\\\/addtherm.com.br\\\/loja\\\/\",\"name\":\"Loja ADD-THERM\",\"description\":\"Loja ADD-THERM\",\"potentialAction\":[{\"@type\":\"SearchAction\",\"target\":{\"@type\":\"EntryPoint\",\"urlTemplate\":\"https:\\\/\\\/addtherm.com.br\\\/loja\\\/?s={search_term_string}\"},\"query-input\":{\"@type\":\"PropertyValueSpecification\",\"valueRequired\":true,\"valueName\":\"search_term_string\"}}],\"inLanguage\":\"pt-BR\"}]}<\/script>\n<!-- \/ Yoast SEO plugin. -->","yoast_head_json":{"title":"Pressostato - SP 030 (1 BAR a 10 BAR \u2013 Ajustado em 5 BAR) - Loja ADD-THERM","description":"Pressostato Ajust\u00e1vel - Linha SP030 s\u00e3o\u00a0sensores de medi\u00e7\u00e3o de press\u00e3o utilizados como componentes do sistema de prote\u00e7\u00e3o de\u00a0equipamentos ou processos industriais.","robots":{"index":"index","follow":"follow","max-snippet":"max-snippet:-1","max-image-preview":"max-image-preview:large","max-video-preview":"max-video-preview:-1"},"canonical":"https:\/\/addtherm.com.br\/loja\/produto\/pressostato-ajustavel-linha-sp-030\/","og_locale":"pt_BR","og_type":"article","og_title":"Pressostato - SP 030 (1 BAR a 10 BAR \u2013 Ajustado em 5 BAR) - Loja ADD-THERM","og_description":"Pressostato Ajust\u00e1vel - Linha SP030 s\u00e3o\u00a0sensores de medi\u00e7\u00e3o de press\u00e3o utilizados como componentes do sistema de prote\u00e7\u00e3o de\u00a0equipamentos ou processos industriais.","og_url":"https:\/\/addtherm.com.br\/loja\/produto\/pressostato-ajustavel-linha-sp-030\/","og_site_name":"Loja ADD-THERM","article_modified_time":"2024-08-16T12:22:09+00:00","og_image":[{"width":403,"height":373,"url":"https:\/\/addtherm.com.br\/loja\/wp-content\/uploads\/2021\/05\/SP030.png","type":"image\/png"}],"twitter_card":"summary_large_image","twitter_misc":{"Est. tempo de leitura":"1 minuto"},"schema":{"@context":"https:\/\/schema.org","@graph":[{"@type":"WebPage","@id":"https:\/\/addtherm.com.br\/loja\/produto\/pressostato-ajustavel-linha-sp-030\/","url":"https:\/\/addtherm.com.br\/loja\/produto\/pressostato-ajustavel-linha-sp-030\/","name":"Pressostato - SP 030 (1 BAR a 10 BAR \u2013 Ajustado em 5 BAR) - Loja ADD-THERM","isPartOf":{"@id":"https:\/\/addtherm.com.br\/loja\/#website"},"primaryImageOfPage":{"@id":"https:\/\/addtherm.com.br\/loja\/produto\/pressostato-ajustavel-linha-sp-030\/#primaryimage"},"image":{"@id":"https:\/\/addtherm.com.br\/loja\/produto\/pressostato-ajustavel-linha-sp-030\/#primaryimage"},"thumbnailUrl":"https:\/\/addtherm.com.br\/loja\/wp-content\/uploads\/2021\/05\/SP030.png","datePublished":"2021-05-29T19:21:52+00:00","dateModified":"2024-08-16T12:22:09+00:00","description":"Pressostato Ajust\u00e1vel - Linha SP030 s\u00e3o\u00a0sensores de medi\u00e7\u00e3o de press\u00e3o utilizados como componentes do sistema de prote\u00e7\u00e3o de\u00a0equipamentos ou processos industriais.","breadcrumb":{"@id":"https:\/\/addtherm.com.br\/loja\/produto\/pressostato-ajustavel-linha-sp-030\/#breadcrumb"},"inLanguage":"pt-BR","potentialAction":[{"@type":"ReadAction","target":["https:\/\/addtherm.com.br\/loja\/produto\/pressostato-ajustavel-linha-sp-030\/"]}]},{"@type":"ImageObject","inLanguage":"pt-BR","@id":"https:\/\/addtherm.com.br\/loja\/produto\/pressostato-ajustavel-linha-sp-030\/#primaryimage","url":"https:\/\/addtherm.com.br\/loja\/wp-content\/uploads\/2021\/05\/SP030.png","contentUrl":"https:\/\/addtherm.com.br\/loja\/wp-content\/uploads\/2021\/05\/SP030.png","width":403,"height":373},{"@type":"BreadcrumbList","@id":"https:\/\/addtherm.com.br\/loja\/produto\/pressostato-ajustavel-linha-sp-030\/#breadcrumb","itemListElement":[{"@type":"ListItem","position":1,"name":"In\u00edcio","item":"https:\/\/addtherm.com.br\/loja\/"},{"@type":"ListItem","position":2,"name":"Shop","item":"https:\/\/addtherm.com.br\/loja\/shop\/"},{"@type":"ListItem","position":3,"name":"Pressostato &#8211; SP 030 (1 BAR a 10 BAR \u2013 Ajustado em 5 BAR)"}]},{"@type":"WebSite","@id":"https:\/\/addtherm.com.br\/loja\/#website","url":"https:\/\/addtherm.com.br\/loja\/","name":"Loja ADD-THERM","description":"Loja ADD-THERM","potentialAction":[{"@type":"SearchAction","target":{"@type":"EntryPoint","urlTemplate":"https:\/\/addtherm.com.br\/loja\/?s={search_term_string}"},"query-input":{"@type":"PropertyValueSpecification","valueRequired":true,"valueName":"search_term_string"}}],"inLanguage":"pt-BR"}]}},"_links":{"self":[{"href":"https:\/\/addtherm.com.br\/loja\/wp-json\/wp\/v2\/product\/6920","targetHints":{"allow":["GET"]}}],"collection":[{"href":"https:\/\/addtherm.com.br\/loja\/wp-json\/wp\/v2\/product"}],"about":[{"href":"https:\/\/addtherm.com.br\/loja\/wp-json\/wp\/v2\/types\/product"}],"replies":[{"embeddable":true,"href":"https:\/\/addtherm.com.br\/loja\/wp-json\/wp\/v2\/comments?post=6920"}],"wp:featuredmedia":[{"embeddable":true,"href":"https:\/\/addtherm.com.br\/loja\/wp-json\/wp\/v2\/media\/6921"}],"wp:attachment":[{"href":"https:\/\/addtherm.com.br\/loja\/wp-json\/wp\/v2\/media?parent=6920"}],"wp:term":[{"taxonomy":"product_brand","embeddable":true,"href":"https:\/\/addtherm.com.br\/loja\/wp-json\/wp\/v2\/product_brand?post=6920"},{"taxonomy":"product_cat","embeddable":true,"href":"https:\/\/addtherm.com.br\/loja\/wp-json\/wp\/v2\/product_cat?post=6920"},{"taxonomy":"product_tag","embeddable":true,"href":"https:\/\/addtherm.com.br\/loja\/wp-json\/wp\/v2\/product_tag?post=6920"}],"curies":[{"name":"wp","href":"https:\/\/api.w.org\/{rel}","templated":true}]}}