{"id":6902,"date":"2021-05-21T18:54:43","date_gmt":"2021-05-21T21:54:43","guid":{"rendered":"https:\/\/addtherm.com.br\/loja\/?post_type=product&#038;p=6902"},"modified":"2024-07-25T13:05:36","modified_gmt":"2024-07-25T16:05:36","slug":"termostatos-de-lamina-ajustaveis","status":"publish","type":"product","link":"https:\/\/addtherm.com.br\/loja\/produto\/termostatos-de-lamina-ajustaveis\/","title":{"rendered":"Termostatos de L\u00e2mina Ajust\u00e1veis &#8211; Linha A83 &#8211; Kit com 5 unidades"},"content":{"rendered":"<h2>Termostatos de L\u00e2mina Ajust\u00e1veis<br \/>\nN\u00c3O VENDEMOS ESTE PRODUTO UNIT\u00c1RIO, TRATA-SE DE UM KIT COM 5 UNIDADES.<\/h2>\n","protected":false},"excerpt":{"rendered":"<div class=\"woocommerce-product-details__short-description\">\n<p><span style=\"font-weight: 400;\">Os Termostatos de L\u00e2mina\u00a0s\u00e3o\u00a0amplamente utilizados com o objetivo de controlar a temperatura de aquecimento em diversas aplica\u00e7\u00f5es.<\/span><\/p>\n<p><span style=\"font-weight: 400;\">Devido ao formato com bimetais aparentes, permite uma melhor condutividade t\u00e9rmica com a fonte de calor a ser controlada. <\/span><span style=\"font-weight: 400;\">Estes termostatos s\u00e3o regul\u00e1veis num range de temperatura determinado (haste).<\/span><\/p>\n<p><span style=\"font-weight: 400;\">Os termostatos de l\u00e2mina est\u00e3o dispon\u00edveis com terminais el\u00e9tricos faston que podem ser fabricados na posi\u00e7\u00e3o necess\u00e1ria.\u00a0Eles podem ser uma alternativa com custo mais baixo em alguns casos em que se utilizam termostatos capilares.<\/span><\/p>\n<p><strong>Corrente M\u00e1xima: 15A<\/strong><\/p>\n<p><strong>Contato: NF<\/strong><\/p>\n<p><strong>Regulagem de Temperatura: Ajust\u00e1vel<\/strong><\/p>\n<p><b>N\u00c3O VENDEMOS ESTE PRODUTO UNIT\u00c1RIO, TRATA-SE DE UM KIT COM 5 UNIDADES<\/b><\/p>\n<\/div>\n","protected":false},"featured_media":6907,"comment_status":"open","ping_status":"closed","template":"","meta":[],"product_brand":[],"product_cat":[89,93],"product_tag":[113,127,124,128],"class_list":{"0":"post-6902","1":"product","2":"type-product","3":"status-publish","4":"has-post-thumbnail","6":"product_cat-protecao-termica","7":"product_cat-termostatos-bimetalicos","8":"product_tag-termostato-bimetalico","9":"product_tag-termostato-de-lamina","10":"product_tag-termostatos","11":"product_tag-termostatos-addtherm","12":"pa_escolha-a-temperatura-0c-a-120c","13":"pa_escolha-a-temperatura-0c-a-140c","14":"pa_escolha-a-temperatura-0c-a-180c","15":"pa_escolha-a-temperatura-0c-a-300c","17":"first","18":"instock","19":"taxable","20":"shipping-taxable","21":"purchasable","22":"product-type-variable"},"yoast_head":"<!-- This site is optimized with the Yoast SEO plugin v27.4 - https:\/\/yoast.com\/product\/yoast-seo-wordpress\/ -->\n<title>Termostatos de L\u00e2mina Ajust\u00e1veis - Linha A83 - Kit com 5 unidades - Loja ADD-THERM<\/title>\n<meta name=\"description\" content=\"Termostato de L\u00e2mina controlam e protegem\u00a0a temperatura de aquecimento em aplica\u00e7\u00f5es que exigem um controle regul\u00e1vel de temperatura. Compre Agora.\" \/>\n<meta name=\"robots\" content=\"index, follow, max-snippet:-1, max-image-preview:large, max-video-preview:-1\" \/>\n<link rel=\"canonical\" href=\"https:\/\/addtherm.com.br\/loja\/produto\/termostatos-de-lamina-ajustaveis\/\" \/>\n<meta property=\"og:locale\" content=\"pt_BR\" \/>\n<meta property=\"og:type\" content=\"article\" \/>\n<meta property=\"og:title\" content=\"Termostatos de L\u00e2mina Ajust\u00e1veis - Linha A83 - Kit com 5 unidades - Loja ADD-THERM\" \/>\n<meta property=\"og:description\" content=\"Termostato de L\u00e2mina controlam e protegem\u00a0a temperatura de aquecimento em aplica\u00e7\u00f5es que exigem um controle regul\u00e1vel de temperatura. Compre Agora.\" \/>\n<meta property=\"og:url\" content=\"https:\/\/addtherm.com.br\/loja\/produto\/termostatos-de-lamina-ajustaveis\/\" \/>\n<meta property=\"og:site_name\" content=\"Loja ADD-THERM\" \/>\n<meta property=\"article:modified_time\" content=\"2024-07-25T16:05:36+00:00\" \/>\n<meta property=\"og:image\" content=\"https:\/\/addtherm.com.br\/loja\/wp-content\/uploads\/2021\/05\/lamina-var.png\" \/>\n\t<meta property=\"og:image:width\" content=\"611\" \/>\n\t<meta property=\"og:image:height\" content=\"315\" \/>\n\t<meta property=\"og:image:type\" content=\"image\/png\" \/>\n<meta name=\"twitter:card\" content=\"summary_large_image\" \/>\n<meta name=\"twitter:label1\" content=\"Est. tempo de leitura\" \/>\n\t<meta name=\"twitter:data1\" content=\"1 minuto\" \/>\n<script type=\"application\/ld+json\" class=\"yoast-schema-graph\">{\"@context\":\"https:\\\/\\\/schema.org\",\"@graph\":[{\"@type\":\"WebPage\",\"@id\":\"https:\\\/\\\/addtherm.com.br\\\/loja\\\/produto\\\/termostatos-de-lamina-ajustaveis\\\/\",\"url\":\"https:\\\/\\\/addtherm.com.br\\\/loja\\\/produto\\\/termostatos-de-lamina-ajustaveis\\\/\",\"name\":\"Termostatos de L\u00e2mina Ajust\u00e1veis - Linha A83 - Kit com 5 unidades - Loja ADD-THERM\",\"isPartOf\":{\"@id\":\"https:\\\/\\\/addtherm.com.br\\\/loja\\\/#website\"},\"primaryImageOfPage\":{\"@id\":\"https:\\\/\\\/addtherm.com.br\\\/loja\\\/produto\\\/termostatos-de-lamina-ajustaveis\\\/#primaryimage\"},\"image\":{\"@id\":\"https:\\\/\\\/addtherm.com.br\\\/loja\\\/produto\\\/termostatos-de-lamina-ajustaveis\\\/#primaryimage\"},\"thumbnailUrl\":\"https:\\\/\\\/addtherm.com.br\\\/loja\\\/wp-content\\\/uploads\\\/2021\\\/05\\\/lamina-var.png\",\"datePublished\":\"2021-05-21T21:54:43+00:00\",\"dateModified\":\"2024-07-25T16:05:36+00:00\",\"description\":\"Termostato de L\u00e2mina controlam e protegem\u00a0a temperatura de aquecimento em aplica\u00e7\u00f5es que exigem um controle regul\u00e1vel de temperatura. Compre Agora.\",\"breadcrumb\":{\"@id\":\"https:\\\/\\\/addtherm.com.br\\\/loja\\\/produto\\\/termostatos-de-lamina-ajustaveis\\\/#breadcrumb\"},\"inLanguage\":\"pt-BR\",\"potentialAction\":[{\"@type\":\"ReadAction\",\"target\":[\"https:\\\/\\\/addtherm.com.br\\\/loja\\\/produto\\\/termostatos-de-lamina-ajustaveis\\\/\"]}]},{\"@type\":\"ImageObject\",\"inLanguage\":\"pt-BR\",\"@id\":\"https:\\\/\\\/addtherm.com.br\\\/loja\\\/produto\\\/termostatos-de-lamina-ajustaveis\\\/#primaryimage\",\"url\":\"https:\\\/\\\/addtherm.com.br\\\/loja\\\/wp-content\\\/uploads\\\/2021\\\/05\\\/lamina-var.png\",\"contentUrl\":\"https:\\\/\\\/addtherm.com.br\\\/loja\\\/wp-content\\\/uploads\\\/2021\\\/05\\\/lamina-var.png\",\"width\":611,\"height\":315},{\"@type\":\"BreadcrumbList\",\"@id\":\"https:\\\/\\\/addtherm.com.br\\\/loja\\\/produto\\\/termostatos-de-lamina-ajustaveis\\\/#breadcrumb\",\"itemListElement\":[{\"@type\":\"ListItem\",\"position\":1,\"name\":\"In\u00edcio\",\"item\":\"https:\\\/\\\/addtherm.com.br\\\/loja\\\/\"},{\"@type\":\"ListItem\",\"position\":2,\"name\":\"Shop\",\"item\":\"https:\\\/\\\/addtherm.com.br\\\/loja\\\/shop\\\/\"},{\"@type\":\"ListItem\",\"position\":3,\"name\":\"Termostatos de L\u00e2mina Ajust\u00e1veis &#8211; Linha A83 &#8211; Kit com 5 unidades\"}]},{\"@type\":\"WebSite\",\"@id\":\"https:\\\/\\\/addtherm.com.br\\\/loja\\\/#website\",\"url\":\"https:\\\/\\\/addtherm.com.br\\\/loja\\\/\",\"name\":\"Loja ADD-THERM\",\"description\":\"Loja ADD-THERM\",\"potentialAction\":[{\"@type\":\"SearchAction\",\"target\":{\"@type\":\"EntryPoint\",\"urlTemplate\":\"https:\\\/\\\/addtherm.com.br\\\/loja\\\/?s={search_term_string}\"},\"query-input\":{\"@type\":\"PropertyValueSpecification\",\"valueRequired\":true,\"valueName\":\"search_term_string\"}}],\"inLanguage\":\"pt-BR\"}]}<\/script>\n<!-- \/ Yoast SEO plugin. -->","yoast_head_json":{"title":"Termostatos de L\u00e2mina Ajust\u00e1veis - Linha A83 - Kit com 5 unidades - Loja ADD-THERM","description":"Termostato de L\u00e2mina controlam e protegem\u00a0a temperatura de aquecimento em aplica\u00e7\u00f5es que exigem um controle regul\u00e1vel de temperatura. Compre Agora.","robots":{"index":"index","follow":"follow","max-snippet":"max-snippet:-1","max-image-preview":"max-image-preview:large","max-video-preview":"max-video-preview:-1"},"canonical":"https:\/\/addtherm.com.br\/loja\/produto\/termostatos-de-lamina-ajustaveis\/","og_locale":"pt_BR","og_type":"article","og_title":"Termostatos de L\u00e2mina Ajust\u00e1veis - Linha A83 - Kit com 5 unidades - Loja ADD-THERM","og_description":"Termostato de L\u00e2mina controlam e protegem\u00a0a temperatura de aquecimento em aplica\u00e7\u00f5es que exigem um controle regul\u00e1vel de temperatura. Compre Agora.","og_url":"https:\/\/addtherm.com.br\/loja\/produto\/termostatos-de-lamina-ajustaveis\/","og_site_name":"Loja ADD-THERM","article_modified_time":"2024-07-25T16:05:36+00:00","og_image":[{"width":611,"height":315,"url":"https:\/\/addtherm.com.br\/loja\/wp-content\/uploads\/2021\/05\/lamina-var.png","type":"image\/png"}],"twitter_card":"summary_large_image","twitter_misc":{"Est. tempo de leitura":"1 minuto"},"schema":{"@context":"https:\/\/schema.org","@graph":[{"@type":"WebPage","@id":"https:\/\/addtherm.com.br\/loja\/produto\/termostatos-de-lamina-ajustaveis\/","url":"https:\/\/addtherm.com.br\/loja\/produto\/termostatos-de-lamina-ajustaveis\/","name":"Termostatos de L\u00e2mina Ajust\u00e1veis - Linha A83 - Kit com 5 unidades - Loja ADD-THERM","isPartOf":{"@id":"https:\/\/addtherm.com.br\/loja\/#website"},"primaryImageOfPage":{"@id":"https:\/\/addtherm.com.br\/loja\/produto\/termostatos-de-lamina-ajustaveis\/#primaryimage"},"image":{"@id":"https:\/\/addtherm.com.br\/loja\/produto\/termostatos-de-lamina-ajustaveis\/#primaryimage"},"thumbnailUrl":"https:\/\/addtherm.com.br\/loja\/wp-content\/uploads\/2021\/05\/lamina-var.png","datePublished":"2021-05-21T21:54:43+00:00","dateModified":"2024-07-25T16:05:36+00:00","description":"Termostato de L\u00e2mina controlam e protegem\u00a0a temperatura de aquecimento em aplica\u00e7\u00f5es que exigem um controle regul\u00e1vel de temperatura. Compre Agora.","breadcrumb":{"@id":"https:\/\/addtherm.com.br\/loja\/produto\/termostatos-de-lamina-ajustaveis\/#breadcrumb"},"inLanguage":"pt-BR","potentialAction":[{"@type":"ReadAction","target":["https:\/\/addtherm.com.br\/loja\/produto\/termostatos-de-lamina-ajustaveis\/"]}]},{"@type":"ImageObject","inLanguage":"pt-BR","@id":"https:\/\/addtherm.com.br\/loja\/produto\/termostatos-de-lamina-ajustaveis\/#primaryimage","url":"https:\/\/addtherm.com.br\/loja\/wp-content\/uploads\/2021\/05\/lamina-var.png","contentUrl":"https:\/\/addtherm.com.br\/loja\/wp-content\/uploads\/2021\/05\/lamina-var.png","width":611,"height":315},{"@type":"BreadcrumbList","@id":"https:\/\/addtherm.com.br\/loja\/produto\/termostatos-de-lamina-ajustaveis\/#breadcrumb","itemListElement":[{"@type":"ListItem","position":1,"name":"In\u00edcio","item":"https:\/\/addtherm.com.br\/loja\/"},{"@type":"ListItem","position":2,"name":"Shop","item":"https:\/\/addtherm.com.br\/loja\/shop\/"},{"@type":"ListItem","position":3,"name":"Termostatos de L\u00e2mina Ajust\u00e1veis &#8211; Linha A83 &#8211; Kit com 5 unidades"}]},{"@type":"WebSite","@id":"https:\/\/addtherm.com.br\/loja\/#website","url":"https:\/\/addtherm.com.br\/loja\/","name":"Loja ADD-THERM","description":"Loja ADD-THERM","potentialAction":[{"@type":"SearchAction","target":{"@type":"EntryPoint","urlTemplate":"https:\/\/addtherm.com.br\/loja\/?s={search_term_string}"},"query-input":{"@type":"PropertyValueSpecification","valueRequired":true,"valueName":"search_term_string"}}],"inLanguage":"pt-BR"}]}},"_links":{"self":[{"href":"https:\/\/addtherm.com.br\/loja\/wp-json\/wp\/v2\/product\/6902","targetHints":{"allow":["GET"]}}],"collection":[{"href":"https:\/\/addtherm.com.br\/loja\/wp-json\/wp\/v2\/product"}],"about":[{"href":"https:\/\/addtherm.com.br\/loja\/wp-json\/wp\/v2\/types\/product"}],"replies":[{"embeddable":true,"href":"https:\/\/addtherm.com.br\/loja\/wp-json\/wp\/v2\/comments?post=6902"}],"wp:featuredmedia":[{"embeddable":true,"href":"https:\/\/addtherm.com.br\/loja\/wp-json\/wp\/v2\/media\/6907"}],"wp:attachment":[{"href":"https:\/\/addtherm.com.br\/loja\/wp-json\/wp\/v2\/media?parent=6902"}],"wp:term":[{"taxonomy":"product_brand","embeddable":true,"href":"https:\/\/addtherm.com.br\/loja\/wp-json\/wp\/v2\/product_brand?post=6902"},{"taxonomy":"product_cat","embeddable":true,"href":"https:\/\/addtherm.com.br\/loja\/wp-json\/wp\/v2\/product_cat?post=6902"},{"taxonomy":"product_tag","embeddable":true,"href":"https:\/\/addtherm.com.br\/loja\/wp-json\/wp\/v2\/product_tag?post=6902"}],"curies":[{"name":"wp","href":"https:\/\/api.w.org\/{rel}","templated":true}]}}