{"id":6897,"date":"2021-05-20T22:13:45","date_gmt":"2021-05-21T01:13:45","guid":{"rendered":"https:\/\/addtherm.com.br\/loja\/?post_type=product&#038;p=6897"},"modified":"2026-04-10T17:17:40","modified_gmt":"2026-04-10T20:17:40","slug":"termostatos-de-degelo-linha-a86-35graus","status":"publish","type":"product","link":"https:\/\/addtherm.com.br\/loja\/produto\/termostatos-de-degelo-linha-a86-35graus\/","title":{"rendered":"Termostatos de Degelo com Suporte &#8211; A86 035F &#8211; Kit com 3 unidades"},"content":{"rendered":"<h2>Termostatos de Degelo com Suporte &#8211; Linha A86<br \/>\n<em>N\u00e3o vendemos este produto unit\u00e1rio, trata-se de um kit com 3 unidades<\/em><\/h2>\n","protected":false},"excerpt":{"rendered":"<div class=\"woocommerce-product-details__short-description\">\n<p><span style=\"font-weight: 400;\"><strong>Termostatos de Degelo<\/strong> <b>A86 035F <\/b>s\u00e3o amplamente utilizados com o objetivo de controlar a temperatura baixa (abaixo de 30\u00b0C) em equipamentos para\u00a0refrigera\u00e7\u00e3o. Devido a sua constru\u00e7\u00e3o hermeticamente selada podem ser utilizados em algumas aplica\u00e7\u00f5es de aquecimento que possuem umidade ou poeira. Tamb\u00e9m se aplicam em ambientes de aquecimento.<\/span><\/p>\n<p><span style=\"font-weight: 400;\">Tais termostatos s\u00e3o fabricados com disco bimet\u00e1lico de efeito snap action e possuem precis\u00e3o de \u00b14\u00b0C da temperatura nominal sendo considerados os termostatos com\u00a0a melhor precis\u00e3o em compara\u00e7\u00e3o aos termostatos existentes no mercado. Eles s\u00e3o fabricados em modelos de fixa\u00e7\u00e3o em superf\u00edcies planas, tubos de refrigera\u00e7\u00e3o ou sem suporte.<\/span><\/p>\n<p><strong>Temperatura de Abertura: 35\u00baC<\/strong><\/p>\n<p><strong>Temperatura de Fechamento: 25\u00baC<\/strong><\/p>\n<p><strong>Corrente M\u00e1xima: 15A<\/strong><\/p>\n<p><strong>Suporte: Com Suporte<\/strong><\/p>\n<p><strong>Ao clicar em comprar, voc\u00ea adquire um kit com 3 (tr\u00eas) termostatos de degelo.<\/strong><\/p>\n<\/div>\n","protected":false},"featured_media":7010,"comment_status":"open","ping_status":"closed","template":"","meta":[],"product_brand":[],"product_cat":[89,93],"product_tag":[175,125,124],"class_list":{"0":"post-6897","1":"product","2":"type-product","3":"status-publish","4":"has-post-thumbnail","6":"product_cat-protecao-termica","7":"product_cat-termostatos-bimetalicos","8":"product_tag-termostato-3-4-degelo","9":"product_tag-termostato-de-degelo","10":"product_tag-termostatos","12":"first","13":"instock","14":"taxable","15":"shipping-taxable","16":"purchasable","17":"product-type-simple"},"yoast_head":"<!-- This site is optimized with the Yoast SEO plugin v27.4 - https:\/\/yoast.com\/product\/yoast-seo-wordpress\/ -->\n<title>Termostatos de Degelo com Suporte - A86 035F - Kit com 3 unidades - Loja ADD-THERM<\/title>\n<meta name=\"description\" content=\"Termostato de Degelo ADDTHERM utilizados com o objetivo de controlar a temperatura baixa (abaixo de 30\u00b0C) Compre online no ADDTHERM Loja.\" \/>\n<meta name=\"robots\" content=\"index, follow, max-snippet:-1, max-image-preview:large, max-video-preview:-1\" \/>\n<link rel=\"canonical\" href=\"https:\/\/addtherm.com.br\/loja\/produto\/termostatos-de-degelo-linha-a86-35graus\/\" \/>\n<meta property=\"og:locale\" content=\"pt_BR\" \/>\n<meta property=\"og:type\" content=\"article\" \/>\n<meta property=\"og:title\" content=\"Termostatos de Degelo com Suporte - A86 035F - Kit com 3 unidades - Loja ADD-THERM\" \/>\n<meta property=\"og:description\" content=\"Termostato de Degelo ADDTHERM utilizados com o objetivo de controlar a temperatura baixa (abaixo de 30\u00b0C) Compre online no ADDTHERM Loja.\" \/>\n<meta property=\"og:url\" content=\"https:\/\/addtherm.com.br\/loja\/produto\/termostatos-de-degelo-linha-a86-35graus\/\" \/>\n<meta property=\"og:site_name\" content=\"Loja ADD-THERM\" \/>\n<meta property=\"article:modified_time\" content=\"2026-04-10T20:17:40+00:00\" \/>\n<meta property=\"og:image\" content=\"https:\/\/addtherm.com.br\/loja\/wp-content\/uploads\/2021\/05\/termostato-de-degelo-com-suporte.png\" \/>\n\t<meta property=\"og:image:width\" content=\"493\" \/>\n\t<meta property=\"og:image:height\" content=\"328\" \/>\n\t<meta property=\"og:image:type\" content=\"image\/png\" \/>\n<meta name=\"twitter:card\" content=\"summary_large_image\" \/>\n<meta name=\"twitter:label1\" content=\"Est. tempo de leitura\" \/>\n\t<meta name=\"twitter:data1\" content=\"1 minuto\" \/>\n<script type=\"application\/ld+json\" class=\"yoast-schema-graph\">{\"@context\":\"https:\\\/\\\/schema.org\",\"@graph\":[{\"@type\":\"WebPage\",\"@id\":\"https:\\\/\\\/addtherm.com.br\\\/loja\\\/produto\\\/termostatos-de-degelo-linha-a86-35graus\\\/\",\"url\":\"https:\\\/\\\/addtherm.com.br\\\/loja\\\/produto\\\/termostatos-de-degelo-linha-a86-35graus\\\/\",\"name\":\"Termostatos de Degelo com Suporte - A86 035F - Kit com 3 unidades - Loja ADD-THERM\",\"isPartOf\":{\"@id\":\"https:\\\/\\\/addtherm.com.br\\\/loja\\\/#website\"},\"primaryImageOfPage\":{\"@id\":\"https:\\\/\\\/addtherm.com.br\\\/loja\\\/produto\\\/termostatos-de-degelo-linha-a86-35graus\\\/#primaryimage\"},\"image\":{\"@id\":\"https:\\\/\\\/addtherm.com.br\\\/loja\\\/produto\\\/termostatos-de-degelo-linha-a86-35graus\\\/#primaryimage\"},\"thumbnailUrl\":\"https:\\\/\\\/addtherm.com.br\\\/loja\\\/wp-content\\\/uploads\\\/2021\\\/05\\\/termostato-de-degelo-com-suporte.png\",\"datePublished\":\"2021-05-21T01:13:45+00:00\",\"dateModified\":\"2026-04-10T20:17:40+00:00\",\"description\":\"Termostato de Degelo ADDTHERM utilizados com o objetivo de controlar a temperatura baixa (abaixo de 30\u00b0C) Compre online no ADDTHERM Loja.\",\"breadcrumb\":{\"@id\":\"https:\\\/\\\/addtherm.com.br\\\/loja\\\/produto\\\/termostatos-de-degelo-linha-a86-35graus\\\/#breadcrumb\"},\"inLanguage\":\"pt-BR\",\"potentialAction\":[{\"@type\":\"ReadAction\",\"target\":[\"https:\\\/\\\/addtherm.com.br\\\/loja\\\/produto\\\/termostatos-de-degelo-linha-a86-35graus\\\/\"]}]},{\"@type\":\"ImageObject\",\"inLanguage\":\"pt-BR\",\"@id\":\"https:\\\/\\\/addtherm.com.br\\\/loja\\\/produto\\\/termostatos-de-degelo-linha-a86-35graus\\\/#primaryimage\",\"url\":\"https:\\\/\\\/addtherm.com.br\\\/loja\\\/wp-content\\\/uploads\\\/2021\\\/05\\\/termostato-de-degelo-com-suporte.png\",\"contentUrl\":\"https:\\\/\\\/addtherm.com.br\\\/loja\\\/wp-content\\\/uploads\\\/2021\\\/05\\\/termostato-de-degelo-com-suporte.png\",\"width\":493,\"height\":328},{\"@type\":\"BreadcrumbList\",\"@id\":\"https:\\\/\\\/addtherm.com.br\\\/loja\\\/produto\\\/termostatos-de-degelo-linha-a86-35graus\\\/#breadcrumb\",\"itemListElement\":[{\"@type\":\"ListItem\",\"position\":1,\"name\":\"In\u00edcio\",\"item\":\"https:\\\/\\\/addtherm.com.br\\\/loja\\\/\"},{\"@type\":\"ListItem\",\"position\":2,\"name\":\"Shop\",\"item\":\"https:\\\/\\\/addtherm.com.br\\\/loja\\\/shop\\\/\"},{\"@type\":\"ListItem\",\"position\":3,\"name\":\"Termostatos de Degelo com Suporte &#8211; A86 035F &#8211; Kit com 3 unidades\"}]},{\"@type\":\"WebSite\",\"@id\":\"https:\\\/\\\/addtherm.com.br\\\/loja\\\/#website\",\"url\":\"https:\\\/\\\/addtherm.com.br\\\/loja\\\/\",\"name\":\"Loja ADD-THERM\",\"description\":\"Loja ADD-THERM\",\"potentialAction\":[{\"@type\":\"SearchAction\",\"target\":{\"@type\":\"EntryPoint\",\"urlTemplate\":\"https:\\\/\\\/addtherm.com.br\\\/loja\\\/?s={search_term_string}\"},\"query-input\":{\"@type\":\"PropertyValueSpecification\",\"valueRequired\":true,\"valueName\":\"search_term_string\"}}],\"inLanguage\":\"pt-BR\"}]}<\/script>\n<!-- \/ Yoast SEO plugin. -->","yoast_head_json":{"title":"Termostatos de Degelo com Suporte - A86 035F - Kit com 3 unidades - Loja ADD-THERM","description":"Termostato de Degelo ADDTHERM utilizados com o objetivo de controlar a temperatura baixa (abaixo de 30\u00b0C) Compre online no ADDTHERM Loja.","robots":{"index":"index","follow":"follow","max-snippet":"max-snippet:-1","max-image-preview":"max-image-preview:large","max-video-preview":"max-video-preview:-1"},"canonical":"https:\/\/addtherm.com.br\/loja\/produto\/termostatos-de-degelo-linha-a86-35graus\/","og_locale":"pt_BR","og_type":"article","og_title":"Termostatos de Degelo com Suporte - A86 035F - Kit com 3 unidades - Loja ADD-THERM","og_description":"Termostato de Degelo ADDTHERM utilizados com o objetivo de controlar a temperatura baixa (abaixo de 30\u00b0C) Compre online no ADDTHERM Loja.","og_url":"https:\/\/addtherm.com.br\/loja\/produto\/termostatos-de-degelo-linha-a86-35graus\/","og_site_name":"Loja ADD-THERM","article_modified_time":"2026-04-10T20:17:40+00:00","og_image":[{"width":493,"height":328,"url":"https:\/\/addtherm.com.br\/loja\/wp-content\/uploads\/2021\/05\/termostato-de-degelo-com-suporte.png","type":"image\/png"}],"twitter_card":"summary_large_image","twitter_misc":{"Est. tempo de leitura":"1 minuto"},"schema":{"@context":"https:\/\/schema.org","@graph":[{"@type":"WebPage","@id":"https:\/\/addtherm.com.br\/loja\/produto\/termostatos-de-degelo-linha-a86-35graus\/","url":"https:\/\/addtherm.com.br\/loja\/produto\/termostatos-de-degelo-linha-a86-35graus\/","name":"Termostatos de Degelo com Suporte - A86 035F - Kit com 3 unidades - Loja ADD-THERM","isPartOf":{"@id":"https:\/\/addtherm.com.br\/loja\/#website"},"primaryImageOfPage":{"@id":"https:\/\/addtherm.com.br\/loja\/produto\/termostatos-de-degelo-linha-a86-35graus\/#primaryimage"},"image":{"@id":"https:\/\/addtherm.com.br\/loja\/produto\/termostatos-de-degelo-linha-a86-35graus\/#primaryimage"},"thumbnailUrl":"https:\/\/addtherm.com.br\/loja\/wp-content\/uploads\/2021\/05\/termostato-de-degelo-com-suporte.png","datePublished":"2021-05-21T01:13:45+00:00","dateModified":"2026-04-10T20:17:40+00:00","description":"Termostato de Degelo ADDTHERM utilizados com o objetivo de controlar a temperatura baixa (abaixo de 30\u00b0C) Compre online no ADDTHERM Loja.","breadcrumb":{"@id":"https:\/\/addtherm.com.br\/loja\/produto\/termostatos-de-degelo-linha-a86-35graus\/#breadcrumb"},"inLanguage":"pt-BR","potentialAction":[{"@type":"ReadAction","target":["https:\/\/addtherm.com.br\/loja\/produto\/termostatos-de-degelo-linha-a86-35graus\/"]}]},{"@type":"ImageObject","inLanguage":"pt-BR","@id":"https:\/\/addtherm.com.br\/loja\/produto\/termostatos-de-degelo-linha-a86-35graus\/#primaryimage","url":"https:\/\/addtherm.com.br\/loja\/wp-content\/uploads\/2021\/05\/termostato-de-degelo-com-suporte.png","contentUrl":"https:\/\/addtherm.com.br\/loja\/wp-content\/uploads\/2021\/05\/termostato-de-degelo-com-suporte.png","width":493,"height":328},{"@type":"BreadcrumbList","@id":"https:\/\/addtherm.com.br\/loja\/produto\/termostatos-de-degelo-linha-a86-35graus\/#breadcrumb","itemListElement":[{"@type":"ListItem","position":1,"name":"In\u00edcio","item":"https:\/\/addtherm.com.br\/loja\/"},{"@type":"ListItem","position":2,"name":"Shop","item":"https:\/\/addtherm.com.br\/loja\/shop\/"},{"@type":"ListItem","position":3,"name":"Termostatos de Degelo com Suporte &#8211; A86 035F &#8211; Kit com 3 unidades"}]},{"@type":"WebSite","@id":"https:\/\/addtherm.com.br\/loja\/#website","url":"https:\/\/addtherm.com.br\/loja\/","name":"Loja ADD-THERM","description":"Loja ADD-THERM","potentialAction":[{"@type":"SearchAction","target":{"@type":"EntryPoint","urlTemplate":"https:\/\/addtherm.com.br\/loja\/?s={search_term_string}"},"query-input":{"@type":"PropertyValueSpecification","valueRequired":true,"valueName":"search_term_string"}}],"inLanguage":"pt-BR"}]}},"_links":{"self":[{"href":"https:\/\/addtherm.com.br\/loja\/wp-json\/wp\/v2\/product\/6897","targetHints":{"allow":["GET"]}}],"collection":[{"href":"https:\/\/addtherm.com.br\/loja\/wp-json\/wp\/v2\/product"}],"about":[{"href":"https:\/\/addtherm.com.br\/loja\/wp-json\/wp\/v2\/types\/product"}],"replies":[{"embeddable":true,"href":"https:\/\/addtherm.com.br\/loja\/wp-json\/wp\/v2\/comments?post=6897"}],"wp:featuredmedia":[{"embeddable":true,"href":"https:\/\/addtherm.com.br\/loja\/wp-json\/wp\/v2\/media\/7010"}],"wp:attachment":[{"href":"https:\/\/addtherm.com.br\/loja\/wp-json\/wp\/v2\/media?parent=6897"}],"wp:term":[{"taxonomy":"product_brand","embeddable":true,"href":"https:\/\/addtherm.com.br\/loja\/wp-json\/wp\/v2\/product_brand?post=6897"},{"taxonomy":"product_cat","embeddable":true,"href":"https:\/\/addtherm.com.br\/loja\/wp-json\/wp\/v2\/product_cat?post=6897"},{"taxonomy":"product_tag","embeddable":true,"href":"https:\/\/addtherm.com.br\/loja\/wp-json\/wp\/v2\/product_tag?post=6897"}],"curies":[{"name":"wp","href":"https:\/\/api.w.org\/{rel}","templated":true}]}}