{"id":6881,"date":"2021-05-18T20:47:56","date_gmt":"2021-05-18T23:47:56","guid":{"rendered":"https:\/\/addtherm.com.br\/loja\/?post_type=product&#038;p=6881"},"modified":"2025-04-14T10:44:46","modified_gmt":"2025-04-14T13:44:46","slug":"termostatos-3-4-45a-m-linha-a85-kit-com-3-unidades","status":"publish","type":"product","link":"https:\/\/addtherm.com.br\/loja\/produto\/termostatos-3-4-45a-m-linha-a85-kit-com-3-unidades\/","title":{"rendered":"Termostatos 3\/4 45A M &#8211; Linha A85 &#8211; Kit com 3 Unidades"},"content":{"rendered":"<p><strong>Termostatos 3\/4 45A M &#8211; Linha A85<\/strong><\/p>\n<p><strong>N\u00c3O VENDEMOS ESTE PRODUTO UNIT\u00c1RIO, TRATA-SE DE UM KIT COM 3 UNIDADES.<\/strong><\/p>\n","protected":false},"excerpt":{"rendered":"<div class=\"woocommerce-product-details__short-description\">\n<p><span style=\"font-weight: 400;\">Os Termostatos 3\/4 da linha A85 s\u00e3o amplamente utilizados com o objetivo de controlar a temperatura de aquecimento em qualquer equipamento. Est\u00e3o dispon\u00edveis com flange de fixa\u00e7\u00e3o ou sem flange.\u00a0<\/span><\/p>\n<p><span style=\"font-weight: 400;\">Tais termostatos s\u00e3o fabricados com bimetal de efeito snap action e possuem precis\u00e3o de \u00b14\u00b0C da temperatura nominal sendo considerados os termostatos com\u00a0a melhor precis\u00e3o em compara\u00e7\u00e3o aos termostatos existentes no mercado.\u00a0<\/span><\/p>\n<p><span style=\"font-weight: 400;\">Os termostatos 3\/4 s\u00e3o comumente utilizados em aquecedores de banheiras, chuveiros el\u00e9tricos e equipamentos com resist\u00eancia de aquecimento acima de 3.000W.<\/span><\/p>\n<p><strong>Corrente: 45A<\/strong><\/p>\n<p><strong>Contato: Manual<\/strong><\/p>\n<p><strong>\u00c2ngulo dos Terminais: 90\u00b0<\/strong><\/p>\n<p><strong>N\u00c3O VENDEMOS ESTE PRODUTO UNIT\u00c1RIO, TRATA-SE DE UM KIT COM 3 UNIDADES.<\/strong><\/p>\n<\/div>\n","protected":false},"featured_media":6885,"comment_status":"open","ping_status":"closed","template":"","meta":[],"product_brand":[],"product_cat":[89,93],"product_tag":[120,128,167,174],"class_list":{"0":"post-6881","1":"product","2":"type-product","3":"status-publish","4":"has-post-thumbnail","6":"product_cat-protecao-termica","7":"product_cat-termostatos-bimetalicos","8":"product_tag-protecao-termica","9":"product_tag-termostatos-addtherm","10":"product_tag-termostatos-bimetalicos","11":"product_tag-termostatos-rosca-a82-acima-de-180c-nf-10a","12":"pa_escolha-a-temperatura-46oc","13":"pa_escolha-a-temperatura-55c","14":"pa_escolha-a-temperatura-80c","16":"first","17":"instock","18":"taxable","19":"shipping-taxable","20":"purchasable","21":"product-type-variable"},"yoast_head":"<!-- This site is optimized with the Yoast SEO plugin v27.3 - https:\/\/yoast.com\/product\/yoast-seo-wordpress\/ -->\n<title>Termostatos 3\/4 45A M - Linha A85 - Kit com 3 Unidades - Loja ADD-THERM<\/title>\n<meta name=\"description\" content=\"Termostatos 3\/4 45A M - Linha A85- Kit com 3 Unidades\" \/>\n<meta name=\"robots\" content=\"index, follow, max-snippet:-1, max-image-preview:large, max-video-preview:-1\" \/>\n<link rel=\"canonical\" href=\"https:\/\/addtherm.com.br\/loja\/produto\/termostatos-3-4-45a-m-linha-a85-kit-com-3-unidades\/\" \/>\n<meta property=\"og:locale\" content=\"pt_BR\" \/>\n<meta property=\"og:type\" content=\"article\" \/>\n<meta property=\"og:title\" content=\"Termostatos 3\/4 45A M - Linha A85 - Kit com 3 Unidades - Loja ADD-THERM\" \/>\n<meta property=\"og:description\" content=\"Termostatos 3\/4 45A M - Linha A85- Kit com 3 Unidades\" \/>\n<meta property=\"og:url\" content=\"https:\/\/addtherm.com.br\/loja\/produto\/termostatos-3-4-45a-m-linha-a85-kit-com-3-unidades\/\" \/>\n<meta property=\"og:site_name\" content=\"Loja ADD-THERM\" \/>\n<meta property=\"article:modified_time\" content=\"2025-04-14T13:44:46+00:00\" \/>\n<meta property=\"og:image\" content=\"https:\/\/addtherm.com.br\/loja\/wp-content\/uploads\/2021\/05\/a85manual.png\" \/>\n\t<meta property=\"og:image:width\" content=\"582\" \/>\n\t<meta property=\"og:image:height\" content=\"355\" \/>\n\t<meta property=\"og:image:type\" content=\"image\/png\" \/>\n<meta name=\"twitter:card\" content=\"summary_large_image\" \/>\n<meta name=\"twitter:label1\" content=\"Est. tempo de leitura\" \/>\n\t<meta name=\"twitter:data1\" content=\"1 minuto\" \/>\n<script type=\"application\/ld+json\" class=\"yoast-schema-graph\">{\"@context\":\"https:\\\/\\\/schema.org\",\"@graph\":[{\"@type\":\"WebPage\",\"@id\":\"https:\\\/\\\/addtherm.com.br\\\/loja\\\/produto\\\/termostatos-3-4-45a-m-linha-a85-kit-com-3-unidades\\\/\",\"url\":\"https:\\\/\\\/addtherm.com.br\\\/loja\\\/produto\\\/termostatos-3-4-45a-m-linha-a85-kit-com-3-unidades\\\/\",\"name\":\"Termostatos 3\\\/4 45A M - Linha A85 - Kit com 3 Unidades - Loja ADD-THERM\",\"isPartOf\":{\"@id\":\"https:\\\/\\\/addtherm.com.br\\\/loja\\\/#website\"},\"primaryImageOfPage\":{\"@id\":\"https:\\\/\\\/addtherm.com.br\\\/loja\\\/produto\\\/termostatos-3-4-45a-m-linha-a85-kit-com-3-unidades\\\/#primaryimage\"},\"image\":{\"@id\":\"https:\\\/\\\/addtherm.com.br\\\/loja\\\/produto\\\/termostatos-3-4-45a-m-linha-a85-kit-com-3-unidades\\\/#primaryimage\"},\"thumbnailUrl\":\"https:\\\/\\\/addtherm.com.br\\\/loja\\\/wp-content\\\/uploads\\\/2021\\\/05\\\/a85manual.png\",\"datePublished\":\"2021-05-18T23:47:56+00:00\",\"dateModified\":\"2025-04-14T13:44:46+00:00\",\"description\":\"Termostatos 3\\\/4 45A M - Linha A85- Kit com 3 Unidades\",\"breadcrumb\":{\"@id\":\"https:\\\/\\\/addtherm.com.br\\\/loja\\\/produto\\\/termostatos-3-4-45a-m-linha-a85-kit-com-3-unidades\\\/#breadcrumb\"},\"inLanguage\":\"pt-BR\",\"potentialAction\":[{\"@type\":\"ReadAction\",\"target\":[\"https:\\\/\\\/addtherm.com.br\\\/loja\\\/produto\\\/termostatos-3-4-45a-m-linha-a85-kit-com-3-unidades\\\/\"]}]},{\"@type\":\"ImageObject\",\"inLanguage\":\"pt-BR\",\"@id\":\"https:\\\/\\\/addtherm.com.br\\\/loja\\\/produto\\\/termostatos-3-4-45a-m-linha-a85-kit-com-3-unidades\\\/#primaryimage\",\"url\":\"https:\\\/\\\/addtherm.com.br\\\/loja\\\/wp-content\\\/uploads\\\/2021\\\/05\\\/a85manual.png\",\"contentUrl\":\"https:\\\/\\\/addtherm.com.br\\\/loja\\\/wp-content\\\/uploads\\\/2021\\\/05\\\/a85manual.png\",\"width\":582,\"height\":355},{\"@type\":\"BreadcrumbList\",\"@id\":\"https:\\\/\\\/addtherm.com.br\\\/loja\\\/produto\\\/termostatos-3-4-45a-m-linha-a85-kit-com-3-unidades\\\/#breadcrumb\",\"itemListElement\":[{\"@type\":\"ListItem\",\"position\":1,\"name\":\"In\u00edcio\",\"item\":\"https:\\\/\\\/addtherm.com.br\\\/loja\\\/\"},{\"@type\":\"ListItem\",\"position\":2,\"name\":\"Shop\",\"item\":\"https:\\\/\\\/addtherm.com.br\\\/loja\\\/shop\\\/\"},{\"@type\":\"ListItem\",\"position\":3,\"name\":\"Termostatos 3\\\/4 45A M &#8211; Linha A85 &#8211; Kit com 3 Unidades\"}]},{\"@type\":\"WebSite\",\"@id\":\"https:\\\/\\\/addtherm.com.br\\\/loja\\\/#website\",\"url\":\"https:\\\/\\\/addtherm.com.br\\\/loja\\\/\",\"name\":\"Loja ADD-THERM\",\"description\":\"Loja ADD-THERM\",\"potentialAction\":[{\"@type\":\"SearchAction\",\"target\":{\"@type\":\"EntryPoint\",\"urlTemplate\":\"https:\\\/\\\/addtherm.com.br\\\/loja\\\/?s={search_term_string}\"},\"query-input\":{\"@type\":\"PropertyValueSpecification\",\"valueRequired\":true,\"valueName\":\"search_term_string\"}}],\"inLanguage\":\"pt-BR\"}]}<\/script>\n<!-- \/ Yoast SEO plugin. -->","yoast_head_json":{"title":"Termostatos 3\/4 45A M - Linha A85 - Kit com 3 Unidades - Loja ADD-THERM","description":"Termostatos 3\/4 45A M - Linha A85- Kit com 3 Unidades","robots":{"index":"index","follow":"follow","max-snippet":"max-snippet:-1","max-image-preview":"max-image-preview:large","max-video-preview":"max-video-preview:-1"},"canonical":"https:\/\/addtherm.com.br\/loja\/produto\/termostatos-3-4-45a-m-linha-a85-kit-com-3-unidades\/","og_locale":"pt_BR","og_type":"article","og_title":"Termostatos 3\/4 45A M - Linha A85 - Kit com 3 Unidades - Loja ADD-THERM","og_description":"Termostatos 3\/4 45A M - Linha A85- Kit com 3 Unidades","og_url":"https:\/\/addtherm.com.br\/loja\/produto\/termostatos-3-4-45a-m-linha-a85-kit-com-3-unidades\/","og_site_name":"Loja ADD-THERM","article_modified_time":"2025-04-14T13:44:46+00:00","og_image":[{"width":582,"height":355,"url":"https:\/\/addtherm.com.br\/loja\/wp-content\/uploads\/2021\/05\/a85manual.png","type":"image\/png"}],"twitter_card":"summary_large_image","twitter_misc":{"Est. tempo de leitura":"1 minuto"},"schema":{"@context":"https:\/\/schema.org","@graph":[{"@type":"WebPage","@id":"https:\/\/addtherm.com.br\/loja\/produto\/termostatos-3-4-45a-m-linha-a85-kit-com-3-unidades\/","url":"https:\/\/addtherm.com.br\/loja\/produto\/termostatos-3-4-45a-m-linha-a85-kit-com-3-unidades\/","name":"Termostatos 3\/4 45A M - Linha A85 - Kit com 3 Unidades - Loja ADD-THERM","isPartOf":{"@id":"https:\/\/addtherm.com.br\/loja\/#website"},"primaryImageOfPage":{"@id":"https:\/\/addtherm.com.br\/loja\/produto\/termostatos-3-4-45a-m-linha-a85-kit-com-3-unidades\/#primaryimage"},"image":{"@id":"https:\/\/addtherm.com.br\/loja\/produto\/termostatos-3-4-45a-m-linha-a85-kit-com-3-unidades\/#primaryimage"},"thumbnailUrl":"https:\/\/addtherm.com.br\/loja\/wp-content\/uploads\/2021\/05\/a85manual.png","datePublished":"2021-05-18T23:47:56+00:00","dateModified":"2025-04-14T13:44:46+00:00","description":"Termostatos 3\/4 45A M - Linha A85- Kit com 3 Unidades","breadcrumb":{"@id":"https:\/\/addtherm.com.br\/loja\/produto\/termostatos-3-4-45a-m-linha-a85-kit-com-3-unidades\/#breadcrumb"},"inLanguage":"pt-BR","potentialAction":[{"@type":"ReadAction","target":["https:\/\/addtherm.com.br\/loja\/produto\/termostatos-3-4-45a-m-linha-a85-kit-com-3-unidades\/"]}]},{"@type":"ImageObject","inLanguage":"pt-BR","@id":"https:\/\/addtherm.com.br\/loja\/produto\/termostatos-3-4-45a-m-linha-a85-kit-com-3-unidades\/#primaryimage","url":"https:\/\/addtherm.com.br\/loja\/wp-content\/uploads\/2021\/05\/a85manual.png","contentUrl":"https:\/\/addtherm.com.br\/loja\/wp-content\/uploads\/2021\/05\/a85manual.png","width":582,"height":355},{"@type":"BreadcrumbList","@id":"https:\/\/addtherm.com.br\/loja\/produto\/termostatos-3-4-45a-m-linha-a85-kit-com-3-unidades\/#breadcrumb","itemListElement":[{"@type":"ListItem","position":1,"name":"In\u00edcio","item":"https:\/\/addtherm.com.br\/loja\/"},{"@type":"ListItem","position":2,"name":"Shop","item":"https:\/\/addtherm.com.br\/loja\/shop\/"},{"@type":"ListItem","position":3,"name":"Termostatos 3\/4 45A M &#8211; Linha A85 &#8211; Kit com 3 Unidades"}]},{"@type":"WebSite","@id":"https:\/\/addtherm.com.br\/loja\/#website","url":"https:\/\/addtherm.com.br\/loja\/","name":"Loja ADD-THERM","description":"Loja ADD-THERM","potentialAction":[{"@type":"SearchAction","target":{"@type":"EntryPoint","urlTemplate":"https:\/\/addtherm.com.br\/loja\/?s={search_term_string}"},"query-input":{"@type":"PropertyValueSpecification","valueRequired":true,"valueName":"search_term_string"}}],"inLanguage":"pt-BR"}]}},"_links":{"self":[{"href":"https:\/\/addtherm.com.br\/loja\/wp-json\/wp\/v2\/product\/6881","targetHints":{"allow":["GET"]}}],"collection":[{"href":"https:\/\/addtherm.com.br\/loja\/wp-json\/wp\/v2\/product"}],"about":[{"href":"https:\/\/addtherm.com.br\/loja\/wp-json\/wp\/v2\/types\/product"}],"replies":[{"embeddable":true,"href":"https:\/\/addtherm.com.br\/loja\/wp-json\/wp\/v2\/comments?post=6881"}],"wp:featuredmedia":[{"embeddable":true,"href":"https:\/\/addtherm.com.br\/loja\/wp-json\/wp\/v2\/media\/6885"}],"wp:attachment":[{"href":"https:\/\/addtherm.com.br\/loja\/wp-json\/wp\/v2\/media?parent=6881"}],"wp:term":[{"taxonomy":"product_brand","embeddable":true,"href":"https:\/\/addtherm.com.br\/loja\/wp-json\/wp\/v2\/product_brand?post=6881"},{"taxonomy":"product_cat","embeddable":true,"href":"https:\/\/addtherm.com.br\/loja\/wp-json\/wp\/v2\/product_cat?post=6881"},{"taxonomy":"product_tag","embeddable":true,"href":"https:\/\/addtherm.com.br\/loja\/wp-json\/wp\/v2\/product_tag?post=6881"}],"curies":[{"name":"wp","href":"https:\/\/api.w.org\/{rel}","templated":true}]}}