{"id":6800,"date":"2021-05-11T16:53:47","date_gmt":"2021-05-11T19:53:47","guid":{"rendered":"https:\/\/addtherm.com.br\/loja\/?post_type=product&#038;p=6800"},"modified":"2024-07-31T08:25:07","modified_gmt":"2024-07-31T11:25:07","slug":"termostatos-capilares-linha-tcr-kit-com-2-unidades-20a","status":"publish","type":"product","link":"https:\/\/addtherm.com.br\/loja\/produto\/termostatos-capilares-linha-tcr-kit-com-2-unidades-20a\/","title":{"rendered":"Termostatos Capilares 20A \u2013 Linha TCR \u2013 Kit com 2 unidades"},"content":{"rendered":"<p>KIT COM 2 UNIDADES DE TERMOSTATOS CAPILARES 20A<br \/>\n<b>N\u00c3O VENDEMOS ESTE PRODUTO UNIT\u00c1RIO, TRATA-SE DE UM KIT COM 2 UNIDADES<\/b><\/p>\n","protected":false},"excerpt":{"rendered":"<div class=\"woocommerce-product-details__short-description\">\n<p><span style=\"font-weight: 400;\">Os <strong>Termostatos Capilares<\/strong> s\u00e3o dispositivos para controle de temperatura que operam em circuitos monof\u00e1sicos, desligando ou ligando equipamentos quando a temperatura aumenta. Eles impedem que a temperatura de determinado sistema varie al\u00e9m de certos limites preestabelecidos.<\/span><\/p>\n<p><span style=\"font-weight: 400;\">Um mecanismo desse tipo \u00e9 composto fundamentalmente por dois elementos: um indica a varia\u00e7\u00e3o t\u00e9rmica sofrida pelo sistema\u00a0e \u00e9 chamado elemento sensor; o outro controla essa varia\u00e7\u00e3o e corrige os desvios de temperatura, mantendo-a dentro do intervalo\u00a0desejado.<\/span><\/p>\n<p><span style=\"font-weight: 400;\">Os termostatos capilares controlam a temperatura de refrigeradores, ferros el\u00e9tricos, aparelhos de ar condicionado e muitos outros equipamentos.<\/span><\/p>\n<p><strong>Corrente: 20A<\/strong><\/p>\n<p><strong>Contato: NF<\/strong><\/p>\n<p><b>N\u00c3O VENDEMOS ESTE PRODUTO UNIT\u00c1RIO, TRATA-SE DE UM KIT COM 2 UNIDADES<\/b><\/p>\n<\/div>\n","protected":false},"featured_media":7039,"comment_status":"open","ping_status":"closed","template":"","meta":[],"product_brand":[],"product_cat":[89,95],"product_tag":[120,183,141,268],"class_list":{"0":"post-6800","1":"product","2":"type-product","3":"status-publish","4":"has-post-thumbnail","6":"product_cat-protecao-termica","7":"product_cat-termostato-capilar","8":"product_tag-protecao-termica","9":"product_tag-termostato-addtherm","10":"product_tag-termostato-capilar","11":"product_tag-termostato-capilar-25a","12":"pa_escolha-a-temperatura-20c-a-120c","13":"pa_escolha-a-temperatura-50c-a-250c","15":"first","16":"instock","17":"taxable","18":"shipping-taxable","19":"purchasable","20":"product-type-variable"},"yoast_head":"<!-- This site is optimized with the Yoast SEO plugin v27.4 - https:\/\/yoast.com\/product\/yoast-seo-wordpress\/ -->\n<title>Termostatos Capilares 20A \u2013 Linha TCR \u2013 Kit com 2 unidades - Loja ADD-THERM<\/title>\n<meta name=\"description\" content=\"Termostatos Capilares - Temperatura Capilar 20A - Temperatura de 0 a 300\u00b0C. Compre agora na Loja ADDTHERM.\" \/>\n<meta name=\"robots\" content=\"index, follow, max-snippet:-1, max-image-preview:large, max-video-preview:-1\" \/>\n<link rel=\"canonical\" href=\"https:\/\/addtherm.com.br\/loja\/produto\/termostatos-capilares-linha-tcr-kit-com-2-unidades-20a\/\" \/>\n<meta property=\"og:locale\" content=\"pt_BR\" \/>\n<meta property=\"og:type\" content=\"article\" \/>\n<meta property=\"og:title\" content=\"Termostatos Capilares 20A \u2013 Linha TCR \u2013 Kit com 2 unidades - Loja ADD-THERM\" \/>\n<meta property=\"og:description\" content=\"Termostatos Capilares - Temperatura Capilar 20A - Temperatura de 0 a 300\u00b0C. Compre agora na Loja ADDTHERM.\" \/>\n<meta property=\"og:url\" content=\"https:\/\/addtherm.com.br\/loja\/produto\/termostatos-capilares-linha-tcr-kit-com-2-unidades-20a\/\" \/>\n<meta property=\"og:site_name\" content=\"Loja ADD-THERM\" \/>\n<meta property=\"article:modified_time\" content=\"2024-07-31T11:25:07+00:00\" \/>\n<meta property=\"og:image\" content=\"https:\/\/addtherm.com.br\/loja\/wp-content\/uploads\/2021\/05\/TCR-2.png\" \/>\n\t<meta property=\"og:image:width\" content=\"410\" \/>\n\t<meta property=\"og:image:height\" content=\"403\" \/>\n\t<meta property=\"og:image:type\" content=\"image\/png\" \/>\n<meta name=\"twitter:card\" content=\"summary_large_image\" \/>\n<meta name=\"twitter:label1\" content=\"Est. tempo de leitura\" \/>\n\t<meta name=\"twitter:data1\" content=\"1 minuto\" \/>\n<script type=\"application\/ld+json\" class=\"yoast-schema-graph\">{\"@context\":\"https:\\\/\\\/schema.org\",\"@graph\":[{\"@type\":\"WebPage\",\"@id\":\"https:\\\/\\\/addtherm.com.br\\\/loja\\\/produto\\\/termostatos-capilares-linha-tcr-kit-com-2-unidades-20a\\\/\",\"url\":\"https:\\\/\\\/addtherm.com.br\\\/loja\\\/produto\\\/termostatos-capilares-linha-tcr-kit-com-2-unidades-20a\\\/\",\"name\":\"Termostatos Capilares 20A \u2013 Linha TCR \u2013 Kit com 2 unidades - Loja ADD-THERM\",\"isPartOf\":{\"@id\":\"https:\\\/\\\/addtherm.com.br\\\/loja\\\/#website\"},\"primaryImageOfPage\":{\"@id\":\"https:\\\/\\\/addtherm.com.br\\\/loja\\\/produto\\\/termostatos-capilares-linha-tcr-kit-com-2-unidades-20a\\\/#primaryimage\"},\"image\":{\"@id\":\"https:\\\/\\\/addtherm.com.br\\\/loja\\\/produto\\\/termostatos-capilares-linha-tcr-kit-com-2-unidades-20a\\\/#primaryimage\"},\"thumbnailUrl\":\"https:\\\/\\\/addtherm.com.br\\\/loja\\\/wp-content\\\/uploads\\\/2021\\\/05\\\/TCR-2.png\",\"datePublished\":\"2021-05-11T19:53:47+00:00\",\"dateModified\":\"2024-07-31T11:25:07+00:00\",\"description\":\"Termostatos Capilares - Temperatura Capilar 20A - Temperatura de 0 a 300\u00b0C. Compre agora na Loja ADDTHERM.\",\"breadcrumb\":{\"@id\":\"https:\\\/\\\/addtherm.com.br\\\/loja\\\/produto\\\/termostatos-capilares-linha-tcr-kit-com-2-unidades-20a\\\/#breadcrumb\"},\"inLanguage\":\"pt-BR\",\"potentialAction\":[{\"@type\":\"ReadAction\",\"target\":[\"https:\\\/\\\/addtherm.com.br\\\/loja\\\/produto\\\/termostatos-capilares-linha-tcr-kit-com-2-unidades-20a\\\/\"]}]},{\"@type\":\"ImageObject\",\"inLanguage\":\"pt-BR\",\"@id\":\"https:\\\/\\\/addtherm.com.br\\\/loja\\\/produto\\\/termostatos-capilares-linha-tcr-kit-com-2-unidades-20a\\\/#primaryimage\",\"url\":\"https:\\\/\\\/addtherm.com.br\\\/loja\\\/wp-content\\\/uploads\\\/2021\\\/05\\\/TCR-2.png\",\"contentUrl\":\"https:\\\/\\\/addtherm.com.br\\\/loja\\\/wp-content\\\/uploads\\\/2021\\\/05\\\/TCR-2.png\",\"width\":410,\"height\":403},{\"@type\":\"BreadcrumbList\",\"@id\":\"https:\\\/\\\/addtherm.com.br\\\/loja\\\/produto\\\/termostatos-capilares-linha-tcr-kit-com-2-unidades-20a\\\/#breadcrumb\",\"itemListElement\":[{\"@type\":\"ListItem\",\"position\":1,\"name\":\"In\u00edcio\",\"item\":\"https:\\\/\\\/addtherm.com.br\\\/loja\\\/\"},{\"@type\":\"ListItem\",\"position\":2,\"name\":\"Shop\",\"item\":\"https:\\\/\\\/addtherm.com.br\\\/loja\\\/shop\\\/\"},{\"@type\":\"ListItem\",\"position\":3,\"name\":\"Termostatos Capilares 20A \u2013 Linha TCR \u2013 Kit com 2 unidades\"}]},{\"@type\":\"WebSite\",\"@id\":\"https:\\\/\\\/addtherm.com.br\\\/loja\\\/#website\",\"url\":\"https:\\\/\\\/addtherm.com.br\\\/loja\\\/\",\"name\":\"Loja ADD-THERM\",\"description\":\"Loja ADD-THERM\",\"potentialAction\":[{\"@type\":\"SearchAction\",\"target\":{\"@type\":\"EntryPoint\",\"urlTemplate\":\"https:\\\/\\\/addtherm.com.br\\\/loja\\\/?s={search_term_string}\"},\"query-input\":{\"@type\":\"PropertyValueSpecification\",\"valueRequired\":true,\"valueName\":\"search_term_string\"}}],\"inLanguage\":\"pt-BR\"}]}<\/script>\n<!-- \/ Yoast SEO plugin. -->","yoast_head_json":{"title":"Termostatos Capilares 20A \u2013 Linha TCR \u2013 Kit com 2 unidades - Loja ADD-THERM","description":"Termostatos Capilares - Temperatura Capilar 20A - Temperatura de 0 a 300\u00b0C. Compre agora na Loja ADDTHERM.","robots":{"index":"index","follow":"follow","max-snippet":"max-snippet:-1","max-image-preview":"max-image-preview:large","max-video-preview":"max-video-preview:-1"},"canonical":"https:\/\/addtherm.com.br\/loja\/produto\/termostatos-capilares-linha-tcr-kit-com-2-unidades-20a\/","og_locale":"pt_BR","og_type":"article","og_title":"Termostatos Capilares 20A \u2013 Linha TCR \u2013 Kit com 2 unidades - Loja ADD-THERM","og_description":"Termostatos Capilares - Temperatura Capilar 20A - Temperatura de 0 a 300\u00b0C. Compre agora na Loja ADDTHERM.","og_url":"https:\/\/addtherm.com.br\/loja\/produto\/termostatos-capilares-linha-tcr-kit-com-2-unidades-20a\/","og_site_name":"Loja ADD-THERM","article_modified_time":"2024-07-31T11:25:07+00:00","og_image":[{"width":410,"height":403,"url":"https:\/\/addtherm.com.br\/loja\/wp-content\/uploads\/2021\/05\/TCR-2.png","type":"image\/png"}],"twitter_card":"summary_large_image","twitter_misc":{"Est. tempo de leitura":"1 minuto"},"schema":{"@context":"https:\/\/schema.org","@graph":[{"@type":"WebPage","@id":"https:\/\/addtherm.com.br\/loja\/produto\/termostatos-capilares-linha-tcr-kit-com-2-unidades-20a\/","url":"https:\/\/addtherm.com.br\/loja\/produto\/termostatos-capilares-linha-tcr-kit-com-2-unidades-20a\/","name":"Termostatos Capilares 20A \u2013 Linha TCR \u2013 Kit com 2 unidades - Loja ADD-THERM","isPartOf":{"@id":"https:\/\/addtherm.com.br\/loja\/#website"},"primaryImageOfPage":{"@id":"https:\/\/addtherm.com.br\/loja\/produto\/termostatos-capilares-linha-tcr-kit-com-2-unidades-20a\/#primaryimage"},"image":{"@id":"https:\/\/addtherm.com.br\/loja\/produto\/termostatos-capilares-linha-tcr-kit-com-2-unidades-20a\/#primaryimage"},"thumbnailUrl":"https:\/\/addtherm.com.br\/loja\/wp-content\/uploads\/2021\/05\/TCR-2.png","datePublished":"2021-05-11T19:53:47+00:00","dateModified":"2024-07-31T11:25:07+00:00","description":"Termostatos Capilares - Temperatura Capilar 20A - Temperatura de 0 a 300\u00b0C. Compre agora na Loja ADDTHERM.","breadcrumb":{"@id":"https:\/\/addtherm.com.br\/loja\/produto\/termostatos-capilares-linha-tcr-kit-com-2-unidades-20a\/#breadcrumb"},"inLanguage":"pt-BR","potentialAction":[{"@type":"ReadAction","target":["https:\/\/addtherm.com.br\/loja\/produto\/termostatos-capilares-linha-tcr-kit-com-2-unidades-20a\/"]}]},{"@type":"ImageObject","inLanguage":"pt-BR","@id":"https:\/\/addtherm.com.br\/loja\/produto\/termostatos-capilares-linha-tcr-kit-com-2-unidades-20a\/#primaryimage","url":"https:\/\/addtherm.com.br\/loja\/wp-content\/uploads\/2021\/05\/TCR-2.png","contentUrl":"https:\/\/addtherm.com.br\/loja\/wp-content\/uploads\/2021\/05\/TCR-2.png","width":410,"height":403},{"@type":"BreadcrumbList","@id":"https:\/\/addtherm.com.br\/loja\/produto\/termostatos-capilares-linha-tcr-kit-com-2-unidades-20a\/#breadcrumb","itemListElement":[{"@type":"ListItem","position":1,"name":"In\u00edcio","item":"https:\/\/addtherm.com.br\/loja\/"},{"@type":"ListItem","position":2,"name":"Shop","item":"https:\/\/addtherm.com.br\/loja\/shop\/"},{"@type":"ListItem","position":3,"name":"Termostatos Capilares 20A \u2013 Linha TCR \u2013 Kit com 2 unidades"}]},{"@type":"WebSite","@id":"https:\/\/addtherm.com.br\/loja\/#website","url":"https:\/\/addtherm.com.br\/loja\/","name":"Loja ADD-THERM","description":"Loja ADD-THERM","potentialAction":[{"@type":"SearchAction","target":{"@type":"EntryPoint","urlTemplate":"https:\/\/addtherm.com.br\/loja\/?s={search_term_string}"},"query-input":{"@type":"PropertyValueSpecification","valueRequired":true,"valueName":"search_term_string"}}],"inLanguage":"pt-BR"}]}},"_links":{"self":[{"href":"https:\/\/addtherm.com.br\/loja\/wp-json\/wp\/v2\/product\/6800","targetHints":{"allow":["GET"]}}],"collection":[{"href":"https:\/\/addtherm.com.br\/loja\/wp-json\/wp\/v2\/product"}],"about":[{"href":"https:\/\/addtherm.com.br\/loja\/wp-json\/wp\/v2\/types\/product"}],"replies":[{"embeddable":true,"href":"https:\/\/addtherm.com.br\/loja\/wp-json\/wp\/v2\/comments?post=6800"}],"wp:featuredmedia":[{"embeddable":true,"href":"https:\/\/addtherm.com.br\/loja\/wp-json\/wp\/v2\/media\/7039"}],"wp:attachment":[{"href":"https:\/\/addtherm.com.br\/loja\/wp-json\/wp\/v2\/media?parent=6800"}],"wp:term":[{"taxonomy":"product_brand","embeddable":true,"href":"https:\/\/addtherm.com.br\/loja\/wp-json\/wp\/v2\/product_brand?post=6800"},{"taxonomy":"product_cat","embeddable":true,"href":"https:\/\/addtherm.com.br\/loja\/wp-json\/wp\/v2\/product_cat?post=6800"},{"taxonomy":"product_tag","embeddable":true,"href":"https:\/\/addtherm.com.br\/loja\/wp-json\/wp\/v2\/product_tag?post=6800"}],"curies":[{"name":"wp","href":"https:\/\/api.w.org\/{rel}","templated":true}]}}