{"id":6769,"date":"2021-05-10T18:45:42","date_gmt":"2021-05-10T21:45:42","guid":{"rendered":"https:\/\/addtherm.com.br\/loja\/?post_type=product&#038;p=6769"},"modified":"2025-07-17T13:21:31","modified_gmt":"2025-07-17T16:21:31","slug":"mini-protetores-termicos-abs-nf-linha-a79d","status":"publish","type":"product","link":"https:\/\/addtherm.com.br\/loja\/produto\/mini-protetores-termicos-abs-nf-linha-a79d\/","title":{"rendered":"Mini Protetores T\u00e9rmicos ABS NF &#8211; Linha A79D \u2013 Kit com 10 unidades"},"content":{"rendered":"<p><b>Mini Protetores T\u00e9rmicos ABS NF &#8211; Linha A79D<\/b><\/p>\n<p><b>N\u00c3O VENDEMOS ESTE PRODUTO UNIT\u00c1RIO, QUANTIDADE M\u00cdNIMA COM 10 UNIDADES<\/b><\/p>\n","protected":false},"excerpt":{"rendered":"<div class=\"woocommerce-product-details__short-description\">\n<p><span style=\"font-weight: 400;\">Os Mini Protetores T\u00e9rmicos &#8211; Linha A79D s\u00e3o\u00a0desenvolvidos para aplica\u00e7\u00f5es em equipamentos que exigem prote\u00e7\u00e3o t\u00e9rmica em caso de superaquecimento\u00a0abrindo e fechando o contato el\u00e9trico com atua\u00e7\u00e3o r\u00e1pida e precisa (Snap Action).\u00a0<\/span><\/p>\n<p><span style=\"font-weight: 400;\">Seu tamanho reduzido permite a instala\u00e7\u00e3o em pequenos espa\u00e7os, al\u00e9m de proporcionar maior precis\u00e3o ao seu funcionamento.<\/span><\/p>\n<\/div>\n<p><strong>CORRENTE: 6A<\/strong><\/p>\n<p><strong>CONTATO: NF<\/strong><\/p>\n<p><b>N\u00c3O VENDEMOS ESTE PRODUTO UNIT\u00c1RIO, QUANTIDADE M\u00cdNIMA COM 10 UNIDADES<\/b><\/p>\n","protected":false},"featured_media":6768,"comment_status":"open","ping_status":"closed","template":"","meta":[],"product_brand":[],"product_cat":[89,94],"product_tag":[153,154,156,147,121],"class_list":{"0":"post-6769","1":"product","2":"type-product","3":"status-publish","4":"has-post-thumbnail","6":"product_cat-protecao-termica","7":"product_cat-protetores-termicos","8":"product_tag-mini-protetor-termico","9":"product_tag-mini-protetor-termico-bw","10":"product_tag-mini-protetor-termico-bw-nf","11":"product_tag-protecao-termica-industrial","12":"product_tag-protetores-termicos","13":"pa_escolha-a-temperatura-140c","14":"pa_escolha-a-temperatura-30oc","15":"pa_escolha-a-temperatura-40c","16":"pa_escolha-a-temperatura-45c","17":"pa_escolha-a-temperatura-50c","18":"pa_escolha-a-temperatura-60c","20":"first","21":"instock","22":"taxable","23":"shipping-taxable","24":"purchasable","25":"product-type-variable"},"yoast_head":"<!-- This site is optimized with the Yoast SEO plugin v27.4 - https:\/\/yoast.com\/product\/yoast-seo-wordpress\/ -->\n<title>Mini Protetores T\u00e9rmicos ABS NF - Linha A79D \u2013 Kit com 10 unidades - Loja ADD-THERM<\/title>\n<meta name=\"description\" content=\"10 Unidades - Mini Protetores T\u00e9rmicos ABS - Linha A79D\" \/>\n<meta name=\"robots\" content=\"index, follow, max-snippet:-1, max-image-preview:large, max-video-preview:-1\" \/>\n<link rel=\"canonical\" href=\"https:\/\/addtherm.com.br\/loja\/produto\/mini-protetores-termicos-abs-nf-linha-a79d\/\" \/>\n<meta property=\"og:locale\" content=\"pt_BR\" \/>\n<meta property=\"og:type\" content=\"article\" \/>\n<meta property=\"og:title\" content=\"Mini Protetores T\u00e9rmicos ABS NF - Linha A79D \u2013 Kit com 10 unidades - Loja ADD-THERM\" \/>\n<meta property=\"og:description\" content=\"10 Unidades - Mini Protetores T\u00e9rmicos ABS - Linha A79D\" \/>\n<meta property=\"og:url\" content=\"https:\/\/addtherm.com.br\/loja\/produto\/mini-protetores-termicos-abs-nf-linha-a79d\/\" \/>\n<meta property=\"og:site_name\" content=\"Loja ADD-THERM\" \/>\n<meta property=\"article:modified_time\" content=\"2025-07-17T16:21:31+00:00\" \/>\n<meta property=\"og:image\" content=\"https:\/\/addtherm.com.br\/loja\/wp-content\/uploads\/2021\/05\/A79D-Mini-protetor-termico.png\" \/>\n\t<meta property=\"og:image:width\" content=\"368\" \/>\n\t<meta property=\"og:image:height\" content=\"359\" \/>\n\t<meta property=\"og:image:type\" content=\"image\/png\" \/>\n<meta name=\"twitter:card\" content=\"summary_large_image\" \/>\n<meta name=\"twitter:label1\" content=\"Est. tempo de leitura\" \/>\n\t<meta name=\"twitter:data1\" content=\"1 minuto\" \/>\n<script type=\"application\/ld+json\" class=\"yoast-schema-graph\">{\"@context\":\"https:\\\/\\\/schema.org\",\"@graph\":[{\"@type\":\"WebPage\",\"@id\":\"https:\\\/\\\/addtherm.com.br\\\/loja\\\/produto\\\/mini-protetores-termicos-abs-nf-linha-a79d\\\/\",\"url\":\"https:\\\/\\\/addtherm.com.br\\\/loja\\\/produto\\\/mini-protetores-termicos-abs-nf-linha-a79d\\\/\",\"name\":\"Mini Protetores T\u00e9rmicos ABS NF - Linha A79D \u2013 Kit com 10 unidades - Loja ADD-THERM\",\"isPartOf\":{\"@id\":\"https:\\\/\\\/addtherm.com.br\\\/loja\\\/#website\"},\"primaryImageOfPage\":{\"@id\":\"https:\\\/\\\/addtherm.com.br\\\/loja\\\/produto\\\/mini-protetores-termicos-abs-nf-linha-a79d\\\/#primaryimage\"},\"image\":{\"@id\":\"https:\\\/\\\/addtherm.com.br\\\/loja\\\/produto\\\/mini-protetores-termicos-abs-nf-linha-a79d\\\/#primaryimage\"},\"thumbnailUrl\":\"https:\\\/\\\/addtherm.com.br\\\/loja\\\/wp-content\\\/uploads\\\/2021\\\/05\\\/A79D-Mini-protetor-termico.png\",\"datePublished\":\"2021-05-10T21:45:42+00:00\",\"dateModified\":\"2025-07-17T16:21:31+00:00\",\"description\":\"10 Unidades - Mini Protetores T\u00e9rmicos ABS - Linha A79D\",\"breadcrumb\":{\"@id\":\"https:\\\/\\\/addtherm.com.br\\\/loja\\\/produto\\\/mini-protetores-termicos-abs-nf-linha-a79d\\\/#breadcrumb\"},\"inLanguage\":\"pt-BR\",\"potentialAction\":[{\"@type\":\"ReadAction\",\"target\":[\"https:\\\/\\\/addtherm.com.br\\\/loja\\\/produto\\\/mini-protetores-termicos-abs-nf-linha-a79d\\\/\"]}]},{\"@type\":\"ImageObject\",\"inLanguage\":\"pt-BR\",\"@id\":\"https:\\\/\\\/addtherm.com.br\\\/loja\\\/produto\\\/mini-protetores-termicos-abs-nf-linha-a79d\\\/#primaryimage\",\"url\":\"https:\\\/\\\/addtherm.com.br\\\/loja\\\/wp-content\\\/uploads\\\/2021\\\/05\\\/A79D-Mini-protetor-termico.png\",\"contentUrl\":\"https:\\\/\\\/addtherm.com.br\\\/loja\\\/wp-content\\\/uploads\\\/2021\\\/05\\\/A79D-Mini-protetor-termico.png\",\"width\":368,\"height\":359},{\"@type\":\"BreadcrumbList\",\"@id\":\"https:\\\/\\\/addtherm.com.br\\\/loja\\\/produto\\\/mini-protetores-termicos-abs-nf-linha-a79d\\\/#breadcrumb\",\"itemListElement\":[{\"@type\":\"ListItem\",\"position\":1,\"name\":\"In\u00edcio\",\"item\":\"https:\\\/\\\/addtherm.com.br\\\/loja\\\/\"},{\"@type\":\"ListItem\",\"position\":2,\"name\":\"Shop\",\"item\":\"https:\\\/\\\/addtherm.com.br\\\/loja\\\/shop\\\/\"},{\"@type\":\"ListItem\",\"position\":3,\"name\":\"Mini Protetores T\u00e9rmicos ABS NF &#8211; Linha A79D \u2013 Kit com 10 unidades\"}]},{\"@type\":\"WebSite\",\"@id\":\"https:\\\/\\\/addtherm.com.br\\\/loja\\\/#website\",\"url\":\"https:\\\/\\\/addtherm.com.br\\\/loja\\\/\",\"name\":\"Loja ADD-THERM\",\"description\":\"Loja ADD-THERM\",\"potentialAction\":[{\"@type\":\"SearchAction\",\"target\":{\"@type\":\"EntryPoint\",\"urlTemplate\":\"https:\\\/\\\/addtherm.com.br\\\/loja\\\/?s={search_term_string}\"},\"query-input\":{\"@type\":\"PropertyValueSpecification\",\"valueRequired\":true,\"valueName\":\"search_term_string\"}}],\"inLanguage\":\"pt-BR\"}]}<\/script>\n<!-- \/ Yoast SEO plugin. -->","yoast_head_json":{"title":"Mini Protetores T\u00e9rmicos ABS NF - Linha A79D \u2013 Kit com 10 unidades - Loja ADD-THERM","description":"10 Unidades - Mini Protetores T\u00e9rmicos ABS - Linha A79D","robots":{"index":"index","follow":"follow","max-snippet":"max-snippet:-1","max-image-preview":"max-image-preview:large","max-video-preview":"max-video-preview:-1"},"canonical":"https:\/\/addtherm.com.br\/loja\/produto\/mini-protetores-termicos-abs-nf-linha-a79d\/","og_locale":"pt_BR","og_type":"article","og_title":"Mini Protetores T\u00e9rmicos ABS NF - Linha A79D \u2013 Kit com 10 unidades - Loja ADD-THERM","og_description":"10 Unidades - Mini Protetores T\u00e9rmicos ABS - Linha A79D","og_url":"https:\/\/addtherm.com.br\/loja\/produto\/mini-protetores-termicos-abs-nf-linha-a79d\/","og_site_name":"Loja ADD-THERM","article_modified_time":"2025-07-17T16:21:31+00:00","og_image":[{"width":368,"height":359,"url":"https:\/\/addtherm.com.br\/loja\/wp-content\/uploads\/2021\/05\/A79D-Mini-protetor-termico.png","type":"image\/png"}],"twitter_card":"summary_large_image","twitter_misc":{"Est. tempo de leitura":"1 minuto"},"schema":{"@context":"https:\/\/schema.org","@graph":[{"@type":"WebPage","@id":"https:\/\/addtherm.com.br\/loja\/produto\/mini-protetores-termicos-abs-nf-linha-a79d\/","url":"https:\/\/addtherm.com.br\/loja\/produto\/mini-protetores-termicos-abs-nf-linha-a79d\/","name":"Mini Protetores T\u00e9rmicos ABS NF - Linha A79D \u2013 Kit com 10 unidades - Loja ADD-THERM","isPartOf":{"@id":"https:\/\/addtherm.com.br\/loja\/#website"},"primaryImageOfPage":{"@id":"https:\/\/addtherm.com.br\/loja\/produto\/mini-protetores-termicos-abs-nf-linha-a79d\/#primaryimage"},"image":{"@id":"https:\/\/addtherm.com.br\/loja\/produto\/mini-protetores-termicos-abs-nf-linha-a79d\/#primaryimage"},"thumbnailUrl":"https:\/\/addtherm.com.br\/loja\/wp-content\/uploads\/2021\/05\/A79D-Mini-protetor-termico.png","datePublished":"2021-05-10T21:45:42+00:00","dateModified":"2025-07-17T16:21:31+00:00","description":"10 Unidades - Mini Protetores T\u00e9rmicos ABS - Linha A79D","breadcrumb":{"@id":"https:\/\/addtherm.com.br\/loja\/produto\/mini-protetores-termicos-abs-nf-linha-a79d\/#breadcrumb"},"inLanguage":"pt-BR","potentialAction":[{"@type":"ReadAction","target":["https:\/\/addtherm.com.br\/loja\/produto\/mini-protetores-termicos-abs-nf-linha-a79d\/"]}]},{"@type":"ImageObject","inLanguage":"pt-BR","@id":"https:\/\/addtherm.com.br\/loja\/produto\/mini-protetores-termicos-abs-nf-linha-a79d\/#primaryimage","url":"https:\/\/addtherm.com.br\/loja\/wp-content\/uploads\/2021\/05\/A79D-Mini-protetor-termico.png","contentUrl":"https:\/\/addtherm.com.br\/loja\/wp-content\/uploads\/2021\/05\/A79D-Mini-protetor-termico.png","width":368,"height":359},{"@type":"BreadcrumbList","@id":"https:\/\/addtherm.com.br\/loja\/produto\/mini-protetores-termicos-abs-nf-linha-a79d\/#breadcrumb","itemListElement":[{"@type":"ListItem","position":1,"name":"In\u00edcio","item":"https:\/\/addtherm.com.br\/loja\/"},{"@type":"ListItem","position":2,"name":"Shop","item":"https:\/\/addtherm.com.br\/loja\/shop\/"},{"@type":"ListItem","position":3,"name":"Mini Protetores T\u00e9rmicos ABS NF &#8211; Linha A79D \u2013 Kit com 10 unidades"}]},{"@type":"WebSite","@id":"https:\/\/addtherm.com.br\/loja\/#website","url":"https:\/\/addtherm.com.br\/loja\/","name":"Loja ADD-THERM","description":"Loja ADD-THERM","potentialAction":[{"@type":"SearchAction","target":{"@type":"EntryPoint","urlTemplate":"https:\/\/addtherm.com.br\/loja\/?s={search_term_string}"},"query-input":{"@type":"PropertyValueSpecification","valueRequired":true,"valueName":"search_term_string"}}],"inLanguage":"pt-BR"}]}},"_links":{"self":[{"href":"https:\/\/addtherm.com.br\/loja\/wp-json\/wp\/v2\/product\/6769","targetHints":{"allow":["GET"]}}],"collection":[{"href":"https:\/\/addtherm.com.br\/loja\/wp-json\/wp\/v2\/product"}],"about":[{"href":"https:\/\/addtherm.com.br\/loja\/wp-json\/wp\/v2\/types\/product"}],"replies":[{"embeddable":true,"href":"https:\/\/addtherm.com.br\/loja\/wp-json\/wp\/v2\/comments?post=6769"}],"wp:featuredmedia":[{"embeddable":true,"href":"https:\/\/addtherm.com.br\/loja\/wp-json\/wp\/v2\/media\/6768"}],"wp:attachment":[{"href":"https:\/\/addtherm.com.br\/loja\/wp-json\/wp\/v2\/media?parent=6769"}],"wp:term":[{"taxonomy":"product_brand","embeddable":true,"href":"https:\/\/addtherm.com.br\/loja\/wp-json\/wp\/v2\/product_brand?post=6769"},{"taxonomy":"product_cat","embeddable":true,"href":"https:\/\/addtherm.com.br\/loja\/wp-json\/wp\/v2\/product_cat?post=6769"},{"taxonomy":"product_tag","embeddable":true,"href":"https:\/\/addtherm.com.br\/loja\/wp-json\/wp\/v2\/product_tag?post=6769"}],"curies":[{"name":"wp","href":"https:\/\/api.w.org\/{rel}","templated":true}]}}