{"id":6736,"date":"2021-05-04T14:34:08","date_gmt":"2021-05-04T17:34:08","guid":{"rendered":"https:\/\/addtherm.com.br\/loja\/?post_type=product&#038;p=6736"},"modified":"2024-07-25T17:49:58","modified_gmt":"2024-07-25T20:49:58","slug":"fusivel-termico-radial-a92","status":"publish","type":"product","link":"https:\/\/addtherm.com.br\/loja\/produto\/fusivel-termico-radial-a92\/","title":{"rendered":"Fus\u00edveis T\u00e9rmicos Radiais &#8211; Linha A92 &#8211; Kit com 20 unidades"},"content":{"rendered":"<p><strong><b>Fus\u00edveis T\u00e9rmicos Radiais \u2013 Linha A92<\/b>\u00a0\u2013 Kit com 20 unidades<br \/>\nLinha A92<br \/>\n<\/strong>\u00a0Devido a seu tamanho reduzido pode ser aplicado em espa\u00e7os pequenos.<\/p>\n","protected":false},"excerpt":{"rendered":"<div class=\"woocommerce-product-details__short-description\">\n<p><em><strong>Fus\u00edveis T\u00e9rmicos Radiais 1A \u2013 A92<\/strong><\/em>\u00a0s\u00e3o dispositivos de \u00fanica a\u00e7\u00e3o que abrem os contatos el\u00e9tricos quando uma temperatura especificada \u00e9 atingida. Eles n\u00e3o resetam. O componente ativo de um fus\u00edvel t\u00e9rmico \u00e9 uma cera t\u00e9rmica eletricamente isolada. Esta cera det\u00e9m uma mola de contato contra um contato fixo sob temperaturas normais de funcionamento. Quando a temperatura predefinida do corte \u00e9 atingida, o sedimento se liquefaz, as molas cedem afastando do contato el\u00e9trico, abrindo o contato el\u00e9trico do circuito.<\/p>\n<p>Fus\u00edveis T\u00e9rmicos s\u00e3o amplamente utilizados com o objetivo de evitar o superaquecimento de equipamentos\u00a0interrompendo o funcionamento quando ultrapassar a temperatura espec\u00edfica.<\/p>\n<p>O tamanho reduzido conduz uma \u00f3tima sensibilidade permitindo ser um \u00f3timo protetor t\u00e9rmico, atuando uma \u00fanica vez, podendo ser facilmente reparado. Uma das suas vantagens \u00e9 seu baixo custo para produ\u00e7\u00f5es de larga escala que exigem prote\u00e7\u00e3o t\u00e9rmica.<\/p>\n<p><strong>Corrente: 1A<\/strong><\/p>\n<p><strong>Contato: NF<\/strong><\/p>\n<p><strong>Temperatura: 130\u00baC<\/strong><\/p>\n<p>N\u00c3O VENDEMOS ESTE PRODUTO UNIT\u00c1RIO, TRATA-SE DE UM KIT COM 20 UNIDADES.<\/p>\n<\/div>\n","protected":false},"featured_media":6743,"comment_status":"open","ping_status":"closed","template":"","meta":[],"product_brand":[],"product_cat":[262,89],"product_tag":[196,193,194,197,195],"class_list":{"0":"post-6736","1":"product","2":"type-product","3":"status-publish","4":"has-post-thumbnail","6":"product_cat-fusivel-termico","7":"product_cat-protecao-termica","8":"product_tag-fusiveis","9":"product_tag-fusivel-termico","10":"product_tag-fusivel-termico-radial","11":"product_tag-kit-de-fusiveis","12":"product_tag-protecao-termica-addtherm","14":"first","15":"instock","16":"taxable","17":"shipping-taxable","18":"purchasable","19":"product-type-simple"},"yoast_head":"<!-- This site is optimized with the Yoast SEO plugin v27.3 - https:\/\/yoast.com\/product\/yoast-seo-wordpress\/ -->\n<title>Fus\u00edveis T\u00e9rmicos Radiais - Linha A92 - Kit com 20 unidades - Loja ADD-THERM<\/title>\n<meta name=\"description\" content=\"Fus\u00edveis T\u00e9rmicos Radiais 1A - A92 - Kit com 20 unidades\" \/>\n<meta name=\"robots\" content=\"index, follow, max-snippet:-1, max-image-preview:large, max-video-preview:-1\" \/>\n<link rel=\"canonical\" href=\"https:\/\/addtherm.com.br\/loja\/produto\/fusivel-termico-radial-a92\/\" \/>\n<meta property=\"og:locale\" content=\"pt_BR\" \/>\n<meta property=\"og:type\" content=\"article\" \/>\n<meta property=\"og:title\" content=\"Fus\u00edveis T\u00e9rmicos Radiais - Linha A92 - Kit com 20 unidades - Loja ADD-THERM\" \/>\n<meta property=\"og:description\" content=\"Fus\u00edveis T\u00e9rmicos Radiais 1A - A92 - Kit com 20 unidades\" \/>\n<meta property=\"og:url\" content=\"https:\/\/addtherm.com.br\/loja\/produto\/fusivel-termico-radial-a92\/\" \/>\n<meta property=\"og:site_name\" content=\"Loja ADD-THERM\" \/>\n<meta property=\"article:modified_time\" content=\"2024-07-25T20:49:58+00:00\" \/>\n<meta property=\"og:image\" content=\"https:\/\/addtherm.com.br\/loja\/wp-content\/uploads\/2021\/05\/A92-Fusivel-termico-radial.png\" \/>\n\t<meta property=\"og:image:width\" content=\"406\" \/>\n\t<meta property=\"og:image:height\" content=\"366\" \/>\n\t<meta property=\"og:image:type\" content=\"image\/png\" \/>\n<meta name=\"twitter:card\" content=\"summary_large_image\" \/>\n<meta name=\"twitter:label1\" content=\"Est. tempo de leitura\" \/>\n\t<meta name=\"twitter:data1\" content=\"1 minuto\" \/>\n<script type=\"application\/ld+json\" class=\"yoast-schema-graph\">{\"@context\":\"https:\\\/\\\/schema.org\",\"@graph\":[{\"@type\":\"WebPage\",\"@id\":\"https:\\\/\\\/addtherm.com.br\\\/loja\\\/produto\\\/fusivel-termico-radial-a92\\\/\",\"url\":\"https:\\\/\\\/addtherm.com.br\\\/loja\\\/produto\\\/fusivel-termico-radial-a92\\\/\",\"name\":\"Fus\u00edveis T\u00e9rmicos Radiais - Linha A92 - Kit com 20 unidades - Loja ADD-THERM\",\"isPartOf\":{\"@id\":\"https:\\\/\\\/addtherm.com.br\\\/loja\\\/#website\"},\"primaryImageOfPage\":{\"@id\":\"https:\\\/\\\/addtherm.com.br\\\/loja\\\/produto\\\/fusivel-termico-radial-a92\\\/#primaryimage\"},\"image\":{\"@id\":\"https:\\\/\\\/addtherm.com.br\\\/loja\\\/produto\\\/fusivel-termico-radial-a92\\\/#primaryimage\"},\"thumbnailUrl\":\"https:\\\/\\\/addtherm.com.br\\\/loja\\\/wp-content\\\/uploads\\\/2021\\\/05\\\/A92-Fusivel-termico-radial.png\",\"datePublished\":\"2021-05-04T17:34:08+00:00\",\"dateModified\":\"2024-07-25T20:49:58+00:00\",\"description\":\"Fus\u00edveis T\u00e9rmicos Radiais 1A - A92 - Kit com 20 unidades\",\"breadcrumb\":{\"@id\":\"https:\\\/\\\/addtherm.com.br\\\/loja\\\/produto\\\/fusivel-termico-radial-a92\\\/#breadcrumb\"},\"inLanguage\":\"pt-BR\",\"potentialAction\":[{\"@type\":\"ReadAction\",\"target\":[\"https:\\\/\\\/addtherm.com.br\\\/loja\\\/produto\\\/fusivel-termico-radial-a92\\\/\"]}]},{\"@type\":\"ImageObject\",\"inLanguage\":\"pt-BR\",\"@id\":\"https:\\\/\\\/addtherm.com.br\\\/loja\\\/produto\\\/fusivel-termico-radial-a92\\\/#primaryimage\",\"url\":\"https:\\\/\\\/addtherm.com.br\\\/loja\\\/wp-content\\\/uploads\\\/2021\\\/05\\\/A92-Fusivel-termico-radial.png\",\"contentUrl\":\"https:\\\/\\\/addtherm.com.br\\\/loja\\\/wp-content\\\/uploads\\\/2021\\\/05\\\/A92-Fusivel-termico-radial.png\",\"width\":406,\"height\":366,\"caption\":\"fusivel termico a92\"},{\"@type\":\"BreadcrumbList\",\"@id\":\"https:\\\/\\\/addtherm.com.br\\\/loja\\\/produto\\\/fusivel-termico-radial-a92\\\/#breadcrumb\",\"itemListElement\":[{\"@type\":\"ListItem\",\"position\":1,\"name\":\"In\u00edcio\",\"item\":\"https:\\\/\\\/addtherm.com.br\\\/loja\\\/\"},{\"@type\":\"ListItem\",\"position\":2,\"name\":\"Shop\",\"item\":\"https:\\\/\\\/addtherm.com.br\\\/loja\\\/shop\\\/\"},{\"@type\":\"ListItem\",\"position\":3,\"name\":\"Fus\u00edveis T\u00e9rmicos Radiais &#8211; Linha A92 &#8211; Kit com 20 unidades\"}]},{\"@type\":\"WebSite\",\"@id\":\"https:\\\/\\\/addtherm.com.br\\\/loja\\\/#website\",\"url\":\"https:\\\/\\\/addtherm.com.br\\\/loja\\\/\",\"name\":\"Loja ADD-THERM\",\"description\":\"Loja ADD-THERM\",\"potentialAction\":[{\"@type\":\"SearchAction\",\"target\":{\"@type\":\"EntryPoint\",\"urlTemplate\":\"https:\\\/\\\/addtherm.com.br\\\/loja\\\/?s={search_term_string}\"},\"query-input\":{\"@type\":\"PropertyValueSpecification\",\"valueRequired\":true,\"valueName\":\"search_term_string\"}}],\"inLanguage\":\"pt-BR\"}]}<\/script>\n<!-- \/ Yoast SEO plugin. -->","yoast_head_json":{"title":"Fus\u00edveis T\u00e9rmicos Radiais - Linha A92 - Kit com 20 unidades - Loja ADD-THERM","description":"Fus\u00edveis T\u00e9rmicos Radiais 1A - A92 - Kit com 20 unidades","robots":{"index":"index","follow":"follow","max-snippet":"max-snippet:-1","max-image-preview":"max-image-preview:large","max-video-preview":"max-video-preview:-1"},"canonical":"https:\/\/addtherm.com.br\/loja\/produto\/fusivel-termico-radial-a92\/","og_locale":"pt_BR","og_type":"article","og_title":"Fus\u00edveis T\u00e9rmicos Radiais - Linha A92 - Kit com 20 unidades - Loja ADD-THERM","og_description":"Fus\u00edveis T\u00e9rmicos Radiais 1A - A92 - Kit com 20 unidades","og_url":"https:\/\/addtherm.com.br\/loja\/produto\/fusivel-termico-radial-a92\/","og_site_name":"Loja ADD-THERM","article_modified_time":"2024-07-25T20:49:58+00:00","og_image":[{"width":406,"height":366,"url":"https:\/\/addtherm.com.br\/loja\/wp-content\/uploads\/2021\/05\/A92-Fusivel-termico-radial.png","type":"image\/png"}],"twitter_card":"summary_large_image","twitter_misc":{"Est. tempo de leitura":"1 minuto"},"schema":{"@context":"https:\/\/schema.org","@graph":[{"@type":"WebPage","@id":"https:\/\/addtherm.com.br\/loja\/produto\/fusivel-termico-radial-a92\/","url":"https:\/\/addtherm.com.br\/loja\/produto\/fusivel-termico-radial-a92\/","name":"Fus\u00edveis T\u00e9rmicos Radiais - Linha A92 - Kit com 20 unidades - Loja ADD-THERM","isPartOf":{"@id":"https:\/\/addtherm.com.br\/loja\/#website"},"primaryImageOfPage":{"@id":"https:\/\/addtherm.com.br\/loja\/produto\/fusivel-termico-radial-a92\/#primaryimage"},"image":{"@id":"https:\/\/addtherm.com.br\/loja\/produto\/fusivel-termico-radial-a92\/#primaryimage"},"thumbnailUrl":"https:\/\/addtherm.com.br\/loja\/wp-content\/uploads\/2021\/05\/A92-Fusivel-termico-radial.png","datePublished":"2021-05-04T17:34:08+00:00","dateModified":"2024-07-25T20:49:58+00:00","description":"Fus\u00edveis T\u00e9rmicos Radiais 1A - A92 - Kit com 20 unidades","breadcrumb":{"@id":"https:\/\/addtherm.com.br\/loja\/produto\/fusivel-termico-radial-a92\/#breadcrumb"},"inLanguage":"pt-BR","potentialAction":[{"@type":"ReadAction","target":["https:\/\/addtherm.com.br\/loja\/produto\/fusivel-termico-radial-a92\/"]}]},{"@type":"ImageObject","inLanguage":"pt-BR","@id":"https:\/\/addtherm.com.br\/loja\/produto\/fusivel-termico-radial-a92\/#primaryimage","url":"https:\/\/addtherm.com.br\/loja\/wp-content\/uploads\/2021\/05\/A92-Fusivel-termico-radial.png","contentUrl":"https:\/\/addtherm.com.br\/loja\/wp-content\/uploads\/2021\/05\/A92-Fusivel-termico-radial.png","width":406,"height":366,"caption":"fusivel termico a92"},{"@type":"BreadcrumbList","@id":"https:\/\/addtherm.com.br\/loja\/produto\/fusivel-termico-radial-a92\/#breadcrumb","itemListElement":[{"@type":"ListItem","position":1,"name":"In\u00edcio","item":"https:\/\/addtherm.com.br\/loja\/"},{"@type":"ListItem","position":2,"name":"Shop","item":"https:\/\/addtherm.com.br\/loja\/shop\/"},{"@type":"ListItem","position":3,"name":"Fus\u00edveis T\u00e9rmicos Radiais &#8211; Linha A92 &#8211; Kit com 20 unidades"}]},{"@type":"WebSite","@id":"https:\/\/addtherm.com.br\/loja\/#website","url":"https:\/\/addtherm.com.br\/loja\/","name":"Loja ADD-THERM","description":"Loja ADD-THERM","potentialAction":[{"@type":"SearchAction","target":{"@type":"EntryPoint","urlTemplate":"https:\/\/addtherm.com.br\/loja\/?s={search_term_string}"},"query-input":{"@type":"PropertyValueSpecification","valueRequired":true,"valueName":"search_term_string"}}],"inLanguage":"pt-BR"}]}},"_links":{"self":[{"href":"https:\/\/addtherm.com.br\/loja\/wp-json\/wp\/v2\/product\/6736","targetHints":{"allow":["GET"]}}],"collection":[{"href":"https:\/\/addtherm.com.br\/loja\/wp-json\/wp\/v2\/product"}],"about":[{"href":"https:\/\/addtherm.com.br\/loja\/wp-json\/wp\/v2\/types\/product"}],"replies":[{"embeddable":true,"href":"https:\/\/addtherm.com.br\/loja\/wp-json\/wp\/v2\/comments?post=6736"}],"wp:featuredmedia":[{"embeddable":true,"href":"https:\/\/addtherm.com.br\/loja\/wp-json\/wp\/v2\/media\/6743"}],"wp:attachment":[{"href":"https:\/\/addtherm.com.br\/loja\/wp-json\/wp\/v2\/media?parent=6736"}],"wp:term":[{"taxonomy":"product_brand","embeddable":true,"href":"https:\/\/addtherm.com.br\/loja\/wp-json\/wp\/v2\/product_brand?post=6736"},{"taxonomy":"product_cat","embeddable":true,"href":"https:\/\/addtherm.com.br\/loja\/wp-json\/wp\/v2\/product_cat?post=6736"},{"taxonomy":"product_tag","embeddable":true,"href":"https:\/\/addtherm.com.br\/loja\/wp-json\/wp\/v2\/product_tag?post=6736"}],"curies":[{"name":"wp","href":"https:\/\/api.w.org\/{rel}","templated":true}]}}