{"id":6636,"date":"2021-02-16T12:57:30","date_gmt":"2021-02-16T15:57:30","guid":{"rendered":"https:\/\/addtherm.com.br\/loja\/?post_type=product&#038;p=6636"},"modified":"2025-03-06T18:23:05","modified_gmt":"2025-03-06T21:23:05","slug":"termostato-geladeira-continental-238c4509p001","status":"publish","type":"product","link":"https:\/\/addtherm.com.br\/loja\/produto\/termostato-geladeira-continental-238c4509p001\/","title":{"rendered":"TERMOSTATO GELADEIRA CONTINENTAL 238c4509p001"},"content":{"rendered":"<h1>Termostato Geladeira Continental 238c4509p001 &#8211; Unidade<\/h1>\n<p><strong>Especifica\u00e7\u00f5es T\u00e9cnicas<\/strong><br \/>\n<strong>Fabricante:<\/strong> Danfoss<br \/>\n<strong>Modelo:<\/strong> WDF27. 3A &#8211; 922 &#8211; 066<br \/>\n1508 . WD1238A.Z<br \/>\nRoHS<\/p>\n<h1><\/h1>\n<h1><\/h1>\n<p>&nbsp;<\/p>\n","protected":false},"excerpt":{"rendered":"<div class=\"woocommerce-product-details__short-description\">\n<h1>Termostato Geladeira Continental 238c4509p001<\/h1>\n<p><strong>C\u00d3DIGO ANTIGO:<\/strong> 494948<br \/>\n<strong>C\u00d3DIGO ATUAL:<\/strong> RFN713735 \/ 238C4509P001<br \/>\n<strong>Compat\u00edvel com os modelos:<\/strong><br \/>\nRC35 \/ RC41 \/ RC46 \/ KSV36 \/ KDV44 \/ KDV47A<\/p>\n<\/div>\n","protected":false},"featured_media":6681,"comment_status":"open","ping_status":"closed","template":"","meta":[],"product_brand":[],"product_cat":[89,93],"product_tag":[142,183,182,124,181],"class_list":{"0":"post-6636","1":"product","2":"type-product","3":"status-publish","4":"has-post-thumbnail","6":"product_cat-protecao-termica","7":"product_cat-termostatos-bimetalicos","8":"product_tag-termostato","9":"product_tag-termostato-addtherm","10":"product_tag-termostato-flange-a85","11":"product_tag-termostatos","12":"product_tag-termostatos-de-3-4-flange-25a","14":"first","15":"instock","16":"taxable","17":"shipping-taxable","18":"purchasable","19":"product-type-simple"},"yoast_head":"<!-- This site is optimized with the Yoast SEO plugin v27.3 - https:\/\/yoast.com\/product\/yoast-seo-wordpress\/ -->\n<title>TERMOSTATO GELADEIRA CONTINENTAL 238c4509p001 - Loja ADD-THERM<\/title>\n<meta name=\"description\" content=\"Termostato Geladeira Continental 238c4509p001 - Compre agora em ADDTHERM Loja.\" \/>\n<meta name=\"robots\" content=\"index, follow, max-snippet:-1, max-image-preview:large, max-video-preview:-1\" \/>\n<link rel=\"canonical\" href=\"https:\/\/addtherm.com.br\/loja\/produto\/termostato-geladeira-continental-238c4509p001\/\" \/>\n<meta property=\"og:locale\" content=\"pt_BR\" \/>\n<meta property=\"og:type\" content=\"article\" \/>\n<meta property=\"og:title\" content=\"TERMOSTATO GELADEIRA CONTINENTAL 238c4509p001 - Loja ADD-THERM\" \/>\n<meta property=\"og:description\" content=\"Termostato Geladeira Continental 238c4509p001 - Compre agora em ADDTHERM Loja.\" \/>\n<meta property=\"og:url\" content=\"https:\/\/addtherm.com.br\/loja\/produto\/termostato-geladeira-continental-238c4509p001\/\" \/>\n<meta property=\"og:site_name\" content=\"Loja ADD-THERM\" \/>\n<meta property=\"article:modified_time\" content=\"2025-03-06T21:23:05+00:00\" \/>\n<meta property=\"og:image\" content=\"https:\/\/addtherm.com.br\/loja\/wp-content\/uploads\/2021\/02\/Termostato-Geladeira-Continental-238c4509p001.png\" \/>\n\t<meta property=\"og:image:width\" content=\"563\" \/>\n\t<meta property=\"og:image:height\" content=\"563\" \/>\n\t<meta property=\"og:image:type\" content=\"image\/png\" \/>\n<meta name=\"twitter:card\" content=\"summary_large_image\" \/>\n<script type=\"application\/ld+json\" class=\"yoast-schema-graph\">{\"@context\":\"https:\\\/\\\/schema.org\",\"@graph\":[{\"@type\":\"WebPage\",\"@id\":\"https:\\\/\\\/addtherm.com.br\\\/loja\\\/produto\\\/termostato-geladeira-continental-238c4509p001\\\/\",\"url\":\"https:\\\/\\\/addtherm.com.br\\\/loja\\\/produto\\\/termostato-geladeira-continental-238c4509p001\\\/\",\"name\":\"TERMOSTATO GELADEIRA CONTINENTAL 238c4509p001 - Loja ADD-THERM\",\"isPartOf\":{\"@id\":\"https:\\\/\\\/addtherm.com.br\\\/loja\\\/#website\"},\"primaryImageOfPage\":{\"@id\":\"https:\\\/\\\/addtherm.com.br\\\/loja\\\/produto\\\/termostato-geladeira-continental-238c4509p001\\\/#primaryimage\"},\"image\":{\"@id\":\"https:\\\/\\\/addtherm.com.br\\\/loja\\\/produto\\\/termostato-geladeira-continental-238c4509p001\\\/#primaryimage\"},\"thumbnailUrl\":\"https:\\\/\\\/addtherm.com.br\\\/loja\\\/wp-content\\\/uploads\\\/2021\\\/02\\\/Termostato-Geladeira-Continental-238c4509p001.png\",\"datePublished\":\"2021-02-16T15:57:30+00:00\",\"dateModified\":\"2025-03-06T21:23:05+00:00\",\"description\":\"Termostato Geladeira Continental 238c4509p001 - Compre agora em ADDTHERM Loja.\",\"breadcrumb\":{\"@id\":\"https:\\\/\\\/addtherm.com.br\\\/loja\\\/produto\\\/termostato-geladeira-continental-238c4509p001\\\/#breadcrumb\"},\"inLanguage\":\"pt-BR\",\"potentialAction\":[{\"@type\":\"ReadAction\",\"target\":[\"https:\\\/\\\/addtherm.com.br\\\/loja\\\/produto\\\/termostato-geladeira-continental-238c4509p001\\\/\"]}]},{\"@type\":\"ImageObject\",\"inLanguage\":\"pt-BR\",\"@id\":\"https:\\\/\\\/addtherm.com.br\\\/loja\\\/produto\\\/termostato-geladeira-continental-238c4509p001\\\/#primaryimage\",\"url\":\"https:\\\/\\\/addtherm.com.br\\\/loja\\\/wp-content\\\/uploads\\\/2021\\\/02\\\/Termostato-Geladeira-Continental-238c4509p001.png\",\"contentUrl\":\"https:\\\/\\\/addtherm.com.br\\\/loja\\\/wp-content\\\/uploads\\\/2021\\\/02\\\/Termostato-Geladeira-Continental-238c4509p001.png\",\"width\":563,\"height\":563,\"caption\":\"Termostato Geladeira Continental 238c4509p001\"},{\"@type\":\"BreadcrumbList\",\"@id\":\"https:\\\/\\\/addtherm.com.br\\\/loja\\\/produto\\\/termostato-geladeira-continental-238c4509p001\\\/#breadcrumb\",\"itemListElement\":[{\"@type\":\"ListItem\",\"position\":1,\"name\":\"In\u00edcio\",\"item\":\"https:\\\/\\\/addtherm.com.br\\\/loja\\\/\"},{\"@type\":\"ListItem\",\"position\":2,\"name\":\"Shop\",\"item\":\"https:\\\/\\\/addtherm.com.br\\\/loja\\\/shop\\\/\"},{\"@type\":\"ListItem\",\"position\":3,\"name\":\"TERMOSTATO GELADEIRA CONTINENTAL 238c4509p001\"}]},{\"@type\":\"WebSite\",\"@id\":\"https:\\\/\\\/addtherm.com.br\\\/loja\\\/#website\",\"url\":\"https:\\\/\\\/addtherm.com.br\\\/loja\\\/\",\"name\":\"Loja ADD-THERM\",\"description\":\"Loja ADD-THERM\",\"potentialAction\":[{\"@type\":\"SearchAction\",\"target\":{\"@type\":\"EntryPoint\",\"urlTemplate\":\"https:\\\/\\\/addtherm.com.br\\\/loja\\\/?s={search_term_string}\"},\"query-input\":{\"@type\":\"PropertyValueSpecification\",\"valueRequired\":true,\"valueName\":\"search_term_string\"}}],\"inLanguage\":\"pt-BR\"}]}<\/script>\n<!-- \/ Yoast SEO plugin. -->","yoast_head_json":{"title":"TERMOSTATO GELADEIRA CONTINENTAL 238c4509p001 - Loja ADD-THERM","description":"Termostato Geladeira Continental 238c4509p001 - Compre agora em ADDTHERM Loja.","robots":{"index":"index","follow":"follow","max-snippet":"max-snippet:-1","max-image-preview":"max-image-preview:large","max-video-preview":"max-video-preview:-1"},"canonical":"https:\/\/addtherm.com.br\/loja\/produto\/termostato-geladeira-continental-238c4509p001\/","og_locale":"pt_BR","og_type":"article","og_title":"TERMOSTATO GELADEIRA CONTINENTAL 238c4509p001 - Loja ADD-THERM","og_description":"Termostato Geladeira Continental 238c4509p001 - Compre agora em ADDTHERM Loja.","og_url":"https:\/\/addtherm.com.br\/loja\/produto\/termostato-geladeira-continental-238c4509p001\/","og_site_name":"Loja ADD-THERM","article_modified_time":"2025-03-06T21:23:05+00:00","og_image":[{"width":563,"height":563,"url":"https:\/\/addtherm.com.br\/loja\/wp-content\/uploads\/2021\/02\/Termostato-Geladeira-Continental-238c4509p001.png","type":"image\/png"}],"twitter_card":"summary_large_image","schema":{"@context":"https:\/\/schema.org","@graph":[{"@type":"WebPage","@id":"https:\/\/addtherm.com.br\/loja\/produto\/termostato-geladeira-continental-238c4509p001\/","url":"https:\/\/addtherm.com.br\/loja\/produto\/termostato-geladeira-continental-238c4509p001\/","name":"TERMOSTATO GELADEIRA CONTINENTAL 238c4509p001 - Loja ADD-THERM","isPartOf":{"@id":"https:\/\/addtherm.com.br\/loja\/#website"},"primaryImageOfPage":{"@id":"https:\/\/addtherm.com.br\/loja\/produto\/termostato-geladeira-continental-238c4509p001\/#primaryimage"},"image":{"@id":"https:\/\/addtherm.com.br\/loja\/produto\/termostato-geladeira-continental-238c4509p001\/#primaryimage"},"thumbnailUrl":"https:\/\/addtherm.com.br\/loja\/wp-content\/uploads\/2021\/02\/Termostato-Geladeira-Continental-238c4509p001.png","datePublished":"2021-02-16T15:57:30+00:00","dateModified":"2025-03-06T21:23:05+00:00","description":"Termostato Geladeira Continental 238c4509p001 - Compre agora em ADDTHERM Loja.","breadcrumb":{"@id":"https:\/\/addtherm.com.br\/loja\/produto\/termostato-geladeira-continental-238c4509p001\/#breadcrumb"},"inLanguage":"pt-BR","potentialAction":[{"@type":"ReadAction","target":["https:\/\/addtherm.com.br\/loja\/produto\/termostato-geladeira-continental-238c4509p001\/"]}]},{"@type":"ImageObject","inLanguage":"pt-BR","@id":"https:\/\/addtherm.com.br\/loja\/produto\/termostato-geladeira-continental-238c4509p001\/#primaryimage","url":"https:\/\/addtherm.com.br\/loja\/wp-content\/uploads\/2021\/02\/Termostato-Geladeira-Continental-238c4509p001.png","contentUrl":"https:\/\/addtherm.com.br\/loja\/wp-content\/uploads\/2021\/02\/Termostato-Geladeira-Continental-238c4509p001.png","width":563,"height":563,"caption":"Termostato Geladeira Continental 238c4509p001"},{"@type":"BreadcrumbList","@id":"https:\/\/addtherm.com.br\/loja\/produto\/termostato-geladeira-continental-238c4509p001\/#breadcrumb","itemListElement":[{"@type":"ListItem","position":1,"name":"In\u00edcio","item":"https:\/\/addtherm.com.br\/loja\/"},{"@type":"ListItem","position":2,"name":"Shop","item":"https:\/\/addtherm.com.br\/loja\/shop\/"},{"@type":"ListItem","position":3,"name":"TERMOSTATO GELADEIRA CONTINENTAL 238c4509p001"}]},{"@type":"WebSite","@id":"https:\/\/addtherm.com.br\/loja\/#website","url":"https:\/\/addtherm.com.br\/loja\/","name":"Loja ADD-THERM","description":"Loja ADD-THERM","potentialAction":[{"@type":"SearchAction","target":{"@type":"EntryPoint","urlTemplate":"https:\/\/addtherm.com.br\/loja\/?s={search_term_string}"},"query-input":{"@type":"PropertyValueSpecification","valueRequired":true,"valueName":"search_term_string"}}],"inLanguage":"pt-BR"}]}},"_links":{"self":[{"href":"https:\/\/addtherm.com.br\/loja\/wp-json\/wp\/v2\/product\/6636","targetHints":{"allow":["GET"]}}],"collection":[{"href":"https:\/\/addtherm.com.br\/loja\/wp-json\/wp\/v2\/product"}],"about":[{"href":"https:\/\/addtherm.com.br\/loja\/wp-json\/wp\/v2\/types\/product"}],"replies":[{"embeddable":true,"href":"https:\/\/addtherm.com.br\/loja\/wp-json\/wp\/v2\/comments?post=6636"}],"wp:featuredmedia":[{"embeddable":true,"href":"https:\/\/addtherm.com.br\/loja\/wp-json\/wp\/v2\/media\/6681"}],"wp:attachment":[{"href":"https:\/\/addtherm.com.br\/loja\/wp-json\/wp\/v2\/media?parent=6636"}],"wp:term":[{"taxonomy":"product_brand","embeddable":true,"href":"https:\/\/addtherm.com.br\/loja\/wp-json\/wp\/v2\/product_brand?post=6636"},{"taxonomy":"product_cat","embeddable":true,"href":"https:\/\/addtherm.com.br\/loja\/wp-json\/wp\/v2\/product_cat?post=6636"},{"taxonomy":"product_tag","embeddable":true,"href":"https:\/\/addtherm.com.br\/loja\/wp-json\/wp\/v2\/product_tag?post=6636"}],"curies":[{"name":"wp","href":"https:\/\/api.w.org\/{rel}","templated":true}]}}