{"id":6442,"date":"2020-08-11T15:24:44","date_gmt":"2020-08-11T18:24:44","guid":{"rendered":"https:\/\/addtherm.com.br\/loja\/?post_type=product&#038;p=6442"},"modified":"2025-03-20T08:49:31","modified_gmt":"2025-03-20T11:49:31","slug":"sensor-de-temperatura-plug-eletronico-agua-2-pinos-ford-xs6e12a648ba-1089854-mte4067","status":"publish","type":"product","link":"https:\/\/addtherm.com.br\/loja\/produto\/sensor-de-temperatura-plug-eletronico-agua-2-pinos-ford-xs6e12a648ba-1089854-mte4067\/","title":{"rendered":"Sensor de Temperatura &#8211; Plug Eletr\u00f4nico \u00c1gua 2 Pinos FORD: XS6E12A648BA \/ 1089854 \/ MTE4067"},"content":{"rendered":"<p>Sensor de Temperatura &#8211; Plug Eletr\u00f4nico \u00c1gua 2 Pinos<br \/>\n<strong>C\u00f3digos Originais:<\/strong><br \/>\nFORD: XS6E12A648BA \/ 1089854 \/ MTE4067<\/p>\n<p><strong>C\u00f3digo ADDTHERM:<\/strong> A40 067<\/p>\n","protected":false},"excerpt":{"rendered":"<p><b>Plug Eletr\u00f4nico &#8211; A40 067 (Linha Ford)<\/b><\/p>\n<p>C\u00f3digos Originais do Produto:<br \/>\nXS6F12A648BA<br \/>\nFORD: 1089854<br \/>\nMTE4067<\/p>\n","protected":false},"featured_media":9419,"comment_status":"open","ping_status":"closed","template":"","meta":[],"product_brand":[],"product_cat":[106,104,734],"product_tag":[384,313,721,383,314,382,312],"class_list":{"0":"post-6442","1":"product","2":"type-product","3":"status-publish","4":"has-post-thumbnail","6":"product_cat-ford","7":"product_cat-linha-automotiva","8":"product_cat-mtethomson","9":"product_tag-384","10":"product_tag-1089854-ford","11":"product_tag-sensor-de-temperatura-plug-eletronico-agua-2-pinos-ford-xs6e12a648ba-1089854-mte4067","12":"product_tag-xs6e12a648ba","13":"product_tag-xs6e12a648ba-ford","14":"product_tag-xs6f12a648ba","15":"product_tag-xs6f12a648ba-ford","17":"first","18":"instock","19":"taxable","20":"shipping-taxable","21":"purchasable","22":"product-type-simple"},"yoast_head":"<!-- This site is optimized with the Yoast SEO plugin v27.4 - https:\/\/yoast.com\/product\/yoast-seo-wordpress\/ -->\n<title>Sensor de Temperatura - Plug Eletr\u00f4nico \u00c1gua 2 Pinos FORD: XS6E12A648BA \/ 1089854 \/ MTE4067 - Loja ADD-THERM<\/title>\n<meta name=\"description\" content=\"Plug Eletr\u00f4nico - A40 067 (Linha Ford) - Conhe\u00e7a toda a linha automotiva da ADDTHERM agora.Sensor de Temperatura - Plug Eletr\u00f4nico \u00c1gua 2 Pinos FORD: XS6E12A648BA \/ 1089854 \/ MTE4067\" \/>\n<meta name=\"robots\" content=\"index, follow, max-snippet:-1, max-image-preview:large, max-video-preview:-1\" \/>\n<link rel=\"canonical\" href=\"https:\/\/addtherm.com.br\/loja\/produto\/sensor-de-temperatura-plug-eletronico-agua-2-pinos-ford-xs6e12a648ba-1089854-mte4067\/\" \/>\n<meta property=\"og:locale\" content=\"pt_BR\" \/>\n<meta property=\"og:type\" content=\"article\" \/>\n<meta property=\"og:title\" content=\"Sensor de Temperatura - Plug Eletr\u00f4nico \u00c1gua 2 Pinos FORD: XS6E12A648BA \/ 1089854 \/ MTE4067 - Loja ADD-THERM\" \/>\n<meta property=\"og:description\" content=\"Plug Eletr\u00f4nico - A40 067 (Linha Ford) - Conhe\u00e7a toda a linha automotiva da ADDTHERM agora.Sensor de Temperatura - Plug Eletr\u00f4nico \u00c1gua 2 Pinos FORD: XS6E12A648BA \/ 1089854 \/ MTE4067\" \/>\n<meta property=\"og:url\" content=\"https:\/\/addtherm.com.br\/loja\/produto\/sensor-de-temperatura-plug-eletronico-agua-2-pinos-ford-xs6e12a648ba-1089854-mte4067\/\" \/>\n<meta property=\"og:site_name\" content=\"Loja ADD-THERM\" \/>\n<meta property=\"article:modified_time\" content=\"2025-03-20T11:49:31+00:00\" \/>\n<meta property=\"og:image\" content=\"https:\/\/addtherm.com.br\/loja\/wp-content\/uploads\/2020\/08\/plug-eletronico-2-pinos-ford-A40-067-scaled.jpg\" \/>\n\t<meta property=\"og:image:width\" content=\"2560\" \/>\n\t<meta property=\"og:image:height\" content=\"2560\" \/>\n\t<meta property=\"og:image:type\" content=\"image\/jpeg\" \/>\n<meta name=\"twitter:card\" content=\"summary_large_image\" \/>\n<meta name=\"twitter:label1\" content=\"Est. tempo de leitura\" \/>\n\t<meta name=\"twitter:data1\" content=\"1 minuto\" \/>\n<script type=\"application\/ld+json\" class=\"yoast-schema-graph\">{\"@context\":\"https:\\\/\\\/schema.org\",\"@graph\":[{\"@type\":\"WebPage\",\"@id\":\"https:\\\/\\\/addtherm.com.br\\\/loja\\\/produto\\\/sensor-de-temperatura-plug-eletronico-agua-2-pinos-ford-xs6e12a648ba-1089854-mte4067\\\/\",\"url\":\"https:\\\/\\\/addtherm.com.br\\\/loja\\\/produto\\\/sensor-de-temperatura-plug-eletronico-agua-2-pinos-ford-xs6e12a648ba-1089854-mte4067\\\/\",\"name\":\"Sensor de Temperatura - Plug Eletr\u00f4nico \u00c1gua 2 Pinos FORD: XS6E12A648BA \\\/ 1089854 \\\/ MTE4067 - Loja ADD-THERM\",\"isPartOf\":{\"@id\":\"https:\\\/\\\/addtherm.com.br\\\/loja\\\/#website\"},\"primaryImageOfPage\":{\"@id\":\"https:\\\/\\\/addtherm.com.br\\\/loja\\\/produto\\\/sensor-de-temperatura-plug-eletronico-agua-2-pinos-ford-xs6e12a648ba-1089854-mte4067\\\/#primaryimage\"},\"image\":{\"@id\":\"https:\\\/\\\/addtherm.com.br\\\/loja\\\/produto\\\/sensor-de-temperatura-plug-eletronico-agua-2-pinos-ford-xs6e12a648ba-1089854-mte4067\\\/#primaryimage\"},\"thumbnailUrl\":\"https:\\\/\\\/addtherm.com.br\\\/loja\\\/wp-content\\\/uploads\\\/2020\\\/08\\\/plug-eletronico-2-pinos-ford-A40-067-scaled.jpg\",\"datePublished\":\"2020-08-11T18:24:44+00:00\",\"dateModified\":\"2025-03-20T11:49:31+00:00\",\"description\":\"Plug Eletr\u00f4nico - A40 067 (Linha Ford) - Conhe\u00e7a toda a linha automotiva da ADDTHERM agora.Sensor de Temperatura - Plug Eletr\u00f4nico \u00c1gua 2 Pinos FORD: XS6E12A648BA \\\/ 1089854 \\\/ MTE4067\",\"breadcrumb\":{\"@id\":\"https:\\\/\\\/addtherm.com.br\\\/loja\\\/produto\\\/sensor-de-temperatura-plug-eletronico-agua-2-pinos-ford-xs6e12a648ba-1089854-mte4067\\\/#breadcrumb\"},\"inLanguage\":\"pt-BR\",\"potentialAction\":[{\"@type\":\"ReadAction\",\"target\":[\"https:\\\/\\\/addtherm.com.br\\\/loja\\\/produto\\\/sensor-de-temperatura-plug-eletronico-agua-2-pinos-ford-xs6e12a648ba-1089854-mte4067\\\/\"]}]},{\"@type\":\"ImageObject\",\"inLanguage\":\"pt-BR\",\"@id\":\"https:\\\/\\\/addtherm.com.br\\\/loja\\\/produto\\\/sensor-de-temperatura-plug-eletronico-agua-2-pinos-ford-xs6e12a648ba-1089854-mte4067\\\/#primaryimage\",\"url\":\"https:\\\/\\\/addtherm.com.br\\\/loja\\\/wp-content\\\/uploads\\\/2020\\\/08\\\/plug-eletronico-2-pinos-ford-A40-067-scaled.jpg\",\"contentUrl\":\"https:\\\/\\\/addtherm.com.br\\\/loja\\\/wp-content\\\/uploads\\\/2020\\\/08\\\/plug-eletronico-2-pinos-ford-A40-067-scaled.jpg\",\"width\":2560,\"height\":2560},{\"@type\":\"BreadcrumbList\",\"@id\":\"https:\\\/\\\/addtherm.com.br\\\/loja\\\/produto\\\/sensor-de-temperatura-plug-eletronico-agua-2-pinos-ford-xs6e12a648ba-1089854-mte4067\\\/#breadcrumb\",\"itemListElement\":[{\"@type\":\"ListItem\",\"position\":1,\"name\":\"In\u00edcio\",\"item\":\"https:\\\/\\\/addtherm.com.br\\\/loja\\\/\"},{\"@type\":\"ListItem\",\"position\":2,\"name\":\"Shop\",\"item\":\"https:\\\/\\\/addtherm.com.br\\\/loja\\\/shop\\\/\"},{\"@type\":\"ListItem\",\"position\":3,\"name\":\"Sensor de Temperatura &#8211; Plug Eletr\u00f4nico \u00c1gua 2 Pinos FORD: XS6E12A648BA \\\/ 1089854 \\\/ MTE4067\"}]},{\"@type\":\"WebSite\",\"@id\":\"https:\\\/\\\/addtherm.com.br\\\/loja\\\/#website\",\"url\":\"https:\\\/\\\/addtherm.com.br\\\/loja\\\/\",\"name\":\"Loja ADD-THERM\",\"description\":\"Loja ADD-THERM\",\"potentialAction\":[{\"@type\":\"SearchAction\",\"target\":{\"@type\":\"EntryPoint\",\"urlTemplate\":\"https:\\\/\\\/addtherm.com.br\\\/loja\\\/?s={search_term_string}\"},\"query-input\":{\"@type\":\"PropertyValueSpecification\",\"valueRequired\":true,\"valueName\":\"search_term_string\"}}],\"inLanguage\":\"pt-BR\"}]}<\/script>\n<!-- \/ Yoast SEO plugin. -->","yoast_head_json":{"title":"Sensor de Temperatura - Plug Eletr\u00f4nico \u00c1gua 2 Pinos FORD: XS6E12A648BA \/ 1089854 \/ MTE4067 - Loja ADD-THERM","description":"Plug Eletr\u00f4nico - A40 067 (Linha Ford) - Conhe\u00e7a toda a linha automotiva da ADDTHERM agora.Sensor de Temperatura - Plug Eletr\u00f4nico \u00c1gua 2 Pinos FORD: XS6E12A648BA \/ 1089854 \/ MTE4067","robots":{"index":"index","follow":"follow","max-snippet":"max-snippet:-1","max-image-preview":"max-image-preview:large","max-video-preview":"max-video-preview:-1"},"canonical":"https:\/\/addtherm.com.br\/loja\/produto\/sensor-de-temperatura-plug-eletronico-agua-2-pinos-ford-xs6e12a648ba-1089854-mte4067\/","og_locale":"pt_BR","og_type":"article","og_title":"Sensor de Temperatura - Plug Eletr\u00f4nico \u00c1gua 2 Pinos FORD: XS6E12A648BA \/ 1089854 \/ MTE4067 - Loja ADD-THERM","og_description":"Plug Eletr\u00f4nico - A40 067 (Linha Ford) - Conhe\u00e7a toda a linha automotiva da ADDTHERM agora.Sensor de Temperatura - Plug Eletr\u00f4nico \u00c1gua 2 Pinos FORD: XS6E12A648BA \/ 1089854 \/ MTE4067","og_url":"https:\/\/addtherm.com.br\/loja\/produto\/sensor-de-temperatura-plug-eletronico-agua-2-pinos-ford-xs6e12a648ba-1089854-mte4067\/","og_site_name":"Loja ADD-THERM","article_modified_time":"2025-03-20T11:49:31+00:00","og_image":[{"width":2560,"height":2560,"url":"https:\/\/addtherm.com.br\/loja\/wp-content\/uploads\/2020\/08\/plug-eletronico-2-pinos-ford-A40-067-scaled.jpg","type":"image\/jpeg"}],"twitter_card":"summary_large_image","twitter_misc":{"Est. tempo de leitura":"1 minuto"},"schema":{"@context":"https:\/\/schema.org","@graph":[{"@type":"WebPage","@id":"https:\/\/addtherm.com.br\/loja\/produto\/sensor-de-temperatura-plug-eletronico-agua-2-pinos-ford-xs6e12a648ba-1089854-mte4067\/","url":"https:\/\/addtherm.com.br\/loja\/produto\/sensor-de-temperatura-plug-eletronico-agua-2-pinos-ford-xs6e12a648ba-1089854-mte4067\/","name":"Sensor de Temperatura - Plug Eletr\u00f4nico \u00c1gua 2 Pinos FORD: XS6E12A648BA \/ 1089854 \/ MTE4067 - Loja ADD-THERM","isPartOf":{"@id":"https:\/\/addtherm.com.br\/loja\/#website"},"primaryImageOfPage":{"@id":"https:\/\/addtherm.com.br\/loja\/produto\/sensor-de-temperatura-plug-eletronico-agua-2-pinos-ford-xs6e12a648ba-1089854-mte4067\/#primaryimage"},"image":{"@id":"https:\/\/addtherm.com.br\/loja\/produto\/sensor-de-temperatura-plug-eletronico-agua-2-pinos-ford-xs6e12a648ba-1089854-mte4067\/#primaryimage"},"thumbnailUrl":"https:\/\/addtherm.com.br\/loja\/wp-content\/uploads\/2020\/08\/plug-eletronico-2-pinos-ford-A40-067-scaled.jpg","datePublished":"2020-08-11T18:24:44+00:00","dateModified":"2025-03-20T11:49:31+00:00","description":"Plug Eletr\u00f4nico - A40 067 (Linha Ford) - Conhe\u00e7a toda a linha automotiva da ADDTHERM agora.Sensor de Temperatura - Plug Eletr\u00f4nico \u00c1gua 2 Pinos FORD: XS6E12A648BA \/ 1089854 \/ MTE4067","breadcrumb":{"@id":"https:\/\/addtherm.com.br\/loja\/produto\/sensor-de-temperatura-plug-eletronico-agua-2-pinos-ford-xs6e12a648ba-1089854-mte4067\/#breadcrumb"},"inLanguage":"pt-BR","potentialAction":[{"@type":"ReadAction","target":["https:\/\/addtherm.com.br\/loja\/produto\/sensor-de-temperatura-plug-eletronico-agua-2-pinos-ford-xs6e12a648ba-1089854-mte4067\/"]}]},{"@type":"ImageObject","inLanguage":"pt-BR","@id":"https:\/\/addtherm.com.br\/loja\/produto\/sensor-de-temperatura-plug-eletronico-agua-2-pinos-ford-xs6e12a648ba-1089854-mte4067\/#primaryimage","url":"https:\/\/addtherm.com.br\/loja\/wp-content\/uploads\/2020\/08\/plug-eletronico-2-pinos-ford-A40-067-scaled.jpg","contentUrl":"https:\/\/addtherm.com.br\/loja\/wp-content\/uploads\/2020\/08\/plug-eletronico-2-pinos-ford-A40-067-scaled.jpg","width":2560,"height":2560},{"@type":"BreadcrumbList","@id":"https:\/\/addtherm.com.br\/loja\/produto\/sensor-de-temperatura-plug-eletronico-agua-2-pinos-ford-xs6e12a648ba-1089854-mte4067\/#breadcrumb","itemListElement":[{"@type":"ListItem","position":1,"name":"In\u00edcio","item":"https:\/\/addtherm.com.br\/loja\/"},{"@type":"ListItem","position":2,"name":"Shop","item":"https:\/\/addtherm.com.br\/loja\/shop\/"},{"@type":"ListItem","position":3,"name":"Sensor de Temperatura &#8211; Plug Eletr\u00f4nico \u00c1gua 2 Pinos FORD: XS6E12A648BA \/ 1089854 \/ MTE4067"}]},{"@type":"WebSite","@id":"https:\/\/addtherm.com.br\/loja\/#website","url":"https:\/\/addtherm.com.br\/loja\/","name":"Loja ADD-THERM","description":"Loja ADD-THERM","potentialAction":[{"@type":"SearchAction","target":{"@type":"EntryPoint","urlTemplate":"https:\/\/addtherm.com.br\/loja\/?s={search_term_string}"},"query-input":{"@type":"PropertyValueSpecification","valueRequired":true,"valueName":"search_term_string"}}],"inLanguage":"pt-BR"}]}},"_links":{"self":[{"href":"https:\/\/addtherm.com.br\/loja\/wp-json\/wp\/v2\/product\/6442","targetHints":{"allow":["GET"]}}],"collection":[{"href":"https:\/\/addtherm.com.br\/loja\/wp-json\/wp\/v2\/product"}],"about":[{"href":"https:\/\/addtherm.com.br\/loja\/wp-json\/wp\/v2\/types\/product"}],"replies":[{"embeddable":true,"href":"https:\/\/addtherm.com.br\/loja\/wp-json\/wp\/v2\/comments?post=6442"}],"wp:featuredmedia":[{"embeddable":true,"href":"https:\/\/addtherm.com.br\/loja\/wp-json\/wp\/v2\/media\/9419"}],"wp:attachment":[{"href":"https:\/\/addtherm.com.br\/loja\/wp-json\/wp\/v2\/media?parent=6442"}],"wp:term":[{"taxonomy":"product_brand","embeddable":true,"href":"https:\/\/addtherm.com.br\/loja\/wp-json\/wp\/v2\/product_brand?post=6442"},{"taxonomy":"product_cat","embeddable":true,"href":"https:\/\/addtherm.com.br\/loja\/wp-json\/wp\/v2\/product_cat?post=6442"},{"taxonomy":"product_tag","embeddable":true,"href":"https:\/\/addtherm.com.br\/loja\/wp-json\/wp\/v2\/product_tag?post=6442"}],"curies":[{"name":"wp","href":"https:\/\/api.w.org\/{rel}","templated":true}]}}