{"id":5894,"date":"2020-03-30T14:53:25","date_gmt":"2020-03-30T17:53:25","guid":{"rendered":"https:\/\/addtherm.com.br\/loja\/?post_type=product&#038;p=5894"},"modified":"2024-07-25T17:41:28","modified_gmt":"2024-07-25T20:41:28","slug":"fusivel-termico-axial-15a-a91","status":"publish","type":"product","link":"https:\/\/addtherm.com.br\/loja\/produto\/fusivel-termico-axial-15a-a91\/","title":{"rendered":"Fus\u00edvel T\u00e9rmico Axial &#8211; A91  &#8211; Kit com 10 unidades"},"content":{"rendered":"<p><strong><b>Fus\u00edveis T\u00e9rmicos Axiais \u2013 Linha A91<\/b> \u2013 Kit com 10 unidades<br \/>\nLinha A91<br \/>\n<\/strong>\u00a0Devido a seu tamanho reduzido pode ser aplicado em espa\u00e7os pequenos.<\/p>\n<p>&nbsp;<\/p>\n","protected":false},"excerpt":{"rendered":"<div class=\"woocommerce-product-details__short-description\">\n<p><em><strong>Fus\u00edvel T\u00e9rmico Axial 15A \u2013 A91<\/strong><\/em> s\u00e3o dispositivos de \u00fanica a\u00e7\u00e3o que abrem os contatos el\u00e9tricos quando uma temperatura especificada \u00e9 atingida. Eles n\u00e3o resetam. O componente ativo de um fus\u00edvel t\u00e9rmico \u00e9 uma cera t\u00e9rmica eletricamente isolada. Esta cera det\u00e9m uma mola de contato contra um contato fixo sob temperaturas normais de funcionamento. Quando a temperatura predefinida do corte \u00e9 atingida, o sedimento se liquefaz, as molas cedem afastando do contato el\u00e9trico, abrindo o contato el\u00e9trico do circuito.<\/p>\n<p>Fus\u00edveis T\u00e9rmicos s\u00e3o amplamente utilizados com o objetivo de evitar o superaquecimento de equipamentos\u00a0interrompendo o funcionamento quando ultrapassar a temperatura espec\u00edfica.<\/p>\n<p>O tamanho reduzido conduz uma \u00f3tima sensibilidade permitindo ser um \u00f3timo protetor t\u00e9rmico, atuando uma \u00fanica vez, podendo ser facilmente reparado. Uma das suas vantagens \u00e9 seu baixo custo para produ\u00e7\u00f5es de larga escala que exigem prote\u00e7\u00e3o t\u00e9rmica.<\/p>\n<p><strong>Corrente: 15A<\/strong><\/p>\n<p><strong>Contato: NF<\/strong><\/p>\n<p>N\u00c3O VENDEMOS ESTE PRODUTO UNIT\u00c1RIO, TRATA-SE DE UM KIT COM 10 UNIDADES.<\/p>\n<\/div>\n","protected":false},"featured_media":6709,"comment_status":"open","ping_status":"closed","template":"","meta":[],"product_brand":[],"product_cat":[262,89],"product_tag":[196,193,194,197,195],"class_list":{"0":"post-5894","1":"product","2":"type-product","3":"status-publish","4":"has-post-thumbnail","6":"product_cat-fusivel-termico","7":"product_cat-protecao-termica","8":"product_tag-fusiveis","9":"product_tag-fusivel-termico","10":"product_tag-fusivel-termico-radial","11":"product_tag-kit-de-fusiveis","12":"product_tag-protecao-termica-addtherm","13":"pa_escolha-a-temperatura-172oc","14":"pa_escolha-a-temperatura-216oc","15":"pa_escolha-a-temperatura-240c","16":"pa_escolha-a-temperatura-280oc","17":"pa_escolha-a-temperatura-84oc","18":"pa_escolha-a-temperatura-99c","20":"first","21":"instock","22":"taxable","23":"shipping-taxable","24":"purchasable","25":"product-type-variable"},"yoast_head":"<!-- This site is optimized with the Yoast SEO plugin v27.3 - https:\/\/yoast.com\/product\/yoast-seo-wordpress\/ -->\n<title>Fus\u00edvel T\u00e9rmico Axial - A91 - Kit com 10 unidades - Loja ADD-THERM<\/title>\n<meta name=\"description\" content=\"Fus\u00edvel T\u00e9rmico Axial 15A - A91 - Kit com 10 unidades\" \/>\n<meta name=\"robots\" content=\"index, follow, max-snippet:-1, max-image-preview:large, max-video-preview:-1\" \/>\n<link rel=\"canonical\" href=\"https:\/\/addtherm.com.br\/loja\/produto\/fusivel-termico-axial-15a-a91\/\" \/>\n<meta property=\"og:locale\" content=\"pt_BR\" \/>\n<meta property=\"og:type\" content=\"article\" \/>\n<meta property=\"og:title\" content=\"Fus\u00edvel T\u00e9rmico Axial - A91 - Kit com 10 unidades - Loja ADD-THERM\" \/>\n<meta property=\"og:description\" content=\"Fus\u00edvel T\u00e9rmico Axial 15A - A91 - Kit com 10 unidades\" \/>\n<meta property=\"og:url\" content=\"https:\/\/addtherm.com.br\/loja\/produto\/fusivel-termico-axial-15a-a91\/\" \/>\n<meta property=\"og:site_name\" content=\"Loja ADD-THERM\" \/>\n<meta property=\"article:modified_time\" content=\"2024-07-25T20:41:28+00:00\" \/>\n<meta property=\"og:image\" content=\"https:\/\/addtherm.com.br\/loja\/wp-content\/uploads\/2020\/03\/FUSIVEL-AXIAL.png\" \/>\n\t<meta property=\"og:image:width\" content=\"299\" \/>\n\t<meta property=\"og:image:height\" content=\"306\" \/>\n\t<meta property=\"og:image:type\" content=\"image\/png\" \/>\n<meta name=\"twitter:card\" content=\"summary_large_image\" \/>\n<meta name=\"twitter:label1\" content=\"Est. tempo de leitura\" \/>\n\t<meta name=\"twitter:data1\" content=\"1 minuto\" \/>\n<script type=\"application\/ld+json\" class=\"yoast-schema-graph\">{\"@context\":\"https:\\\/\\\/schema.org\",\"@graph\":[{\"@type\":\"WebPage\",\"@id\":\"https:\\\/\\\/addtherm.com.br\\\/loja\\\/produto\\\/fusivel-termico-axial-15a-a91\\\/\",\"url\":\"https:\\\/\\\/addtherm.com.br\\\/loja\\\/produto\\\/fusivel-termico-axial-15a-a91\\\/\",\"name\":\"Fus\u00edvel T\u00e9rmico Axial - A91 - Kit com 10 unidades - Loja ADD-THERM\",\"isPartOf\":{\"@id\":\"https:\\\/\\\/addtherm.com.br\\\/loja\\\/#website\"},\"primaryImageOfPage\":{\"@id\":\"https:\\\/\\\/addtherm.com.br\\\/loja\\\/produto\\\/fusivel-termico-axial-15a-a91\\\/#primaryimage\"},\"image\":{\"@id\":\"https:\\\/\\\/addtherm.com.br\\\/loja\\\/produto\\\/fusivel-termico-axial-15a-a91\\\/#primaryimage\"},\"thumbnailUrl\":\"https:\\\/\\\/addtherm.com.br\\\/loja\\\/wp-content\\\/uploads\\\/2020\\\/03\\\/FUSIVEL-AXIAL.png\",\"datePublished\":\"2020-03-30T17:53:25+00:00\",\"dateModified\":\"2024-07-25T20:41:28+00:00\",\"description\":\"Fus\u00edvel T\u00e9rmico Axial 15A - A91 - Kit com 10 unidades\",\"breadcrumb\":{\"@id\":\"https:\\\/\\\/addtherm.com.br\\\/loja\\\/produto\\\/fusivel-termico-axial-15a-a91\\\/#breadcrumb\"},\"inLanguage\":\"pt-BR\",\"potentialAction\":[{\"@type\":\"ReadAction\",\"target\":[\"https:\\\/\\\/addtherm.com.br\\\/loja\\\/produto\\\/fusivel-termico-axial-15a-a91\\\/\"]}]},{\"@type\":\"ImageObject\",\"inLanguage\":\"pt-BR\",\"@id\":\"https:\\\/\\\/addtherm.com.br\\\/loja\\\/produto\\\/fusivel-termico-axial-15a-a91\\\/#primaryimage\",\"url\":\"https:\\\/\\\/addtherm.com.br\\\/loja\\\/wp-content\\\/uploads\\\/2020\\\/03\\\/FUSIVEL-AXIAL.png\",\"contentUrl\":\"https:\\\/\\\/addtherm.com.br\\\/loja\\\/wp-content\\\/uploads\\\/2020\\\/03\\\/FUSIVEL-AXIAL.png\",\"width\":299,\"height\":306},{\"@type\":\"BreadcrumbList\",\"@id\":\"https:\\\/\\\/addtherm.com.br\\\/loja\\\/produto\\\/fusivel-termico-axial-15a-a91\\\/#breadcrumb\",\"itemListElement\":[{\"@type\":\"ListItem\",\"position\":1,\"name\":\"In\u00edcio\",\"item\":\"https:\\\/\\\/addtherm.com.br\\\/loja\\\/\"},{\"@type\":\"ListItem\",\"position\":2,\"name\":\"Shop\",\"item\":\"https:\\\/\\\/addtherm.com.br\\\/loja\\\/shop\\\/\"},{\"@type\":\"ListItem\",\"position\":3,\"name\":\"Fus\u00edvel T\u00e9rmico Axial &#8211; A91 &#8211; Kit com 10 unidades\"}]},{\"@type\":\"WebSite\",\"@id\":\"https:\\\/\\\/addtherm.com.br\\\/loja\\\/#website\",\"url\":\"https:\\\/\\\/addtherm.com.br\\\/loja\\\/\",\"name\":\"Loja ADD-THERM\",\"description\":\"Loja ADD-THERM\",\"potentialAction\":[{\"@type\":\"SearchAction\",\"target\":{\"@type\":\"EntryPoint\",\"urlTemplate\":\"https:\\\/\\\/addtherm.com.br\\\/loja\\\/?s={search_term_string}\"},\"query-input\":{\"@type\":\"PropertyValueSpecification\",\"valueRequired\":true,\"valueName\":\"search_term_string\"}}],\"inLanguage\":\"pt-BR\"}]}<\/script>\n<!-- \/ Yoast SEO plugin. -->","yoast_head_json":{"title":"Fus\u00edvel T\u00e9rmico Axial - A91 - Kit com 10 unidades - Loja ADD-THERM","description":"Fus\u00edvel T\u00e9rmico Axial 15A - A91 - Kit com 10 unidades","robots":{"index":"index","follow":"follow","max-snippet":"max-snippet:-1","max-image-preview":"max-image-preview:large","max-video-preview":"max-video-preview:-1"},"canonical":"https:\/\/addtherm.com.br\/loja\/produto\/fusivel-termico-axial-15a-a91\/","og_locale":"pt_BR","og_type":"article","og_title":"Fus\u00edvel T\u00e9rmico Axial - A91 - Kit com 10 unidades - Loja ADD-THERM","og_description":"Fus\u00edvel T\u00e9rmico Axial 15A - A91 - Kit com 10 unidades","og_url":"https:\/\/addtherm.com.br\/loja\/produto\/fusivel-termico-axial-15a-a91\/","og_site_name":"Loja ADD-THERM","article_modified_time":"2024-07-25T20:41:28+00:00","og_image":[{"width":299,"height":306,"url":"https:\/\/addtherm.com.br\/loja\/wp-content\/uploads\/2020\/03\/FUSIVEL-AXIAL.png","type":"image\/png"}],"twitter_card":"summary_large_image","twitter_misc":{"Est. tempo de leitura":"1 minuto"},"schema":{"@context":"https:\/\/schema.org","@graph":[{"@type":"WebPage","@id":"https:\/\/addtherm.com.br\/loja\/produto\/fusivel-termico-axial-15a-a91\/","url":"https:\/\/addtherm.com.br\/loja\/produto\/fusivel-termico-axial-15a-a91\/","name":"Fus\u00edvel T\u00e9rmico Axial - A91 - Kit com 10 unidades - Loja ADD-THERM","isPartOf":{"@id":"https:\/\/addtherm.com.br\/loja\/#website"},"primaryImageOfPage":{"@id":"https:\/\/addtherm.com.br\/loja\/produto\/fusivel-termico-axial-15a-a91\/#primaryimage"},"image":{"@id":"https:\/\/addtherm.com.br\/loja\/produto\/fusivel-termico-axial-15a-a91\/#primaryimage"},"thumbnailUrl":"https:\/\/addtherm.com.br\/loja\/wp-content\/uploads\/2020\/03\/FUSIVEL-AXIAL.png","datePublished":"2020-03-30T17:53:25+00:00","dateModified":"2024-07-25T20:41:28+00:00","description":"Fus\u00edvel T\u00e9rmico Axial 15A - A91 - Kit com 10 unidades","breadcrumb":{"@id":"https:\/\/addtherm.com.br\/loja\/produto\/fusivel-termico-axial-15a-a91\/#breadcrumb"},"inLanguage":"pt-BR","potentialAction":[{"@type":"ReadAction","target":["https:\/\/addtherm.com.br\/loja\/produto\/fusivel-termico-axial-15a-a91\/"]}]},{"@type":"ImageObject","inLanguage":"pt-BR","@id":"https:\/\/addtherm.com.br\/loja\/produto\/fusivel-termico-axial-15a-a91\/#primaryimage","url":"https:\/\/addtherm.com.br\/loja\/wp-content\/uploads\/2020\/03\/FUSIVEL-AXIAL.png","contentUrl":"https:\/\/addtherm.com.br\/loja\/wp-content\/uploads\/2020\/03\/FUSIVEL-AXIAL.png","width":299,"height":306},{"@type":"BreadcrumbList","@id":"https:\/\/addtherm.com.br\/loja\/produto\/fusivel-termico-axial-15a-a91\/#breadcrumb","itemListElement":[{"@type":"ListItem","position":1,"name":"In\u00edcio","item":"https:\/\/addtherm.com.br\/loja\/"},{"@type":"ListItem","position":2,"name":"Shop","item":"https:\/\/addtherm.com.br\/loja\/shop\/"},{"@type":"ListItem","position":3,"name":"Fus\u00edvel T\u00e9rmico Axial &#8211; A91 &#8211; Kit com 10 unidades"}]},{"@type":"WebSite","@id":"https:\/\/addtherm.com.br\/loja\/#website","url":"https:\/\/addtherm.com.br\/loja\/","name":"Loja ADD-THERM","description":"Loja ADD-THERM","potentialAction":[{"@type":"SearchAction","target":{"@type":"EntryPoint","urlTemplate":"https:\/\/addtherm.com.br\/loja\/?s={search_term_string}"},"query-input":{"@type":"PropertyValueSpecification","valueRequired":true,"valueName":"search_term_string"}}],"inLanguage":"pt-BR"}]}},"_links":{"self":[{"href":"https:\/\/addtherm.com.br\/loja\/wp-json\/wp\/v2\/product\/5894","targetHints":{"allow":["GET"]}}],"collection":[{"href":"https:\/\/addtherm.com.br\/loja\/wp-json\/wp\/v2\/product"}],"about":[{"href":"https:\/\/addtherm.com.br\/loja\/wp-json\/wp\/v2\/types\/product"}],"replies":[{"embeddable":true,"href":"https:\/\/addtherm.com.br\/loja\/wp-json\/wp\/v2\/comments?post=5894"}],"wp:featuredmedia":[{"embeddable":true,"href":"https:\/\/addtherm.com.br\/loja\/wp-json\/wp\/v2\/media\/6709"}],"wp:attachment":[{"href":"https:\/\/addtherm.com.br\/loja\/wp-json\/wp\/v2\/media?parent=5894"}],"wp:term":[{"taxonomy":"product_brand","embeddable":true,"href":"https:\/\/addtherm.com.br\/loja\/wp-json\/wp\/v2\/product_brand?post=5894"},{"taxonomy":"product_cat","embeddable":true,"href":"https:\/\/addtherm.com.br\/loja\/wp-json\/wp\/v2\/product_cat?post=5894"},{"taxonomy":"product_tag","embeddable":true,"href":"https:\/\/addtherm.com.br\/loja\/wp-json\/wp\/v2\/product_tag?post=5894"}],"curies":[{"name":"wp","href":"https:\/\/api.w.org\/{rel}","templated":true}]}}