{"id":2114,"date":"2019-11-06T15:47:40","date_gmt":"2019-11-06T18:47:40","guid":{"rendered":"https:\/\/addtherm.com.br\/loja\/?post_type=product&#038;p=2114"},"modified":"2025-05-12T10:57:04","modified_gmt":"2025-05-12T13:57:04","slug":"termostato-de-encosto-duplo-ad66","status":"publish","type":"product","link":"https:\/\/addtherm.com.br\/loja\/produto\/termostato-de-encosto-duplo-ad66\/","title":{"rendered":"Termostatos de Encosto Duplo &#8211; Linha AD66"},"content":{"rendered":"<p><strong>Termostatos de Encosto Duplo &#8211; Linha AD66<\/strong><\/p>\n","protected":false},"excerpt":{"rendered":"<div class=\"woocommerce-product-details__short-description\">\n<p><span style=\"font-weight: 400;\">Os Termostatos de Encosto Duplo da linha AD66 possuem um contato auxiliar com reset manual que atuar\u00e1 no caso de falha dos contatos el\u00e9tricos principais, agindo como uma prote\u00e7\u00e3o t\u00e9rmica de seguran\u00e7a. Os contatos\u00a0retornar\u00e3o \u00e0 posi\u00e7\u00e3o fechado quando o bot\u00e3o reset for pressionado ap\u00f3s o desarme do termostato. Desenvolvidos para aplica\u00e7\u00f5es que requerem alta capacidade de corrente el\u00e9trica at\u00e9 40A.<\/span><\/p>\n<\/div>\n","protected":false},"featured_media":1463,"comment_status":"open","ping_status":"closed","template":"","meta":[],"product_brand":[],"product_cat":[89,93],"product_tag":[113,111,114,115],"class_list":{"0":"post-2114","1":"product","2":"type-product","3":"status-publish","4":"has-post-thumbnail","6":"product_cat-protecao-termica","7":"product_cat-termostatos-bimetalicos","8":"product_tag-termostato-bimetalico","9":"product_tag-termostato-de-encosto","10":"product_tag-termostato-de-encosto-duplo","11":"product_tag-termostato-de-encosto-duplo-ad66","13":"first","14":"instock","15":"taxable","16":"shipping-taxable","17":"purchasable","18":"product-type-simple"},"yoast_head":"<!-- This site is optimized with the Yoast SEO plugin v27.4 - https:\/\/yoast.com\/product\/yoast-seo-wordpress\/ -->\n<title>Termostatos de Encosto Duplo - Linha AD66 - Loja ADD-THERM<\/title>\n<meta name=\"description\" content=\"Termostato de Encosto Simples AD66 - Corrente de at\u00e9 40 A Fornecidos pr\u00e9-calibrados na faixa de regulagem de 45\u00b0C \u00e1 75\u00b0C em Contato SPST.\" \/>\n<meta name=\"robots\" content=\"index, follow, max-snippet:-1, max-image-preview:large, max-video-preview:-1\" \/>\n<link rel=\"canonical\" href=\"https:\/\/addtherm.com.br\/loja\/produto\/termostato-de-encosto-duplo-ad66\/\" \/>\n<meta property=\"og:locale\" content=\"pt_BR\" \/>\n<meta property=\"og:type\" content=\"article\" \/>\n<meta property=\"og:title\" content=\"Termostatos de Encosto Duplo - Linha AD66 - Loja ADD-THERM\" \/>\n<meta property=\"og:description\" content=\"Termostato de Encosto Simples AD66 - Corrente de at\u00e9 40 A Fornecidos pr\u00e9-calibrados na faixa de regulagem de 45\u00b0C \u00e1 75\u00b0C em Contato SPST.\" \/>\n<meta property=\"og:url\" content=\"https:\/\/addtherm.com.br\/loja\/produto\/termostato-de-encosto-duplo-ad66\/\" \/>\n<meta property=\"og:site_name\" content=\"Loja ADD-THERM\" \/>\n<meta property=\"article:modified_time\" content=\"2025-05-12T13:57:04+00:00\" \/>\n<meta property=\"og:image\" content=\"https:\/\/addtherm.com.br\/loja\/wp-content\/uploads\/2019\/05\/AD66-Termostato-Encosto-duplo-scaled.jpg\" \/>\n\t<meta property=\"og:image:width\" content=\"2560\" \/>\n\t<meta property=\"og:image:height\" content=\"1920\" \/>\n\t<meta property=\"og:image:type\" content=\"image\/jpeg\" \/>\n<meta name=\"twitter:card\" content=\"summary_large_image\" \/>\n<meta name=\"twitter:label1\" content=\"Est. tempo de leitura\" \/>\n\t<meta name=\"twitter:data1\" content=\"1 minuto\" \/>\n<script type=\"application\/ld+json\" class=\"yoast-schema-graph\">{\"@context\":\"https:\\\/\\\/schema.org\",\"@graph\":[{\"@type\":\"WebPage\",\"@id\":\"https:\\\/\\\/addtherm.com.br\\\/loja\\\/produto\\\/termostato-de-encosto-duplo-ad66\\\/\",\"url\":\"https:\\\/\\\/addtherm.com.br\\\/loja\\\/produto\\\/termostato-de-encosto-duplo-ad66\\\/\",\"name\":\"Termostatos de Encosto Duplo - Linha AD66 - Loja ADD-THERM\",\"isPartOf\":{\"@id\":\"https:\\\/\\\/addtherm.com.br\\\/loja\\\/#website\"},\"primaryImageOfPage\":{\"@id\":\"https:\\\/\\\/addtherm.com.br\\\/loja\\\/produto\\\/termostato-de-encosto-duplo-ad66\\\/#primaryimage\"},\"image\":{\"@id\":\"https:\\\/\\\/addtherm.com.br\\\/loja\\\/produto\\\/termostato-de-encosto-duplo-ad66\\\/#primaryimage\"},\"thumbnailUrl\":\"https:\\\/\\\/addtherm.com.br\\\/loja\\\/wp-content\\\/uploads\\\/2019\\\/05\\\/AD66-Termostato-Encosto-duplo-scaled.jpg\",\"datePublished\":\"2019-11-06T18:47:40+00:00\",\"dateModified\":\"2025-05-12T13:57:04+00:00\",\"description\":\"Termostato de Encosto Simples AD66 - Corrente de at\u00e9 40 A Fornecidos pr\u00e9-calibrados na faixa de regulagem de 45\u00b0C \u00e1 75\u00b0C em Contato SPST.\",\"breadcrumb\":{\"@id\":\"https:\\\/\\\/addtherm.com.br\\\/loja\\\/produto\\\/termostato-de-encosto-duplo-ad66\\\/#breadcrumb\"},\"inLanguage\":\"pt-BR\",\"potentialAction\":[{\"@type\":\"ReadAction\",\"target\":[\"https:\\\/\\\/addtherm.com.br\\\/loja\\\/produto\\\/termostato-de-encosto-duplo-ad66\\\/\"]}]},{\"@type\":\"ImageObject\",\"inLanguage\":\"pt-BR\",\"@id\":\"https:\\\/\\\/addtherm.com.br\\\/loja\\\/produto\\\/termostato-de-encosto-duplo-ad66\\\/#primaryimage\",\"url\":\"https:\\\/\\\/addtherm.com.br\\\/loja\\\/wp-content\\\/uploads\\\/2019\\\/05\\\/AD66-Termostato-Encosto-duplo-scaled.jpg\",\"contentUrl\":\"https:\\\/\\\/addtherm.com.br\\\/loja\\\/wp-content\\\/uploads\\\/2019\\\/05\\\/AD66-Termostato-Encosto-duplo-scaled.jpg\",\"width\":2560,\"height\":1920},{\"@type\":\"BreadcrumbList\",\"@id\":\"https:\\\/\\\/addtherm.com.br\\\/loja\\\/produto\\\/termostato-de-encosto-duplo-ad66\\\/#breadcrumb\",\"itemListElement\":[{\"@type\":\"ListItem\",\"position\":1,\"name\":\"In\u00edcio\",\"item\":\"https:\\\/\\\/addtherm.com.br\\\/loja\\\/\"},{\"@type\":\"ListItem\",\"position\":2,\"name\":\"Shop\",\"item\":\"https:\\\/\\\/addtherm.com.br\\\/loja\\\/shop\\\/\"},{\"@type\":\"ListItem\",\"position\":3,\"name\":\"Termostatos de Encosto Duplo &#8211; Linha AD66\"}]},{\"@type\":\"WebSite\",\"@id\":\"https:\\\/\\\/addtherm.com.br\\\/loja\\\/#website\",\"url\":\"https:\\\/\\\/addtherm.com.br\\\/loja\\\/\",\"name\":\"Loja ADD-THERM\",\"description\":\"Loja ADD-THERM\",\"potentialAction\":[{\"@type\":\"SearchAction\",\"target\":{\"@type\":\"EntryPoint\",\"urlTemplate\":\"https:\\\/\\\/addtherm.com.br\\\/loja\\\/?s={search_term_string}\"},\"query-input\":{\"@type\":\"PropertyValueSpecification\",\"valueRequired\":true,\"valueName\":\"search_term_string\"}}],\"inLanguage\":\"pt-BR\"}]}<\/script>\n<!-- \/ Yoast SEO plugin. -->","yoast_head_json":{"title":"Termostatos de Encosto Duplo - Linha AD66 - Loja ADD-THERM","description":"Termostato de Encosto Simples AD66 - Corrente de at\u00e9 40 A Fornecidos pr\u00e9-calibrados na faixa de regulagem de 45\u00b0C \u00e1 75\u00b0C em Contato SPST.","robots":{"index":"index","follow":"follow","max-snippet":"max-snippet:-1","max-image-preview":"max-image-preview:large","max-video-preview":"max-video-preview:-1"},"canonical":"https:\/\/addtherm.com.br\/loja\/produto\/termostato-de-encosto-duplo-ad66\/","og_locale":"pt_BR","og_type":"article","og_title":"Termostatos de Encosto Duplo - Linha AD66 - Loja ADD-THERM","og_description":"Termostato de Encosto Simples AD66 - Corrente de at\u00e9 40 A Fornecidos pr\u00e9-calibrados na faixa de regulagem de 45\u00b0C \u00e1 75\u00b0C em Contato SPST.","og_url":"https:\/\/addtherm.com.br\/loja\/produto\/termostato-de-encosto-duplo-ad66\/","og_site_name":"Loja ADD-THERM","article_modified_time":"2025-05-12T13:57:04+00:00","og_image":[{"width":2560,"height":1920,"url":"https:\/\/addtherm.com.br\/loja\/wp-content\/uploads\/2019\/05\/AD66-Termostato-Encosto-duplo-scaled.jpg","type":"image\/jpeg"}],"twitter_card":"summary_large_image","twitter_misc":{"Est. tempo de leitura":"1 minuto"},"schema":{"@context":"https:\/\/schema.org","@graph":[{"@type":"WebPage","@id":"https:\/\/addtherm.com.br\/loja\/produto\/termostato-de-encosto-duplo-ad66\/","url":"https:\/\/addtherm.com.br\/loja\/produto\/termostato-de-encosto-duplo-ad66\/","name":"Termostatos de Encosto Duplo - Linha AD66 - Loja ADD-THERM","isPartOf":{"@id":"https:\/\/addtherm.com.br\/loja\/#website"},"primaryImageOfPage":{"@id":"https:\/\/addtherm.com.br\/loja\/produto\/termostato-de-encosto-duplo-ad66\/#primaryimage"},"image":{"@id":"https:\/\/addtherm.com.br\/loja\/produto\/termostato-de-encosto-duplo-ad66\/#primaryimage"},"thumbnailUrl":"https:\/\/addtherm.com.br\/loja\/wp-content\/uploads\/2019\/05\/AD66-Termostato-Encosto-duplo-scaled.jpg","datePublished":"2019-11-06T18:47:40+00:00","dateModified":"2025-05-12T13:57:04+00:00","description":"Termostato de Encosto Simples AD66 - Corrente de at\u00e9 40 A Fornecidos pr\u00e9-calibrados na faixa de regulagem de 45\u00b0C \u00e1 75\u00b0C em Contato SPST.","breadcrumb":{"@id":"https:\/\/addtherm.com.br\/loja\/produto\/termostato-de-encosto-duplo-ad66\/#breadcrumb"},"inLanguage":"pt-BR","potentialAction":[{"@type":"ReadAction","target":["https:\/\/addtherm.com.br\/loja\/produto\/termostato-de-encosto-duplo-ad66\/"]}]},{"@type":"ImageObject","inLanguage":"pt-BR","@id":"https:\/\/addtherm.com.br\/loja\/produto\/termostato-de-encosto-duplo-ad66\/#primaryimage","url":"https:\/\/addtherm.com.br\/loja\/wp-content\/uploads\/2019\/05\/AD66-Termostato-Encosto-duplo-scaled.jpg","contentUrl":"https:\/\/addtherm.com.br\/loja\/wp-content\/uploads\/2019\/05\/AD66-Termostato-Encosto-duplo-scaled.jpg","width":2560,"height":1920},{"@type":"BreadcrumbList","@id":"https:\/\/addtherm.com.br\/loja\/produto\/termostato-de-encosto-duplo-ad66\/#breadcrumb","itemListElement":[{"@type":"ListItem","position":1,"name":"In\u00edcio","item":"https:\/\/addtherm.com.br\/loja\/"},{"@type":"ListItem","position":2,"name":"Shop","item":"https:\/\/addtherm.com.br\/loja\/shop\/"},{"@type":"ListItem","position":3,"name":"Termostatos de Encosto Duplo &#8211; Linha AD66"}]},{"@type":"WebSite","@id":"https:\/\/addtherm.com.br\/loja\/#website","url":"https:\/\/addtherm.com.br\/loja\/","name":"Loja ADD-THERM","description":"Loja ADD-THERM","potentialAction":[{"@type":"SearchAction","target":{"@type":"EntryPoint","urlTemplate":"https:\/\/addtherm.com.br\/loja\/?s={search_term_string}"},"query-input":{"@type":"PropertyValueSpecification","valueRequired":true,"valueName":"search_term_string"}}],"inLanguage":"pt-BR"}]}},"_links":{"self":[{"href":"https:\/\/addtherm.com.br\/loja\/wp-json\/wp\/v2\/product\/2114","targetHints":{"allow":["GET"]}}],"collection":[{"href":"https:\/\/addtherm.com.br\/loja\/wp-json\/wp\/v2\/product"}],"about":[{"href":"https:\/\/addtherm.com.br\/loja\/wp-json\/wp\/v2\/types\/product"}],"replies":[{"embeddable":true,"href":"https:\/\/addtherm.com.br\/loja\/wp-json\/wp\/v2\/comments?post=2114"}],"wp:featuredmedia":[{"embeddable":true,"href":"https:\/\/addtherm.com.br\/loja\/wp-json\/wp\/v2\/media\/1463"}],"wp:attachment":[{"href":"https:\/\/addtherm.com.br\/loja\/wp-json\/wp\/v2\/media?parent=2114"}],"wp:term":[{"taxonomy":"product_brand","embeddable":true,"href":"https:\/\/addtherm.com.br\/loja\/wp-json\/wp\/v2\/product_brand?post=2114"},{"taxonomy":"product_cat","embeddable":true,"href":"https:\/\/addtherm.com.br\/loja\/wp-json\/wp\/v2\/product_cat?post=2114"},{"taxonomy":"product_tag","embeddable":true,"href":"https:\/\/addtherm.com.br\/loja\/wp-json\/wp\/v2\/product_tag?post=2114"}],"curies":[{"name":"wp","href":"https:\/\/api.w.org\/{rel}","templated":true}]}}