{"id":1543,"date":"2019-05-17T19:54:01","date_gmt":"2019-05-17T22:54:01","guid":{"rendered":"https:\/\/addtherm.com.br\/loja\/?post_type=product&#038;p=1543"},"modified":"2024-08-02T14:02:24","modified_gmt":"2024-08-02T17:02:24","slug":"transmissor-de-pressao-para-refrigeracao-spt001","status":"publish","type":"product","link":"https:\/\/addtherm.com.br\/loja\/produto\/transmissor-de-pressao-para-refrigeracao-spt001\/","title":{"rendered":"Transmissor de Press\u00e3o para Refrigera\u00e7\u00e3o &#8211; SPT 001 (0 BAR a 45 BAR)"},"content":{"rendered":"<p><b>Caracter\u00edsticas b\u00e1sicas do Transmissor de Press\u00e3o para Refrigera\u00e7\u00e3o \u2013 SPT 001<br \/>\n<\/b><span style=\"font-weight: 400;\">&#8211; Excelente precis\u00e3o<br \/>\n<\/span><span style=\"font-weight: 400;\">&#8211; Dimens\u00f5es reduzidas para facilitar a instala\u00e7\u00e3o<br \/>\n<\/span><span style=\"font-weight: 400;\">&#8211; Entrada de energia com prote\u00e7\u00e3o contra invers\u00e3o de polaridade<br \/>\n<\/span><span style=\"font-weight: 400;\">&#8211; Resist\u00eancia \u00e0 sobrecarga e \u00e0 interfer\u00eancia do ambiente<\/span><\/p>\n","protected":false},"excerpt":{"rendered":"<div class=\"woocommerce-product-details__short-description\">\n<p><span style=\"font-weight: 400;\">O <strong>Transmissor de Press\u00e3o para Refrigera\u00e7\u00e3o SPT 001<\/strong> \u00e9 dotado de um chip sensor de press\u00e3o de alto desempenho combinado com um circuito de processamento avan\u00e7ado e com a tecnologia de compensa\u00e7\u00e3o de temperatura para converter varia\u00e7\u00f5es de press\u00e3o em sinais lineares de tens\u00e3o. O SPT 001 \u00e9 um transmissor de press\u00e3o pequeno e f\u00e1cil para instalar. O seu corpo \u00e9 constitu\u00eddo de alum\u00ednio e ele \u00e9 compat\u00edvel para operar com fluidos de refrigera\u00e7\u00e3o, sendo aplicado em equipamentos de refrigera\u00e7\u00e3o e sistemas HVAC.<\/span><\/p>\n<\/div>\n","protected":false},"featured_media":6923,"comment_status":"open","ping_status":"closed","template":"","meta":[],"product_brand":[],"product_cat":[91,450],"product_tag":[216,214,215,213,212,217],"class_list":{"0":"post-1543","1":"product","2":"type-product","3":"status-publish","4":"has-post-thumbnail","6":"product_cat-pressao","7":"product_cat-sensor-de-pressao-para-refrigeracao","8":"product_tag-pressostato-add","9":"product_tag-pressostato-de-alta-pressao","10":"product_tag-pressostato-de-baixa-e-alta-pressao","11":"product_tag-pressostato-de-refrigeracao","12":"product_tag-spr","13":"product_tag-spr017","15":"first","16":"instock","17":"taxable","18":"shipping-taxable","19":"purchasable","20":"product-type-simple"},"yoast_head":"<!-- This site is optimized with the Yoast SEO plugin v27.5 - https:\/\/yoast.com\/product\/yoast-seo-wordpress\/ -->\n<title>Transmissor de Press\u00e3o para Refrigera\u00e7\u00e3o - SPT 001 (0 BAR a 45 BAR) - Loja ADD-THERM<\/title>\n<meta name=\"description\" content=\"Transmissor de Press\u00e3o para Refrigera\u00e7\u00e3o \u2013 SPR 001 componente do sistema de prote\u00e7\u00e3o de equipamento\u00a0Refrigera\u00e7\u00e3o ou Ar condicionado.\" \/>\n<meta name=\"robots\" content=\"index, follow, max-snippet:-1, max-image-preview:large, max-video-preview:-1\" \/>\n<link rel=\"canonical\" href=\"https:\/\/addtherm.com.br\/loja\/produto\/transmissor-de-pressao-para-refrigeracao-spt001\/\" \/>\n<meta property=\"og:locale\" content=\"pt_BR\" \/>\n<meta property=\"og:type\" content=\"article\" \/>\n<meta property=\"og:title\" content=\"Transmissor de Press\u00e3o para Refrigera\u00e7\u00e3o - SPT 001 (0 BAR a 45 BAR) - Loja ADD-THERM\" \/>\n<meta property=\"og:description\" content=\"Transmissor de Press\u00e3o para Refrigera\u00e7\u00e3o \u2013 SPR 001 componente do sistema de prote\u00e7\u00e3o de equipamento\u00a0Refrigera\u00e7\u00e3o ou Ar condicionado.\" \/>\n<meta property=\"og:url\" content=\"https:\/\/addtherm.com.br\/loja\/produto\/transmissor-de-pressao-para-refrigeracao-spt001\/\" \/>\n<meta property=\"og:site_name\" content=\"Loja ADD-THERM\" \/>\n<meta property=\"article:modified_time\" content=\"2024-08-02T17:02:24+00:00\" \/>\n<meta property=\"og:image\" content=\"https:\/\/addtherm.com.br\/loja\/wp-content\/uploads\/2019\/05\/spr017.png\" \/>\n\t<meta property=\"og:image:width\" content=\"417\" \/>\n\t<meta property=\"og:image:height\" content=\"359\" \/>\n\t<meta property=\"og:image:type\" content=\"image\/png\" \/>\n<meta name=\"twitter:card\" content=\"summary_large_image\" \/>\n<meta name=\"twitter:label1\" content=\"Est. tempo de leitura\" \/>\n\t<meta name=\"twitter:data1\" content=\"1 minuto\" \/>\n<script type=\"application\/ld+json\" class=\"yoast-schema-graph\">{\"@context\":\"https:\\\/\\\/schema.org\",\"@graph\":[{\"@type\":\"WebPage\",\"@id\":\"https:\\\/\\\/addtherm.com.br\\\/loja\\\/produto\\\/transmissor-de-pressao-para-refrigeracao-spt001\\\/\",\"url\":\"https:\\\/\\\/addtherm.com.br\\\/loja\\\/produto\\\/transmissor-de-pressao-para-refrigeracao-spt001\\\/\",\"name\":\"Transmissor de Press\u00e3o para Refrigera\u00e7\u00e3o - SPT 001 (0 BAR a 45 BAR) - Loja ADD-THERM\",\"isPartOf\":{\"@id\":\"https:\\\/\\\/addtherm.com.br\\\/loja\\\/#website\"},\"primaryImageOfPage\":{\"@id\":\"https:\\\/\\\/addtherm.com.br\\\/loja\\\/produto\\\/transmissor-de-pressao-para-refrigeracao-spt001\\\/#primaryimage\"},\"image\":{\"@id\":\"https:\\\/\\\/addtherm.com.br\\\/loja\\\/produto\\\/transmissor-de-pressao-para-refrigeracao-spt001\\\/#primaryimage\"},\"thumbnailUrl\":\"https:\\\/\\\/addtherm.com.br\\\/loja\\\/wp-content\\\/uploads\\\/2019\\\/05\\\/spr017.png\",\"datePublished\":\"2019-05-17T22:54:01+00:00\",\"dateModified\":\"2024-08-02T17:02:24+00:00\",\"description\":\"Transmissor de Press\u00e3o para Refrigera\u00e7\u00e3o \u2013 SPR 001 componente do sistema de prote\u00e7\u00e3o de equipamento\u00a0Refrigera\u00e7\u00e3o ou Ar condicionado.\",\"breadcrumb\":{\"@id\":\"https:\\\/\\\/addtherm.com.br\\\/loja\\\/produto\\\/transmissor-de-pressao-para-refrigeracao-spt001\\\/#breadcrumb\"},\"inLanguage\":\"pt-BR\",\"potentialAction\":[{\"@type\":\"ReadAction\",\"target\":[\"https:\\\/\\\/addtherm.com.br\\\/loja\\\/produto\\\/transmissor-de-pressao-para-refrigeracao-spt001\\\/\"]}]},{\"@type\":\"ImageObject\",\"inLanguage\":\"pt-BR\",\"@id\":\"https:\\\/\\\/addtherm.com.br\\\/loja\\\/produto\\\/transmissor-de-pressao-para-refrigeracao-spt001\\\/#primaryimage\",\"url\":\"https:\\\/\\\/addtherm.com.br\\\/loja\\\/wp-content\\\/uploads\\\/2019\\\/05\\\/spr017.png\",\"contentUrl\":\"https:\\\/\\\/addtherm.com.br\\\/loja\\\/wp-content\\\/uploads\\\/2019\\\/05\\\/spr017.png\",\"width\":417,\"height\":359},{\"@type\":\"BreadcrumbList\",\"@id\":\"https:\\\/\\\/addtherm.com.br\\\/loja\\\/produto\\\/transmissor-de-pressao-para-refrigeracao-spt001\\\/#breadcrumb\",\"itemListElement\":[{\"@type\":\"ListItem\",\"position\":1,\"name\":\"In\u00edcio\",\"item\":\"https:\\\/\\\/addtherm.com.br\\\/loja\\\/\"},{\"@type\":\"ListItem\",\"position\":2,\"name\":\"Shop\",\"item\":\"https:\\\/\\\/addtherm.com.br\\\/loja\\\/shop\\\/\"},{\"@type\":\"ListItem\",\"position\":3,\"name\":\"Transmissor de Press\u00e3o para Refrigera\u00e7\u00e3o &#8211; SPT 001 (0 BAR a 45 BAR)\"}]},{\"@type\":\"WebSite\",\"@id\":\"https:\\\/\\\/addtherm.com.br\\\/loja\\\/#website\",\"url\":\"https:\\\/\\\/addtherm.com.br\\\/loja\\\/\",\"name\":\"Loja ADD-THERM\",\"description\":\"Loja ADD-THERM\",\"potentialAction\":[{\"@type\":\"SearchAction\",\"target\":{\"@type\":\"EntryPoint\",\"urlTemplate\":\"https:\\\/\\\/addtherm.com.br\\\/loja\\\/?s={search_term_string}\"},\"query-input\":{\"@type\":\"PropertyValueSpecification\",\"valueRequired\":true,\"valueName\":\"search_term_string\"}}],\"inLanguage\":\"pt-BR\"}]}<\/script>\n<!-- \/ Yoast SEO plugin. -->","yoast_head_json":{"title":"Transmissor de Press\u00e3o para Refrigera\u00e7\u00e3o - SPT 001 (0 BAR a 45 BAR) - Loja ADD-THERM","description":"Transmissor de Press\u00e3o para Refrigera\u00e7\u00e3o \u2013 SPR 001 componente do sistema de prote\u00e7\u00e3o de equipamento\u00a0Refrigera\u00e7\u00e3o ou Ar condicionado.","robots":{"index":"index","follow":"follow","max-snippet":"max-snippet:-1","max-image-preview":"max-image-preview:large","max-video-preview":"max-video-preview:-1"},"canonical":"https:\/\/addtherm.com.br\/loja\/produto\/transmissor-de-pressao-para-refrigeracao-spt001\/","og_locale":"pt_BR","og_type":"article","og_title":"Transmissor de Press\u00e3o para Refrigera\u00e7\u00e3o - SPT 001 (0 BAR a 45 BAR) - Loja ADD-THERM","og_description":"Transmissor de Press\u00e3o para Refrigera\u00e7\u00e3o \u2013 SPR 001 componente do sistema de prote\u00e7\u00e3o de equipamento\u00a0Refrigera\u00e7\u00e3o ou Ar condicionado.","og_url":"https:\/\/addtherm.com.br\/loja\/produto\/transmissor-de-pressao-para-refrigeracao-spt001\/","og_site_name":"Loja ADD-THERM","article_modified_time":"2024-08-02T17:02:24+00:00","og_image":[{"width":417,"height":359,"url":"https:\/\/addtherm.com.br\/loja\/wp-content\/uploads\/2019\/05\/spr017.png","type":"image\/png"}],"twitter_card":"summary_large_image","twitter_misc":{"Est. tempo de leitura":"1 minuto"},"schema":{"@context":"https:\/\/schema.org","@graph":[{"@type":"WebPage","@id":"https:\/\/addtherm.com.br\/loja\/produto\/transmissor-de-pressao-para-refrigeracao-spt001\/","url":"https:\/\/addtherm.com.br\/loja\/produto\/transmissor-de-pressao-para-refrigeracao-spt001\/","name":"Transmissor de Press\u00e3o para Refrigera\u00e7\u00e3o - SPT 001 (0 BAR a 45 BAR) - Loja ADD-THERM","isPartOf":{"@id":"https:\/\/addtherm.com.br\/loja\/#website"},"primaryImageOfPage":{"@id":"https:\/\/addtherm.com.br\/loja\/produto\/transmissor-de-pressao-para-refrigeracao-spt001\/#primaryimage"},"image":{"@id":"https:\/\/addtherm.com.br\/loja\/produto\/transmissor-de-pressao-para-refrigeracao-spt001\/#primaryimage"},"thumbnailUrl":"https:\/\/addtherm.com.br\/loja\/wp-content\/uploads\/2019\/05\/spr017.png","datePublished":"2019-05-17T22:54:01+00:00","dateModified":"2024-08-02T17:02:24+00:00","description":"Transmissor de Press\u00e3o para Refrigera\u00e7\u00e3o \u2013 SPR 001 componente do sistema de prote\u00e7\u00e3o de equipamento\u00a0Refrigera\u00e7\u00e3o ou Ar condicionado.","breadcrumb":{"@id":"https:\/\/addtherm.com.br\/loja\/produto\/transmissor-de-pressao-para-refrigeracao-spt001\/#breadcrumb"},"inLanguage":"pt-BR","potentialAction":[{"@type":"ReadAction","target":["https:\/\/addtherm.com.br\/loja\/produto\/transmissor-de-pressao-para-refrigeracao-spt001\/"]}]},{"@type":"ImageObject","inLanguage":"pt-BR","@id":"https:\/\/addtherm.com.br\/loja\/produto\/transmissor-de-pressao-para-refrigeracao-spt001\/#primaryimage","url":"https:\/\/addtherm.com.br\/loja\/wp-content\/uploads\/2019\/05\/spr017.png","contentUrl":"https:\/\/addtherm.com.br\/loja\/wp-content\/uploads\/2019\/05\/spr017.png","width":417,"height":359},{"@type":"BreadcrumbList","@id":"https:\/\/addtherm.com.br\/loja\/produto\/transmissor-de-pressao-para-refrigeracao-spt001\/#breadcrumb","itemListElement":[{"@type":"ListItem","position":1,"name":"In\u00edcio","item":"https:\/\/addtherm.com.br\/loja\/"},{"@type":"ListItem","position":2,"name":"Shop","item":"https:\/\/addtherm.com.br\/loja\/shop\/"},{"@type":"ListItem","position":3,"name":"Transmissor de Press\u00e3o para Refrigera\u00e7\u00e3o &#8211; SPT 001 (0 BAR a 45 BAR)"}]},{"@type":"WebSite","@id":"https:\/\/addtherm.com.br\/loja\/#website","url":"https:\/\/addtherm.com.br\/loja\/","name":"Loja ADD-THERM","description":"Loja ADD-THERM","potentialAction":[{"@type":"SearchAction","target":{"@type":"EntryPoint","urlTemplate":"https:\/\/addtherm.com.br\/loja\/?s={search_term_string}"},"query-input":{"@type":"PropertyValueSpecification","valueRequired":true,"valueName":"search_term_string"}}],"inLanguage":"pt-BR"}]}},"_links":{"self":[{"href":"https:\/\/addtherm.com.br\/loja\/wp-json\/wp\/v2\/product\/1543","targetHints":{"allow":["GET"]}}],"collection":[{"href":"https:\/\/addtherm.com.br\/loja\/wp-json\/wp\/v2\/product"}],"about":[{"href":"https:\/\/addtherm.com.br\/loja\/wp-json\/wp\/v2\/types\/product"}],"replies":[{"embeddable":true,"href":"https:\/\/addtherm.com.br\/loja\/wp-json\/wp\/v2\/comments?post=1543"}],"wp:featuredmedia":[{"embeddable":true,"href":"https:\/\/addtherm.com.br\/loja\/wp-json\/wp\/v2\/media\/6923"}],"wp:attachment":[{"href":"https:\/\/addtherm.com.br\/loja\/wp-json\/wp\/v2\/media?parent=1543"}],"wp:term":[{"taxonomy":"product_brand","embeddable":true,"href":"https:\/\/addtherm.com.br\/loja\/wp-json\/wp\/v2\/product_brand?post=1543"},{"taxonomy":"product_cat","embeddable":true,"href":"https:\/\/addtherm.com.br\/loja\/wp-json\/wp\/v2\/product_cat?post=1543"},{"taxonomy":"product_tag","embeddable":true,"href":"https:\/\/addtherm.com.br\/loja\/wp-json\/wp\/v2\/product_tag?post=1543"}],"curies":[{"name":"wp","href":"https:\/\/api.w.org\/{rel}","templated":true}]}}