{"id":1522,"date":"2019-05-17T18:58:23","date_gmt":"2019-05-17T21:58:23","guid":{"rendered":"https:\/\/addtherm.com.br\/loja\/?post_type=product&#038;p=1522"},"modified":"2024-12-26T09:15:32","modified_gmt":"2024-12-26T12:15:32","slug":"controlador-de-temperatura-linha-xmtg-608","status":"publish","type":"product","link":"https:\/\/addtherm.com.br\/loja\/produto\/controlador-de-temperatura-linha-xmtg-608\/","title":{"rendered":"Controlador de Temperatura &#8211; Linha XMTG-608"},"content":{"rendered":"<p>Controlador de Temperatura XTMG-608 para controle de processos<\/p>\n","protected":false},"excerpt":{"rendered":"<p>O Controlador de Temperatura inteligente microprocessado XMTG-608 possui 3-LED display na mesma linha. Ele exibe o valor de medi\u00e7\u00e3o de temperatura (PV) e pode ser ajustado facilmente em diversos tipos de configura\u00e7\u00e3o (SV).<\/p>\n<p>O XMTG-608 \u00e9 habilitado para trabalhar com diferentes tipos de sensores, permitindo operar de -199\u00b0C a 900\u00b0C. Possui sa\u00edda ON\/OFF e controle de temperatura microprocessado PID.<\/p>\n<p>O controlador \u00e9 amplamente utilizado em sistemas de controle autom\u00e1tico de temperatura que requerem precis\u00e3o e confiabilidade.<\/p>\n","protected":false},"featured_media":1523,"comment_status":"open","ping_status":"closed","template":"","meta":[],"product_brand":[],"product_cat":[96],"product_tag":[135,133,134,136],"class_list":{"0":"post-1522","1":"product","2":"type-product","3":"status-publish","4":"has-post-thumbnail","6":"product_cat-controladores-e-indicadores-de-temperatura","7":"product_tag-controlador-de-temperatura-para-processos-industriais","8":"product_tag-controlador-de-temperatura-xmtg-608","9":"product_tag-controle-de-processos","10":"product_tag-xmtg-608-controlador","12":"first","13":"instock","14":"taxable","15":"shipping-taxable","16":"purchasable","17":"product-type-simple"},"yoast_head":"<!-- This site is optimized with the Yoast SEO plugin v27.3 - https:\/\/yoast.com\/product\/yoast-seo-wordpress\/ -->\n<title>Controlador de Temperatura - Linha XMTG-608 - Loja ADD-THERM<\/title>\n<meta name=\"description\" content=\"Controlador de temperatura xmtg 608 para Controle de Processos compre agora em ADDTHERM Loja\" \/>\n<meta name=\"robots\" content=\"index, follow, max-snippet:-1, max-image-preview:large, max-video-preview:-1\" \/>\n<link rel=\"canonical\" href=\"https:\/\/addtherm.com.br\/loja\/produto\/controlador-de-temperatura-linha-xmtg-608\/\" \/>\n<meta property=\"og:locale\" content=\"pt_BR\" \/>\n<meta property=\"og:type\" content=\"article\" \/>\n<meta property=\"og:title\" content=\"Controlador de Temperatura - Linha XMTG-608 - Loja ADD-THERM\" \/>\n<meta property=\"og:description\" content=\"Controlador de temperatura xmtg 608 para Controle de Processos compre agora em ADDTHERM Loja\" \/>\n<meta property=\"og:url\" content=\"https:\/\/addtherm.com.br\/loja\/produto\/controlador-de-temperatura-linha-xmtg-608\/\" \/>\n<meta property=\"og:site_name\" content=\"Loja ADD-THERM\" \/>\n<meta property=\"article:modified_time\" content=\"2024-12-26T12:15:32+00:00\" \/>\n<meta property=\"og:image\" content=\"https:\/\/addtherm.com.br\/loja\/wp-content\/uploads\/2019\/05\/CONTROLADOR-DE-TEMPERATURA-XMTG-608.jpg\" \/>\n\t<meta property=\"og:image:width\" content=\"600\" \/>\n\t<meta property=\"og:image:height\" content=\"554\" \/>\n\t<meta property=\"og:image:type\" content=\"image\/jpeg\" \/>\n<meta name=\"twitter:card\" content=\"summary_large_image\" \/>\n<meta name=\"twitter:label1\" content=\"Est. tempo de leitura\" \/>\n\t<meta name=\"twitter:data1\" content=\"1 minuto\" \/>\n<script type=\"application\/ld+json\" class=\"yoast-schema-graph\">{\"@context\":\"https:\\\/\\\/schema.org\",\"@graph\":[{\"@type\":\"WebPage\",\"@id\":\"https:\\\/\\\/addtherm.com.br\\\/loja\\\/produto\\\/controlador-de-temperatura-linha-xmtg-608\\\/\",\"url\":\"https:\\\/\\\/addtherm.com.br\\\/loja\\\/produto\\\/controlador-de-temperatura-linha-xmtg-608\\\/\",\"name\":\"Controlador de Temperatura - Linha XMTG-608 - Loja ADD-THERM\",\"isPartOf\":{\"@id\":\"https:\\\/\\\/addtherm.com.br\\\/loja\\\/#website\"},\"primaryImageOfPage\":{\"@id\":\"https:\\\/\\\/addtherm.com.br\\\/loja\\\/produto\\\/controlador-de-temperatura-linha-xmtg-608\\\/#primaryimage\"},\"image\":{\"@id\":\"https:\\\/\\\/addtherm.com.br\\\/loja\\\/produto\\\/controlador-de-temperatura-linha-xmtg-608\\\/#primaryimage\"},\"thumbnailUrl\":\"https:\\\/\\\/addtherm.com.br\\\/loja\\\/wp-content\\\/uploads\\\/2019\\\/05\\\/CONTROLADOR-DE-TEMPERATURA-XMTG-608.jpg\",\"datePublished\":\"2019-05-17T21:58:23+00:00\",\"dateModified\":\"2024-12-26T12:15:32+00:00\",\"description\":\"Controlador de temperatura xmtg 608 para Controle de Processos compre agora em ADDTHERM Loja\",\"breadcrumb\":{\"@id\":\"https:\\\/\\\/addtherm.com.br\\\/loja\\\/produto\\\/controlador-de-temperatura-linha-xmtg-608\\\/#breadcrumb\"},\"inLanguage\":\"pt-BR\",\"potentialAction\":[{\"@type\":\"ReadAction\",\"target\":[\"https:\\\/\\\/addtherm.com.br\\\/loja\\\/produto\\\/controlador-de-temperatura-linha-xmtg-608\\\/\"]}]},{\"@type\":\"ImageObject\",\"inLanguage\":\"pt-BR\",\"@id\":\"https:\\\/\\\/addtherm.com.br\\\/loja\\\/produto\\\/controlador-de-temperatura-linha-xmtg-608\\\/#primaryimage\",\"url\":\"https:\\\/\\\/addtherm.com.br\\\/loja\\\/wp-content\\\/uploads\\\/2019\\\/05\\\/CONTROLADOR-DE-TEMPERATURA-XMTG-608.jpg\",\"contentUrl\":\"https:\\\/\\\/addtherm.com.br\\\/loja\\\/wp-content\\\/uploads\\\/2019\\\/05\\\/CONTROLADOR-DE-TEMPERATURA-XMTG-608.jpg\",\"width\":600,\"height\":554},{\"@type\":\"BreadcrumbList\",\"@id\":\"https:\\\/\\\/addtherm.com.br\\\/loja\\\/produto\\\/controlador-de-temperatura-linha-xmtg-608\\\/#breadcrumb\",\"itemListElement\":[{\"@type\":\"ListItem\",\"position\":1,\"name\":\"In\u00edcio\",\"item\":\"https:\\\/\\\/addtherm.com.br\\\/loja\\\/\"},{\"@type\":\"ListItem\",\"position\":2,\"name\":\"Shop\",\"item\":\"https:\\\/\\\/addtherm.com.br\\\/loja\\\/shop\\\/\"},{\"@type\":\"ListItem\",\"position\":3,\"name\":\"Controlador de Temperatura &#8211; Linha XMTG-608\"}]},{\"@type\":\"WebSite\",\"@id\":\"https:\\\/\\\/addtherm.com.br\\\/loja\\\/#website\",\"url\":\"https:\\\/\\\/addtherm.com.br\\\/loja\\\/\",\"name\":\"Loja ADD-THERM\",\"description\":\"Loja ADD-THERM\",\"potentialAction\":[{\"@type\":\"SearchAction\",\"target\":{\"@type\":\"EntryPoint\",\"urlTemplate\":\"https:\\\/\\\/addtherm.com.br\\\/loja\\\/?s={search_term_string}\"},\"query-input\":{\"@type\":\"PropertyValueSpecification\",\"valueRequired\":true,\"valueName\":\"search_term_string\"}}],\"inLanguage\":\"pt-BR\"}]}<\/script>\n<!-- \/ Yoast SEO plugin. -->","yoast_head_json":{"title":"Controlador de Temperatura - Linha XMTG-608 - Loja ADD-THERM","description":"Controlador de temperatura xmtg 608 para Controle de Processos compre agora em ADDTHERM Loja","robots":{"index":"index","follow":"follow","max-snippet":"max-snippet:-1","max-image-preview":"max-image-preview:large","max-video-preview":"max-video-preview:-1"},"canonical":"https:\/\/addtherm.com.br\/loja\/produto\/controlador-de-temperatura-linha-xmtg-608\/","og_locale":"pt_BR","og_type":"article","og_title":"Controlador de Temperatura - Linha XMTG-608 - Loja ADD-THERM","og_description":"Controlador de temperatura xmtg 608 para Controle de Processos compre agora em ADDTHERM Loja","og_url":"https:\/\/addtherm.com.br\/loja\/produto\/controlador-de-temperatura-linha-xmtg-608\/","og_site_name":"Loja ADD-THERM","article_modified_time":"2024-12-26T12:15:32+00:00","og_image":[{"width":600,"height":554,"url":"https:\/\/addtherm.com.br\/loja\/wp-content\/uploads\/2019\/05\/CONTROLADOR-DE-TEMPERATURA-XMTG-608.jpg","type":"image\/jpeg"}],"twitter_card":"summary_large_image","twitter_misc":{"Est. tempo de leitura":"1 minuto"},"schema":{"@context":"https:\/\/schema.org","@graph":[{"@type":"WebPage","@id":"https:\/\/addtherm.com.br\/loja\/produto\/controlador-de-temperatura-linha-xmtg-608\/","url":"https:\/\/addtherm.com.br\/loja\/produto\/controlador-de-temperatura-linha-xmtg-608\/","name":"Controlador de Temperatura - Linha XMTG-608 - Loja ADD-THERM","isPartOf":{"@id":"https:\/\/addtherm.com.br\/loja\/#website"},"primaryImageOfPage":{"@id":"https:\/\/addtherm.com.br\/loja\/produto\/controlador-de-temperatura-linha-xmtg-608\/#primaryimage"},"image":{"@id":"https:\/\/addtherm.com.br\/loja\/produto\/controlador-de-temperatura-linha-xmtg-608\/#primaryimage"},"thumbnailUrl":"https:\/\/addtherm.com.br\/loja\/wp-content\/uploads\/2019\/05\/CONTROLADOR-DE-TEMPERATURA-XMTG-608.jpg","datePublished":"2019-05-17T21:58:23+00:00","dateModified":"2024-12-26T12:15:32+00:00","description":"Controlador de temperatura xmtg 608 para Controle de Processos compre agora em ADDTHERM Loja","breadcrumb":{"@id":"https:\/\/addtherm.com.br\/loja\/produto\/controlador-de-temperatura-linha-xmtg-608\/#breadcrumb"},"inLanguage":"pt-BR","potentialAction":[{"@type":"ReadAction","target":["https:\/\/addtherm.com.br\/loja\/produto\/controlador-de-temperatura-linha-xmtg-608\/"]}]},{"@type":"ImageObject","inLanguage":"pt-BR","@id":"https:\/\/addtherm.com.br\/loja\/produto\/controlador-de-temperatura-linha-xmtg-608\/#primaryimage","url":"https:\/\/addtherm.com.br\/loja\/wp-content\/uploads\/2019\/05\/CONTROLADOR-DE-TEMPERATURA-XMTG-608.jpg","contentUrl":"https:\/\/addtherm.com.br\/loja\/wp-content\/uploads\/2019\/05\/CONTROLADOR-DE-TEMPERATURA-XMTG-608.jpg","width":600,"height":554},{"@type":"BreadcrumbList","@id":"https:\/\/addtherm.com.br\/loja\/produto\/controlador-de-temperatura-linha-xmtg-608\/#breadcrumb","itemListElement":[{"@type":"ListItem","position":1,"name":"In\u00edcio","item":"https:\/\/addtherm.com.br\/loja\/"},{"@type":"ListItem","position":2,"name":"Shop","item":"https:\/\/addtherm.com.br\/loja\/shop\/"},{"@type":"ListItem","position":3,"name":"Controlador de Temperatura &#8211; Linha XMTG-608"}]},{"@type":"WebSite","@id":"https:\/\/addtherm.com.br\/loja\/#website","url":"https:\/\/addtherm.com.br\/loja\/","name":"Loja ADD-THERM","description":"Loja ADD-THERM","potentialAction":[{"@type":"SearchAction","target":{"@type":"EntryPoint","urlTemplate":"https:\/\/addtherm.com.br\/loja\/?s={search_term_string}"},"query-input":{"@type":"PropertyValueSpecification","valueRequired":true,"valueName":"search_term_string"}}],"inLanguage":"pt-BR"}]}},"_links":{"self":[{"href":"https:\/\/addtherm.com.br\/loja\/wp-json\/wp\/v2\/product\/1522","targetHints":{"allow":["GET"]}}],"collection":[{"href":"https:\/\/addtherm.com.br\/loja\/wp-json\/wp\/v2\/product"}],"about":[{"href":"https:\/\/addtherm.com.br\/loja\/wp-json\/wp\/v2\/types\/product"}],"replies":[{"embeddable":true,"href":"https:\/\/addtherm.com.br\/loja\/wp-json\/wp\/v2\/comments?post=1522"}],"wp:featuredmedia":[{"embeddable":true,"href":"https:\/\/addtherm.com.br\/loja\/wp-json\/wp\/v2\/media\/1523"}],"wp:attachment":[{"href":"https:\/\/addtherm.com.br\/loja\/wp-json\/wp\/v2\/media?parent=1522"}],"wp:term":[{"taxonomy":"product_brand","embeddable":true,"href":"https:\/\/addtherm.com.br\/loja\/wp-json\/wp\/v2\/product_brand?post=1522"},{"taxonomy":"product_cat","embeddable":true,"href":"https:\/\/addtherm.com.br\/loja\/wp-json\/wp\/v2\/product_cat?post=1522"},{"taxonomy":"product_tag","embeddable":true,"href":"https:\/\/addtherm.com.br\/loja\/wp-json\/wp\/v2\/product_tag?post=1522"}],"curies":[{"name":"wp","href":"https:\/\/api.w.org\/{rel}","templated":true}]}}