{"id":1516,"date":"2019-05-17T18:53:33","date_gmt":"2019-05-17T21:53:33","guid":{"rendered":"https:\/\/addtherm.com.br\/loja\/?post_type=product&#038;p=1516"},"modified":"2024-07-31T08:25:11","modified_gmt":"2024-07-31T11:25:11","slug":"controlador-de-refrigeracao-linha-ek-3030","status":"publish","type":"product","link":"https:\/\/addtherm.com.br\/loja\/produto\/controlador-de-refrigeracao-linha-ek-3030\/","title":{"rendered":"Controlador de Refrigera\u00e7\u00e3o &#8211; Linha EK-3030"},"content":{"rendered":"<p><b>Caracter\u00edsticas B\u00e1sicas do Controlador de Refrigera\u00e7\u00e3o &#8211; Linha EK-3030<\/b><\/p>\n<p><span style=\"font-weight: 400;\">&#8211; Teclado touch screen de 6 teclas\u00a0<\/span><\/p>\n<p><span style=\"font-weight: 400;\">&#8211; Configura\u00e7\u00e3o r\u00e1pida de\u00a0par\u00e2metros e f\u00e1cil opera\u00e7\u00e3o<\/span><\/p>\n<p><span style=\"font-weight: 400;\">&#8211; M\u00faltiplos modos de controle de degelo com maior estabilidade e economia de energia, evitando a acumula\u00e7\u00e3o de frio<\/span><\/p>\n<p><span style=\"font-weight: 400;\">&#8211; Pode preestabelecer um grupo de\u00a0par\u00e2metros com o bot\u00e3o de recupera\u00e7\u00e3o<\/span><\/p>\n<p><span style=\"font-weight: 400;\">&#8211; Tr\u00eas modos de trabalho: modo refrigera\u00e7\u00e3o,\u00a0modo aquecimento e modo temperatura\u00a0constante<\/span><\/p>\n","protected":false},"excerpt":{"rendered":"<div class=\"woocommerce-product-details__short-description\">\n<p><span style=\"font-weight: 400;\">O\u00a0Controlador de Refrigera\u00e7\u00e3o EK-3030 \u00e9 adequado para o controle da temperatura baixa e m\u00e9dia de armazenamento frio. Ele opera medindo e controlando a temperatura atrav\u00e9s de fun\u00e7\u00f5es como: calibra\u00e7\u00e3o de temperatura, degelo for\u00e7ado, alarme de excesso de temperatura, alarme de falha de sensor.<br \/>\n<\/span><span style=\"font-weight: 400;\">O EK-3030 pode recuperar as configura\u00e7\u00f5es de f\u00e1brica atrav\u00e9s do bot\u00e3o One Key Recovery. Al\u00e9m disso, ele possui display touch screen com fun\u00e7\u00e3o de bloqueio do teclado.<\/span><\/p>\n<p><span style=\"font-weight: 400;\">O controlador pode operar de tr\u00eas formas distintas de sa\u00edda de controle: refrigera\u00e7\u00e3o, degelo e ventila\u00e7\u00e3o.<\/span><\/p>\n<\/div>\n","protected":false},"featured_media":1517,"comment_status":"open","ping_status":"closed","template":"","meta":[],"product_brand":[],"product_cat":[96],"product_tag":[],"class_list":{"0":"post-1516","1":"product","2":"type-product","3":"status-publish","4":"has-post-thumbnail","6":"product_cat-controladores-e-indicadores-de-temperatura","8":"first","9":"instock","10":"taxable","11":"shipping-taxable","12":"purchasable","13":"product-type-simple"},"yoast_head":"<!-- This site is optimized with the Yoast SEO plugin v27.3 - https:\/\/yoast.com\/product\/yoast-seo-wordpress\/ -->\n<title>Controlador de Refrigera\u00e7\u00e3o - Linha EK-3030 - Loja ADD-THERM<\/title>\n<meta name=\"description\" content=\"Controlador de Refrigera\u00e7\u00e3o - Linha EK-3030. Compre agora na ADDTHERM LOJA.\" \/>\n<meta name=\"robots\" content=\"index, follow, max-snippet:-1, max-image-preview:large, max-video-preview:-1\" \/>\n<link rel=\"canonical\" href=\"https:\/\/addtherm.com.br\/loja\/produto\/controlador-de-refrigeracao-linha-ek-3030\/\" \/>\n<meta property=\"og:locale\" content=\"pt_BR\" \/>\n<meta property=\"og:type\" content=\"article\" \/>\n<meta property=\"og:title\" content=\"Controlador de Refrigera\u00e7\u00e3o - Linha EK-3030 - Loja ADD-THERM\" \/>\n<meta property=\"og:description\" content=\"Controlador de Refrigera\u00e7\u00e3o - Linha EK-3030. Compre agora na ADDTHERM LOJA.\" \/>\n<meta property=\"og:url\" content=\"https:\/\/addtherm.com.br\/loja\/produto\/controlador-de-refrigeracao-linha-ek-3030\/\" \/>\n<meta property=\"og:site_name\" content=\"Loja ADD-THERM\" \/>\n<meta property=\"article:modified_time\" content=\"2024-07-31T11:25:11+00:00\" \/>\n<meta property=\"og:image\" content=\"https:\/\/addtherm.com.br\/loja\/wp-content\/uploads\/2019\/05\/Controlador-de-refrigeracao-EK-3030-1.jpg\" \/>\n\t<meta property=\"og:image:width\" content=\"600\" \/>\n\t<meta property=\"og:image:height\" content=\"554\" \/>\n\t<meta property=\"og:image:type\" content=\"image\/jpeg\" \/>\n<meta name=\"twitter:card\" content=\"summary_large_image\" \/>\n<meta name=\"twitter:label1\" content=\"Est. tempo de leitura\" \/>\n\t<meta name=\"twitter:data1\" content=\"1 minuto\" \/>\n<script type=\"application\/ld+json\" class=\"yoast-schema-graph\">{\"@context\":\"https:\\\/\\\/schema.org\",\"@graph\":[{\"@type\":\"WebPage\",\"@id\":\"https:\\\/\\\/addtherm.com.br\\\/loja\\\/produto\\\/controlador-de-refrigeracao-linha-ek-3030\\\/\",\"url\":\"https:\\\/\\\/addtherm.com.br\\\/loja\\\/produto\\\/controlador-de-refrigeracao-linha-ek-3030\\\/\",\"name\":\"Controlador de Refrigera\u00e7\u00e3o - Linha EK-3030 - Loja ADD-THERM\",\"isPartOf\":{\"@id\":\"https:\\\/\\\/addtherm.com.br\\\/loja\\\/#website\"},\"primaryImageOfPage\":{\"@id\":\"https:\\\/\\\/addtherm.com.br\\\/loja\\\/produto\\\/controlador-de-refrigeracao-linha-ek-3030\\\/#primaryimage\"},\"image\":{\"@id\":\"https:\\\/\\\/addtherm.com.br\\\/loja\\\/produto\\\/controlador-de-refrigeracao-linha-ek-3030\\\/#primaryimage\"},\"thumbnailUrl\":\"https:\\\/\\\/addtherm.com.br\\\/loja\\\/wp-content\\\/uploads\\\/2019\\\/05\\\/Controlador-de-refrigeracao-EK-3030-1.jpg\",\"datePublished\":\"2019-05-17T21:53:33+00:00\",\"dateModified\":\"2024-07-31T11:25:11+00:00\",\"description\":\"Controlador de Refrigera\u00e7\u00e3o - Linha EK-3030. Compre agora na ADDTHERM LOJA.\",\"breadcrumb\":{\"@id\":\"https:\\\/\\\/addtherm.com.br\\\/loja\\\/produto\\\/controlador-de-refrigeracao-linha-ek-3030\\\/#breadcrumb\"},\"inLanguage\":\"pt-BR\",\"potentialAction\":[{\"@type\":\"ReadAction\",\"target\":[\"https:\\\/\\\/addtherm.com.br\\\/loja\\\/produto\\\/controlador-de-refrigeracao-linha-ek-3030\\\/\"]}]},{\"@type\":\"ImageObject\",\"inLanguage\":\"pt-BR\",\"@id\":\"https:\\\/\\\/addtherm.com.br\\\/loja\\\/produto\\\/controlador-de-refrigeracao-linha-ek-3030\\\/#primaryimage\",\"url\":\"https:\\\/\\\/addtherm.com.br\\\/loja\\\/wp-content\\\/uploads\\\/2019\\\/05\\\/Controlador-de-refrigeracao-EK-3030-1.jpg\",\"contentUrl\":\"https:\\\/\\\/addtherm.com.br\\\/loja\\\/wp-content\\\/uploads\\\/2019\\\/05\\\/Controlador-de-refrigeracao-EK-3030-1.jpg\",\"width\":600,\"height\":554},{\"@type\":\"BreadcrumbList\",\"@id\":\"https:\\\/\\\/addtherm.com.br\\\/loja\\\/produto\\\/controlador-de-refrigeracao-linha-ek-3030\\\/#breadcrumb\",\"itemListElement\":[{\"@type\":\"ListItem\",\"position\":1,\"name\":\"In\u00edcio\",\"item\":\"https:\\\/\\\/addtherm.com.br\\\/loja\\\/\"},{\"@type\":\"ListItem\",\"position\":2,\"name\":\"Shop\",\"item\":\"https:\\\/\\\/addtherm.com.br\\\/loja\\\/shop\\\/\"},{\"@type\":\"ListItem\",\"position\":3,\"name\":\"Controlador de Refrigera\u00e7\u00e3o &#8211; Linha EK-3030\"}]},{\"@type\":\"WebSite\",\"@id\":\"https:\\\/\\\/addtherm.com.br\\\/loja\\\/#website\",\"url\":\"https:\\\/\\\/addtherm.com.br\\\/loja\\\/\",\"name\":\"Loja ADD-THERM\",\"description\":\"Loja ADD-THERM\",\"potentialAction\":[{\"@type\":\"SearchAction\",\"target\":{\"@type\":\"EntryPoint\",\"urlTemplate\":\"https:\\\/\\\/addtherm.com.br\\\/loja\\\/?s={search_term_string}\"},\"query-input\":{\"@type\":\"PropertyValueSpecification\",\"valueRequired\":true,\"valueName\":\"search_term_string\"}}],\"inLanguage\":\"pt-BR\"}]}<\/script>\n<!-- \/ Yoast SEO plugin. -->","yoast_head_json":{"title":"Controlador de Refrigera\u00e7\u00e3o - Linha EK-3030 - Loja ADD-THERM","description":"Controlador de Refrigera\u00e7\u00e3o - Linha EK-3030. Compre agora na ADDTHERM LOJA.","robots":{"index":"index","follow":"follow","max-snippet":"max-snippet:-1","max-image-preview":"max-image-preview:large","max-video-preview":"max-video-preview:-1"},"canonical":"https:\/\/addtherm.com.br\/loja\/produto\/controlador-de-refrigeracao-linha-ek-3030\/","og_locale":"pt_BR","og_type":"article","og_title":"Controlador de Refrigera\u00e7\u00e3o - Linha EK-3030 - Loja ADD-THERM","og_description":"Controlador de Refrigera\u00e7\u00e3o - Linha EK-3030. Compre agora na ADDTHERM LOJA.","og_url":"https:\/\/addtherm.com.br\/loja\/produto\/controlador-de-refrigeracao-linha-ek-3030\/","og_site_name":"Loja ADD-THERM","article_modified_time":"2024-07-31T11:25:11+00:00","og_image":[{"width":600,"height":554,"url":"https:\/\/addtherm.com.br\/loja\/wp-content\/uploads\/2019\/05\/Controlador-de-refrigeracao-EK-3030-1.jpg","type":"image\/jpeg"}],"twitter_card":"summary_large_image","twitter_misc":{"Est. tempo de leitura":"1 minuto"},"schema":{"@context":"https:\/\/schema.org","@graph":[{"@type":"WebPage","@id":"https:\/\/addtherm.com.br\/loja\/produto\/controlador-de-refrigeracao-linha-ek-3030\/","url":"https:\/\/addtherm.com.br\/loja\/produto\/controlador-de-refrigeracao-linha-ek-3030\/","name":"Controlador de Refrigera\u00e7\u00e3o - Linha EK-3030 - Loja ADD-THERM","isPartOf":{"@id":"https:\/\/addtherm.com.br\/loja\/#website"},"primaryImageOfPage":{"@id":"https:\/\/addtherm.com.br\/loja\/produto\/controlador-de-refrigeracao-linha-ek-3030\/#primaryimage"},"image":{"@id":"https:\/\/addtherm.com.br\/loja\/produto\/controlador-de-refrigeracao-linha-ek-3030\/#primaryimage"},"thumbnailUrl":"https:\/\/addtherm.com.br\/loja\/wp-content\/uploads\/2019\/05\/Controlador-de-refrigeracao-EK-3030-1.jpg","datePublished":"2019-05-17T21:53:33+00:00","dateModified":"2024-07-31T11:25:11+00:00","description":"Controlador de Refrigera\u00e7\u00e3o - Linha EK-3030. Compre agora na ADDTHERM LOJA.","breadcrumb":{"@id":"https:\/\/addtherm.com.br\/loja\/produto\/controlador-de-refrigeracao-linha-ek-3030\/#breadcrumb"},"inLanguage":"pt-BR","potentialAction":[{"@type":"ReadAction","target":["https:\/\/addtherm.com.br\/loja\/produto\/controlador-de-refrigeracao-linha-ek-3030\/"]}]},{"@type":"ImageObject","inLanguage":"pt-BR","@id":"https:\/\/addtherm.com.br\/loja\/produto\/controlador-de-refrigeracao-linha-ek-3030\/#primaryimage","url":"https:\/\/addtherm.com.br\/loja\/wp-content\/uploads\/2019\/05\/Controlador-de-refrigeracao-EK-3030-1.jpg","contentUrl":"https:\/\/addtherm.com.br\/loja\/wp-content\/uploads\/2019\/05\/Controlador-de-refrigeracao-EK-3030-1.jpg","width":600,"height":554},{"@type":"BreadcrumbList","@id":"https:\/\/addtherm.com.br\/loja\/produto\/controlador-de-refrigeracao-linha-ek-3030\/#breadcrumb","itemListElement":[{"@type":"ListItem","position":1,"name":"In\u00edcio","item":"https:\/\/addtherm.com.br\/loja\/"},{"@type":"ListItem","position":2,"name":"Shop","item":"https:\/\/addtherm.com.br\/loja\/shop\/"},{"@type":"ListItem","position":3,"name":"Controlador de Refrigera\u00e7\u00e3o &#8211; Linha EK-3030"}]},{"@type":"WebSite","@id":"https:\/\/addtherm.com.br\/loja\/#website","url":"https:\/\/addtherm.com.br\/loja\/","name":"Loja ADD-THERM","description":"Loja ADD-THERM","potentialAction":[{"@type":"SearchAction","target":{"@type":"EntryPoint","urlTemplate":"https:\/\/addtherm.com.br\/loja\/?s={search_term_string}"},"query-input":{"@type":"PropertyValueSpecification","valueRequired":true,"valueName":"search_term_string"}}],"inLanguage":"pt-BR"}]}},"_links":{"self":[{"href":"https:\/\/addtherm.com.br\/loja\/wp-json\/wp\/v2\/product\/1516","targetHints":{"allow":["GET"]}}],"collection":[{"href":"https:\/\/addtherm.com.br\/loja\/wp-json\/wp\/v2\/product"}],"about":[{"href":"https:\/\/addtherm.com.br\/loja\/wp-json\/wp\/v2\/types\/product"}],"replies":[{"embeddable":true,"href":"https:\/\/addtherm.com.br\/loja\/wp-json\/wp\/v2\/comments?post=1516"}],"wp:featuredmedia":[{"embeddable":true,"href":"https:\/\/addtherm.com.br\/loja\/wp-json\/wp\/v2\/media\/1517"}],"wp:attachment":[{"href":"https:\/\/addtherm.com.br\/loja\/wp-json\/wp\/v2\/media?parent=1516"}],"wp:term":[{"taxonomy":"product_brand","embeddable":true,"href":"https:\/\/addtherm.com.br\/loja\/wp-json\/wp\/v2\/product_brand?post=1516"},{"taxonomy":"product_cat","embeddable":true,"href":"https:\/\/addtherm.com.br\/loja\/wp-json\/wp\/v2\/product_cat?post=1516"},{"taxonomy":"product_tag","embeddable":true,"href":"https:\/\/addtherm.com.br\/loja\/wp-json\/wp\/v2\/product_tag?post=1516"}],"curies":[{"name":"wp","href":"https:\/\/api.w.org\/{rel}","templated":true}]}}