{"id":1512,"date":"2019-05-17T17:57:40","date_gmt":"2019-05-17T20:57:40","guid":{"rendered":"https:\/\/addtherm.com.br\/loja\/?post_type=product&#038;p=1512"},"modified":"2025-02-13T16:52:47","modified_gmt":"2025-02-13T19:52:47","slug":"termostato-para-refrigeracao-tr002","status":"publish","type":"product","link":"https:\/\/addtherm.com.br\/loja\/produto\/termostato-para-refrigeracao-tr002\/","title":{"rendered":"Termostato Capilar de Refrigera\u00e7\u00e3o RC15000-2 &#8211; Kit com 3 unidades"},"content":{"rendered":"<p><b>Termostato Capilar de Refrigera\u00e7\u00e3o &#8211; TR 002<\/b><\/p>\n<p><b>N\u00c3O VENDEMOS ESTE PRODUTO UNIT\u00c1RIO, TRATA-SE DE UM KIT COM 3 UNIDADES<\/b><\/p>\n","protected":false},"excerpt":{"rendered":"<div class=\"woocommerce-product-details__short-description\">\n<p><span style=\"font-weight: 400;\">O Termostato Capilar de Refrigera\u00e7\u00e3o RC15000-2 \u00e9 projetado especialmente para controlar a temperatura em balc\u00f5es frigor\u00edficos e outras aplica\u00e7\u00f5es que exigem interrup\u00e7\u00e3o da opera\u00e7\u00e3o por temperatura.<\/span><\/p>\n<p><span style=\"font-weight: 400;\">O Termostato Capilar de Refrigera\u00e7\u00e3o &#8211; TR 002 \u00e9 tradicional e oferece\u00a0facilidade de uso e versatilidade.<\/span><\/p>\n<p><strong>C\u00f3digo Original do Produto: RC15000-2<\/strong><\/p>\n<p><b>N\u00c3O VENDEMOS ESTE PRODUTO UNIT\u00c1RIO, TRATA-SE DE UM KIT COM 3 UNIDADES<\/b><\/p>\n<\/div>\n","protected":false},"featured_media":6909,"comment_status":"open","ping_status":"closed","template":"","meta":[],"product_brand":[],"product_cat":[89,95],"product_tag":[677],"class_list":{"0":"post-1512","1":"product","2":"type-product","3":"status-publish","4":"has-post-thumbnail","6":"product_cat-protecao-termica","7":"product_cat-termostato-capilar","8":"product_tag-termostato-capilar-de-refrigeracao-rc15000-2","10":"first","11":"instock","12":"taxable","13":"shipping-taxable","14":"purchasable","15":"product-type-simple"},"yoast_head":"<!-- This site is optimized with the Yoast SEO plugin v27.4 - https:\/\/yoast.com\/product\/yoast-seo-wordpress\/ -->\n<title>Termostato Capilar de Refrigera\u00e7\u00e3o RC15000-2 - Kit com 3 unidades - Loja ADD-THERM<\/title>\n<meta name=\"description\" content=\"Termostato Capilar de Refrigera\u00e7\u00e3o RC15000-2\" \/>\n<meta name=\"robots\" content=\"index, follow, max-snippet:-1, max-image-preview:large, max-video-preview:-1\" \/>\n<link rel=\"canonical\" href=\"https:\/\/addtherm.com.br\/loja\/produto\/termostato-para-refrigeracao-tr002\/\" \/>\n<meta property=\"og:locale\" content=\"pt_BR\" \/>\n<meta property=\"og:type\" content=\"article\" \/>\n<meta property=\"og:title\" content=\"Termostato Capilar de Refrigera\u00e7\u00e3o RC15000-2 - Kit com 3 unidades - Loja ADD-THERM\" \/>\n<meta property=\"og:description\" content=\"Termostato Capilar de Refrigera\u00e7\u00e3o RC15000-2\" \/>\n<meta property=\"og:url\" content=\"https:\/\/addtherm.com.br\/loja\/produto\/termostato-para-refrigeracao-tr002\/\" \/>\n<meta property=\"og:site_name\" content=\"Loja ADD-THERM\" \/>\n<meta property=\"article:modified_time\" content=\"2025-02-13T19:52:47+00:00\" \/>\n<meta property=\"og:image\" content=\"https:\/\/addtherm.com.br\/loja\/wp-content\/uploads\/2019\/05\/tr002.png\" \/>\n\t<meta property=\"og:image:width\" content=\"452\" \/>\n\t<meta property=\"og:image:height\" content=\"376\" \/>\n\t<meta property=\"og:image:type\" content=\"image\/png\" \/>\n<meta name=\"twitter:card\" content=\"summary_large_image\" \/>\n<meta name=\"twitter:label1\" content=\"Est. tempo de leitura\" \/>\n\t<meta name=\"twitter:data1\" content=\"1 minuto\" \/>\n<script type=\"application\/ld+json\" class=\"yoast-schema-graph\">{\"@context\":\"https:\\\/\\\/schema.org\",\"@graph\":[{\"@type\":\"WebPage\",\"@id\":\"https:\\\/\\\/addtherm.com.br\\\/loja\\\/produto\\\/termostato-para-refrigeracao-tr002\\\/\",\"url\":\"https:\\\/\\\/addtherm.com.br\\\/loja\\\/produto\\\/termostato-para-refrigeracao-tr002\\\/\",\"name\":\"Termostato Capilar de Refrigera\u00e7\u00e3o RC15000-2 - Kit com 3 unidades - Loja ADD-THERM\",\"isPartOf\":{\"@id\":\"https:\\\/\\\/addtherm.com.br\\\/loja\\\/#website\"},\"primaryImageOfPage\":{\"@id\":\"https:\\\/\\\/addtherm.com.br\\\/loja\\\/produto\\\/termostato-para-refrigeracao-tr002\\\/#primaryimage\"},\"image\":{\"@id\":\"https:\\\/\\\/addtherm.com.br\\\/loja\\\/produto\\\/termostato-para-refrigeracao-tr002\\\/#primaryimage\"},\"thumbnailUrl\":\"https:\\\/\\\/addtherm.com.br\\\/loja\\\/wp-content\\\/uploads\\\/2019\\\/05\\\/tr002.png\",\"datePublished\":\"2019-05-17T20:57:40+00:00\",\"dateModified\":\"2025-02-13T19:52:47+00:00\",\"description\":\"Termostato Capilar de Refrigera\u00e7\u00e3o RC15000-2\",\"breadcrumb\":{\"@id\":\"https:\\\/\\\/addtherm.com.br\\\/loja\\\/produto\\\/termostato-para-refrigeracao-tr002\\\/#breadcrumb\"},\"inLanguage\":\"pt-BR\",\"potentialAction\":[{\"@type\":\"ReadAction\",\"target\":[\"https:\\\/\\\/addtherm.com.br\\\/loja\\\/produto\\\/termostato-para-refrigeracao-tr002\\\/\"]}]},{\"@type\":\"ImageObject\",\"inLanguage\":\"pt-BR\",\"@id\":\"https:\\\/\\\/addtherm.com.br\\\/loja\\\/produto\\\/termostato-para-refrigeracao-tr002\\\/#primaryimage\",\"url\":\"https:\\\/\\\/addtherm.com.br\\\/loja\\\/wp-content\\\/uploads\\\/2019\\\/05\\\/tr002.png\",\"contentUrl\":\"https:\\\/\\\/addtherm.com.br\\\/loja\\\/wp-content\\\/uploads\\\/2019\\\/05\\\/tr002.png\",\"width\":452,\"height\":376},{\"@type\":\"BreadcrumbList\",\"@id\":\"https:\\\/\\\/addtherm.com.br\\\/loja\\\/produto\\\/termostato-para-refrigeracao-tr002\\\/#breadcrumb\",\"itemListElement\":[{\"@type\":\"ListItem\",\"position\":1,\"name\":\"In\u00edcio\",\"item\":\"https:\\\/\\\/addtherm.com.br\\\/loja\\\/\"},{\"@type\":\"ListItem\",\"position\":2,\"name\":\"Shop\",\"item\":\"https:\\\/\\\/addtherm.com.br\\\/loja\\\/shop\\\/\"},{\"@type\":\"ListItem\",\"position\":3,\"name\":\"Termostato Capilar de Refrigera\u00e7\u00e3o RC15000-2 &#8211; Kit com 3 unidades\"}]},{\"@type\":\"WebSite\",\"@id\":\"https:\\\/\\\/addtherm.com.br\\\/loja\\\/#website\",\"url\":\"https:\\\/\\\/addtherm.com.br\\\/loja\\\/\",\"name\":\"Loja ADD-THERM\",\"description\":\"Loja ADD-THERM\",\"potentialAction\":[{\"@type\":\"SearchAction\",\"target\":{\"@type\":\"EntryPoint\",\"urlTemplate\":\"https:\\\/\\\/addtherm.com.br\\\/loja\\\/?s={search_term_string}\"},\"query-input\":{\"@type\":\"PropertyValueSpecification\",\"valueRequired\":true,\"valueName\":\"search_term_string\"}}],\"inLanguage\":\"pt-BR\"}]}<\/script>\n<!-- \/ Yoast SEO plugin. -->","yoast_head_json":{"title":"Termostato Capilar de Refrigera\u00e7\u00e3o RC15000-2 - Kit com 3 unidades - Loja ADD-THERM","description":"Termostato Capilar de Refrigera\u00e7\u00e3o RC15000-2","robots":{"index":"index","follow":"follow","max-snippet":"max-snippet:-1","max-image-preview":"max-image-preview:large","max-video-preview":"max-video-preview:-1"},"canonical":"https:\/\/addtherm.com.br\/loja\/produto\/termostato-para-refrigeracao-tr002\/","og_locale":"pt_BR","og_type":"article","og_title":"Termostato Capilar de Refrigera\u00e7\u00e3o RC15000-2 - Kit com 3 unidades - Loja ADD-THERM","og_description":"Termostato Capilar de Refrigera\u00e7\u00e3o RC15000-2","og_url":"https:\/\/addtherm.com.br\/loja\/produto\/termostato-para-refrigeracao-tr002\/","og_site_name":"Loja ADD-THERM","article_modified_time":"2025-02-13T19:52:47+00:00","og_image":[{"width":452,"height":376,"url":"https:\/\/addtherm.com.br\/loja\/wp-content\/uploads\/2019\/05\/tr002.png","type":"image\/png"}],"twitter_card":"summary_large_image","twitter_misc":{"Est. tempo de leitura":"1 minuto"},"schema":{"@context":"https:\/\/schema.org","@graph":[{"@type":"WebPage","@id":"https:\/\/addtherm.com.br\/loja\/produto\/termostato-para-refrigeracao-tr002\/","url":"https:\/\/addtherm.com.br\/loja\/produto\/termostato-para-refrigeracao-tr002\/","name":"Termostato Capilar de Refrigera\u00e7\u00e3o RC15000-2 - Kit com 3 unidades - Loja ADD-THERM","isPartOf":{"@id":"https:\/\/addtherm.com.br\/loja\/#website"},"primaryImageOfPage":{"@id":"https:\/\/addtherm.com.br\/loja\/produto\/termostato-para-refrigeracao-tr002\/#primaryimage"},"image":{"@id":"https:\/\/addtherm.com.br\/loja\/produto\/termostato-para-refrigeracao-tr002\/#primaryimage"},"thumbnailUrl":"https:\/\/addtherm.com.br\/loja\/wp-content\/uploads\/2019\/05\/tr002.png","datePublished":"2019-05-17T20:57:40+00:00","dateModified":"2025-02-13T19:52:47+00:00","description":"Termostato Capilar de Refrigera\u00e7\u00e3o RC15000-2","breadcrumb":{"@id":"https:\/\/addtherm.com.br\/loja\/produto\/termostato-para-refrigeracao-tr002\/#breadcrumb"},"inLanguage":"pt-BR","potentialAction":[{"@type":"ReadAction","target":["https:\/\/addtherm.com.br\/loja\/produto\/termostato-para-refrigeracao-tr002\/"]}]},{"@type":"ImageObject","inLanguage":"pt-BR","@id":"https:\/\/addtherm.com.br\/loja\/produto\/termostato-para-refrigeracao-tr002\/#primaryimage","url":"https:\/\/addtherm.com.br\/loja\/wp-content\/uploads\/2019\/05\/tr002.png","contentUrl":"https:\/\/addtherm.com.br\/loja\/wp-content\/uploads\/2019\/05\/tr002.png","width":452,"height":376},{"@type":"BreadcrumbList","@id":"https:\/\/addtherm.com.br\/loja\/produto\/termostato-para-refrigeracao-tr002\/#breadcrumb","itemListElement":[{"@type":"ListItem","position":1,"name":"In\u00edcio","item":"https:\/\/addtherm.com.br\/loja\/"},{"@type":"ListItem","position":2,"name":"Shop","item":"https:\/\/addtherm.com.br\/loja\/shop\/"},{"@type":"ListItem","position":3,"name":"Termostato Capilar de Refrigera\u00e7\u00e3o RC15000-2 &#8211; Kit com 3 unidades"}]},{"@type":"WebSite","@id":"https:\/\/addtherm.com.br\/loja\/#website","url":"https:\/\/addtherm.com.br\/loja\/","name":"Loja ADD-THERM","description":"Loja ADD-THERM","potentialAction":[{"@type":"SearchAction","target":{"@type":"EntryPoint","urlTemplate":"https:\/\/addtherm.com.br\/loja\/?s={search_term_string}"},"query-input":{"@type":"PropertyValueSpecification","valueRequired":true,"valueName":"search_term_string"}}],"inLanguage":"pt-BR"}]}},"_links":{"self":[{"href":"https:\/\/addtherm.com.br\/loja\/wp-json\/wp\/v2\/product\/1512","targetHints":{"allow":["GET"]}}],"collection":[{"href":"https:\/\/addtherm.com.br\/loja\/wp-json\/wp\/v2\/product"}],"about":[{"href":"https:\/\/addtherm.com.br\/loja\/wp-json\/wp\/v2\/types\/product"}],"replies":[{"embeddable":true,"href":"https:\/\/addtherm.com.br\/loja\/wp-json\/wp\/v2\/comments?post=1512"}],"wp:featuredmedia":[{"embeddable":true,"href":"https:\/\/addtherm.com.br\/loja\/wp-json\/wp\/v2\/media\/6909"}],"wp:attachment":[{"href":"https:\/\/addtherm.com.br\/loja\/wp-json\/wp\/v2\/media?parent=1512"}],"wp:term":[{"taxonomy":"product_brand","embeddable":true,"href":"https:\/\/addtherm.com.br\/loja\/wp-json\/wp\/v2\/product_brand?post=1512"},{"taxonomy":"product_cat","embeddable":true,"href":"https:\/\/addtherm.com.br\/loja\/wp-json\/wp\/v2\/product_cat?post=1512"},{"taxonomy":"product_tag","embeddable":true,"href":"https:\/\/addtherm.com.br\/loja\/wp-json\/wp\/v2\/product_tag?post=1512"}],"curies":[{"name":"wp","href":"https:\/\/api.w.org\/{rel}","templated":true}]}}