{"id":1504,"date":"2019-05-17T16:53:36","date_gmt":"2019-05-17T19:53:36","guid":{"rendered":"https:\/\/addtherm.com.br\/loja\/?post_type=product&#038;p=1504"},"modified":"2026-03-25T07:59:21","modified_gmt":"2026-03-25T10:59:21","slug":"valvula-anticongelante-mecanica-a87-004","status":"publish","type":"product","link":"https:\/\/addtherm.com.br\/loja\/produto\/valvula-anticongelante-mecanica-a87-004\/","title":{"rendered":"V\u00e1lvula Anticongelante Mec\u00e2nica &#8211; A87 004"},"content":{"rendered":"<p><b>V\u00e1lvula Anticongelante Mec\u00e2nica &#8211; A87 004<\/b><span style=\"font-weight: 400;\"><br \/>\n<\/span><span style=\"font-weight: 400;\">\u00a0(unidade)<\/span><\/p>\n","protected":false},"excerpt":{"rendered":"<div class=\"woocommerce-product-details__short-description\">\n<p><span style=\"font-weight: 400;\">A V\u00e1lvula Anticongelante\u00a0Mec\u00e2nica &#8211; A87 004 n\u00e3o permite o congelamento da \u00e1gua em pain\u00e9is solares evitando a quebra e preju\u00edzo. Utiliza um confi\u00e1vel elemento t\u00e9rmico que \u00e9 sens\u00edvel \u00e0 temperatura baixa e opera com precis\u00e3o.<\/span><span style=\"font-weight: 400;\"><br \/>\n<\/span><span style=\"font-weight: 400;\">Quando a \u00e1gua atingir a temperatura de 4\u00b0C \u00b13\u00b0C, a passagem da v\u00e1lvula abre, permitindo que a \u00e1gua seja dispensada e substitu\u00edda por \u00e1gua mais aquecida. Quando a \u00e1gua mais aquecida passar pela v\u00e1lvula em torno de 15\u00b0C \u00b15\u00b0C, a v\u00e1lvula ir\u00e1 fechar interrompendo a descarga da \u00e1gua.<br \/>\n<\/span><span style=\"font-weight: 400;\">Este ciclo se repetir\u00e1 quantas vezes forem necess\u00e1rias para ajudar a prevenir o congelamento das placas. A quantidade de \u00e1gua dispensada depende principalmente da temperatura do ambiente muito fria e e do volume do coletor. O sistema estar\u00e1 funcionando normalmente quando a \u00e1gua estiver sendo dispensada perto das condi\u00e7\u00f5es de congelamento.<\/span><\/p>\n<p><strong>C\u00f3digo ADD: A87 004<\/strong><\/p>\n<p><strong>Temperatura de Abertura: 4\u00b0C \u00b13\u00b0C<\/strong><\/p>\n<p><strong>Temperatura de Fechamento: 15\u00b0C \u00b15\u00b0C<\/strong><\/p>\n<p><strong>Press\u00e3o M\u00e1xima de Opera\u00e7\u00e3o: 5 kgf\/cm\u00b2<\/strong><\/p>\n<p><strong>Venda unit\u00e1ria<\/strong><\/p>\n<\/div>\n","protected":false},"featured_media":6412,"comment_status":"open","ping_status":"closed","template":"","meta":[],"product_brand":[],"product_cat":[89,449],"product_tag":[280],"class_list":{"0":"post-1504","1":"product","2":"type-product","3":"status-publish","4":"has-post-thumbnail","6":"product_cat-protecao-termica","7":"product_cat-valvulas-anticongelantes","8":"product_tag-valvula-anticongelante-mecanica","10":"first","11":"instock","12":"taxable","13":"shipping-taxable","14":"purchasable","15":"product-type-simple"},"yoast_head":"<!-- This site is optimized with the Yoast SEO plugin v27.3 - https:\/\/yoast.com\/product\/yoast-seo-wordpress\/ -->\n<title>V\u00e1lvula Anticongelante Mec\u00e2nica - A87 004 - Loja ADD-THERM<\/title>\n<meta name=\"description\" content=\"V\u00e1lvula Anticongelante Mec\u00e2nica A87 004 Compre agora na Loja ADDTHERM.\" \/>\n<meta name=\"robots\" content=\"index, follow, max-snippet:-1, max-image-preview:large, max-video-preview:-1\" \/>\n<link rel=\"canonical\" href=\"https:\/\/addtherm.com.br\/loja\/produto\/valvula-anticongelante-mecanica-a87-004\/\" \/>\n<meta property=\"og:locale\" content=\"pt_BR\" \/>\n<meta property=\"og:type\" content=\"article\" \/>\n<meta property=\"og:title\" content=\"V\u00e1lvula Anticongelante Mec\u00e2nica - A87 004 - Loja ADD-THERM\" \/>\n<meta property=\"og:description\" content=\"V\u00e1lvula Anticongelante Mec\u00e2nica A87 004 Compre agora na Loja ADDTHERM.\" \/>\n<meta property=\"og:url\" content=\"https:\/\/addtherm.com.br\/loja\/produto\/valvula-anticongelante-mecanica-a87-004\/\" \/>\n<meta property=\"og:site_name\" content=\"Loja ADD-THERM\" \/>\n<meta property=\"article:modified_time\" content=\"2026-03-25T10:59:21+00:00\" \/>\n<meta property=\"og:image\" content=\"https:\/\/addtherm.com.br\/loja\/wp-content\/uploads\/2020\/03\/valvula-anticongelante.png\" \/>\n\t<meta property=\"og:image:width\" content=\"1080\" \/>\n\t<meta property=\"og:image:height\" content=\"1080\" \/>\n\t<meta property=\"og:image:type\" content=\"image\/png\" \/>\n<meta name=\"twitter:card\" content=\"summary_large_image\" \/>\n<meta name=\"twitter:label1\" content=\"Est. tempo de leitura\" \/>\n\t<meta name=\"twitter:data1\" content=\"1 minuto\" \/>\n<script type=\"application\/ld+json\" class=\"yoast-schema-graph\">{\"@context\":\"https:\\\/\\\/schema.org\",\"@graph\":[{\"@type\":\"WebPage\",\"@id\":\"https:\\\/\\\/addtherm.com.br\\\/loja\\\/produto\\\/valvula-anticongelante-mecanica-a87-004\\\/\",\"url\":\"https:\\\/\\\/addtherm.com.br\\\/loja\\\/produto\\\/valvula-anticongelante-mecanica-a87-004\\\/\",\"name\":\"V\u00e1lvula Anticongelante Mec\u00e2nica - A87 004 - Loja ADD-THERM\",\"isPartOf\":{\"@id\":\"https:\\\/\\\/addtherm.com.br\\\/loja\\\/#website\"},\"primaryImageOfPage\":{\"@id\":\"https:\\\/\\\/addtherm.com.br\\\/loja\\\/produto\\\/valvula-anticongelante-mecanica-a87-004\\\/#primaryimage\"},\"image\":{\"@id\":\"https:\\\/\\\/addtherm.com.br\\\/loja\\\/produto\\\/valvula-anticongelante-mecanica-a87-004\\\/#primaryimage\"},\"thumbnailUrl\":\"https:\\\/\\\/addtherm.com.br\\\/loja\\\/wp-content\\\/uploads\\\/2020\\\/03\\\/valvula-anticongelante.png\",\"datePublished\":\"2019-05-17T19:53:36+00:00\",\"dateModified\":\"2026-03-25T10:59:21+00:00\",\"description\":\"V\u00e1lvula Anticongelante Mec\u00e2nica A87 004 Compre agora na Loja ADDTHERM.\",\"breadcrumb\":{\"@id\":\"https:\\\/\\\/addtherm.com.br\\\/loja\\\/produto\\\/valvula-anticongelante-mecanica-a87-004\\\/#breadcrumb\"},\"inLanguage\":\"pt-BR\",\"potentialAction\":[{\"@type\":\"ReadAction\",\"target\":[\"https:\\\/\\\/addtherm.com.br\\\/loja\\\/produto\\\/valvula-anticongelante-mecanica-a87-004\\\/\"]}]},{\"@type\":\"ImageObject\",\"inLanguage\":\"pt-BR\",\"@id\":\"https:\\\/\\\/addtherm.com.br\\\/loja\\\/produto\\\/valvula-anticongelante-mecanica-a87-004\\\/#primaryimage\",\"url\":\"https:\\\/\\\/addtherm.com.br\\\/loja\\\/wp-content\\\/uploads\\\/2020\\\/03\\\/valvula-anticongelante.png\",\"contentUrl\":\"https:\\\/\\\/addtherm.com.br\\\/loja\\\/wp-content\\\/uploads\\\/2020\\\/03\\\/valvula-anticongelante.png\",\"width\":1080,\"height\":1080,\"caption\":\"valvula anticongelante a87\"},{\"@type\":\"BreadcrumbList\",\"@id\":\"https:\\\/\\\/addtherm.com.br\\\/loja\\\/produto\\\/valvula-anticongelante-mecanica-a87-004\\\/#breadcrumb\",\"itemListElement\":[{\"@type\":\"ListItem\",\"position\":1,\"name\":\"In\u00edcio\",\"item\":\"https:\\\/\\\/addtherm.com.br\\\/loja\\\/\"},{\"@type\":\"ListItem\",\"position\":2,\"name\":\"Shop\",\"item\":\"https:\\\/\\\/addtherm.com.br\\\/loja\\\/shop\\\/\"},{\"@type\":\"ListItem\",\"position\":3,\"name\":\"V\u00e1lvula Anticongelante Mec\u00e2nica &#8211; A87 004\"}]},{\"@type\":\"WebSite\",\"@id\":\"https:\\\/\\\/addtherm.com.br\\\/loja\\\/#website\",\"url\":\"https:\\\/\\\/addtherm.com.br\\\/loja\\\/\",\"name\":\"Loja ADD-THERM\",\"description\":\"Loja ADD-THERM\",\"potentialAction\":[{\"@type\":\"SearchAction\",\"target\":{\"@type\":\"EntryPoint\",\"urlTemplate\":\"https:\\\/\\\/addtherm.com.br\\\/loja\\\/?s={search_term_string}\"},\"query-input\":{\"@type\":\"PropertyValueSpecification\",\"valueRequired\":true,\"valueName\":\"search_term_string\"}}],\"inLanguage\":\"pt-BR\"}]}<\/script>\n<!-- \/ Yoast SEO plugin. -->","yoast_head_json":{"title":"V\u00e1lvula Anticongelante Mec\u00e2nica - A87 004 - Loja ADD-THERM","description":"V\u00e1lvula Anticongelante Mec\u00e2nica A87 004 Compre agora na Loja ADDTHERM.","robots":{"index":"index","follow":"follow","max-snippet":"max-snippet:-1","max-image-preview":"max-image-preview:large","max-video-preview":"max-video-preview:-1"},"canonical":"https:\/\/addtherm.com.br\/loja\/produto\/valvula-anticongelante-mecanica-a87-004\/","og_locale":"pt_BR","og_type":"article","og_title":"V\u00e1lvula Anticongelante Mec\u00e2nica - A87 004 - Loja ADD-THERM","og_description":"V\u00e1lvula Anticongelante Mec\u00e2nica A87 004 Compre agora na Loja ADDTHERM.","og_url":"https:\/\/addtherm.com.br\/loja\/produto\/valvula-anticongelante-mecanica-a87-004\/","og_site_name":"Loja ADD-THERM","article_modified_time":"2026-03-25T10:59:21+00:00","og_image":[{"width":1080,"height":1080,"url":"https:\/\/addtherm.com.br\/loja\/wp-content\/uploads\/2020\/03\/valvula-anticongelante.png","type":"image\/png"}],"twitter_card":"summary_large_image","twitter_misc":{"Est. tempo de leitura":"1 minuto"},"schema":{"@context":"https:\/\/schema.org","@graph":[{"@type":"WebPage","@id":"https:\/\/addtherm.com.br\/loja\/produto\/valvula-anticongelante-mecanica-a87-004\/","url":"https:\/\/addtherm.com.br\/loja\/produto\/valvula-anticongelante-mecanica-a87-004\/","name":"V\u00e1lvula Anticongelante Mec\u00e2nica - A87 004 - Loja ADD-THERM","isPartOf":{"@id":"https:\/\/addtherm.com.br\/loja\/#website"},"primaryImageOfPage":{"@id":"https:\/\/addtherm.com.br\/loja\/produto\/valvula-anticongelante-mecanica-a87-004\/#primaryimage"},"image":{"@id":"https:\/\/addtherm.com.br\/loja\/produto\/valvula-anticongelante-mecanica-a87-004\/#primaryimage"},"thumbnailUrl":"https:\/\/addtherm.com.br\/loja\/wp-content\/uploads\/2020\/03\/valvula-anticongelante.png","datePublished":"2019-05-17T19:53:36+00:00","dateModified":"2026-03-25T10:59:21+00:00","description":"V\u00e1lvula Anticongelante Mec\u00e2nica A87 004 Compre agora na Loja ADDTHERM.","breadcrumb":{"@id":"https:\/\/addtherm.com.br\/loja\/produto\/valvula-anticongelante-mecanica-a87-004\/#breadcrumb"},"inLanguage":"pt-BR","potentialAction":[{"@type":"ReadAction","target":["https:\/\/addtherm.com.br\/loja\/produto\/valvula-anticongelante-mecanica-a87-004\/"]}]},{"@type":"ImageObject","inLanguage":"pt-BR","@id":"https:\/\/addtherm.com.br\/loja\/produto\/valvula-anticongelante-mecanica-a87-004\/#primaryimage","url":"https:\/\/addtherm.com.br\/loja\/wp-content\/uploads\/2020\/03\/valvula-anticongelante.png","contentUrl":"https:\/\/addtherm.com.br\/loja\/wp-content\/uploads\/2020\/03\/valvula-anticongelante.png","width":1080,"height":1080,"caption":"valvula anticongelante a87"},{"@type":"BreadcrumbList","@id":"https:\/\/addtherm.com.br\/loja\/produto\/valvula-anticongelante-mecanica-a87-004\/#breadcrumb","itemListElement":[{"@type":"ListItem","position":1,"name":"In\u00edcio","item":"https:\/\/addtherm.com.br\/loja\/"},{"@type":"ListItem","position":2,"name":"Shop","item":"https:\/\/addtherm.com.br\/loja\/shop\/"},{"@type":"ListItem","position":3,"name":"V\u00e1lvula Anticongelante Mec\u00e2nica &#8211; A87 004"}]},{"@type":"WebSite","@id":"https:\/\/addtherm.com.br\/loja\/#website","url":"https:\/\/addtherm.com.br\/loja\/","name":"Loja ADD-THERM","description":"Loja ADD-THERM","potentialAction":[{"@type":"SearchAction","target":{"@type":"EntryPoint","urlTemplate":"https:\/\/addtherm.com.br\/loja\/?s={search_term_string}"},"query-input":{"@type":"PropertyValueSpecification","valueRequired":true,"valueName":"search_term_string"}}],"inLanguage":"pt-BR"}]}},"_links":{"self":[{"href":"https:\/\/addtherm.com.br\/loja\/wp-json\/wp\/v2\/product\/1504","targetHints":{"allow":["GET"]}}],"collection":[{"href":"https:\/\/addtherm.com.br\/loja\/wp-json\/wp\/v2\/product"}],"about":[{"href":"https:\/\/addtherm.com.br\/loja\/wp-json\/wp\/v2\/types\/product"}],"replies":[{"embeddable":true,"href":"https:\/\/addtherm.com.br\/loja\/wp-json\/wp\/v2\/comments?post=1504"}],"wp:featuredmedia":[{"embeddable":true,"href":"https:\/\/addtherm.com.br\/loja\/wp-json\/wp\/v2\/media\/6412"}],"wp:attachment":[{"href":"https:\/\/addtherm.com.br\/loja\/wp-json\/wp\/v2\/media?parent=1504"}],"wp:term":[{"taxonomy":"product_brand","embeddable":true,"href":"https:\/\/addtherm.com.br\/loja\/wp-json\/wp\/v2\/product_brand?post=1504"},{"taxonomy":"product_cat","embeddable":true,"href":"https:\/\/addtherm.com.br\/loja\/wp-json\/wp\/v2\/product_cat?post=1504"},{"taxonomy":"product_tag","embeddable":true,"href":"https:\/\/addtherm.com.br\/loja\/wp-json\/wp\/v2\/product_tag?post=1504"}],"curies":[{"name":"wp","href":"https:\/\/api.w.org\/{rel}","templated":true}]}}