{"id":1484,"date":"2019-05-17T16:18:06","date_gmt":"2019-05-17T19:18:06","guid":{"rendered":"https:\/\/addtherm.com.br\/loja\/?post_type=product&#038;p=1484"},"modified":"2024-07-31T08:25:08","modified_gmt":"2024-07-31T11:25:08","slug":"termostato-capilar-de-seguranca","status":"publish","type":"product","link":"https:\/\/addtherm.com.br\/loja\/produto\/termostato-capilar-de-seguranca\/","title":{"rendered":"Termostato Capilar de Seguran\u00e7a \u2013 LINHA TCS"},"content":{"rendered":"<p><b>TERMOSTATO CAPILAR DE SEGURAN\u00c7A \u2013 LINHA TCS<\/b><\/p>\n<p><span style=\"font-weight: 400;\">&#8211; Dispon\u00edvel com Rosca 3\/8&#8243;x18 NPT<\/span><\/p>\n","protected":false},"excerpt":{"rendered":"<div class=\"woocommerce-product-details__short-description\">\n<p>A fun\u00e7\u00e3o do <strong>Termostatos Capilares de Seguran\u00e7a<\/strong> \u00e9 proteger os equipamentos contra superaquecimento quando estes ultrapassam certos limites de temperatura estabelecidos.<\/p>\n<p>Os termostatos capilares de seguran\u00e7a possuem um bot\u00e3o de reset manual para religar os equipamentos no caso deles atingirem o limite de temperatura estabelecido.<\/p>\n<p><strong>Contato: NF<\/strong><\/p>\n<p><strong>Corrente: 20A<\/strong><\/p>\n<p><strong>Valor para compra de 1 (uma) unidade.<\/strong><\/p>\n<p>&nbsp;<\/p>\n<\/div>\n","protected":false},"featured_media":6999,"comment_status":"open","ping_status":"closed","template":"","meta":[],"product_brand":[],"product_cat":[89,95],"product_tag":[142,141,140],"class_list":{"0":"post-1484","1":"product","2":"type-product","3":"status-publish","4":"has-post-thumbnail","6":"product_cat-protecao-termica","7":"product_cat-termostato-capilar","8":"product_tag-termostato","9":"product_tag-termostato-capilar","10":"product_tag-termostato-capilar-de-seguranca","11":"pa_escolha-a-temperatura-200c","12":"pa_escolha-a-temperatura-230c","14":"first","15":"instock","16":"taxable","17":"shipping-taxable","18":"purchasable","19":"product-type-variable"},"yoast_head":"<!-- This site is optimized with the Yoast SEO plugin v27.3 - https:\/\/yoast.com\/product\/yoast-seo-wordpress\/ -->\n<title>Termostato Capilar de Seguran\u00e7a \u2013 LINHA TCS - Loja ADD-THERM<\/title>\n<meta name=\"description\" content=\"TERMOSTATO CAPILAR DE SEGURAN\u00c7A ROSCA 3\/8 X 18. Compre agora em ADDTHERM Loja.\" \/>\n<meta name=\"robots\" content=\"index, follow, max-snippet:-1, max-image-preview:large, max-video-preview:-1\" \/>\n<link rel=\"canonical\" href=\"https:\/\/addtherm.com.br\/loja\/produto\/termostato-capilar-de-seguranca\/\" \/>\n<meta property=\"og:locale\" content=\"pt_BR\" \/>\n<meta property=\"og:type\" content=\"article\" \/>\n<meta property=\"og:title\" content=\"Termostato Capilar de Seguran\u00e7a \u2013 LINHA TCS - Loja ADD-THERM\" \/>\n<meta property=\"og:description\" content=\"TERMOSTATO CAPILAR DE SEGURAN\u00c7A ROSCA 3\/8 X 18. Compre agora em ADDTHERM Loja.\" \/>\n<meta property=\"og:url\" content=\"https:\/\/addtherm.com.br\/loja\/produto\/termostato-capilar-de-seguranca\/\" \/>\n<meta property=\"og:site_name\" content=\"Loja ADD-THERM\" \/>\n<meta property=\"article:modified_time\" content=\"2024-07-31T11:25:08+00:00\" \/>\n<meta property=\"og:image\" content=\"https:\/\/addtherm.com.br\/loja\/wp-content\/uploads\/2019\/05\/tcs-1.jpg\" \/>\n\t<meta property=\"og:image:width\" content=\"1024\" \/>\n\t<meta property=\"og:image:height\" content=\"768\" \/>\n\t<meta property=\"og:image:type\" content=\"image\/jpeg\" \/>\n<meta name=\"twitter:card\" content=\"summary_large_image\" \/>\n<meta name=\"twitter:label1\" content=\"Est. tempo de leitura\" \/>\n\t<meta name=\"twitter:data1\" content=\"1 minuto\" \/>\n<script type=\"application\/ld+json\" class=\"yoast-schema-graph\">{\"@context\":\"https:\\\/\\\/schema.org\",\"@graph\":[{\"@type\":\"WebPage\",\"@id\":\"https:\\\/\\\/addtherm.com.br\\\/loja\\\/produto\\\/termostato-capilar-de-seguranca\\\/\",\"url\":\"https:\\\/\\\/addtherm.com.br\\\/loja\\\/produto\\\/termostato-capilar-de-seguranca\\\/\",\"name\":\"Termostato Capilar de Seguran\u00e7a \u2013 LINHA TCS - Loja ADD-THERM\",\"isPartOf\":{\"@id\":\"https:\\\/\\\/addtherm.com.br\\\/loja\\\/#website\"},\"primaryImageOfPage\":{\"@id\":\"https:\\\/\\\/addtherm.com.br\\\/loja\\\/produto\\\/termostato-capilar-de-seguranca\\\/#primaryimage\"},\"image\":{\"@id\":\"https:\\\/\\\/addtherm.com.br\\\/loja\\\/produto\\\/termostato-capilar-de-seguranca\\\/#primaryimage\"},\"thumbnailUrl\":\"https:\\\/\\\/addtherm.com.br\\\/loja\\\/wp-content\\\/uploads\\\/2019\\\/05\\\/tcs-1.jpg\",\"datePublished\":\"2019-05-17T19:18:06+00:00\",\"dateModified\":\"2024-07-31T11:25:08+00:00\",\"description\":\"TERMOSTATO CAPILAR DE SEGURAN\u00c7A ROSCA 3\\\/8 X 18. Compre agora em ADDTHERM Loja.\",\"breadcrumb\":{\"@id\":\"https:\\\/\\\/addtherm.com.br\\\/loja\\\/produto\\\/termostato-capilar-de-seguranca\\\/#breadcrumb\"},\"inLanguage\":\"pt-BR\",\"potentialAction\":[{\"@type\":\"ReadAction\",\"target\":[\"https:\\\/\\\/addtherm.com.br\\\/loja\\\/produto\\\/termostato-capilar-de-seguranca\\\/\"]}]},{\"@type\":\"ImageObject\",\"inLanguage\":\"pt-BR\",\"@id\":\"https:\\\/\\\/addtherm.com.br\\\/loja\\\/produto\\\/termostato-capilar-de-seguranca\\\/#primaryimage\",\"url\":\"https:\\\/\\\/addtherm.com.br\\\/loja\\\/wp-content\\\/uploads\\\/2019\\\/05\\\/tcs-1.jpg\",\"contentUrl\":\"https:\\\/\\\/addtherm.com.br\\\/loja\\\/wp-content\\\/uploads\\\/2019\\\/05\\\/tcs-1.jpg\",\"width\":1024,\"height\":768},{\"@type\":\"BreadcrumbList\",\"@id\":\"https:\\\/\\\/addtherm.com.br\\\/loja\\\/produto\\\/termostato-capilar-de-seguranca\\\/#breadcrumb\",\"itemListElement\":[{\"@type\":\"ListItem\",\"position\":1,\"name\":\"In\u00edcio\",\"item\":\"https:\\\/\\\/addtherm.com.br\\\/loja\\\/\"},{\"@type\":\"ListItem\",\"position\":2,\"name\":\"Shop\",\"item\":\"https:\\\/\\\/addtherm.com.br\\\/loja\\\/shop\\\/\"},{\"@type\":\"ListItem\",\"position\":3,\"name\":\"Termostato Capilar de Seguran\u00e7a \u2013 LINHA TCS\"}]},{\"@type\":\"WebSite\",\"@id\":\"https:\\\/\\\/addtherm.com.br\\\/loja\\\/#website\",\"url\":\"https:\\\/\\\/addtherm.com.br\\\/loja\\\/\",\"name\":\"Loja ADD-THERM\",\"description\":\"Loja ADD-THERM\",\"potentialAction\":[{\"@type\":\"SearchAction\",\"target\":{\"@type\":\"EntryPoint\",\"urlTemplate\":\"https:\\\/\\\/addtherm.com.br\\\/loja\\\/?s={search_term_string}\"},\"query-input\":{\"@type\":\"PropertyValueSpecification\",\"valueRequired\":true,\"valueName\":\"search_term_string\"}}],\"inLanguage\":\"pt-BR\"}]}<\/script>\n<!-- \/ Yoast SEO plugin. -->","yoast_head_json":{"title":"Termostato Capilar de Seguran\u00e7a \u2013 LINHA TCS - Loja ADD-THERM","description":"TERMOSTATO CAPILAR DE SEGURAN\u00c7A ROSCA 3\/8 X 18. Compre agora em ADDTHERM Loja.","robots":{"index":"index","follow":"follow","max-snippet":"max-snippet:-1","max-image-preview":"max-image-preview:large","max-video-preview":"max-video-preview:-1"},"canonical":"https:\/\/addtherm.com.br\/loja\/produto\/termostato-capilar-de-seguranca\/","og_locale":"pt_BR","og_type":"article","og_title":"Termostato Capilar de Seguran\u00e7a \u2013 LINHA TCS - Loja ADD-THERM","og_description":"TERMOSTATO CAPILAR DE SEGURAN\u00c7A ROSCA 3\/8 X 18. Compre agora em ADDTHERM Loja.","og_url":"https:\/\/addtherm.com.br\/loja\/produto\/termostato-capilar-de-seguranca\/","og_site_name":"Loja ADD-THERM","article_modified_time":"2024-07-31T11:25:08+00:00","og_image":[{"width":1024,"height":768,"url":"https:\/\/addtherm.com.br\/loja\/wp-content\/uploads\/2019\/05\/tcs-1.jpg","type":"image\/jpeg"}],"twitter_card":"summary_large_image","twitter_misc":{"Est. tempo de leitura":"1 minuto"},"schema":{"@context":"https:\/\/schema.org","@graph":[{"@type":"WebPage","@id":"https:\/\/addtherm.com.br\/loja\/produto\/termostato-capilar-de-seguranca\/","url":"https:\/\/addtherm.com.br\/loja\/produto\/termostato-capilar-de-seguranca\/","name":"Termostato Capilar de Seguran\u00e7a \u2013 LINHA TCS - Loja ADD-THERM","isPartOf":{"@id":"https:\/\/addtherm.com.br\/loja\/#website"},"primaryImageOfPage":{"@id":"https:\/\/addtherm.com.br\/loja\/produto\/termostato-capilar-de-seguranca\/#primaryimage"},"image":{"@id":"https:\/\/addtherm.com.br\/loja\/produto\/termostato-capilar-de-seguranca\/#primaryimage"},"thumbnailUrl":"https:\/\/addtherm.com.br\/loja\/wp-content\/uploads\/2019\/05\/tcs-1.jpg","datePublished":"2019-05-17T19:18:06+00:00","dateModified":"2024-07-31T11:25:08+00:00","description":"TERMOSTATO CAPILAR DE SEGURAN\u00c7A ROSCA 3\/8 X 18. Compre agora em ADDTHERM Loja.","breadcrumb":{"@id":"https:\/\/addtherm.com.br\/loja\/produto\/termostato-capilar-de-seguranca\/#breadcrumb"},"inLanguage":"pt-BR","potentialAction":[{"@type":"ReadAction","target":["https:\/\/addtherm.com.br\/loja\/produto\/termostato-capilar-de-seguranca\/"]}]},{"@type":"ImageObject","inLanguage":"pt-BR","@id":"https:\/\/addtherm.com.br\/loja\/produto\/termostato-capilar-de-seguranca\/#primaryimage","url":"https:\/\/addtherm.com.br\/loja\/wp-content\/uploads\/2019\/05\/tcs-1.jpg","contentUrl":"https:\/\/addtherm.com.br\/loja\/wp-content\/uploads\/2019\/05\/tcs-1.jpg","width":1024,"height":768},{"@type":"BreadcrumbList","@id":"https:\/\/addtherm.com.br\/loja\/produto\/termostato-capilar-de-seguranca\/#breadcrumb","itemListElement":[{"@type":"ListItem","position":1,"name":"In\u00edcio","item":"https:\/\/addtherm.com.br\/loja\/"},{"@type":"ListItem","position":2,"name":"Shop","item":"https:\/\/addtherm.com.br\/loja\/shop\/"},{"@type":"ListItem","position":3,"name":"Termostato Capilar de Seguran\u00e7a \u2013 LINHA TCS"}]},{"@type":"WebSite","@id":"https:\/\/addtherm.com.br\/loja\/#website","url":"https:\/\/addtherm.com.br\/loja\/","name":"Loja ADD-THERM","description":"Loja ADD-THERM","potentialAction":[{"@type":"SearchAction","target":{"@type":"EntryPoint","urlTemplate":"https:\/\/addtherm.com.br\/loja\/?s={search_term_string}"},"query-input":{"@type":"PropertyValueSpecification","valueRequired":true,"valueName":"search_term_string"}}],"inLanguage":"pt-BR"}]}},"_links":{"self":[{"href":"https:\/\/addtherm.com.br\/loja\/wp-json\/wp\/v2\/product\/1484","targetHints":{"allow":["GET"]}}],"collection":[{"href":"https:\/\/addtherm.com.br\/loja\/wp-json\/wp\/v2\/product"}],"about":[{"href":"https:\/\/addtherm.com.br\/loja\/wp-json\/wp\/v2\/types\/product"}],"replies":[{"embeddable":true,"href":"https:\/\/addtherm.com.br\/loja\/wp-json\/wp\/v2\/comments?post=1484"}],"wp:featuredmedia":[{"embeddable":true,"href":"https:\/\/addtherm.com.br\/loja\/wp-json\/wp\/v2\/media\/6999"}],"wp:attachment":[{"href":"https:\/\/addtherm.com.br\/loja\/wp-json\/wp\/v2\/media?parent=1484"}],"wp:term":[{"taxonomy":"product_brand","embeddable":true,"href":"https:\/\/addtherm.com.br\/loja\/wp-json\/wp\/v2\/product_brand?post=1484"},{"taxonomy":"product_cat","embeddable":true,"href":"https:\/\/addtherm.com.br\/loja\/wp-json\/wp\/v2\/product_cat?post=1484"},{"taxonomy":"product_tag","embeddable":true,"href":"https:\/\/addtherm.com.br\/loja\/wp-json\/wp\/v2\/product_tag?post=1484"}],"curies":[{"name":"wp","href":"https:\/\/api.w.org\/{rel}","templated":true}]}}